{"id":3112,"date":"2016-05-18T22:36:54","date_gmt":"2016-05-18T20:36:54","guid":{"rendered":"http:\/\/novalimglutenfree.com\/hu\/obchod\/uncategorized\/pekti-bezlepkove-bagetky-tmave-140g\/"},"modified":"2018-09-21T09:48:11","modified_gmt":"2018-09-21T07:48:11","slug":"pekti-bezlepkove-bagetky-tmave-140g","status":"publish","type":"product","link":"https:\/\/www.novalimglutenfree.com\/hu\/obchod\/kenyer-sutemenyek-knedli-hu\/glutenmentes-kenyer-sutemenyek-knedli-hu\/pekti-bezlepkove-bagetky-tmave-140g\/","title":{"rendered":"PEKTI-bezglut\u00e9nov\u00e9 bagetky tmav\u00e9, 140g"},"content":{"rendered":"<p>PEKTI-bezglut\u00e9nov\u00e9 bagetky tmav\u00e9- bezlepkov\u00e1 racion\u00e1lna bageta jemnej \u0161trukt\u00fary.<br \/>\nPotravina ur\u010den\u00e1 aj pre zvl\u00e1\u0161tnu v\u00fd\u017eivu, pre osoby s nezn\u00e1\u0161anlivos\u0165ou lepku. Vyroben\u00e1 z <strong>prirodzene bezlepkov\u00fdch<\/strong> a bezp\u0161eni\u010dn\u00fdch surov\u00edn.<\/p>\n<p>Balen\u00e9 v ochrannej atmosf\u00e9re.<br \/>\nTrvanlivos\u0165 90 dn\u00ed<br \/>\nBalenie: 140g &#8211; 2 ks \u00e1 70g<\/p>\n<p><strong>Inform\u00e1cie o v\u00fdrobku:<\/strong><\/p>\n<p>Zlo\u017eenie: voda, kukuri\u010dn\u00fd \u0161krob, zemiakov\u00fd \u0161krob, ry\u017eov\u00e1 m\u00faka, poh\u00e1nkov\u00e1 m\u00faka, hrachov\u00e1 bielkovina , rastlinn\u00e1 vl\u00e1knina, nestu\u017een\u00fd palmov\u00fd tuk, pr\u00edrodn\u00fd cukor, dro\u017edie, kukuri\u010dn\u00fd sirup, zahus\u0165ovadlo: hydroxypropylmetyl celul\u00f3za, jedl\u00e1 so\u013e, fermentovan\u00fd cukor.<br \/>\n(glut\u00e9n &lt; 20 mg\/kg)<\/p>\n<p>100 g v\u00fdrobku priemerne obsahuje:<br \/>\n<strong>Energetick\u00e1 hodnota:<\/strong> 897 kJ, 214 kcal;<strong> Tuky:<\/strong> 2,0 g z toho 0,37 g nas\u00fdten\u00e9 mastn\u00e9 kyseliny; <strong>Sacharidy:<\/strong> 46,6 g z toho 3,2 g cukry; <strong>Vl\u00e1knina:<\/strong> 3,3 g; <strong>Bielkoviny:<\/strong> 2,5 g; <strong>Sod\u00edk: <\/strong>430 mg;<\/p>\n","protected":false},"excerpt":{"rendered":"<p>PEKTI-bezglut\u00e9nov\u00e9 bagetky tmav\u00e9- bezlepkov\u00e1 racion\u00e1lna bageta jemnej \u0161trukt\u00fary.<br \/>\nPotravina ur\u010den\u00e1 aj pre zvl\u00e1\u0161tnu v\u00fd\u017eivu, pre osoby s nezn\u00e1\u0161anlivos\u0165ou lepku. Vyroben\u00e1 z <strong>prirodzene bezlepkov\u00fdch<\/strong> a bezp\u0161eni\u010dn\u00fdch surov\u00edn.<\/p>\n<p>Balen\u00e9 v ochrannej atmosf\u00e9re.<br \/>\nTrvanlivos\u0165 90 dn\u00ed<br \/>\nBalenie: 140g &#8211; 2 ks \u00e1 70g<\/p>\n","protected":false},"featured_media":3034,"comment_status":"closed","ping_status":"closed","template":"","meta":[],"yoast_head":"<!-- This site is optimized with the Yoast SEO plugin v15.7 - https:\/\/yoast.com\/wordpress\/plugins\/seo\/ -->\n<title>PEKTI-bezglut\u00e9nov\u00e9 bagetky tmav\u00e9, 140g - Novalim<\/title>\n<meta name=\"robots\" content=\"index, follow, max-snippet:-1, max-image-preview:large, max-video-preview:-1\" \/>\n<link rel=\"canonical\" href=\"https:\/\/www.novalimglutenfree.com\/hu\/obchod\/kenyer-sutemenyek-knedli-hu\/glutenmentes-kenyer-sutemenyek-knedli-hu\/pekti-bezlepkove-bagetky-tmave-140g\/\" \/>\n<meta property=\"og:locale\" content=\"hu_HU\" \/>\n<meta property=\"og:type\" content=\"article\" \/>\n<meta property=\"og:title\" content=\"PEKTI-bezglut\u00e9nov\u00e9 bagetky tmav\u00e9, 140g - Novalim\" \/>\n<meta property=\"og:description\" content=\"PEKTI-bezglut\u00e9nov\u00e9 bagetky tmav\u00e9- bezlepkov\u00e1 racion\u00e1lna bageta jemnej \u0161trukt\u00fary. Potravina ur\u010den\u00e1 aj pre zvl\u00e1\u0161tnu v\u00fd\u017eivu, pre osoby s nezn\u00e1\u0161anlivos\u0165ou lepku. Vyroben\u00e1 z prirodzene bezlepkov\u00fdch a bezp\u0161eni\u010dn\u00fdch surov\u00edn.  Balen\u00e9 v ochrannej atmosf\u00e9re. Trvanlivos\u0165 90 dn\u00ed Balenie: 140g - 2 ks \u00e1 70g\" \/>\n<meta property=\"og:url\" content=\"https:\/\/www.novalimglutenfree.com\/hu\/obchod\/kenyer-sutemenyek-knedli-hu\/glutenmentes-kenyer-sutemenyek-knedli-hu\/pekti-bezlepkove-bagetky-tmave-140g\/\" \/>\n<meta property=\"og:site_name\" content=\"Novalim\" \/>\n<meta property=\"article:modified_time\" content=\"2018-09-21T07:48:11+00:00\" \/>\n<meta property=\"og:image\" content=\"https:\/\/www.novalimglutenfree.com\/wp-content\/uploads\/2016\/05\/pekti-bezlepkove-bagetky-tmave-140g-80.thumb_300x300.jpg\" \/>\n\t<meta property=\"og:image:width\" content=\"239\" \/>\n\t<meta property=\"og:image:height\" content=\"300\" \/>\n<meta name=\"twitter:card\" content=\"summary\" \/>\n<meta name=\"twitter:label1\" content=\"Becs\u00fclt olvas\u00e1si id\u0151\">\n\t<meta name=\"twitter:data1\" content=\"1 perc\">\n<script type=\"application\/ld+json\" class=\"yoast-schema-graph\">{\"@context\":\"https:\/\/schema.org\",\"@graph\":[{\"@type\":\"WebSite\",\"@id\":\"https:\/\/www.novalimglutenfree.com\/de\/#website\",\"url\":\"https:\/\/www.novalimglutenfree.com\/de\/\",\"name\":\"Novalim\",\"description\":\"Bezlepkov\\u00e9 potraviny, bezlepkov\\u00e9 recepty, celiakia, PKU\",\"potentialAction\":[{\"@type\":\"SearchAction\",\"target\":\"https:\/\/www.novalimglutenfree.com\/de\/?s={search_term_string}\",\"query-input\":\"required name=search_term_string\"}],\"inLanguage\":\"hu\"},{\"@type\":\"ImageObject\",\"@id\":\"https:\/\/www.novalimglutenfree.com\/hu\/obchod\/kenyer-sutemenyek-knedli-hu\/glutenmentes-kenyer-sutemenyek-knedli-hu\/pekti-bezlepkove-bagetky-tmave-140g\/#primaryimage\",\"inLanguage\":\"hu\",\"url\":\"https:\/\/www.novalimglutenfree.com\/wp-content\/uploads\/2016\/05\/pekti-bezlepkove-bagetky-tmave-140g-80.thumb_300x300.jpg\",\"width\":239,\"height\":300},{\"@type\":\"WebPage\",\"@id\":\"https:\/\/www.novalimglutenfree.com\/hu\/obchod\/kenyer-sutemenyek-knedli-hu\/glutenmentes-kenyer-sutemenyek-knedli-hu\/pekti-bezlepkove-bagetky-tmave-140g\/#webpage\",\"url\":\"https:\/\/www.novalimglutenfree.com\/hu\/obchod\/kenyer-sutemenyek-knedli-hu\/glutenmentes-kenyer-sutemenyek-knedli-hu\/pekti-bezlepkove-bagetky-tmave-140g\/\",\"name\":\"PEKTI-bezglut\\u00e9nov\\u00e9 bagetky tmav\\u00e9, 140g - Novalim\",\"isPartOf\":{\"@id\":\"https:\/\/www.novalimglutenfree.com\/de\/#website\"},\"primaryImageOfPage\":{\"@id\":\"https:\/\/www.novalimglutenfree.com\/hu\/obchod\/kenyer-sutemenyek-knedli-hu\/glutenmentes-kenyer-sutemenyek-knedli-hu\/pekti-bezlepkove-bagetky-tmave-140g\/#primaryimage\"},\"datePublished\":\"2016-05-18T20:36:54+00:00\",\"dateModified\":\"2018-09-21T07:48:11+00:00\",\"inLanguage\":\"hu\",\"potentialAction\":[{\"@type\":\"ReadAction\",\"target\":[\"https:\/\/www.novalimglutenfree.com\/hu\/obchod\/kenyer-sutemenyek-knedli-hu\/glutenmentes-kenyer-sutemenyek-knedli-hu\/pekti-bezlepkove-bagetky-tmave-140g\/\"]}]}]}<\/script>\n<!-- \/ Yoast SEO plugin. -->","_links":{"self":[{"href":"https:\/\/www.novalimglutenfree.com\/hu\/wp-json\/wp\/v2\/product\/3112"}],"collection":[{"href":"https:\/\/www.novalimglutenfree.com\/hu\/wp-json\/wp\/v2\/product"}],"about":[{"href":"https:\/\/www.novalimglutenfree.com\/hu\/wp-json\/wp\/v2\/types\/product"}],"replies":[{"embeddable":true,"href":"https:\/\/www.novalimglutenfree.com\/hu\/wp-json\/wp\/v2\/comments?post=3112"}],"version-history":[{"count":0,"href":"https:\/\/www.novalimglutenfree.com\/hu\/wp-json\/wp\/v2\/product\/3112\/revisions"}],"wp:featuredmedia":[{"embeddable":true,"href":"https:\/\/www.novalimglutenfree.com\/hu\/wp-json\/wp\/v2\/media\/3034"}],"wp:attachment":[{"href":"https:\/\/www.novalimglutenfree.com\/hu\/wp-json\/wp\/v2\/media?parent=3112"}],"curies":[{"name":"wp","href":"https:\/\/api.w.org\/{rel}","templated":true}]}}