{"id":3106,"date":"2016-05-06T09:41:00","date_gmt":"2016-05-06T07:41:00","guid":{"rendered":"http:\/\/novalimglutenfree.com\/hu\/obchod\/uncategorized\/nizkobielkovinova-mucna-zmes-apromixz-t-plus\/"},"modified":"2016-05-28T22:35:08","modified_gmt":"2016-05-28T20:35:08","slug":"alacsony-feherjetartalmu-liszt-keverek-apromix-t-plus","status":"publish","type":"product","link":"https:\/\/www.novalimglutenfree.com\/hu\/obchod\/liszt-hu\/alacsony-feherjetartalmu-lisztkeverekek-hu\/alacsony-feherjetartalmu-liszt-keverek-apromix-t-plus\/","title":{"rendered":"Alacsony feh\u00e9rjetartalm\u00fa liszt kever\u00e9k APROMIX-T, PLUS"},"content":{"rendered":"<p>APROMIX\u00ae &#8211; T PLUS \u2013 alacsony feh\u00e9rjetartalm\u00fa s\u00f6t\u00e9t liszt, jelleg\u00e9vel \u00e9s felhaszn\u00e1l\u00e1s\u00e1val hasonl\u00edt az Apromix\u00ae-plus lisztre 10 mg\/100 g fenilalanin tartalommal. Tartalmaz almarostot.<\/p>\n<p>Csomagol\u00e1s: 1 kg<\/p>\n<p>INFORM\u00c1CI\u00d3K A TERM\u00c9KR\u0150L <\/p>\n<p>\u00d6sszet\u00e9tel:<\/p>\n<p>kukoricakem\u00e9ny\u00edt\u0151, burgonyakem\u00e9ny\u00edt\u0151, m\u00f3dos\u00edtott tapi\u00f3kakem\u00e9ny\u00edt\u0151, kukorica maltodextrin, alma \u00e9s bambuszrost, s\u0171r\u00edt\u0151anyagok: karboximetil cellul\u00f3z  E466; emulg\u00e1l\u00f3szer mono \u00e9s diacilglicerol E471 <\/p>\n<p>100 g term\u00e9k \u00e1tlagosan tartalmaz:<\/p>\n<p>0,27 g feh\u00e9rj\u00e9t, 88,80 g sz\u00e9nhidr\u00e1tot \u00e9s 0,9 g zs\u00edrt.<\/p>\n<p>Enegia\u00e9rt\u00e9k:<\/p>\n<p>1555 kJ; 367,2 kcal<\/p>\n","protected":false},"excerpt":{"rendered":"<p>APROMIX\u00ae &#8211; T PLUS \u2013 alacsony feh\u00e9rjetartalm\u00fa s\u00f6t\u00e9t liszt, jelleg\u00e9vel \u00e9s felhaszn\u00e1l\u00e1s\u00e1val hasonl\u00edt az Apromix\u00ae-plus lisztre 10 mg\/100 g fenilalanin tartalommal. Tartalmaz almarostot.<\/p>\n","protected":false},"featured_media":3057,"comment_status":"closed","ping_status":"closed","template":"","meta":[],"yoast_head":"<!-- This site is optimized with the Yoast SEO plugin v15.7 - https:\/\/yoast.com\/wordpress\/plugins\/seo\/ -->\n<title>Alacsony feh\u00e9rjetartalm\u00fa liszt kever\u00e9k APROMIX-T, PLUS - Novalim<\/title>\n<meta name=\"robots\" content=\"index, follow, max-snippet:-1, max-image-preview:large, max-video-preview:-1\" \/>\n<link rel=\"canonical\" href=\"https:\/\/www.novalimglutenfree.com\/hu\/obchod\/liszt-hu\/alacsony-feherjetartalmu-lisztkeverekek-hu\/alacsony-feherjetartalmu-liszt-keverek-apromix-t-plus\/\" \/>\n<meta property=\"og:locale\" content=\"hu_HU\" \/>\n<meta property=\"og:type\" content=\"article\" \/>\n<meta property=\"og:title\" content=\"Alacsony feh\u00e9rjetartalm\u00fa liszt kever\u00e9k APROMIX-T, PLUS - Novalim\" \/>\n<meta property=\"og:description\" content=\"APROMIX\u00ae - T PLUS \u2013 alacsony feh\u00e9rjetartalm\u00fa s\u00f6t\u00e9t liszt, jelleg\u00e9vel \u00e9s felhaszn\u00e1l\u00e1s\u00e1val hasonl\u00edt az Apromix\u00ae-plus lisztre 10 mg\/100 g fenilalanin tartalommal. Tartalmaz almarostot.\" \/>\n<meta property=\"og:url\" content=\"https:\/\/www.novalimglutenfree.com\/hu\/obchod\/liszt-hu\/alacsony-feherjetartalmu-lisztkeverekek-hu\/alacsony-feherjetartalmu-liszt-keverek-apromix-t-plus\/\" \/>\n<meta property=\"og:site_name\" content=\"Novalim\" \/>\n<meta property=\"article:modified_time\" content=\"2016-05-28T20:35:08+00:00\" \/>\n<meta property=\"og:image\" content=\"https:\/\/www.novalimglutenfree.com\/wp-content\/uploads\/2016\/05\/Apromix-T-Plus.jpg\" \/>\n\t<meta property=\"og:image:width\" content=\"413\" \/>\n\t<meta property=\"og:image:height\" content=\"618\" \/>\n<meta name=\"twitter:card\" content=\"summary\" \/>\n<script type=\"application\/ld+json\" class=\"yoast-schema-graph\">{\"@context\":\"https:\/\/schema.org\",\"@graph\":[{\"@type\":\"WebSite\",\"@id\":\"https:\/\/novalimglutenfree.com\/de\/#website\",\"url\":\"https:\/\/novalimglutenfree.com\/de\/\",\"name\":\"Novalim\",\"description\":\"Bezlepkov\\u00e9 potraviny, bezlepkov\\u00e9 recepty, celiakia, PKU\",\"potentialAction\":[{\"@type\":\"SearchAction\",\"target\":\"https:\/\/novalimglutenfree.com\/de\/?s={search_term_string}\",\"query-input\":\"required name=search_term_string\"}],\"inLanguage\":\"hu\"},{\"@type\":\"ImageObject\",\"@id\":\"https:\/\/www.novalimglutenfree.com\/hu\/obchod\/liszt-hu\/alacsony-feherjetartalmu-lisztkeverekek-hu\/alacsony-feherjetartalmu-liszt-keverek-apromix-t-plus\/#primaryimage\",\"inLanguage\":\"hu\",\"url\":\"https:\/\/www.novalimglutenfree.com\/wp-content\/uploads\/2016\/05\/Apromix-T-Plus.jpg\",\"width\":413,\"height\":618},{\"@type\":\"WebPage\",\"@id\":\"https:\/\/www.novalimglutenfree.com\/hu\/obchod\/liszt-hu\/alacsony-feherjetartalmu-lisztkeverekek-hu\/alacsony-feherjetartalmu-liszt-keverek-apromix-t-plus\/#webpage\",\"url\":\"https:\/\/www.novalimglutenfree.com\/hu\/obchod\/liszt-hu\/alacsony-feherjetartalmu-lisztkeverekek-hu\/alacsony-feherjetartalmu-liszt-keverek-apromix-t-plus\/\",\"name\":\"Alacsony feh\\u00e9rjetartalm\\u00fa liszt kever\\u00e9k APROMIX-T, PLUS - Novalim\",\"isPartOf\":{\"@id\":\"https:\/\/novalimglutenfree.com\/de\/#website\"},\"primaryImageOfPage\":{\"@id\":\"https:\/\/www.novalimglutenfree.com\/hu\/obchod\/liszt-hu\/alacsony-feherjetartalmu-lisztkeverekek-hu\/alacsony-feherjetartalmu-liszt-keverek-apromix-t-plus\/#primaryimage\"},\"datePublished\":\"2016-05-06T07:41:00+00:00\",\"dateModified\":\"2016-05-28T20:35:08+00:00\",\"inLanguage\":\"hu\",\"potentialAction\":[{\"@type\":\"ReadAction\",\"target\":[\"https:\/\/www.novalimglutenfree.com\/hu\/obchod\/liszt-hu\/alacsony-feherjetartalmu-lisztkeverekek-hu\/alacsony-feherjetartalmu-liszt-keverek-apromix-t-plus\/\"]}]}]}<\/script>\n<!-- \/ Yoast SEO plugin. -->","_links":{"self":[{"href":"https:\/\/www.novalimglutenfree.com\/hu\/wp-json\/wp\/v2\/product\/3106"}],"collection":[{"href":"https:\/\/www.novalimglutenfree.com\/hu\/wp-json\/wp\/v2\/product"}],"about":[{"href":"https:\/\/www.novalimglutenfree.com\/hu\/wp-json\/wp\/v2\/types\/product"}],"replies":[{"embeddable":true,"href":"https:\/\/www.novalimglutenfree.com\/hu\/wp-json\/wp\/v2\/comments?post=3106"}],"version-history":[{"count":0,"href":"https:\/\/www.novalimglutenfree.com\/hu\/wp-json\/wp\/v2\/product\/3106\/revisions"}],"wp:featuredmedia":[{"embeddable":true,"href":"https:\/\/www.novalimglutenfree.com\/hu\/wp-json\/wp\/v2\/media\/3057"}],"wp:attachment":[{"href":"https:\/\/www.novalimglutenfree.com\/hu\/wp-json\/wp\/v2\/media?parent=3106"}],"curies":[{"name":"wp","href":"https:\/\/api.w.org\/{rel}","templated":true}]}}