{"id":2446,"date":"2016-05-06T09:40:46","date_gmt":"2016-05-06T07:40:46","guid":{"rendered":"http:\/\/novalimglutenfree.com\/en\/obchod\/uncategorized\/tosty-glutenmentes-toast-kenyer-400g\/"},"modified":"2016-05-06T09:40:46","modified_gmt":"2016-05-06T07:40:46","slug":"tosty-glutenmentes-toast-kenyer-400g","status":"publish","type":"product","link":"https:\/\/www.novalimglutenfree.com\/hu\/obchod\/kenyer-sutemenyek-knedli-hu\/glutenmentes-kenyer-sutemenyek-knedli-hu\/tosty-glutenmentes-toast-kenyer-400g\/","title":{"rendered":"TOSTY-glut\u00e9nmentes toast keny\u00e9r 400g"},"content":{"rendered":"<p><strong>TOSTY-GLUT\u00c9NMENTES VIL\u00c1GOS FRISS TOAST KENY\u00c9R<\/strong> &#8211; f\u00e9nyes finom szerkezete a glut\u00e9nmentes kenyeret &#8211; egy \u00faj \u00f6sszet\u00e9tel\u0171, s\u00fclt form\u00e1ban. Csomagolva, PP zs\u00e1k &#8211; v\u00e1gott. Tart\u00f3ss\u00e1g 14 nap<\/p>\n<p><strong>Csomagol\u00e1s<\/strong>: 400g<\/p>\n<p><strong>Term\u00e9k inform\u00e1ci\u00f3<\/strong>: \u00d6sszetev\u0151k: v\u00edz, kukoricakem\u00e9ny\u00edt\u0151, rizsliszt, n\u00f6v\u00e9nyi zs\u00edr, dextr\u00f3z, \u00e9leszt\u0151, s\u0171r\u00edt\u0151: E464, bors\u00f3 feh\u00e9rje, z\u00f6lds\u00e9g rost, s\u00f3, cukor erjeszt\u00e9se.<\/p>\n<p><strong>100 g term\u00e9k \u00e1tlagosan tartalmaz:<\/strong> 2,3 gramm feh\u00e9rj\u00e9t, 58 g sz\u00e9nhidr\u00e1t \u00e9s 2,7 gramm zs\u00edrt<\/p>\n<p><strong>Energia \u00e9rt\u00e9k<\/strong>: 983 kJ, 235 kcal<\/p>\n","protected":false},"excerpt":{"rendered":"<p>f\u00e9nyes finom szerkezete a glut\u00e9nmentes kenyeret &#8211; egy \u00faj \u00f6sszet\u00e9tel\u0171, s\u00fclt form\u00e1ban. Csomagolva, PP zs\u00e1k &#8211; v\u00e1gott. Tart\u00f3ss\u00e1g 14 nap<\/p>\n","protected":false},"featured_media":668,"comment_status":"closed","ping_status":"open","template":"","meta":[],"yoast_head":"<!-- This site is optimized with the Yoast SEO plugin v15.7 - https:\/\/yoast.com\/wordpress\/plugins\/seo\/ -->\n<title>TOSTY-glut\u00e9nmentes toast keny\u00e9r 400g - Novalim<\/title>\n<meta name=\"robots\" content=\"index, follow, max-snippet:-1, max-image-preview:large, max-video-preview:-1\" \/>\n<link rel=\"canonical\" href=\"https:\/\/novalimglutenfree.com\/hu\/obchod\/kenyer-sutemenyek-knedli-hu\/glutenmentes-kenyer-sutemenyek-knedli-hu\/tosty-glutenmentes-toast-kenyer-400g\/\" \/>\n<meta property=\"og:locale\" content=\"hu_HU\" \/>\n<meta property=\"og:type\" content=\"article\" \/>\n<meta property=\"og:title\" content=\"TOSTY-glut\u00e9nmentes toast keny\u00e9r 400g - Novalim\" \/>\n<meta property=\"og:description\" content=\"f\u00e9nyes finom szerkezete a glut\u00e9nmentes kenyeret - egy \u00faj \u00f6sszet\u00e9tel\u0171, s\u00fclt form\u00e1ban. Csomagolva, PP zs\u00e1k - v\u00e1gott. Tart\u00f3ss\u00e1g 14 nap\" \/>\n<meta property=\"og:url\" content=\"https:\/\/novalimglutenfree.com\/hu\/obchod\/kenyer-sutemenyek-knedli-hu\/glutenmentes-kenyer-sutemenyek-knedli-hu\/tosty-glutenmentes-toast-kenyer-400g\/\" \/>\n<meta property=\"og:site_name\" content=\"Novalim\" \/>\n<meta property=\"og:image\" content=\"https:\/\/www.novalimglutenfree.com\/wp-content\/uploads\/2016\/05\/cerstvy-tmavy-bezlepkovy-chlieb-40.jpg\" \/>\n\t<meta property=\"og:image:width\" content=\"314\" \/>\n\t<meta property=\"og:image:height\" content=\"275\" \/>\n<meta name=\"twitter:card\" content=\"summary\" \/>\n<script type=\"application\/ld+json\" class=\"yoast-schema-graph\">{\"@context\":\"https:\/\/schema.org\",\"@graph\":[{\"@type\":\"WebSite\",\"@id\":\"https:\/\/www.novalimglutenfree.com\/de\/#website\",\"url\":\"https:\/\/www.novalimglutenfree.com\/de\/\",\"name\":\"Novalim\",\"description\":\"Bezlepkov\\u00e9 potraviny, bezlepkov\\u00e9 recepty, celiakia, PKU\",\"potentialAction\":[{\"@type\":\"SearchAction\",\"target\":\"https:\/\/www.novalimglutenfree.com\/de\/?s={search_term_string}\",\"query-input\":\"required name=search_term_string\"}],\"inLanguage\":\"hu\"},{\"@type\":\"ImageObject\",\"@id\":\"https:\/\/novalimglutenfree.com\/hu\/obchod\/kenyer-sutemenyek-knedli-hu\/glutenmentes-kenyer-sutemenyek-knedli-hu\/tosty-glutenmentes-toast-kenyer-400g\/#primaryimage\",\"inLanguage\":\"hu\",\"url\":\"https:\/\/www.novalimglutenfree.com\/wp-content\/uploads\/2016\/05\/cerstvy-tmavy-bezlepkovy-chlieb-40.jpg\",\"width\":314,\"height\":275},{\"@type\":\"WebPage\",\"@id\":\"https:\/\/novalimglutenfree.com\/hu\/obchod\/kenyer-sutemenyek-knedli-hu\/glutenmentes-kenyer-sutemenyek-knedli-hu\/tosty-glutenmentes-toast-kenyer-400g\/#webpage\",\"url\":\"https:\/\/novalimglutenfree.com\/hu\/obchod\/kenyer-sutemenyek-knedli-hu\/glutenmentes-kenyer-sutemenyek-knedli-hu\/tosty-glutenmentes-toast-kenyer-400g\/\",\"name\":\"TOSTY-glut\\u00e9nmentes toast keny\\u00e9r 400g - Novalim\",\"isPartOf\":{\"@id\":\"https:\/\/www.novalimglutenfree.com\/de\/#website\"},\"primaryImageOfPage\":{\"@id\":\"https:\/\/novalimglutenfree.com\/hu\/obchod\/kenyer-sutemenyek-knedli-hu\/glutenmentes-kenyer-sutemenyek-knedli-hu\/tosty-glutenmentes-toast-kenyer-400g\/#primaryimage\"},\"datePublished\":\"2016-05-06T07:40:46+00:00\",\"dateModified\":\"2016-05-06T07:40:46+00:00\",\"inLanguage\":\"hu\",\"potentialAction\":[{\"@type\":\"ReadAction\",\"target\":[\"https:\/\/novalimglutenfree.com\/hu\/obchod\/kenyer-sutemenyek-knedli-hu\/glutenmentes-kenyer-sutemenyek-knedli-hu\/tosty-glutenmentes-toast-kenyer-400g\/\"]}]}]}<\/script>\n<!-- \/ Yoast SEO plugin. -->","_links":{"self":[{"href":"https:\/\/www.novalimglutenfree.com\/hu\/wp-json\/wp\/v2\/product\/2446"}],"collection":[{"href":"https:\/\/www.novalimglutenfree.com\/hu\/wp-json\/wp\/v2\/product"}],"about":[{"href":"https:\/\/www.novalimglutenfree.com\/hu\/wp-json\/wp\/v2\/types\/product"}],"replies":[{"embeddable":true,"href":"https:\/\/www.novalimglutenfree.com\/hu\/wp-json\/wp\/v2\/comments?post=2446"}],"version-history":[{"count":0,"href":"https:\/\/www.novalimglutenfree.com\/hu\/wp-json\/wp\/v2\/product\/2446\/revisions"}],"wp:featuredmedia":[{"embeddable":true,"href":"https:\/\/www.novalimglutenfree.com\/hu\/wp-json\/wp\/v2\/media\/668"}],"wp:attachment":[{"href":"https:\/\/www.novalimglutenfree.com\/hu\/wp-json\/wp\/v2\/media?parent=2446"}],"curies":[{"name":"wp","href":"https:\/\/api.w.org\/{rel}","templated":true}]}}