{"id":2068,"date":"2016-05-06T09:40:34","date_gmt":"2016-05-06T07:40:34","guid":{"rendered":"http:\/\/novalimglutenfree.com\/obchod\/promix-uni\/"},"modified":"2016-05-17T22:18:59","modified_gmt":"2016-05-17T20:18:59","slug":"promix-uni-univerzalis-glutenmentes-lisztkeverekbezlepkova-liszt","status":"publish","type":"product","link":"https:\/\/www.novalimglutenfree.com\/hu\/obchod\/liszt-hu\/glutenmentes-lisztkeverekek-hu\/promix-uni-univerzalis-glutenmentes-lisztkeverekbezlepkova-liszt\/","title":{"rendered":"PROMIX -UNI, univerz\u00e1lis glut\u00e9nmentes lisztkever\u00e9kbezlepkov\u00e1 liszt"},"content":{"rendered":"<p><strong>PROMIX\u00ae-UNI- <\/strong>Univerz\u00e1lis glut\u00e9nmentes liszt alkalmas majdnem minden glut\u00e9nmentes di\u00e9ta sz\u00e1m\u00e1ra \u2013 nem tartalmaz<\/p>\n<p>tejfeh\u00e9rj\u00e9t, lakt\u00f3zt, s\u00f3t \u00e9s r\u00e9pacukrot. Alkalmas s\u00fct\u00e9sre form\u00e1ban \u00e9s forma n\u00e9lk\u00fcl keny\u00e9rre \u00e9s s\u00fctem\u00e9nyre. A\u00a0 lisztkever\u00e9k alkalmas keny\u00e9r,<\/p>\n<p>s\u00fctem\u00e9ny, finom s\u00fctem\u00e9ny, desszertek k\u00e9sz\u00edt\u00e9s\u00e9re, valamint szok\u00e1sos felhaszn\u00e1l\u00e1sra a konyh\u00e1ban \u2013 r\u00e1nt\u00e1s, bes\u0171r\u00edt\u00e9s, besamel \u00e9s hasonl\u00f3.<\/p>\n<p>\u00a0<\/p>\n<p>Csomagol\u00e1s: 1 kg<\/p>\n<p><strong>INFORM\u00c1CI\u00d3K A TERM\u00c9KR\u0150L<\/strong><\/p>\n<p>\u00a0<\/p>\n<p><strong>\u00d6sszet\u00e9tel:<\/strong><\/p>\n<p>burgonyakem\u00e9ny\u00edt\u0151, kukoricakem\u00e9ny\u00edt\u0151,\u00a0\u00a0\u00a0\u00a0\u00a0\u00a0\u00a0\u00a0\u00a0\u00a0\u00a0\u00a0\u00a0\u00a0\u00a0\u00a0\u00a0\u00a0\u00a0\u00a0\u00a0\u00a0\u00a0\u00a0\u00a0\u00a0\u00a0\u00a0\u00a0\u00a0\u00a0\u00a0\u00a0\u00a0\u00a0\u00a0\u00a0\u00a0\u00a0\u00a0\u00a0\u00a0\u00a0\u00a0\u00a0\u00a0\u00a0\u00a0\u00a0\u00a0\u00a0\u00a0\u00a0\u00a0\u00a0\u00a0\u00a0\u00a0\u00a0\u00a0\u00a0\u00a0\u00a0\u00a0\u00a0\u00a0\u00a0\u00a0\u00a0\u00a0\u00a0\u00a0\u00a0\u00a0\u00a0\u00a0\u00a0\u00a0\u00a0\u00a0\u00a0\u00a0\u00a0\u00a0\u00a0\u00a0\u00a0\u00a0\u00a0\u00a0\u00a0\u00a0\u00a0\u00a0\u00a0\u00a0\u00a0\u00a0\u00a0\u00a0\u00a0\u00a0\u00a0\u00a0\u00a0\u00a0\u00a0\u00a0\u00a0\u00a0\u00a0\u00a0\u00a0\u00a0\u00a0\u00a0\u00a0\u00a0\u00a0\u00a0\u00a0\u00a0\u00a0\u00a0\u00a0\u00a0 \u00a0\u00a0\u00a0\u00a0\u00a0\u00a0\u00a0\u00a0\u00a0\u00a0\u00a0\u00a0\u00a0\u00a0\u00a0\u00a0\u00a0\u00a0\u00a0\u00a0\u00a0\u00a0\u00a0\u00a0\u00a0\u00a0\u00a0\u00a0\u00a0\u00a0\u00a0\u00a0\u00a0\u00a0\u00a0\u00a0\u00a0\u00a0\u00a0\u00a0\u00a0\u00a0\u00a0\u00a0\u00a0\u00a0\u00a0\u00a0\u00a0\u00a0\u00a0\u00a0\u00a0\u00a0\u00a0\u00a0\u00a0\u00a0\u00a0\u00a0\u00a0\u00a0\u00a0\u00a0\u00a0\u00a0\u00a0\u00a0\u00a0\u00a0\u00a0\u00a0\u00a0\u00a0\u00a0\u00a0\u00a0\u00a0\u00a0\u00a0\u00a0\u00a0\u00a0\u00a0\u00a0\u00a0\u00a0\u00a0\u00a0\u00a0\u00a0\u00a0\u00a0\u00a0\u00a0\u00a0\u00a0\u00a0\u00a0\u00a0\u00a0\u00a0\u00a0\u00a0\u00a0\u00a0\u00a0\u00a0\u00a0\u00a0\u00a0\u00a0\u00a0\u00a0\u00a0\u00a0\u00a0\u00a0\u00a0\u00a0\u00a0\u00a0\u00a0\u00a0\u00a0\u00a0\u00a0\u00a0\u00a0\u00a0\u00a0\u00a0\u00a0\u00a0\u00a0\u00a0\u00a0\u00a0\u00a0\u00a0\u00a0\u00a0\u00a0\u00a0\u00a0\u00a0\u00a0\u00a0\u00a0\u00a0\u00a0\u00a0\u00a0\u00a0\u00a0\u00a0\u00a0\u00a0\u00a0\u00a0\u00a0\u00a0\u00a0\u00a0\u00a0\u00a0\u00a0\u00a0\u00a0\u00a0\u00a0\u00a0\u00a0\u00a0\u00a0\u00a0\u00a0\u00a0\u00a0\u00a0\u00a0\u00a0\u00a0\u00a0\u00a0\u00a0\u00a0\u00a0\u00a0\u00a0\u00a0\u00a0\u00a0\u00a0\u00a0\u00a0\u00a0\u00a0\u00a0\u00a0\u00a0\u00a0\u00a0\u00a0\u00a0\u00a0\u00a0\u00a0\u00a0\u00a0\u00a0\u00a0\u00a0\u00a0\u00a0\u00a0\u00a0\u00a0\u00a0\u00a0\u00a0\u00a0\u00a0\u00a0\u00a0\u00a0\u00a0\u00a0\u00a0\u00a0\u00a0\u00a0\u00a0\u00a0\u00a0\u00a0\u00a0\u00a0\u00a0\u00a0\u00a0\u00a0\u00a0\u00a0\u00a0\u00a0\u00a0\u00a0\u00a0\u00a0\u00a0\u00a0\u00a0\u00a0\u00a0\u00a0\u00a0\u00a0\u00a0\u00a0\u00a0\u00a0\u00a0\u00a0\u00a0\u00a0\u00a0\u00a0\u00a0\u00a0\u00a0\u00a0\u00a0\u00a0\u00a0\u00a0\u00a0\u00a0\u00a0\u00a0\u00a0\u00a0\u00a0\u00a0\u00a0\u00a0\u00a0\u00a0\u00a0\u00a0\u00a0\u00a0\u00a0\u00a0\u00a0\u00a0\u00a0\u00a0\u00a0\u00a0\u00a0\u00a0\u00a0\u00a0\u00a0\u00a0\u00a0\u00a0\u00a0\u00a0\u00a0\u00a0\u00a0\u00a0\u00a0\u00a0\u00a0\u00a0\u00a0\u00a0\u00a0\u00a0\u00a0\u00a0\u00a0\u00a0\u00a0\u00a0\u00a0\u00a0\u00a0\u00a0\u00a0\u00a0\u00a0\u00a0\u00a0\u00a0\u00a0\u00a0\u00a0\u00a0\u00a0\u00a0\u00a0\u00a0\u00a0\u00a0\u00a0\u00a0\u00a0\u00a0\u00a0\u00a0\u00a0\u00a0\u00a0\u00a0\u00a0\u00a0\u00a0\u00a0\u00a0\u00a0\u00a0\u00a0\u00a0\u00a0\u00a0\u00a0\u00a0\u00a0\u00a0\u00a0\u00a0\u00a0\u00a0\u00a0\u00a0\u00a0\u00a0\u00a0\u00a0\u00a0\u00a0\u00a0\u00a0\u00a0\u00a0\u00a0\u00a0\u00a0\u00a0\u00a0\u00a0\u00a0\u00a0\u00a0\u00a0\u00a0\u00a0\u00a0\u00a0\u00a0\u00a0\u00a0\u00a0\u00a0\u00a0\u00a0\u00a0\u00a0\u00a0\u00a0\u00a0\u00a0\u00a0\u00a0\u00a0\u00a0\u00a0\u00a0\u00a0\u00a0\u00a0\u00a0\u00a0\u00a0\u00a0\u00a0\u00a0\u00a0\u00a0\u00a0\u00a0\u00a0\u00a0\u00a0\u00a0\u00a0\u00a0\u00a0\u00a0\u00a0\u00a0\u00a0\u00a0\u00a0\u00a0\u00a0\u00a0\u00a0\u00a0\u00a0\u00a0\u00a0\u00a0\u00a0\u00a0\u00a0\u00a0\u00a0\u00a0\u00a0\u00a0\u00a0 rizsliszt,m\u00f3dos\u00edtott kukoricakem\u00e9ny\u00edt\u0151, sz\u00f3jaliszt, s\u0171r\u00edt\u0151anyagok: gu\u00e1rliszt \u00e9s E466; emulg\u00e1l\u00f3szer E471.<\/p>\n","protected":false},"excerpt":{"rendered":"<p>Univerz\u00e1lis glut\u00e9nmentes liszt alkalmas majdnem minden glut\u00e9nmentes di\u00e9ta sz\u00e1m\u00e1ra \u2013 nem tartalmaz<\/p>\n<p>tejfeh\u00e9rj\u00e9t, lakt\u00f3zt, s\u00f3t \u00e9s r\u00e9pacukrot. Alkalmas s\u00fct\u00e9sre form\u00e1ban \u00e9s forma n\u00e9lk\u00fcl keny\u00e9rre \u00e9s s\u00fctem\u00e9nyre. A\u00a0 lisztkever\u00e9k alkalmas keny\u00e9r,<\/p>\n<p>s\u00fctem\u00e9ny, finom s\u00fctem\u00e9ny, desszertek k\u00e9sz\u00edt\u00e9s\u00e9re, valamint szok\u00e1sos felhaszn\u00e1l\u00e1sra a konyh\u00e1ban \u2013 r\u00e1nt\u00e1s, bes\u0171r\u00edt\u00e9s, besamel \u00e9s hasonl\u00f3.<\/p>\n","protected":false},"featured_media":1030,"comment_status":"closed","ping_status":"closed","template":"","meta":[],"yoast_head":"<!-- This site is optimized with the Yoast SEO plugin v15.7 - https:\/\/yoast.com\/wordpress\/plugins\/seo\/ -->\n<title>PROMIX -UNI, univerz\u00e1lis glut\u00e9nmentes lisztkever\u00e9kbezlepkov\u00e1 liszt - Novalim<\/title>\n<meta name=\"robots\" content=\"index, follow, max-snippet:-1, max-image-preview:large, max-video-preview:-1\" \/>\n<link rel=\"canonical\" href=\"https:\/\/novalimglutenfree.com\/hu\/obchod\/liszt-hu\/glutenmentes-lisztkeverekek-hu\/promix-uni-univerzalis-glutenmentes-lisztkeverekbezlepkova-liszt\/\" \/>\n<meta property=\"og:locale\" content=\"hu_HU\" \/>\n<meta property=\"og:type\" content=\"article\" \/>\n<meta property=\"og:title\" content=\"PROMIX -UNI, univerz\u00e1lis glut\u00e9nmentes lisztkever\u00e9kbezlepkov\u00e1 liszt - Novalim\" \/>\n<meta property=\"og:description\" content=\"Univerz\u00e1lis glut\u00e9nmentes liszt alkalmas majdnem minden glut\u00e9nmentes di\u00e9ta sz\u00e1m\u00e1ra \u2013 nem tartalmaz tejfeh\u00e9rj\u00e9t, lakt\u00f3zt, s\u00f3t \u00e9s r\u00e9pacukrot. Alkalmas s\u00fct\u00e9sre form\u00e1ban \u00e9s forma n\u00e9lk\u00fcl keny\u00e9rre \u00e9s s\u00fctem\u00e9nyre. A\u00a0 lisztkever\u00e9k alkalmas keny\u00e9r, s\u00fctem\u00e9ny, finom s\u00fctem\u00e9ny, desszertek k\u00e9sz\u00edt\u00e9s\u00e9re, valamint szok\u00e1sos felhaszn\u00e1l\u00e1sra a konyh\u00e1ban \u2013 r\u00e1nt\u00e1s, bes\u0171r\u00edt\u00e9s, besamel \u00e9s hasonl\u00f3.\" \/>\n<meta property=\"og:url\" content=\"https:\/\/novalimglutenfree.com\/hu\/obchod\/liszt-hu\/glutenmentes-lisztkeverekek-hu\/promix-uni-univerzalis-glutenmentes-lisztkeverekbezlepkova-liszt\/\" \/>\n<meta property=\"og:site_name\" content=\"Novalim\" \/>\n<meta property=\"article:modified_time\" content=\"2016-05-17T20:18:59+00:00\" \/>\n<meta property=\"og:image\" content=\"https:\/\/www.novalimglutenfree.com\/wp-content\/uploads\/2016\/05\/Promix_Uni.jpg\" \/>\n\t<meta property=\"og:image:width\" content=\"413\" \/>\n\t<meta property=\"og:image:height\" content=\"618\" \/>\n<meta name=\"twitter:card\" content=\"summary\" \/>\n<meta name=\"twitter:label1\" content=\"Becs\u00fclt olvas\u00e1si id\u0151\">\n\t<meta name=\"twitter:data1\" content=\"1 perc\">\n<script type=\"application\/ld+json\" class=\"yoast-schema-graph\">{\"@context\":\"https:\/\/schema.org\",\"@graph\":[{\"@type\":\"WebSite\",\"@id\":\"https:\/\/www.novalimglutenfree.com\/de\/#website\",\"url\":\"https:\/\/www.novalimglutenfree.com\/de\/\",\"name\":\"Novalim\",\"description\":\"Bezlepkov\\u00e9 potraviny, bezlepkov\\u00e9 recepty, celiakia, PKU\",\"potentialAction\":[{\"@type\":\"SearchAction\",\"target\":\"https:\/\/www.novalimglutenfree.com\/de\/?s={search_term_string}\",\"query-input\":\"required name=search_term_string\"}],\"inLanguage\":\"hu\"},{\"@type\":\"ImageObject\",\"@id\":\"https:\/\/novalimglutenfree.com\/hu\/obchod\/liszt-hu\/glutenmentes-lisztkeverekek-hu\/promix-uni-univerzalis-glutenmentes-lisztkeverekbezlepkova-liszt\/#primaryimage\",\"inLanguage\":\"hu\",\"url\":\"https:\/\/www.novalimglutenfree.com\/wp-content\/uploads\/2016\/05\/Promix_Uni.jpg\",\"width\":413,\"height\":618},{\"@type\":\"WebPage\",\"@id\":\"https:\/\/novalimglutenfree.com\/hu\/obchod\/liszt-hu\/glutenmentes-lisztkeverekek-hu\/promix-uni-univerzalis-glutenmentes-lisztkeverekbezlepkova-liszt\/#webpage\",\"url\":\"https:\/\/novalimglutenfree.com\/hu\/obchod\/liszt-hu\/glutenmentes-lisztkeverekek-hu\/promix-uni-univerzalis-glutenmentes-lisztkeverekbezlepkova-liszt\/\",\"name\":\"PROMIX -UNI, univerz\\u00e1lis glut\\u00e9nmentes lisztkever\\u00e9kbezlepkov\\u00e1 liszt - Novalim\",\"isPartOf\":{\"@id\":\"https:\/\/www.novalimglutenfree.com\/de\/#website\"},\"primaryImageOfPage\":{\"@id\":\"https:\/\/novalimglutenfree.com\/hu\/obchod\/liszt-hu\/glutenmentes-lisztkeverekek-hu\/promix-uni-univerzalis-glutenmentes-lisztkeverekbezlepkova-liszt\/#primaryimage\"},\"datePublished\":\"2016-05-06T07:40:34+00:00\",\"dateModified\":\"2016-05-17T20:18:59+00:00\",\"inLanguage\":\"hu\",\"potentialAction\":[{\"@type\":\"ReadAction\",\"target\":[\"https:\/\/novalimglutenfree.com\/hu\/obchod\/liszt-hu\/glutenmentes-lisztkeverekek-hu\/promix-uni-univerzalis-glutenmentes-lisztkeverekbezlepkova-liszt\/\"]}]}]}<\/script>\n<!-- \/ Yoast SEO plugin. -->","_links":{"self":[{"href":"https:\/\/www.novalimglutenfree.com\/hu\/wp-json\/wp\/v2\/product\/2068"}],"collection":[{"href":"https:\/\/www.novalimglutenfree.com\/hu\/wp-json\/wp\/v2\/product"}],"about":[{"href":"https:\/\/www.novalimglutenfree.com\/hu\/wp-json\/wp\/v2\/types\/product"}],"replies":[{"embeddable":true,"href":"https:\/\/www.novalimglutenfree.com\/hu\/wp-json\/wp\/v2\/comments?post=2068"}],"version-history":[{"count":0,"href":"https:\/\/www.novalimglutenfree.com\/hu\/wp-json\/wp\/v2\/product\/2068\/revisions"}],"wp:featuredmedia":[{"embeddable":true,"href":"https:\/\/www.novalimglutenfree.com\/hu\/wp-json\/wp\/v2\/media\/1030"}],"wp:attachment":[{"href":"https:\/\/www.novalimglutenfree.com\/hu\/wp-json\/wp\/v2\/media?parent=2068"}],"curies":[{"name":"wp","href":"https:\/\/api.w.org\/{rel}","templated":true}]}}