{"id":2064,"date":"2016-05-06T09:40:34","date_gmt":"2016-05-06T07:40:34","guid":{"rendered":"http:\/\/novalimglutenfree.com\/obchod\/promix-t\/"},"modified":"2016-05-17T22:18:33","modified_gmt":"2016-05-17T20:18:33","slug":"promix-t-univerzalis-glutenmentes-soetet-lisztkeverek","status":"publish","type":"product","link":"https:\/\/www.novalimglutenfree.com\/hu\/obchod\/liszt-hu\/glutenmentes-lisztkeverekek-hu\/promix-t-univerzalis-glutenmentes-soetet-lisztkeverek\/","title":{"rendered":"PROMIX -T univerz\u00e1lis glut\u00e9nmentes s\u00f6t\u00e9t lisztkever\u00e9k"},"content":{"rendered":"<p><strong>PROMIX<sup>\u00ae<\/sup>-T \u2013 univerz\u00e1lis glut\u00e9nmentes s\u00f6t\u00e9t liszt, d\u00fas\u00edtva j\u00f3 min\u0151s\u00e9g\u0171 term\u00e9szetes nyersanyagokkal \u00e9s finom gy\u00fcm\u00f6lcsrosttal. Alkalmas glut\u00e9nmentes\u00a0 barna keny\u00e9r, finom s\u00fctem\u00e9ny k\u00e9sz\u00edt\u00e9s\u00e9re, valamint szok\u00e1sos kulin\u00e1ris felhaszn\u00e1l\u00e1sra.<\/strong><\/p>\n<p>\u00a0<\/p>\n<p>Csomagol\u00e1s: 1 kg<\/p>\n<p><strong>INFORM\u00c1CI\u00d3K A TERM\u00c9KR\u0150L <\/strong><\/p>\n<p>\u00a0<\/p>\n<p><strong>\u00d6sszet\u00e9tel:<\/strong><\/p>\n<p>burgonyakem\u00e9ny\u00edt\u0151,kukoricakem\u00e9ny\u00edt\u0151,\u00a0\u00a0\u00a0\u00a0\u00a0\u00a0\u00a0\u00a0\u00a0\u00a0\u00a0\u00a0\u00a0\u00a0\u00a0\u00a0\u00a0\u00a0\u00a0\u00a0\u00a0\u00a0\u00a0\u00a0\u00a0\u00a0\u00a0\u00a0\u00a0\u00a0\u00a0\u00a0\u00a0\u00a0\u00a0\u00a0\u00a0\u00a0\u00a0\u00a0\u00a0\u00a0\u00a0\u00a0\u00a0\u00a0\u00a0\u00a0\u00a0\u00a0\u00a0\u00a0\u00a0\u00a0\u00a0\u00a0\u00a0\u00a0\u00a0\u00a0\u00a0\u00a0\u00a0\u00a0\u00a0\u00a0\u00a0\u00a0\u00a0\u00a0\u00a0\u00a0\u00a0\u00a0\u00a0\u00a0\u00a0\u00a0\u00a0\u00a0\u00a0\u00a0\u00a0\u00a0\u00a0\u00a0\u00a0\u00a0\u00a0\u00a0\u00a0\u00a0\u00a0\u00a0\u00a0\u00a0\u00a0\u00a0\u00a0\u00a0\u00a0\u00a0\u00a0\u00a0\u00a0\u00a0\u00a0\u00a0\u00a0\u00a0\u00a0\u00a0\u00a0\u00a0\u00a0\u00a0\u00a0\u00a0\u00a0\u00a0\u00a0\u00a0\u00a0\u00a0\u00a0\u00a0\u00a0\u00a0\u00a0\u00a0\u00a0\u00a0\u00a0\u00a0\u00a0\u00a0\u00a0\u00a0\u00a0\u00a0\u00a0\u00a0\u00a0\u00a0\u00a0\u00a0\u00a0\u00a0\u00a0\u00a0\u00a0\u00a0\u00a0\u00a0\u00a0\u00a0\u00a0\u00a0\u00a0\u00a0\u00a0\u00a0\u00a0\u00a0\u00a0\u00a0\u00a0\u00a0\u00a0\u00a0\u00a0\u00a0\u00a0\u00a0\u00a0\u00a0\u00a0\u00a0\u00a0\u00a0\u00a0\u00a0\u00a0\u00a0\u00a0\u00a0\u00a0\u00a0\u00a0\u00a0\u00a0\u00a0\u00a0\u00a0\u00a0\u00a0\u00a0\u00a0\u00a0\u00a0\u00a0\u00a0\u00a0 \u00a0\u00a0\u00a0\u00a0\u00a0\u00a0\u00a0\u00a0\u00a0\u00a0\u00a0\u00a0\u00a0\u00a0\u00a0\u00a0\u00a0\u00a0\u00a0\u00a0\u00a0\u00a0\u00a0\u00a0\u00a0\u00a0\u00a0\u00a0\u00a0\u00a0\u00a0\u00a0\u00a0\u00a0\u00a0\u00a0\u00a0\u00a0\u00a0\u00a0\u00a0\u00a0\u00a0\u00a0\u00a0\u00a0\u00a0\u00a0\u00a0\u00a0\u00a0\u00a0\u00a0\u00a0\u00a0\u00a0\u00a0\u00a0\u00a0\u00a0\u00a0\u00a0\u00a0\u00a0\u00a0\u00a0\u00a0\u00a0\u00a0\u00a0\u00a0\u00a0\u00a0\u00a0\u00a0\u00a0\u00a0\u00a0\u00a0\u00a0\u00a0\u00a0\u00a0\u00a0\u00a0\u00a0\u00a0\u00a0\u00a0\u00a0\u00a0\u00a0\u00a0\u00a0\u00a0\u00a0\u00a0\u00a0\u00a0\u00a0\u00a0\u00a0\u00a0\u00a0\u00a0\u00a0\u00a0\u00a0\u00a0\u00a0\u00a0\u00a0\u00a0\u00a0\u00a0\u00a0\u00a0\u00a0\u00a0\u00a0\u00a0\u00a0\u00a0\u00a0\u00a0\u00a0\u00a0\u00a0\u00a0\u00a0\u00a0\u00a0\u00a0\u00a0\u00a0\u00a0\u00a0\u00a0\u00a0\u00a0\u00a0\u00a0\u00a0\u00a0\u00a0\u00a0\u00a0\u00a0\u00a0\u00a0\u00a0\u00a0\u00a0\u00a0\u00a0\u00a0\u00a0\u00a0\u00a0\u00a0\u00a0\u00a0\u00a0\u00a0\u00a0\u00a0\u00a0\u00a0\u00a0\u00a0\u00a0\u00a0\u00a0\u00a0\u00a0\u00a0\u00a0\u00a0\u00a0\u00a0\u00a0\u00a0\u00a0\u00a0\u00a0\u00a0\u00a0\u00a0\u00a0\u00a0\u00a0\u00a0\u00a0\u00a0\u00a0\u00a0\u00a0\u00a0\u00a0\u00a0\u00a0\u00a0\u00a0\u00a0\u00a0\u00a0\u00a0\u00a0\u00a0\u00a0\u00a0\u00a0\u00a0\u00a0\u00a0\u00a0\u00a0\u00a0\u00a0\u00a0\u00a0\u00a0\u00a0\u00a0\u00a0\u00a0\u00a0\u00a0\u00a0\u00a0\u00a0\u00a0\u00a0\u00a0\u00a0\u00a0\u00a0\u00a0\u00a0\u00a0\u00a0\u00a0\u00a0\u00a0\u00a0\u00a0\u00a0\u00a0\u00a0\u00a0\u00a0\u00a0\u00a0\u00a0\u00a0\u00a0\u00a0\u00a0\u00a0\u00a0\u00a0\u00a0\u00a0\u00a0\u00a0\u00a0\u00a0\u00a0\u00a0\u00a0\u00a0\u00a0\u00a0\u00a0\u00a0\u00a0\u00a0\u00a0\u00a0\u00a0\u00a0\u00a0\u00a0\u00a0\u00a0\u00a0\u00a0\u00a0\u00a0\u00a0\u00a0\u00a0\u00a0\u00a0\u00a0\u00a0\u00a0\u00a0\u00a0\u00a0\u00a0\u00a0\u00a0\u00a0\u00a0\u00a0\u00a0\u00a0\u00a0\u00a0\u00a0\u00a0\u00a0\u00a0\u00a0\u00a0\u00a0\u00a0\u00a0\u00a0\u00a0\u00a0\u00a0\u00a0\u00a0\u00a0\u00a0\u00a0\u00a0\u00a0\u00a0\u00a0\u00a0\u00a0\u00a0\u00a0\u00a0\u00a0\u00a0\u00a0\u00a0\u00a0\u00a0\u00a0\u00a0\u00a0\u00a0\u00a0\u00a0\u00a0\u00a0\u00a0\u00a0\u00a0\u00a0\u00a0\u00a0\u00a0\u00a0\u00a0\u00a0\u00a0\u00a0\u00a0\u00a0\u00a0\u00a0\u00a0\u00a0\u00a0\u00a0\u00a0\u00a0\u00a0\u00a0\u00a0\u00a0\u00a0\u00a0\u00a0\u00a0\u00a0\u00a0\u00a0\u00a0\u00a0\u00a0\u00a0\u00a0\u00a0\u00a0\u00a0\u00a0\u00a0\u00a0rizsliszt, m\u00f3dos\u00edtott kukoricakem\u00e9ny\u00edt\u0151, burgonyaliszt, almarost, poh\u00e1nkaliszt,<\/p>\n<p>s\u0171r\u00edt\u0151anyagok: gu\u00e1rliszt \u00e9s E466; emulg\u00e1l\u00f3szer E471.<\/p>\n<p>\u00a0<\/p>\n<p><strong>100 g<\/strong><strong> term\u00e9k \u00e1tlagosan tartalmaz:<\/strong><\/p>\n<p>2,0 g feh\u00e9rj\u00e9t, 88,0 g sz\u00e9nhidr\u00e1tot \u00e9s 1,0 g zs\u00edrt.<\/p>\n<p>\u00a0<\/p>\n<p><strong>Enegia\u00e9rt\u00e9k:<\/strong> 1579 kJ; 377,8 kcal<\/p>\n","protected":false},"excerpt":{"rendered":"<p>univerz\u00e1lis glut\u00e9nmentes s\u00f6t\u00e9t liszt, d\u00fas\u00edtva j\u00f3 min\u0151s\u00e9g\u0171 term\u00e9szetes nyersanyagokkal \u00e9s finom gy\u00fcm\u00f6lcsrosttal. Alkalmas glut\u00e9nmentes  barna keny\u00e9r, finom s\u00fctem\u00e9ny k\u00e9sz\u00edt\u00e9s\u00e9re, valamint szok\u00e1sos kulin\u00e1ris felhaszn\u00e1l\u00e1sra.<\/p>\n","protected":false},"featured_media":1062,"comment_status":"closed","ping_status":"closed","template":"","meta":[],"yoast_head":"<!-- This site is optimized with the Yoast SEO plugin v15.7 - https:\/\/yoast.com\/wordpress\/plugins\/seo\/ -->\n<title>PROMIX -T univerz\u00e1lis glut\u00e9nmentes s\u00f6t\u00e9t lisztkever\u00e9k - Novalim<\/title>\n<meta name=\"robots\" content=\"index, follow, max-snippet:-1, max-image-preview:large, max-video-preview:-1\" \/>\n<link rel=\"canonical\" href=\"https:\/\/www.novalimglutenfree.com\/hu\/obchod\/liszt-hu\/glutenmentes-lisztkeverekek-hu\/promix-t-univerzalis-glutenmentes-soetet-lisztkeverek\/\" \/>\n<meta property=\"og:locale\" content=\"hu_HU\" \/>\n<meta property=\"og:type\" content=\"article\" \/>\n<meta property=\"og:title\" content=\"PROMIX -T univerz\u00e1lis glut\u00e9nmentes s\u00f6t\u00e9t lisztkever\u00e9k - Novalim\" \/>\n<meta property=\"og:description\" content=\"univerz\u00e1lis glut\u00e9nmentes s\u00f6t\u00e9t liszt, d\u00fas\u00edtva j\u00f3 min\u0151s\u00e9g\u0171 term\u00e9szetes nyersanyagokkal \u00e9s finom gy\u00fcm\u00f6lcsrosttal. Alkalmas glut\u00e9nmentes barna keny\u00e9r, finom s\u00fctem\u00e9ny k\u00e9sz\u00edt\u00e9s\u00e9re, valamint szok\u00e1sos kulin\u00e1ris felhaszn\u00e1l\u00e1sra.\" \/>\n<meta property=\"og:url\" content=\"https:\/\/www.novalimglutenfree.com\/hu\/obchod\/liszt-hu\/glutenmentes-lisztkeverekek-hu\/promix-t-univerzalis-glutenmentes-soetet-lisztkeverek\/\" \/>\n<meta property=\"og:site_name\" content=\"Novalim\" \/>\n<meta property=\"article:modified_time\" content=\"2016-05-17T20:18:33+00:00\" \/>\n<meta property=\"og:image\" content=\"https:\/\/www.novalimglutenfree.com\/wp-content\/uploads\/2016\/05\/Promix_T.jpg\" \/>\n\t<meta property=\"og:image:width\" content=\"413\" \/>\n\t<meta property=\"og:image:height\" content=\"618\" \/>\n<meta name=\"twitter:card\" content=\"summary\" \/>\n<meta name=\"twitter:label1\" content=\"Becs\u00fclt olvas\u00e1si id\u0151\">\n\t<meta name=\"twitter:data1\" content=\"1 perc\">\n<script type=\"application\/ld+json\" class=\"yoast-schema-graph\">{\"@context\":\"https:\/\/schema.org\",\"@graph\":[{\"@type\":\"WebSite\",\"@id\":\"https:\/\/www.novalimglutenfree.com\/de\/#website\",\"url\":\"https:\/\/www.novalimglutenfree.com\/de\/\",\"name\":\"Novalim\",\"description\":\"Bezlepkov\\u00e9 potraviny, bezlepkov\\u00e9 recepty, celiakia, PKU\",\"potentialAction\":[{\"@type\":\"SearchAction\",\"target\":\"https:\/\/www.novalimglutenfree.com\/de\/?s={search_term_string}\",\"query-input\":\"required name=search_term_string\"}],\"inLanguage\":\"hu\"},{\"@type\":\"ImageObject\",\"@id\":\"https:\/\/www.novalimglutenfree.com\/hu\/obchod\/liszt-hu\/glutenmentes-lisztkeverekek-hu\/promix-t-univerzalis-glutenmentes-soetet-lisztkeverek\/#primaryimage\",\"inLanguage\":\"hu\",\"url\":\"https:\/\/www.novalimglutenfree.com\/wp-content\/uploads\/2016\/05\/Promix_T.jpg\",\"width\":413,\"height\":618},{\"@type\":\"WebPage\",\"@id\":\"https:\/\/www.novalimglutenfree.com\/hu\/obchod\/liszt-hu\/glutenmentes-lisztkeverekek-hu\/promix-t-univerzalis-glutenmentes-soetet-lisztkeverek\/#webpage\",\"url\":\"https:\/\/www.novalimglutenfree.com\/hu\/obchod\/liszt-hu\/glutenmentes-lisztkeverekek-hu\/promix-t-univerzalis-glutenmentes-soetet-lisztkeverek\/\",\"name\":\"PROMIX -T univerz\\u00e1lis glut\\u00e9nmentes s\\u00f6t\\u00e9t lisztkever\\u00e9k - Novalim\",\"isPartOf\":{\"@id\":\"https:\/\/www.novalimglutenfree.com\/de\/#website\"},\"primaryImageOfPage\":{\"@id\":\"https:\/\/www.novalimglutenfree.com\/hu\/obchod\/liszt-hu\/glutenmentes-lisztkeverekek-hu\/promix-t-univerzalis-glutenmentes-soetet-lisztkeverek\/#primaryimage\"},\"datePublished\":\"2016-05-06T07:40:34+00:00\",\"dateModified\":\"2016-05-17T20:18:33+00:00\",\"inLanguage\":\"hu\",\"potentialAction\":[{\"@type\":\"ReadAction\",\"target\":[\"https:\/\/www.novalimglutenfree.com\/hu\/obchod\/liszt-hu\/glutenmentes-lisztkeverekek-hu\/promix-t-univerzalis-glutenmentes-soetet-lisztkeverek\/\"]}]}]}<\/script>\n<!-- \/ Yoast SEO plugin. -->","_links":{"self":[{"href":"https:\/\/www.novalimglutenfree.com\/hu\/wp-json\/wp\/v2\/product\/2064"}],"collection":[{"href":"https:\/\/www.novalimglutenfree.com\/hu\/wp-json\/wp\/v2\/product"}],"about":[{"href":"https:\/\/www.novalimglutenfree.com\/hu\/wp-json\/wp\/v2\/types\/product"}],"replies":[{"embeddable":true,"href":"https:\/\/www.novalimglutenfree.com\/hu\/wp-json\/wp\/v2\/comments?post=2064"}],"version-history":[{"count":0,"href":"https:\/\/www.novalimglutenfree.com\/hu\/wp-json\/wp\/v2\/product\/2064\/revisions"}],"wp:featuredmedia":[{"embeddable":true,"href":"https:\/\/www.novalimglutenfree.com\/hu\/wp-json\/wp\/v2\/media\/1062"}],"wp:attachment":[{"href":"https:\/\/www.novalimglutenfree.com\/hu\/wp-json\/wp\/v2\/media?parent=2064"}],"curies":[{"name":"wp","href":"https:\/\/api.w.org\/{rel}","templated":true}]}}