{"id":1998,"date":"2016-05-06T09:41:13","date_gmt":"2016-05-06T07:41:13","guid":{"rendered":"http:\/\/novalimglutenfree.com\/hu\/obchod\/permonky-bezglutenove-keksy-pernikove\/"},"modified":"2019-06-02T14:44:33","modified_gmt":"2019-06-02T12:44:33","slug":"permonky-glutenmentes-mezeskalacs-kekszek","status":"publish","type":"product","link":"https:\/\/www.novalimglutenfree.com\/hu\/obchod\/kekszek-csemegek-inyenc-falatokhu\/glutenmentes-kekszek-hu\/permonky-glutenmentes-mezeskalacs-kekszek\/","title":{"rendered":"PERMONKY-glut\u00e9nmentes m\u00e9zeskal\u00e1cs kekszek"},"content":{"rendered":"<p>Glut\u00e9nmentes kekszek \u00faj sorozat &#8211; a hagyom\u00e1nyos m\u00e9zeskal\u00e1cs \u00edz\u0171, ropog\u00f3s \u00e9s puha kekszet \u00e9s vonz\u00f3 alak. K\u00e9sz\u00fclt term\u00e9szetesen glut\u00e9nmentes \u00f6sszetev\u0151ket, azzal a kieg\u00e9sz\u00edt\u00e9ssel, a friss toj\u00e1s, a m\u00e9z \u00e9s a hagyom\u00e1nyos m\u00e9zeskal\u00e1cs f\u0171szerek. Nem tartalmaznak tejet vagy lakt\u00f3zt. Csomagol\u00e1s : 150 g Term\u00e9k inform\u00e1ci\u00f3<br \/>\n\u00d6sszetev\u0151k: kukoricakem\u00e9ny\u00edt\u0151, cukor, rizsliszt, n\u00f6venyzs\u00edr (p\u00e1lma, repce), kukoricaliszt, gluk\u00f3zszirup, <strong>sz\u00e1r\u00edtott toj\u00e1spor<\/strong>, <strong>friss toj\u00e1s<\/strong>, <strong>sz\u00f3jaliszt<\/strong>, m\u00e9z, cukor etylvanilinnal, m\u00e9zeskal\u00e1cs f\u0171szer, t\u00e9rfogatn\u00f6vel\u0151szerek: din\u00e1trium-dihidrog\u00e9n-difoszf\u00e1t \u00e9s n\u00e1trium-hidrog\u00e9n-karbon\u00e1t, s\u00f3, emulge\u00e1l\u00f3szer: <strong>sz\u00f3jalecitin<\/strong>.<br \/>\n\u00c1tlagos t\u00e1p\u00e9rt\u00e9k 100 g term\u00e9kben: <strong>Energiatartalom:<\/strong> 1968 kJ, 470,5 kcal; <strong>Zs\u00edr<\/strong> 17,3 ebb\u0151l tel\u00edtett zs\u00edrsavak 4,1 g; <strong>Sz\u00e9nhidr\u00e1t<\/strong> 74,2 g ebb\u0151l cukor 28,3 g; <strong>\u00c9lelmi rost<\/strong> 1,3 g; <strong>Feh\u00e9rje<\/strong> 4,5 g; <strong>S\u00f3<\/strong> 0,87 g;<\/p>\n","protected":false},"excerpt":{"rendered":"<p>Glut\u00e9nmentes kekszek \u00faj sorozat &#8211; a hagyom\u00e1nyos m\u00e9zeskal\u00e1cs \u00edz\u0171, ropog\u00f3s \u00e9s puha kekszet \u00e9s vonz\u00f3 alak. K\u00e9sz\u00fclt term\u00e9szetesen glut\u00e9nmentes \u00f6sszetev\u0151ket, azzal a kieg\u00e9sz\u00edt\u00e9ssel, a friss toj\u00e1s, a m\u00e9z \u00e9s a hagyom\u00e1nyos m\u00e9zeskal\u00e1cs f\u0171szerek. Nem tartalmaznak tejet vagy lakt\u00f3zt<\/p>\n","protected":false},"featured_media":917,"comment_status":"closed","ping_status":"closed","template":"","meta":[],"yoast_head":"<!-- This site is optimized with the Yoast SEO plugin v15.7 - https:\/\/yoast.com\/wordpress\/plugins\/seo\/ -->\n<title>PERMONKY-glut\u00e9nmentes m\u00e9zeskal\u00e1cs kekszek - Novalim<\/title>\n<meta name=\"robots\" content=\"index, follow, max-snippet:-1, max-image-preview:large, max-video-preview:-1\" \/>\n<link rel=\"canonical\" href=\"https:\/\/novalimglutenfree.com\/hu\/obchod\/kekszek-csemegek-inyenc-falatokhu\/glutenmentes-kekszek-hu\/permonky-glutenmentes-mezeskalacs-kekszek\/\" \/>\n<meta property=\"og:locale\" content=\"hu_HU\" \/>\n<meta property=\"og:type\" content=\"article\" \/>\n<meta property=\"og:title\" content=\"PERMONKY-glut\u00e9nmentes m\u00e9zeskal\u00e1cs kekszek - Novalim\" \/>\n<meta property=\"og:description\" content=\"Glut\u00e9nmentes kekszek \u00faj sorozat - a hagyom\u00e1nyos m\u00e9zeskal\u00e1cs \u00edz\u0171, ropog\u00f3s \u00e9s puha kekszet \u00e9s vonz\u00f3 alak. K\u00e9sz\u00fclt term\u00e9szetesen glut\u00e9nmentes \u00f6sszetev\u0151ket, azzal a kieg\u00e9sz\u00edt\u00e9ssel, a friss toj\u00e1s, a m\u00e9z \u00e9s a hagyom\u00e1nyos m\u00e9zeskal\u00e1cs f\u0171szerek. Nem tartalmaznak tejet vagy lakt\u00f3zt\" \/>\n<meta property=\"og:url\" content=\"https:\/\/novalimglutenfree.com\/hu\/obchod\/kekszek-csemegek-inyenc-falatokhu\/glutenmentes-kekszek-hu\/permonky-glutenmentes-mezeskalacs-kekszek\/\" \/>\n<meta property=\"og:site_name\" content=\"Novalim\" \/>\n<meta property=\"article:modified_time\" content=\"2019-06-02T12:44:33+00:00\" \/>\n<meta property=\"og:image\" content=\"https:\/\/www.novalimglutenfree.com\/wp-content\/uploads\/2016\/05\/Permonky.jpg\" \/>\n\t<meta property=\"og:image:width\" content=\"413\" \/>\n\t<meta property=\"og:image:height\" content=\"618\" \/>\n<meta name=\"twitter:card\" content=\"summary\" \/>\n<meta name=\"twitter:label1\" content=\"Becs\u00fclt olvas\u00e1si id\u0151\">\n\t<meta name=\"twitter:data1\" content=\"1 perc\">\n<script type=\"application\/ld+json\" class=\"yoast-schema-graph\">{\"@context\":\"https:\/\/schema.org\",\"@graph\":[{\"@type\":\"WebSite\",\"@id\":\"https:\/\/www.novalimglutenfree.com\/de\/#website\",\"url\":\"https:\/\/www.novalimglutenfree.com\/de\/\",\"name\":\"Novalim\",\"description\":\"Bezlepkov\\u00e9 potraviny, bezlepkov\\u00e9 recepty, celiakia, PKU\",\"potentialAction\":[{\"@type\":\"SearchAction\",\"target\":\"https:\/\/www.novalimglutenfree.com\/de\/?s={search_term_string}\",\"query-input\":\"required name=search_term_string\"}],\"inLanguage\":\"hu\"},{\"@type\":\"ImageObject\",\"@id\":\"https:\/\/novalimglutenfree.com\/hu\/obchod\/kekszek-csemegek-inyenc-falatokhu\/glutenmentes-kekszek-hu\/permonky-glutenmentes-mezeskalacs-kekszek\/#primaryimage\",\"inLanguage\":\"hu\",\"url\":\"https:\/\/www.novalimglutenfree.com\/wp-content\/uploads\/2016\/05\/Permonky.jpg\",\"width\":413,\"height\":618},{\"@type\":\"WebPage\",\"@id\":\"https:\/\/novalimglutenfree.com\/hu\/obchod\/kekszek-csemegek-inyenc-falatokhu\/glutenmentes-kekszek-hu\/permonky-glutenmentes-mezeskalacs-kekszek\/#webpage\",\"url\":\"https:\/\/novalimglutenfree.com\/hu\/obchod\/kekszek-csemegek-inyenc-falatokhu\/glutenmentes-kekszek-hu\/permonky-glutenmentes-mezeskalacs-kekszek\/\",\"name\":\"PERMONKY-glut\\u00e9nmentes m\\u00e9zeskal\\u00e1cs kekszek - Novalim\",\"isPartOf\":{\"@id\":\"https:\/\/www.novalimglutenfree.com\/de\/#website\"},\"primaryImageOfPage\":{\"@id\":\"https:\/\/novalimglutenfree.com\/hu\/obchod\/kekszek-csemegek-inyenc-falatokhu\/glutenmentes-kekszek-hu\/permonky-glutenmentes-mezeskalacs-kekszek\/#primaryimage\"},\"datePublished\":\"2016-05-06T07:41:13+00:00\",\"dateModified\":\"2019-06-02T12:44:33+00:00\",\"inLanguage\":\"hu\",\"potentialAction\":[{\"@type\":\"ReadAction\",\"target\":[\"https:\/\/novalimglutenfree.com\/hu\/obchod\/kekszek-csemegek-inyenc-falatokhu\/glutenmentes-kekszek-hu\/permonky-glutenmentes-mezeskalacs-kekszek\/\"]}]}]}<\/script>\n<!-- \/ Yoast SEO plugin. -->","_links":{"self":[{"href":"https:\/\/www.novalimglutenfree.com\/hu\/wp-json\/wp\/v2\/product\/1998"}],"collection":[{"href":"https:\/\/www.novalimglutenfree.com\/hu\/wp-json\/wp\/v2\/product"}],"about":[{"href":"https:\/\/www.novalimglutenfree.com\/hu\/wp-json\/wp\/v2\/types\/product"}],"replies":[{"embeddable":true,"href":"https:\/\/www.novalimglutenfree.com\/hu\/wp-json\/wp\/v2\/comments?post=1998"}],"version-history":[{"count":0,"href":"https:\/\/www.novalimglutenfree.com\/hu\/wp-json\/wp\/v2\/product\/1998\/revisions"}],"wp:featuredmedia":[{"embeddable":true,"href":"https:\/\/www.novalimglutenfree.com\/hu\/wp-json\/wp\/v2\/media\/917"}],"wp:attachment":[{"href":"https:\/\/www.novalimglutenfree.com\/hu\/wp-json\/wp\/v2\/media?parent=1998"}],"curies":[{"name":"wp","href":"https:\/\/api.w.org\/{rel}","templated":true}]}}