{"id":1865,"date":"2016-05-06T09:40:34","date_gmt":"2016-05-06T07:40:34","guid":{"rendered":"http:\/\/novalimglutenfree.com\/hu\/obchod\/bezlepkova-struhanka-pecivova\/"},"modified":"2023-03-31T14:01:57","modified_gmt":"2023-03-31T12:01:57","slug":"glutenmentes-zsemlemorzsa","status":"publish","type":"product","link":"https:\/\/www.novalimglutenfree.com\/hu\/obchod\/liszt-hu\/glutenmentes-liszt-keszitmenyek-hu\/glutenmentes-zsemlemorzsa\/","title":{"rendered":"Glut\u00e9nmentes ZSEMLEMORZSA"},"content":{"rendered":"<p>Glut\u00e9nmentes PR\u00c9ZLI \u2013 finom pr\u00e9zli kelt glut\u00e9nmentes p\u00e9ks\u00fctem\u00e9nyb\u0151l, alkalmas szeletek, sajt, z\u00f6lds\u00e9g \u00e9s hasonl\u00f3k bevon\u00e1s\u00e1ra.<\/p>\n<p>Csomagol\u00e1s: 350g<\/p>\n<p>Term\u00e9k inform\u00e1ci\u00f3:<\/p>\n<p>Hozz\u00e1val\u00f3k:<br \/>\n burgonyakem\u00e9ny\u00edt\u0151, kukoricakem\u00e9ny\u00edt\u0151, rizsliszt, m\u00f3dos\u00edtott kukoricakem\u00e9ny\u00edt\u0151, sz\u00f3jaliszt, sz\u00f3jaolaj, guar liszt, E412, emulge\u00e1l\u00f3szer E471, s\u0171r\u00edt\u0151 E466, \u00e9leszt\u0151, cukor, s\u00f3, ecet<br \/>\n100 g term\u00e9k tartalmaz \u00e1tlagban:<br \/>\n 2,0 g feh\u00e9rje, 82,5 g sz\u00e9nhidr\u00e1t \u00e9s 4,5 gramm zs\u00edrt<\/p>\n<p>Energia:<br \/>\n 1618 kJ, 386,8 kcal<\/p>\n","protected":false},"excerpt":{"rendered":"<p> finom pr\u00e9zli kelt glut\u00e9nmentes p\u00e9ks\u00fctem\u00e9nyb\u0151l, alkalmas szeletek, sajt, z\u00f6lds\u00e9g \u00e9s hasonl\u00f3k bevon\u00e1s\u00e1ra.<\/p>\n","protected":false},"featured_media":11104,"comment_status":"closed","ping_status":"closed","template":"","meta":[],"yoast_head":"<!-- This site is optimized with the Yoast SEO plugin v15.7 - https:\/\/yoast.com\/wordpress\/plugins\/seo\/ -->\n<title>Glut\u00e9nmentes ZSEMLEMORZSA - Novalim<\/title>\n<meta name=\"robots\" content=\"index, follow, max-snippet:-1, max-image-preview:large, max-video-preview:-1\" \/>\n<link rel=\"canonical\" href=\"https:\/\/novalimglutenfree.com\/hu\/obchod\/liszt-hu\/glutenmentes-liszt-keszitmenyek-hu\/glutenmentes-zsemlemorzsa\/\" \/>\n<meta property=\"og:locale\" content=\"hu_HU\" \/>\n<meta property=\"og:type\" content=\"article\" \/>\n<meta property=\"og:title\" content=\"Glut\u00e9nmentes ZSEMLEMORZSA - Novalim\" \/>\n<meta property=\"og:description\" content=\"finom pr\u00e9zli kelt glut\u00e9nmentes p\u00e9ks\u00fctem\u00e9nyb\u0151l, alkalmas szeletek, sajt, z\u00f6lds\u00e9g \u00e9s hasonl\u00f3k bevon\u00e1s\u00e1ra.\" \/>\n<meta property=\"og:url\" content=\"https:\/\/novalimglutenfree.com\/hu\/obchod\/liszt-hu\/glutenmentes-liszt-keszitmenyek-hu\/glutenmentes-zsemlemorzsa\/\" \/>\n<meta property=\"og:site_name\" content=\"Novalim\" \/>\n<meta property=\"article:modified_time\" content=\"2023-03-31T12:01:57+00:00\" \/>\n<meta property=\"og:image\" content=\"https:\/\/www.novalimglutenfree.com\/wp-content\/uploads\/2016\/05\/Struhanka_m.png\" \/>\n\t<meta property=\"og:image:width\" content=\"603\" \/>\n\t<meta property=\"og:image:height\" content=\"796\" \/>\n<meta name=\"twitter:card\" content=\"summary\" \/>\n<script type=\"application\/ld+json\" class=\"yoast-schema-graph\">{\"@context\":\"https:\/\/schema.org\",\"@graph\":[{\"@type\":\"WebSite\",\"@id\":\"https:\/\/www.novalimglutenfree.com\/de\/#website\",\"url\":\"https:\/\/www.novalimglutenfree.com\/de\/\",\"name\":\"Novalim\",\"description\":\"Bezlepkov\\u00e9 potraviny, bezlepkov\\u00e9 recepty, celiakia, PKU\",\"potentialAction\":[{\"@type\":\"SearchAction\",\"target\":\"https:\/\/www.novalimglutenfree.com\/de\/?s={search_term_string}\",\"query-input\":\"required name=search_term_string\"}],\"inLanguage\":\"hu\"},{\"@type\":\"ImageObject\",\"@id\":\"https:\/\/novalimglutenfree.com\/hu\/obchod\/liszt-hu\/glutenmentes-liszt-keszitmenyek-hu\/glutenmentes-zsemlemorzsa\/#primaryimage\",\"inLanguage\":\"hu\",\"url\":\"https:\/\/www.novalimglutenfree.com\/wp-content\/uploads\/2016\/05\/Struhanka_m.png\",\"width\":603,\"height\":796},{\"@type\":\"WebPage\",\"@id\":\"https:\/\/novalimglutenfree.com\/hu\/obchod\/liszt-hu\/glutenmentes-liszt-keszitmenyek-hu\/glutenmentes-zsemlemorzsa\/#webpage\",\"url\":\"https:\/\/novalimglutenfree.com\/hu\/obchod\/liszt-hu\/glutenmentes-liszt-keszitmenyek-hu\/glutenmentes-zsemlemorzsa\/\",\"name\":\"Glut\\u00e9nmentes ZSEMLEMORZSA - Novalim\",\"isPartOf\":{\"@id\":\"https:\/\/www.novalimglutenfree.com\/de\/#website\"},\"primaryImageOfPage\":{\"@id\":\"https:\/\/novalimglutenfree.com\/hu\/obchod\/liszt-hu\/glutenmentes-liszt-keszitmenyek-hu\/glutenmentes-zsemlemorzsa\/#primaryimage\"},\"datePublished\":\"2016-05-06T07:40:34+00:00\",\"dateModified\":\"2023-03-31T12:01:57+00:00\",\"inLanguage\":\"hu\",\"potentialAction\":[{\"@type\":\"ReadAction\",\"target\":[\"https:\/\/novalimglutenfree.com\/hu\/obchod\/liszt-hu\/glutenmentes-liszt-keszitmenyek-hu\/glutenmentes-zsemlemorzsa\/\"]}]}]}<\/script>\n<!-- \/ Yoast SEO plugin. -->","_links":{"self":[{"href":"https:\/\/www.novalimglutenfree.com\/hu\/wp-json\/wp\/v2\/product\/1865"}],"collection":[{"href":"https:\/\/www.novalimglutenfree.com\/hu\/wp-json\/wp\/v2\/product"}],"about":[{"href":"https:\/\/www.novalimglutenfree.com\/hu\/wp-json\/wp\/v2\/types\/product"}],"replies":[{"embeddable":true,"href":"https:\/\/www.novalimglutenfree.com\/hu\/wp-json\/wp\/v2\/comments?post=1865"}],"version-history":[{"count":0,"href":"https:\/\/www.novalimglutenfree.com\/hu\/wp-json\/wp\/v2\/product\/1865\/revisions"}],"wp:featuredmedia":[{"embeddable":true,"href":"https:\/\/www.novalimglutenfree.com\/hu\/wp-json\/wp\/v2\/media\/11104"}],"wp:attachment":[{"href":"https:\/\/www.novalimglutenfree.com\/hu\/wp-json\/wp\/v2\/media?parent=1865"}],"curies":[{"name":"wp","href":"https:\/\/api.w.org\/{rel}","templated":true}]}}