{"id":1845,"date":"2016-05-06T09:40:34","date_gmt":"2016-05-06T07:40:34","guid":{"rendered":"http:\/\/novalimglutenfree.com\/hu\/obchod\/bezlepkove-palacinky-v-pra%c2%9aku\/"},"modified":"2024-01-26T14:37:24","modified_gmt":"2024-01-26T12:37:24","slug":"palacsintak-poralakban","status":"publish","type":"product","link":"https:\/\/www.novalimglutenfree.com\/hu\/obchod\/liszt-hu\/glutenmentes-liszt-keszitmenyek-hu\/palacsintak-poralakban\/","title":{"rendered":"Glut\u00e9nmentes PALACSINT\u00c1K poralakban"},"content":{"rendered":"<p><strong>Glut\u00e9nmentes PALACSINT\u00c1K poralakban<\/strong> &#8211; ide\u00e1lis komplex kever\u00e9k palacsint\u00e1k k\u00e9sz\u00edt\u00e9s\u00e9re. Nem tartalmaz tejfeh\u00e9rj\u00e9ket sem lakt\u00f3zt. Egyszer\u0171 k\u00e9sz\u00edt\u00e9s v\u00edzzel val\u00f3 elkever\u00e9s ut\u00e1n. A t\u00e9szt\u00e1ba betehet\u00fcnk egy kan\u00e1l \u00e9tolajat, \u00e9s j\u00f3l elkeverj\u00fck. A t\u00e9szt\u00e1t legal\u00e1bb 10 percig \u00e1llni hagyjuk, hogy j\u00f3l megkeljen.<\/p>\n<p><strong>Csomagol\u00e1s<\/strong>: 250 g Term\u00e9k inform\u00e1ci\u00f3: Hozz\u00e1val\u00f3k: kukoricakem\u00e9ny\u00edt\u0151, kukoricaliszt, rizsliszt, m\u00f3dos\u00edtott kukoricakem\u00e9ny\u00edt\u0151, cukor, toj\u00e1spor, sz\u00f3jaliszt<\/p>\n<p><strong>100 g term\u00e9k \u00e1tlagosan tartalmaz<\/strong>: 4,8 g feh\u00e9rje, 87,0 g, charidov \u00e9s 1,8 gramm zs\u00edrt<\/p>\n<p><strong>Energia<\/strong>: 1572 kJ, 376 kcal<\/p>\n","protected":false},"excerpt":{"rendered":"<p>ide\u00e1lis komplex kever\u00e9k palacsint\u00e1k k\u00e9sz\u00edt\u00e9s\u00e9re. Nem tartalmaz tejfeh\u00e9rj\u00e9ket sem lakt\u00f3zt.<\/p>\n","protected":false},"featured_media":11089,"comment_status":"closed","ping_status":"closed","template":"","meta":[],"yoast_head":"<!-- This site is optimized with the Yoast SEO plugin v15.7 - https:\/\/yoast.com\/wordpress\/plugins\/seo\/ -->\n<title>Glut\u00e9nmentes PALACSINT\u00c1K poralakban - Novalim<\/title>\n<meta name=\"robots\" content=\"index, follow, max-snippet:-1, max-image-preview:large, max-video-preview:-1\" \/>\n<link rel=\"canonical\" href=\"https:\/\/novalimglutenfree.com\/hu\/obchod\/liszt-hu\/glutenmentes-liszt-keszitmenyek-hu\/palacsintak-poralakban\/\" \/>\n<meta property=\"og:locale\" content=\"hu_HU\" \/>\n<meta property=\"og:type\" content=\"article\" \/>\n<meta property=\"og:title\" content=\"Glut\u00e9nmentes PALACSINT\u00c1K poralakban - Novalim\" \/>\n<meta property=\"og:description\" content=\"ide\u00e1lis komplex kever\u00e9k palacsint\u00e1k k\u00e9sz\u00edt\u00e9s\u00e9re. Nem tartalmaz tejfeh\u00e9rj\u00e9ket sem lakt\u00f3zt.\" \/>\n<meta property=\"og:url\" content=\"https:\/\/novalimglutenfree.com\/hu\/obchod\/liszt-hu\/glutenmentes-liszt-keszitmenyek-hu\/palacsintak-poralakban\/\" \/>\n<meta property=\"og:site_name\" content=\"Novalim\" \/>\n<meta property=\"article:modified_time\" content=\"2024-01-26T12:37:24+00:00\" \/>\n<meta property=\"og:image\" content=\"https:\/\/www.novalimglutenfree.com\/wp-content\/uploads\/2016\/05\/Palacinky_m.png\" \/>\n\t<meta property=\"og:image:width\" content=\"603\" \/>\n\t<meta property=\"og:image:height\" content=\"796\" \/>\n<meta name=\"twitter:card\" content=\"summary\" \/>\n<meta name=\"twitter:label1\" content=\"Becs\u00fclt olvas\u00e1si id\u0151\">\n\t<meta name=\"twitter:data1\" content=\"1 perc\">\n<script type=\"application\/ld+json\" class=\"yoast-schema-graph\">{\"@context\":\"https:\/\/schema.org\",\"@graph\":[{\"@type\":\"WebSite\",\"@id\":\"https:\/\/www.novalimglutenfree.com\/de\/#website\",\"url\":\"https:\/\/www.novalimglutenfree.com\/de\/\",\"name\":\"Novalim\",\"description\":\"Bezlepkov\\u00e9 potraviny, bezlepkov\\u00e9 recepty, celiakia, PKU\",\"potentialAction\":[{\"@type\":\"SearchAction\",\"target\":\"https:\/\/www.novalimglutenfree.com\/de\/?s={search_term_string}\",\"query-input\":\"required name=search_term_string\"}],\"inLanguage\":\"hu\"},{\"@type\":\"ImageObject\",\"@id\":\"https:\/\/novalimglutenfree.com\/hu\/obchod\/liszt-hu\/glutenmentes-liszt-keszitmenyek-hu\/palacsintak-poralakban\/#primaryimage\",\"inLanguage\":\"hu\",\"url\":\"https:\/\/www.novalimglutenfree.com\/wp-content\/uploads\/2016\/05\/Palacinky_m.png\",\"width\":603,\"height\":796},{\"@type\":\"WebPage\",\"@id\":\"https:\/\/novalimglutenfree.com\/hu\/obchod\/liszt-hu\/glutenmentes-liszt-keszitmenyek-hu\/palacsintak-poralakban\/#webpage\",\"url\":\"https:\/\/novalimglutenfree.com\/hu\/obchod\/liszt-hu\/glutenmentes-liszt-keszitmenyek-hu\/palacsintak-poralakban\/\",\"name\":\"Glut\\u00e9nmentes PALACSINT\\u00c1K poralakban - Novalim\",\"isPartOf\":{\"@id\":\"https:\/\/www.novalimglutenfree.com\/de\/#website\"},\"primaryImageOfPage\":{\"@id\":\"https:\/\/novalimglutenfree.com\/hu\/obchod\/liszt-hu\/glutenmentes-liszt-keszitmenyek-hu\/palacsintak-poralakban\/#primaryimage\"},\"datePublished\":\"2016-05-06T07:40:34+00:00\",\"dateModified\":\"2024-01-26T12:37:24+00:00\",\"inLanguage\":\"hu\",\"potentialAction\":[{\"@type\":\"ReadAction\",\"target\":[\"https:\/\/novalimglutenfree.com\/hu\/obchod\/liszt-hu\/glutenmentes-liszt-keszitmenyek-hu\/palacsintak-poralakban\/\"]}]}]}<\/script>\n<!-- \/ Yoast SEO plugin. -->","_links":{"self":[{"href":"https:\/\/www.novalimglutenfree.com\/hu\/wp-json\/wp\/v2\/product\/1845"}],"collection":[{"href":"https:\/\/www.novalimglutenfree.com\/hu\/wp-json\/wp\/v2\/product"}],"about":[{"href":"https:\/\/www.novalimglutenfree.com\/hu\/wp-json\/wp\/v2\/types\/product"}],"replies":[{"embeddable":true,"href":"https:\/\/www.novalimglutenfree.com\/hu\/wp-json\/wp\/v2\/comments?post=1845"}],"version-history":[{"count":0,"href":"https:\/\/www.novalimglutenfree.com\/hu\/wp-json\/wp\/v2\/product\/1845\/revisions"}],"wp:featuredmedia":[{"embeddable":true,"href":"https:\/\/www.novalimglutenfree.com\/hu\/wp-json\/wp\/v2\/media\/11089"}],"wp:attachment":[{"href":"https:\/\/www.novalimglutenfree.com\/hu\/wp-json\/wp\/v2\/media?parent=1845"}],"curies":[{"name":"wp","href":"https:\/\/api.w.org\/{rel}","templated":true}]}}