{"id":1841,"date":"2016-05-06T09:40:34","date_gmt":"2016-05-06T07:40:34","guid":{"rendered":"http:\/\/novalimglutenfree.com\/hu\/obchod\/bezlepkova-babovka-v-pra%c2%9aku\/"},"modified":"2024-01-26T14:37:23","modified_gmt":"2024-01-26T12:37:23","slug":"glutenmentes-kuglof-lisztkeverek","status":"publish","type":"product","link":"https:\/\/www.novalimglutenfree.com\/hu\/obchod\/liszt-hu\/glutenmentes-liszt-keszitmenyek-hu\/glutenmentes-kuglof-lisztkeverek\/","title":{"rendered":"Glut\u00e9nmentes KUGL\u00d3F lisztkever\u00e9k"},"content":{"rendered":"<p><strong>Glut\u00e9nmentes KUGL\u00d3F lisztkever\u00e9k<\/strong> \u2013 hagyom\u00e1nyos, van\u00edli\u00e1s mell\u00e9k\u00edzzel. Egyszer\u0171 elk\u00e9sz\u00edt\u00e9s \u2013 el\u00e9g hozz\u00e1adni toj\u00e1st \u00e9s \u00e9tolajat. Elk\u00e9sz\u00edt\u00e9s: A nyersanyagokat (lisztkever\u00e9ket, friss toj\u00e1sokat, \u00e9tolajat) \u00f6sszekeverj\u00fck \u00e9s felverj\u00fck sima anyagg\u00e1. Betessz\u00fck a form\u00e1ba \u00e9s megs\u00fctj\u00fck. V\u00e9glegesen : Az \u00e9tolajat fokozatosan belekeverj\u00fck a toj\u00e1ss\u00e1rg\u00e1j\u00e1ba homog\u00e9n anyagg\u00e1, hozz\u00e1keverj\u00fck a lisztkever\u00e9ket \u00e9s k\u00f6nnyed\u00e9n belekeverj\u00fck a toj\u00e1sfeh\u00e9rje habot. Betessz\u00fck a form\u00e1ba \u00e9s megs\u00fctj\u00fck.<\/p>\n<p><strong>Csomagol\u00e1s<\/strong>. 250 g<\/p>\n<p><strong> INFORM\u00c1CI\u00d3K A TERM\u00c9KR\u0150L \u00d6sszet\u00e9tel<\/strong>: cukor, burgonyakem\u00e9ny\u00edt\u0151, kukoricakem\u00e9ny\u00edt\u0151, sz\u00f3jaliszt, m\u00f3dos\u00edtott kukoricakem\u00e9ny\u00edt\u0151, burgonyaliszt, s\u00f3, van\u00edli\u00e1s cukor, emulg\u00e1l\u00f3szer E471, laz\u00edt\u00f3k E450, \u00e9s E500<\/p>\n<p><strong>100 g term\u00e9k \u00e1tlagosan tartalmaz<\/strong>: 0,7 g feh\u00e9rj\u00e9t, 88,8 g sz\u00e9nhidr\u00e1tot \u00e9s 1,0 g zs\u00edrt.<\/p>\n<p><strong>Enegia\u00e9rt\u00e9k<\/strong>: 1572 kJ; 376 kcal<\/p>\n","protected":false},"excerpt":{"rendered":"<p>hagyom\u00e1nyos, van\u00edli\u00e1s mell\u00e9k\u00edzzel. Egyszer\u0171 elk\u00e9sz\u00edt\u00e9s \u2013 el\u00e9g hozz\u00e1adni toj\u00e1st \u00e9s \u00e9tolajat.<\/p>\n","protected":false},"featured_media":11084,"comment_status":"closed","ping_status":"closed","template":"","meta":[],"yoast_head":"<!-- This site is optimized with the Yoast SEO plugin v15.7 - https:\/\/yoast.com\/wordpress\/plugins\/seo\/ -->\n<title>Glut\u00e9nmentes KUGL\u00d3F lisztkever\u00e9k - Novalim<\/title>\n<meta name=\"robots\" content=\"index, follow, max-snippet:-1, max-image-preview:large, max-video-preview:-1\" \/>\n<link rel=\"canonical\" href=\"https:\/\/www.novalimglutenfree.com\/hu\/obchod\/liszt-hu\/glutenmentes-liszt-keszitmenyek-hu\/glutenmentes-kuglof-lisztkeverek\/\" \/>\n<meta property=\"og:locale\" content=\"hu_HU\" \/>\n<meta property=\"og:type\" content=\"article\" \/>\n<meta property=\"og:title\" content=\"Glut\u00e9nmentes KUGL\u00d3F lisztkever\u00e9k - Novalim\" \/>\n<meta property=\"og:description\" content=\"hagyom\u00e1nyos, van\u00edli\u00e1s mell\u00e9k\u00edzzel. Egyszer\u0171 elk\u00e9sz\u00edt\u00e9s \u2013 el\u00e9g hozz\u00e1adni toj\u00e1st \u00e9s \u00e9tolajat.\" \/>\n<meta property=\"og:url\" content=\"https:\/\/www.novalimglutenfree.com\/hu\/obchod\/liszt-hu\/glutenmentes-liszt-keszitmenyek-hu\/glutenmentes-kuglof-lisztkeverek\/\" \/>\n<meta property=\"og:site_name\" content=\"Novalim\" \/>\n<meta property=\"article:modified_time\" content=\"2024-01-26T12:37:23+00:00\" \/>\n<meta property=\"og:image\" content=\"https:\/\/www.novalimglutenfree.com\/wp-content\/uploads\/2016\/05\/Babovka_m-1.png\" \/>\n\t<meta property=\"og:image:width\" content=\"603\" \/>\n\t<meta property=\"og:image:height\" content=\"796\" \/>\n<meta name=\"twitter:card\" content=\"summary\" \/>\n<meta name=\"twitter:label1\" content=\"Becs\u00fclt olvas\u00e1si id\u0151\">\n\t<meta name=\"twitter:data1\" content=\"1 perc\">\n<script type=\"application\/ld+json\" class=\"yoast-schema-graph\">{\"@context\":\"https:\/\/schema.org\",\"@graph\":[{\"@type\":\"WebSite\",\"@id\":\"https:\/\/www.novalimglutenfree.com\/de\/#website\",\"url\":\"https:\/\/www.novalimglutenfree.com\/de\/\",\"name\":\"Novalim\",\"description\":\"Bezlepkov\\u00e9 potraviny, bezlepkov\\u00e9 recepty, celiakia, PKU\",\"potentialAction\":[{\"@type\":\"SearchAction\",\"target\":\"https:\/\/www.novalimglutenfree.com\/de\/?s={search_term_string}\",\"query-input\":\"required name=search_term_string\"}],\"inLanguage\":\"hu\"},{\"@type\":\"ImageObject\",\"@id\":\"https:\/\/www.novalimglutenfree.com\/hu\/obchod\/liszt-hu\/glutenmentes-liszt-keszitmenyek-hu\/glutenmentes-kuglof-lisztkeverek\/#primaryimage\",\"inLanguage\":\"hu\",\"url\":\"https:\/\/www.novalimglutenfree.com\/wp-content\/uploads\/2016\/05\/Babovka_m-1.png\",\"width\":603,\"height\":796},{\"@type\":\"WebPage\",\"@id\":\"https:\/\/www.novalimglutenfree.com\/hu\/obchod\/liszt-hu\/glutenmentes-liszt-keszitmenyek-hu\/glutenmentes-kuglof-lisztkeverek\/#webpage\",\"url\":\"https:\/\/www.novalimglutenfree.com\/hu\/obchod\/liszt-hu\/glutenmentes-liszt-keszitmenyek-hu\/glutenmentes-kuglof-lisztkeverek\/\",\"name\":\"Glut\\u00e9nmentes KUGL\\u00d3F lisztkever\\u00e9k - Novalim\",\"isPartOf\":{\"@id\":\"https:\/\/www.novalimglutenfree.com\/de\/#website\"},\"primaryImageOfPage\":{\"@id\":\"https:\/\/www.novalimglutenfree.com\/hu\/obchod\/liszt-hu\/glutenmentes-liszt-keszitmenyek-hu\/glutenmentes-kuglof-lisztkeverek\/#primaryimage\"},\"datePublished\":\"2016-05-06T07:40:34+00:00\",\"dateModified\":\"2024-01-26T12:37:23+00:00\",\"inLanguage\":\"hu\",\"potentialAction\":[{\"@type\":\"ReadAction\",\"target\":[\"https:\/\/www.novalimglutenfree.com\/hu\/obchod\/liszt-hu\/glutenmentes-liszt-keszitmenyek-hu\/glutenmentes-kuglof-lisztkeverek\/\"]}]}]}<\/script>\n<!-- \/ Yoast SEO plugin. -->","_links":{"self":[{"href":"https:\/\/www.novalimglutenfree.com\/hu\/wp-json\/wp\/v2\/product\/1841"}],"collection":[{"href":"https:\/\/www.novalimglutenfree.com\/hu\/wp-json\/wp\/v2\/product"}],"about":[{"href":"https:\/\/www.novalimglutenfree.com\/hu\/wp-json\/wp\/v2\/types\/product"}],"replies":[{"embeddable":true,"href":"https:\/\/www.novalimglutenfree.com\/hu\/wp-json\/wp\/v2\/comments?post=1841"}],"version-history":[{"count":0,"href":"https:\/\/www.novalimglutenfree.com\/hu\/wp-json\/wp\/v2\/product\/1841\/revisions"}],"wp:featuredmedia":[{"embeddable":true,"href":"https:\/\/www.novalimglutenfree.com\/hu\/wp-json\/wp\/v2\/media\/11084"}],"wp:attachment":[{"href":"https:\/\/www.novalimglutenfree.com\/hu\/wp-json\/wp\/v2\/media?parent=1841"}],"curies":[{"name":"wp","href":"https:\/\/api.w.org\/{rel}","templated":true}]}}