{"id":1837,"date":"2016-05-06T09:41:13","date_gmt":"2016-05-06T07:41:13","guid":{"rendered":"http:\/\/novalimglutenfree.com\/hu\/obchod\/promix-beta-racionalna-mineralizovana-bezglutenova-muka\/"},"modified":"2023-03-31T14:01:56","modified_gmt":"2023-03-31T12:01:56","slug":"promix-beta-racionalis-asvynyianyag-tartalmu-glutenmentes-liszt","status":"publish","type":"product","link":"https:\/\/www.novalimglutenfree.com\/hu\/obchod\/liszt-hu\/glutenmentes-lisztkeverekek-hu\/promix-beta-racionalis-asvynyianyag-tartalmu-glutenmentes-liszt\/","title":{"rendered":"PROMIX-Beta, racion\u00e1lis \u00e1sv\u00fdnyianyag-tartalm\u00fa glut\u00e9nmentes Liszt"},"content":{"rendered":"<p>V\u0161estrann\u00e1 bezglut\u00e9nov\u00e1 m\u00faka vhodn\u00e1 na pr\u00edpravu pek\u00e1rskych a cukr\u00e1rskych v\u00fdrobkov. Zvl\u00e1\u0161\u0165 vhodn\u00e1 na pr\u00edpravu kypr\u00e9ho pe\u010diva a chleba, nekysnut\u00fdch \u0165ahan\u00fdch z\u00e1vinov (\u0161tr\u00fadla) a l\u00edstkov\u00e9ho pe\u010diva.<\/p>\n<p><strong>Inform\u00e1cia o produkte:<\/strong><\/p>\n<p>Zlo\u017eenie: kukuri\u010dn\u00fd \u0161krob, ry\u017eov\u00e1 m\u00faka, poh\u00e1nkov\u00e1 m\u00faka, hrachov\u00e1 bielkovina, zemiakov\u00e1 m\u00faka, rastlinn\u00e1 vl\u00e1knina (jablkov\u00e1,psyllium, citrusov\u00e1),zahus\u0165ovadlo : hydroxypropylmetylcelul\u00f3za, dextr\u00f3za, miner\u00e1lny komplex z morsk\u00fdch rias .<\/p>\n<p><strong>100 g v\u00fdrobku priemerne obsahuje:<\/strong><br \/>\n4,6 g bielkov\u00edn; 85,0 g sacharidov; 0,5 g tuku; 5,5g vl\u00e1kniny<\/p>\n<p>120 mg v\u00e1pnika; 8 mg hor\u010d\u00edka a 72 stopov\u00fdch prvkov<\/p>\n<p><strong>Energetick\u00e1 hodnota:<\/strong><br \/>\n1534 kJ; 367 kcal<\/p>\n","protected":false},"excerpt":{"rendered":"<p>V\u0161estrann\u00e1 bezglut\u00e9nov\u00e1 m\u00faka vhodn\u00e1 na pr\u00edpravu pek\u00e1rskych a cukr\u00e1rskych v\u00fdrobkov. Zvl\u00e1\u0161\u0165 vhodn\u00e1 na pr\u00edpravu kypr\u00e9ho pe\u010diva a chleba, nekysnut\u00fdch \u0165ahan\u00fdch z\u00e1vinov (\u0161tr\u00fadla) a l\u00edstkov\u00e9ho pe\u010diva.\u010diva.<\/p>\n","protected":false},"featured_media":1002,"comment_status":"closed","ping_status":"closed","template":"","meta":[],"yoast_head":"<!-- This site is optimized with the Yoast SEO plugin v15.7 - https:\/\/yoast.com\/wordpress\/plugins\/seo\/ -->\n<title>PROMIX-Beta, racion\u00e1lis \u00e1sv\u00fdnyianyag-tartalm\u00fa glut\u00e9nmentes Liszt - Novalim<\/title>\n<meta name=\"robots\" content=\"index, follow, max-snippet:-1, max-image-preview:large, max-video-preview:-1\" \/>\n<link rel=\"canonical\" href=\"https:\/\/www.novalimglutenfree.com\/hu\/obchod\/liszt-hu\/glutenmentes-lisztkeverekek-hu\/promix-beta-racionalis-asvynyianyag-tartalmu-glutenmentes-liszt\/\" \/>\n<meta property=\"og:locale\" content=\"hu_HU\" \/>\n<meta property=\"og:type\" content=\"article\" \/>\n<meta property=\"og:title\" content=\"PROMIX-Beta, racion\u00e1lis \u00e1sv\u00fdnyianyag-tartalm\u00fa glut\u00e9nmentes Liszt - Novalim\" \/>\n<meta property=\"og:description\" content=\"V\u0161estrann\u00e1 bezglut\u00e9nov\u00e1 m\u00faka vhodn\u00e1 na pr\u00edpravu pek\u00e1rskych a cukr\u00e1rskych v\u00fdrobkov. Zvl\u00e1\u0161\u0165 vhodn\u00e1 na pr\u00edpravu kypr\u00e9ho pe\u010diva a chleba, nekysnut\u00fdch \u0165ahan\u00fdch z\u00e1vinov (\u0161tr\u00fadla) a l\u00edstkov\u00e9ho pe\u010diva.\u010diva.\" \/>\n<meta property=\"og:url\" content=\"https:\/\/www.novalimglutenfree.com\/hu\/obchod\/liszt-hu\/glutenmentes-lisztkeverekek-hu\/promix-beta-racionalis-asvynyianyag-tartalmu-glutenmentes-liszt\/\" \/>\n<meta property=\"og:site_name\" content=\"Novalim\" \/>\n<meta property=\"article:modified_time\" content=\"2023-03-31T12:01:56+00:00\" \/>\n<meta property=\"og:image\" content=\"https:\/\/www.novalimglutenfree.com\/wp-content\/uploads\/2016\/05\/Promix_Beta.jpg\" \/>\n\t<meta property=\"og:image:width\" content=\"413\" \/>\n\t<meta property=\"og:image:height\" content=\"618\" \/>\n<meta name=\"twitter:card\" content=\"summary\" \/>\n<meta name=\"twitter:label1\" content=\"Becs\u00fclt olvas\u00e1si id\u0151\">\n\t<meta name=\"twitter:data1\" content=\"1 perc\">\n<script type=\"application\/ld+json\" class=\"yoast-schema-graph\">{\"@context\":\"https:\/\/schema.org\",\"@graph\":[{\"@type\":\"WebSite\",\"@id\":\"https:\/\/www.novalimglutenfree.com\/de\/#website\",\"url\":\"https:\/\/www.novalimglutenfree.com\/de\/\",\"name\":\"Novalim\",\"description\":\"Bezlepkov\\u00e9 potraviny, bezlepkov\\u00e9 recepty, celiakia, PKU\",\"potentialAction\":[{\"@type\":\"SearchAction\",\"target\":\"https:\/\/www.novalimglutenfree.com\/de\/?s={search_term_string}\",\"query-input\":\"required name=search_term_string\"}],\"inLanguage\":\"hu\"},{\"@type\":\"ImageObject\",\"@id\":\"https:\/\/www.novalimglutenfree.com\/hu\/obchod\/liszt-hu\/glutenmentes-lisztkeverekek-hu\/promix-beta-racionalis-asvynyianyag-tartalmu-glutenmentes-liszt\/#primaryimage\",\"inLanguage\":\"hu\",\"url\":\"https:\/\/www.novalimglutenfree.com\/wp-content\/uploads\/2016\/05\/Promix_Beta.jpg\",\"width\":413,\"height\":618},{\"@type\":\"WebPage\",\"@id\":\"https:\/\/www.novalimglutenfree.com\/hu\/obchod\/liszt-hu\/glutenmentes-lisztkeverekek-hu\/promix-beta-racionalis-asvynyianyag-tartalmu-glutenmentes-liszt\/#webpage\",\"url\":\"https:\/\/www.novalimglutenfree.com\/hu\/obchod\/liszt-hu\/glutenmentes-lisztkeverekek-hu\/promix-beta-racionalis-asvynyianyag-tartalmu-glutenmentes-liszt\/\",\"name\":\"PROMIX-Beta, racion\\u00e1lis \\u00e1sv\\u00fdnyianyag-tartalm\\u00fa glut\\u00e9nmentes Liszt - Novalim\",\"isPartOf\":{\"@id\":\"https:\/\/www.novalimglutenfree.com\/de\/#website\"},\"primaryImageOfPage\":{\"@id\":\"https:\/\/www.novalimglutenfree.com\/hu\/obchod\/liszt-hu\/glutenmentes-lisztkeverekek-hu\/promix-beta-racionalis-asvynyianyag-tartalmu-glutenmentes-liszt\/#primaryimage\"},\"datePublished\":\"2016-05-06T07:41:13+00:00\",\"dateModified\":\"2023-03-31T12:01:56+00:00\",\"inLanguage\":\"hu\",\"potentialAction\":[{\"@type\":\"ReadAction\",\"target\":[\"https:\/\/www.novalimglutenfree.com\/hu\/obchod\/liszt-hu\/glutenmentes-lisztkeverekek-hu\/promix-beta-racionalis-asvynyianyag-tartalmu-glutenmentes-liszt\/\"]}]}]}<\/script>\n<!-- \/ Yoast SEO plugin. -->","_links":{"self":[{"href":"https:\/\/www.novalimglutenfree.com\/hu\/wp-json\/wp\/v2\/product\/1837"}],"collection":[{"href":"https:\/\/www.novalimglutenfree.com\/hu\/wp-json\/wp\/v2\/product"}],"about":[{"href":"https:\/\/www.novalimglutenfree.com\/hu\/wp-json\/wp\/v2\/types\/product"}],"replies":[{"embeddable":true,"href":"https:\/\/www.novalimglutenfree.com\/hu\/wp-json\/wp\/v2\/comments?post=1837"}],"version-history":[{"count":0,"href":"https:\/\/www.novalimglutenfree.com\/hu\/wp-json\/wp\/v2\/product\/1837\/revisions"}],"wp:featuredmedia":[{"embeddable":true,"href":"https:\/\/www.novalimglutenfree.com\/hu\/wp-json\/wp\/v2\/media\/1002"}],"wp:attachment":[{"href":"https:\/\/www.novalimglutenfree.com\/hu\/wp-json\/wp\/v2\/media?parent=1837"}],"curies":[{"name":"wp","href":"https:\/\/api.w.org\/{rel}","templated":true}]}}