{"id":1447,"date":"2016-05-06T20:06:02","date_gmt":"2016-05-06T18:06:02","guid":{"rendered":"http:\/\/novalimglutenfree.com\/en\/novinky\/kto-sme\/"},"modified":"2016-05-07T08:16:41","modified_gmt":"2016-05-07T06:16:41","slug":"kto-sme","status":"publish","type":"page","link":"https:\/\/www.novalimglutenfree.com\/en\/novinky\/kto-sme\/","title":{"rendered":"Kto sme"},"content":{"rendered":"<p><b>Filozofia<\/b><\/p>\n<p><i>\u00a0<\/i><b><i>\u201eSt\u00e1le lep\u0161\u00ed a\u00a0rozsiahlej\u0161\u00ed sortiment\u00a0 potrav\u00edn, chutn\u00fd a \u00a0najlep\u0161\u00ed pre Va\u0161e zdravie\u201c<\/i><\/b><b>.<\/b><\/p>\n<p><b>\u00a0<\/b><b>Toto je motto na\u0161ej firmy, ktor\u00e1 sa od roku 1991 \u0161pecializuje na v\u00fdrobu di\u00e9tnych bezglut\u00e9nov\u00fdch (bezlepkov\u00fdch) a\u00a0n\u00edzkobielkovinov\u00fdch potrav\u00edn. M\u00e1me vybudovan\u00e9 samostatn\u00e9 prev\u00e1dzky, kde sa vyr\u00e1baj\u00fa len bezglut\u00e9nov\u00e9 v\u00fdrobky. Pracovn\u00edci na\u0161ej firmy maj\u00fa dlhoro\u010dn\u00e9 sk\u00fasenosti v\u00a0oblasti potravin\u00e1rskej technol\u00f3gie, mikrobiol\u00f3gie a\u00a0v\u00a0pr\u00edbuzn\u00fdch odboroch. Kontinu\u00e1lny v\u00fdskum a\u00a0v\u00fdvoj realizujeme samostatne aj v spolupr\u00e1ci s\u00a0v\u00fdznamn\u00fdmi v\u00fdskumn\u00fdmi centrami. T\u00fdm zabezpe\u010dujeme st\u00e1lu inov\u00e1ciu produkcie a dynamick\u00fd rozvoj spolo\u010dnosti.\u00a0<\/b><\/p>\n<p>&nbsp;<\/p>\n<p><b>O\u00a0n\u00e1s<\/b><\/p>\n<p>&nbsp;<\/p>\n<p><b>Spolo\u010dnos\u0165 NOVALIM <\/b><b>bola zalo\u017een\u00e1 v roku 1991 a \u0161pecializuje sa na v\u00fdvoj a v\u00fdrobu bezglut\u00e9nov\u00fdch (bezlepkov\u00fdch) a n\u00edzkobielkovinov\u00fdch v\u00fdrobkov. Zakladate\u013e, Ing. Jozef Poprac, CSc., vyu\u017eil svoje dlhoro\u010dn\u00e9 sk\u00fasenosti z p\u00f4sobenia vo v\u00fdskume a v\u00fdvoji potravin\u00e1rskych v\u00fdrobkov a\u00a0v\u00fdsledkom je r\u00f4znorod\u00e1 paleta kvalitn\u00fdch bezglut\u00e9nov\u00fdch a n\u00edzkobielkovinov\u00fdch v\u00fdrobkov, ktor\u00e9 spolo\u010dnos\u0165 NOVALIM pon\u00faka svojim z\u00e1kazn\u00edkom prostredn\u00edctvom E-<\/b><b>shopu<\/b><b>, v maloobchodoch i\u00a0lek\u00e1r\u0148ach. Poloha Slovenska v\u00a0srdci Eur\u00f3py umo\u017e\u0148uje spolo\u010dnosti efekt\u00edvne z\u00e1sobova\u0165 eur\u00f3psky trh.<\/b><\/p>\n<p>&nbsp;<\/p>\n<p><b>Kvalitn\u00e9 suroviny<\/b><\/p>\n<p>&nbsp;<\/p>\n<p><b>Kladieme d\u00f4raz na bezpe\u010dnos\u0165 na\u0161ich v\u00fdrobkov, a\u00a0preto nepou\u017e\u00edvame p\u0161eni\u010dn\u00fd \u0161krob, ktor\u00fd m\u00f4\u017ee by\u0165 nosi\u010dom zvy\u0161kov\u00e9ho <\/b><b>glut\u00e9nu<\/b><b> (lepku). Takisto v najv\u00e4\u010d\u0161om mo\u017enom rozsahu vyu\u017e\u00edvame pr\u00edrodn\u00e9 suroviny. Z\u00e1kladn\u00fdmi ingredienciami v\u00a0na\u0161ich produktoch s\u00fa kukuri\u010dn\u00fd a zemiakov\u00fd \u0161krob a ry\u017eov\u00e1, kukuri\u010dn\u00e1 a s\u00f3jov\u00e1 m\u00faka.<\/b><\/p>\n<p><b>Pre pravideln\u00e9 monitorovanie bezpe\u010dnosti v\u00fdrobkov m\u00e1 spolo\u010dnos\u0165 NOVALIM zaveden\u00fd tzv. syst\u00e9m HACCP a\u00a0certifik\u00e1ciu spolo\u010dnos\u0165ou <\/b><b>Bel-Novamann<\/b><b> International. Suroviny a\u00a0produkty navy\u0161e podliehaj\u00fa st\u00e1lej kontrole \u00daradom verejn\u00e9ho zdravotn\u00edctva Slovenskej republiky.<\/b><\/p>\n<p>&nbsp;<\/p>\n<ul>\n<li><b>Na\u0161e prev\u00e1dzky s\u00fa \u0161pecializovan\u00e9 len na v\u00fdrobu bezglut\u00e9nov\u00fdch (bezlepkov\u00fdch) v\u00fdrobkov<\/b><\/li>\n<li><b>V\u0161etky na\u0161e v\u00fdrobky s\u00fa vyroben\u00e9 z\u00a0prirodzene bezglut\u00e9nov\u00fdch a\u00a0nep\u0161eni\u010dn\u00fdch surov\u00edn<\/b><\/li>\n<\/ul>\n","protected":false},"excerpt":{"rendered":"<p>Filozofia \u00a0\u201eSt\u00e1le lep\u0161\u00ed a\u00a0rozsiahlej\u0161\u00ed sortiment\u00a0 potrav\u00edn, chutn\u00fd a \u00a0najlep\u0161\u00ed pre Va\u0161e zdravie\u201c. \u00a0Toto je motto na\u0161ej firmy, ktor\u00e1 sa od roku 1991 \u0161pecializuje na v\u00fdrobu di\u00e9tnych bezglut\u00e9nov\u00fdch (bezlepkov\u00fdch) a\u00a0n\u00edzkobielkovinov\u00fdch potrav\u00edn. M\u00e1me vybudovan\u00e9 samostatn\u00e9 prev\u00e1dzky, kde sa vyr\u00e1baj\u00fa len bezglut\u00e9nov\u00e9 v\u00fdrobky. Pracovn\u00edci na\u0161ej firmy maj\u00fa dlhoro\u010dn\u00e9 sk\u00fasenosti v\u00a0oblasti potravin\u00e1rskej technol\u00f3gie, mikrobiol\u00f3gie a\u00a0v\u00a0pr\u00edbuzn\u00fdch odboroch. Kontinu\u00e1lny v\u00fdskum a\u00a0v\u00fdvoj [&hellip;]<\/p>\n","protected":false},"author":3,"featured_media":0,"parent":1342,"menu_order":0,"comment_status":"closed","ping_status":"closed","template":"","meta":[],"yoast_head":"<!-- This site is optimized with the Yoast SEO plugin v15.7 - https:\/\/yoast.com\/wordpress\/plugins\/seo\/ -->\n<title>Kto sme - Novalim<\/title>\n<meta name=\"robots\" content=\"index, follow, max-snippet:-1, max-image-preview:large, max-video-preview:-1\" \/>\n<link rel=\"canonical\" href=\"https:\/\/novalimglutenfree.com\/en\/novinky\/kto-sme\/\" \/>\n<meta property=\"og:locale\" content=\"en_US\" \/>\n<meta property=\"og:type\" content=\"article\" \/>\n<meta property=\"og:title\" content=\"Kto sme - Novalim\" \/>\n<meta property=\"og:description\" content=\"Filozofia \u00a0\u201eSt\u00e1le lep\u0161\u00ed a\u00a0rozsiahlej\u0161\u00ed sortiment\u00a0 potrav\u00edn, chutn\u00fd a \u00a0najlep\u0161\u00ed pre Va\u0161e zdravie\u201c. \u00a0Toto je motto na\u0161ej firmy, ktor\u00e1 sa od roku 1991 \u0161pecializuje na v\u00fdrobu di\u00e9tnych bezglut\u00e9nov\u00fdch (bezlepkov\u00fdch) a\u00a0n\u00edzkobielkovinov\u00fdch potrav\u00edn. M\u00e1me vybudovan\u00e9 samostatn\u00e9 prev\u00e1dzky, kde sa vyr\u00e1baj\u00fa len bezglut\u00e9nov\u00e9 v\u00fdrobky. Pracovn\u00edci na\u0161ej firmy maj\u00fa dlhoro\u010dn\u00e9 sk\u00fasenosti v\u00a0oblasti potravin\u00e1rskej technol\u00f3gie, mikrobiol\u00f3gie a\u00a0v\u00a0pr\u00edbuzn\u00fdch odboroch. Kontinu\u00e1lny v\u00fdskum a\u00a0v\u00fdvoj [&hellip;]\" \/>\n<meta property=\"og:url\" content=\"https:\/\/novalimglutenfree.com\/en\/novinky\/kto-sme\/\" \/>\n<meta property=\"og:site_name\" content=\"Novalim\" \/>\n<meta property=\"article:modified_time\" content=\"2016-05-07T06:16:41+00:00\" \/>\n<meta property=\"og:image\" content=\"http:\/\/novalimglutenfree.com\/wp-content\/uploads\/2016\/04\/Novalim_BANNER_B1_b.png\" \/>\n<meta name=\"twitter:card\" content=\"summary\" \/>\n<meta name=\"twitter:label1\" content=\"Est. reading time\">\n\t<meta name=\"twitter:data1\" content=\"2 minutes\">\n<script type=\"application\/ld+json\" class=\"yoast-schema-graph\">{\"@context\":\"https:\/\/schema.org\",\"@graph\":[{\"@type\":\"WebSite\",\"@id\":\"https:\/\/www.novalimglutenfree.com\/de\/#website\",\"url\":\"https:\/\/www.novalimglutenfree.com\/de\/\",\"name\":\"Novalim\",\"description\":\"Bezlepkov\\u00e9 potraviny, bezlepkov\\u00e9 recepty, celiakia, PKU\",\"potentialAction\":[{\"@type\":\"SearchAction\",\"target\":\"https:\/\/www.novalimglutenfree.com\/de\/?s={search_term_string}\",\"query-input\":\"required name=search_term_string\"}],\"inLanguage\":\"en-US\"},{\"@type\":\"WebPage\",\"@id\":\"https:\/\/novalimglutenfree.com\/en\/novinky\/kto-sme\/#webpage\",\"url\":\"https:\/\/novalimglutenfree.com\/en\/novinky\/kto-sme\/\",\"name\":\"Kto sme - Novalim\",\"isPartOf\":{\"@id\":\"https:\/\/www.novalimglutenfree.com\/de\/#website\"},\"datePublished\":\"2016-05-06T18:06:02+00:00\",\"dateModified\":\"2016-05-07T06:16:41+00:00\",\"inLanguage\":\"en-US\",\"potentialAction\":[{\"@type\":\"ReadAction\",\"target\":[\"https:\/\/novalimglutenfree.com\/en\/novinky\/kto-sme\/\"]}]}]}<\/script>\n<!-- \/ Yoast SEO plugin. -->","_links":{"self":[{"href":"https:\/\/www.novalimglutenfree.com\/en\/wp-json\/wp\/v2\/pages\/1447"}],"collection":[{"href":"https:\/\/www.novalimglutenfree.com\/en\/wp-json\/wp\/v2\/pages"}],"about":[{"href":"https:\/\/www.novalimglutenfree.com\/en\/wp-json\/wp\/v2\/types\/page"}],"author":[{"embeddable":true,"href":"https:\/\/www.novalimglutenfree.com\/en\/wp-json\/wp\/v2\/users\/3"}],"replies":[{"embeddable":true,"href":"https:\/\/www.novalimglutenfree.com\/en\/wp-json\/wp\/v2\/comments?post=1447"}],"version-history":[{"count":1,"href":"https:\/\/www.novalimglutenfree.com\/en\/wp-json\/wp\/v2\/pages\/1447\/revisions"}],"predecessor-version":[{"id":1450,"href":"https:\/\/www.novalimglutenfree.com\/en\/wp-json\/wp\/v2\/pages\/1447\/revisions\/1450"}],"up":[{"embeddable":true,"href":"https:\/\/www.novalimglutenfree.com\/en\/wp-json\/wp\/v2\/pages\/1342"}],"wp:attachment":[{"href":"https:\/\/www.novalimglutenfree.com\/en\/wp-json\/wp\/v2\/media?parent=1447"}],"curies":[{"name":"wp","href":"https:\/\/api.w.org\/{rel}","templated":true}]}}