{"id":1342,"date":"2016-04-27T19:14:21","date_gmt":"2016-04-27T17:14:21","guid":{"rendered":"http:\/\/novalimglutenfree.com\/en\/novinky\/"},"modified":"2016-06-01T13:05:34","modified_gmt":"2016-06-01T11:05:34","slug":"novinky","status":"publish","type":"page","link":"https:\/\/www.novalimglutenfree.com\/en\/novinky\/","title":{"rendered":"Novinky"},"content":{"rendered":"<div  class='av-alb-blogposts template-blog  '  itemscope=\"itemscope\" itemtype=\"https:\/\/schema.org\/Blog\" ><article class='post-entry post-entry-type-standard post-entry-1364 post-loop-1 post-parity-odd post-entry-last single-small with-slider post-1364 post type-post status-publish format-standard has-post-thumbnail hentry category-novinky-en'  itemscope=\"itemscope\" itemtype=\"https:\/\/schema.org\/BlogPosting\" ><div class='blog-meta'><a href='https:\/\/www.novalimglutenfree.com\/en\/what-is-aquamin\/' class='small-preview'  title=\"red-algae1\"   itemprop=\"image\" itemscope=\"itemscope\" itemtype=\"https:\/\/schema.org\/ImageObject\" ><img width=\"180\" height=\"99\" src=\"https:\/\/www.novalimglutenfree.com\/wp-content\/uploads\/2016\/04\/red-algae1.jpg\" class=\"wp-image-480 avia-img-lazy-loading-not-480 attachment-square size-square wp-post-image\" alt=\"\" srcset=\"https:\/\/www.novalimglutenfree.com\/wp-content\/uploads\/2016\/04\/red-algae1.jpg 1280w, https:\/\/www.novalimglutenfree.com\/wp-content\/uploads\/2016\/04\/red-algae1-450x248.jpg 450w\" sizes=\"(max-width: 180px) 100vw, 180px\" \/><span class=\"iconfont\" aria-hidden='true' data-av_icon='\ue836' data-av_iconfont='entypo-fontello'><\/span><\/a><\/div><div class='entry-content-wrapper clearfix standard-content'><header class=\"entry-content-header\"><h2 class='post-title entry-title '  itemprop=\"headline\" >\t<a href='https:\/\/www.novalimglutenfree.com\/en\/what-is-aquamin\/' rel='bookmark' title='Permanent Link: What is Aquamin?'>What is Aquamin?\t\t\t<span class='post-format-icon minor-meta'><\/span>\t<\/a><\/h2><span class='post-meta-infos'><time class='date-container minor-meta updated' >27. April 2016<\/time><span class='text-sep text-sep-date'>\/<\/span><span class=\"blog-categories minor-meta\">in <a href=\"https:\/\/www.novalimglutenfree.com\/en\/category\/novinky-en\/\" rel=\"tag\">Novinky<\/a>  <\/span><span class=\"text-sep text-sep-cat\">\/<\/span><span class=\"blog-author minor-meta\">by <span class=\"entry-author-link\"  itemprop=\"author\" ><span class=\"author\"><span class=\"fn\"><a href=\"https:\/\/www.novalimglutenfree.com\/en\/author\/modrekiwi\/\" title=\"Posts by modrekiwi\" rel=\"author\">modrekiwi<\/a><\/span><\/span><\/span><\/span><\/span><\/header><div class=\"entry-content\"  itemprop=\"text\" ><p>AQUAMIN &#8211; rastlinn\u00fd\u00a0morsk\u00fd multiminer\u00e1lny komplex obsahuj\u00faci bioakt\u00edvny v\u00e1pnik (Calcium) a hor\u010d\u00edk (Magn\u00e9zium) a \u010fa\u013e\u0161\u00edch 72 stopov\u00fdch prvkov v\u010d\u00edtane Sel\u00e9nu a Zinku. Unik\u00e1tne zlo\u017eenie a zvl\u00e1\u0161tna p\u00f3rovit\u00e1 \u0161trukt\u00fara zabezpe\u010duje vy\u0161\u0161iu biologick\u00fa dostupnos\u0165 v\u00e1pnika a hor\u010d\u00edka pre organizmus. \u0160t\u00fadie uk\u00e1zali, \u017ee vyu\u017eite\u013enos\u0165 miner\u00e1lov organizmom je 3-4 kr\u00e1t vy\u0161\u0161ia ne\u017e u in\u00fdch pridan\u00fdch zdrojov miner\u00e1lov (napr. dolomitov\u00fdch). AQUAMIN [&hellip;]<\/p>\n<div class=\"read-more-link\"><a href=\"https:\/\/www.novalimglutenfree.com\/en\/what-is-aquamin\/\" class=\"more-link\">Read more<span class=\"more-link-arrow\"><\/span><\/a><\/div>\n<\/div><footer class=\"entry-footer\"><\/footer><div class='post_delimiter'><\/div><\/div><div class='post_author_timeline'><\/div><span class='hidden'>\n\t\t\t\t<span class='av-structured-data'  itemprop=\"image\" itemscope=\"itemscope\" itemtype=\"https:\/\/schema.org\/ImageObject\" >\n\t\t\t\t\t\t<span itemprop='url'>https:\/\/www.novalimglutenfree.com\/wp-content\/uploads\/2016\/04\/red-algae1.jpg<\/span>\n\t\t\t\t\t\t<span itemprop='height'>705<\/span>\n\t\t\t\t\t\t<span itemprop='width'>1280<\/span>\n\t\t\t\t<\/span>\n\t\t\t\t<span class='av-structured-data'  itemprop=\"publisher\" itemtype=\"https:\/\/schema.org\/Organization\" itemscope=\"itemscope\" >\n\t\t\t\t\t\t<span itemprop='name'>modrekiwi<\/span>\n\t\t\t\t\t\t<span itemprop='logo' itemscope itemtype='https:\/\/schema.org\/ImageObject'>\n\t\t\t\t\t\t\t<span itemprop='url'>http:\/\/novalimglutenfree.com\/wp-content\/uploads\/2016\/04\/logo-novalim.png<\/span>\n\t\t\t\t\t\t <\/span>\n\t\t\t\t<\/span><span class='av-structured-data'  itemprop=\"author\" itemscope=\"itemscope\" itemtype=\"https:\/\/schema.org\/Person\" ><span itemprop='name'>modrekiwi<\/span><\/span><span class='av-structured-data'  itemprop=\"datePublished\" datetime=\"2016-04-27T19:19:49+02:00\" >2016-04-27 19:19:49<\/span><span class='av-structured-data'  itemprop=\"dateModified\" itemtype=\"https:\/\/schema.org\/dateModified\" >2016-06-02 16:10:17<\/span><span class='av-structured-data'  itemprop=\"mainEntityOfPage\" itemtype=\"https:\/\/schema.org\/mainEntityOfPage\" ><span itemprop='name'>What is Aquamin?<\/span><\/span><\/span><\/article><div class='single-small'><\/div><\/div>\n","protected":false},"excerpt":{"rendered":"","protected":false},"author":1,"featured_media":0,"parent":0,"menu_order":0,"comment_status":"closed","ping_status":"closed","template":"","meta":[],"yoast_head":"<!-- This site is optimized with the Yoast SEO plugin v15.7 - https:\/\/yoast.com\/wordpress\/plugins\/seo\/ -->\n<title>Novinky - Novalim<\/title>\n<meta name=\"description\" content=\"U\u017eito\u010dn\u00e9 inform\u00e1cie zo sveta bezlepkovej kuchyne, praktick\u00e9 rady, autentick\u00e9 pr\u00edbehy, zauj\u00edmav\u00e9 diskusie a s\u00fa\u0165a\u017ee o l\u00e1kav\u00e9 ceny.\" \/>\n<meta name=\"robots\" content=\"index, follow, max-snippet:-1, max-image-preview:large, max-video-preview:-1\" \/>\n<link rel=\"canonical\" href=\"https:\/\/novalimglutenfree.com\/en\/novinky\/\" \/>\n<meta property=\"og:locale\" content=\"en_US\" \/>\n<meta property=\"og:type\" content=\"article\" \/>\n<meta property=\"og:title\" content=\"Novinky - Novalim\" \/>\n<meta property=\"og:description\" content=\"U\u017eito\u010dn\u00e9 inform\u00e1cie zo sveta bezlepkovej kuchyne, praktick\u00e9 rady, autentick\u00e9 pr\u00edbehy, zauj\u00edmav\u00e9 diskusie a s\u00fa\u0165a\u017ee o l\u00e1kav\u00e9 ceny.\" \/>\n<meta property=\"og:url\" content=\"https:\/\/novalimglutenfree.com\/en\/novinky\/\" \/>\n<meta property=\"og:site_name\" content=\"Novalim\" \/>\n<meta property=\"article:modified_time\" content=\"2016-06-01T11:05:34+00:00\" \/>\n<meta property=\"og:image\" content=\"http:\/\/novalimglutenfree.com\/wp-content\/uploads\/2016\/04\/Novalim_BANNER_B1_b.png\" \/>\n<meta name=\"twitter:card\" content=\"summary\" \/>\n<script type=\"application\/ld+json\" class=\"yoast-schema-graph\">{\"@context\":\"https:\/\/schema.org\",\"@graph\":[{\"@type\":\"WebSite\",\"@id\":\"https:\/\/www.novalimglutenfree.com\/de\/#website\",\"url\":\"https:\/\/www.novalimglutenfree.com\/de\/\",\"name\":\"Novalim\",\"description\":\"Bezlepkov\\u00e9 potraviny, bezlepkov\\u00e9 recepty, celiakia, PKU\",\"potentialAction\":[{\"@type\":\"SearchAction\",\"target\":\"https:\/\/www.novalimglutenfree.com\/de\/?s={search_term_string}\",\"query-input\":\"required name=search_term_string\"}],\"inLanguage\":\"en-US\"},{\"@type\":\"WebPage\",\"@id\":\"https:\/\/novalimglutenfree.com\/en\/novinky\/#webpage\",\"url\":\"https:\/\/novalimglutenfree.com\/en\/novinky\/\",\"name\":\"Novinky - Novalim\",\"isPartOf\":{\"@id\":\"https:\/\/www.novalimglutenfree.com\/de\/#website\"},\"datePublished\":\"2016-04-27T17:14:21+00:00\",\"dateModified\":\"2016-06-01T11:05:34+00:00\",\"description\":\"U\\u017eito\\u010dn\\u00e9 inform\\u00e1cie zo sveta bezlepkovej kuchyne, praktick\\u00e9 rady, autentick\\u00e9 pr\\u00edbehy, zauj\\u00edmav\\u00e9 diskusie a s\\u00fa\\u0165a\\u017ee o l\\u00e1kav\\u00e9 ceny.\",\"inLanguage\":\"en-US\",\"potentialAction\":[{\"@type\":\"ReadAction\",\"target\":[\"https:\/\/novalimglutenfree.com\/en\/novinky\/\"]}]}]}<\/script>\n<!-- \/ Yoast SEO plugin. -->","_links":{"self":[{"href":"https:\/\/www.novalimglutenfree.com\/en\/wp-json\/wp\/v2\/pages\/1342"}],"collection":[{"href":"https:\/\/www.novalimglutenfree.com\/en\/wp-json\/wp\/v2\/pages"}],"about":[{"href":"https:\/\/www.novalimglutenfree.com\/en\/wp-json\/wp\/v2\/types\/page"}],"author":[{"embeddable":true,"href":"https:\/\/www.novalimglutenfree.com\/en\/wp-json\/wp\/v2\/users\/1"}],"replies":[{"embeddable":true,"href":"https:\/\/www.novalimglutenfree.com\/en\/wp-json\/wp\/v2\/comments?post=1342"}],"version-history":[{"count":1,"href":"https:\/\/www.novalimglutenfree.com\/en\/wp-json\/wp\/v2\/pages\/1342\/revisions"}],"predecessor-version":[{"id":3245,"href":"https:\/\/www.novalimglutenfree.com\/en\/wp-json\/wp\/v2\/pages\/1342\/revisions\/3245"}],"wp:attachment":[{"href":"https:\/\/www.novalimglutenfree.com\/en\/wp-json\/wp\/v2\/media?parent=1342"}],"curies":[{"name":"wp","href":"https:\/\/api.w.org\/{rel}","templated":true}]}}