{"id":3105,"date":"2016-05-06T09:41:00","date_gmt":"2016-05-06T07:41:00","guid":{"rendered":"http:\/\/novalimglutenfree.com\/de\/obchod\/uncategorized\/nizkobielkovinova-mucna-zmes-apromixz-t-plus\/"},"modified":"2016-05-28T22:33:33","modified_gmt":"2016-05-28T20:33:33","slug":"eiweissarme-mehlmischung-apromix-t-plus","status":"publish","type":"product","link":"https:\/\/www.novalimglutenfree.com\/de\/obchod\/mehl-de\/eiweissarme-mehlmischungen-de\/eiweissarme-mehlmischung-apromix-t-plus\/","title":{"rendered":"Eiweissarme Mehlmischung APROMIX T, PLUS"},"content":{"rendered":"<p>APROMIX \u00ae &#8211; T PLUS &#8211; dunkle Mehl mit niedrigem Proteingehalt, mit einem Charakter wie Mehl Apromix \u00ae-PLUS,  Phenylalaningehalt 10 mg\/100 g. Es enth\u00e4lt Apfelpulpe.<br \/>\nVerpackung: 1 kg<\/p>\n<p>Produkt-Information:<\/p>\n<p>Zutaten:<br \/>\n Maisst\u00e4rke, Kartoffelst\u00e4rke, modifizierte Tapiokast\u00e4rke, Mais Maltodextrin, Apfel-und Bambusfasern, Carboxymethylcellulose Verdickungsmittel E466, Emulgator E471 Mono-und diacyglycerol<br \/>\n100 g des Produktes enthalten durchschnittlich:<br \/>\n 0,27 g Eiwei\u00df, 88,80 g Kohlenhydrate und 0,9 Gramm tukovtukov<\/p>\n<p>Brennwert:<br \/>\n 1555 kJ; 367,2 kcal<\/p>\n","protected":false},"excerpt":{"rendered":"<p>APROMIX \u00ae &#8211; T PLUS &#8211; dunkle Mehl mit niedrigem Proteingehalt, mit einem Charakter wie Mehl Apromix \u00ae-PLUS,  Phenylalaningehalt 10 mg\/100 g. Es enth\u00e4lt Apfelpulpe. <\/p>\n","protected":false},"featured_media":3056,"comment_status":"closed","ping_status":"closed","template":"","meta":[],"yoast_head":"<!-- This site is optimized with the Yoast SEO plugin v15.7 - https:\/\/yoast.com\/wordpress\/plugins\/seo\/ -->\n<title>Eiweissarme Mehlmischung APROMIX T, PLUS - Novalim<\/title>\n<meta name=\"robots\" content=\"index, follow, max-snippet:-1, max-image-preview:large, max-video-preview:-1\" \/>\n<link rel=\"canonical\" href=\"https:\/\/novalimglutenfree.com\/de\/obchod\/mehl-de\/eiweissarme-mehlmischungen-de\/eiweissarme-mehlmischung-apromix-t-plus\/\" \/>\n<meta property=\"og:locale\" content=\"de_DE\" \/>\n<meta property=\"og:type\" content=\"article\" \/>\n<meta property=\"og:title\" content=\"Eiweissarme Mehlmischung APROMIX T, PLUS - Novalim\" \/>\n<meta property=\"og:description\" content=\"APROMIX \u00ae - T PLUS - dunkle Mehl mit niedrigem Proteingehalt, mit einem Charakter wie Mehl Apromix \u00ae-PLUS, Phenylalaningehalt 10 mg\/100 g. Es enth\u00e4lt Apfelpulpe.\" \/>\n<meta property=\"og:url\" content=\"https:\/\/novalimglutenfree.com\/de\/obchod\/mehl-de\/eiweissarme-mehlmischungen-de\/eiweissarme-mehlmischung-apromix-t-plus\/\" \/>\n<meta property=\"og:site_name\" content=\"Novalim\" \/>\n<meta property=\"article:modified_time\" content=\"2016-05-28T20:33:33+00:00\" \/>\n<meta property=\"og:image\" content=\"https:\/\/www.novalimglutenfree.com\/wp-content\/uploads\/2016\/05\/Apromix-T-Plus.jpg\" \/>\n\t<meta property=\"og:image:width\" content=\"413\" \/>\n\t<meta property=\"og:image:height\" content=\"618\" \/>\n<meta name=\"twitter:card\" content=\"summary\" \/>\n<script type=\"application\/ld+json\" class=\"yoast-schema-graph\">{\"@context\":\"https:\/\/schema.org\",\"@graph\":[{\"@type\":\"WebSite\",\"@id\":\"https:\/\/www.novalimglutenfree.com\/de\/#website\",\"url\":\"https:\/\/www.novalimglutenfree.com\/de\/\",\"name\":\"Novalim\",\"description\":\"Bezlepkov\\u00e9 potraviny, bezlepkov\\u00e9 recepty, celiakia, PKU\",\"potentialAction\":[{\"@type\":\"SearchAction\",\"target\":\"https:\/\/www.novalimglutenfree.com\/de\/?s={search_term_string}\",\"query-input\":\"required name=search_term_string\"}],\"inLanguage\":\"de-DE\"},{\"@type\":\"ImageObject\",\"@id\":\"https:\/\/novalimglutenfree.com\/de\/obchod\/mehl-de\/eiweissarme-mehlmischungen-de\/eiweissarme-mehlmischung-apromix-t-plus\/#primaryimage\",\"inLanguage\":\"de-DE\",\"url\":\"https:\/\/www.novalimglutenfree.com\/wp-content\/uploads\/2016\/05\/Apromix-T-Plus.jpg\",\"width\":413,\"height\":618},{\"@type\":\"WebPage\",\"@id\":\"https:\/\/novalimglutenfree.com\/de\/obchod\/mehl-de\/eiweissarme-mehlmischungen-de\/eiweissarme-mehlmischung-apromix-t-plus\/#webpage\",\"url\":\"https:\/\/novalimglutenfree.com\/de\/obchod\/mehl-de\/eiweissarme-mehlmischungen-de\/eiweissarme-mehlmischung-apromix-t-plus\/\",\"name\":\"Eiweissarme Mehlmischung APROMIX T, PLUS - Novalim\",\"isPartOf\":{\"@id\":\"https:\/\/www.novalimglutenfree.com\/de\/#website\"},\"primaryImageOfPage\":{\"@id\":\"https:\/\/novalimglutenfree.com\/de\/obchod\/mehl-de\/eiweissarme-mehlmischungen-de\/eiweissarme-mehlmischung-apromix-t-plus\/#primaryimage\"},\"datePublished\":\"2016-05-06T07:41:00+00:00\",\"dateModified\":\"2016-05-28T20:33:33+00:00\",\"inLanguage\":\"de-DE\",\"potentialAction\":[{\"@type\":\"ReadAction\",\"target\":[\"https:\/\/novalimglutenfree.com\/de\/obchod\/mehl-de\/eiweissarme-mehlmischungen-de\/eiweissarme-mehlmischung-apromix-t-plus\/\"]}]}]}<\/script>\n<!-- \/ Yoast SEO plugin. -->","_links":{"self":[{"href":"https:\/\/www.novalimglutenfree.com\/de\/wp-json\/wp\/v2\/product\/3105"}],"collection":[{"href":"https:\/\/www.novalimglutenfree.com\/de\/wp-json\/wp\/v2\/product"}],"about":[{"href":"https:\/\/www.novalimglutenfree.com\/de\/wp-json\/wp\/v2\/types\/product"}],"replies":[{"embeddable":true,"href":"https:\/\/www.novalimglutenfree.com\/de\/wp-json\/wp\/v2\/comments?post=3105"}],"version-history":[{"count":0,"href":"https:\/\/www.novalimglutenfree.com\/de\/wp-json\/wp\/v2\/product\/3105\/revisions"}],"wp:featuredmedia":[{"embeddable":true,"href":"https:\/\/www.novalimglutenfree.com\/de\/wp-json\/wp\/v2\/media\/3056"}],"wp:attachment":[{"href":"https:\/\/www.novalimglutenfree.com\/de\/wp-json\/wp\/v2\/media?parent=3105"}],"curies":[{"name":"wp","href":"https:\/\/api.w.org\/{rel}","templated":true}]}}