{"id":3098,"date":"2016-05-06T09:41:00","date_gmt":"2016-05-06T07:41:00","guid":{"rendered":"http:\/\/novalimglutenfree.com\/de\/obchod\/uncategorized\/nizkobielkovinova-mucna-zmes-apromix\/"},"modified":"2018-09-12T11:42:15","modified_gmt":"2018-09-12T09:42:15","slug":"nizkobielkovinova-mucna-zmes-apromix","status":"publish","type":"product","link":"https:\/\/www.novalimglutenfree.com\/de\/obchod\/mehl-de\/eiweissarme-mehlmischungen-de\/nizkobielkovinova-mucna-zmes-apromix\/","title":{"rendered":"N\u00edzkobielkovinov\u00e1 m\u00fa\u010dna zmes APROMIX"},"content":{"rendered":"<p>APROMIX\u00ae \u2013 je registrovan\u00e1 ochrann\u00e1 zn\u00e1mka pre n\u00edzkobielkovinov\u00fa m\u00fa\u010dnu zmes. Je vyroben\u00e1 <strong>z prirodzene bezlepkov\u00fdch<\/strong> a bezp\u0161eni\u010dn\u00fdch surov\u00edn. Obsah fenylalan\u00ednu je 16 mg\/100 g. Vhodn\u00fd na pr\u00edpravu n\u00edzkobielkovinov\u00e9ho (aj bezlepkov\u00e9ho) svetl\u00e9ho chleba, pe\u010den\u00e9ho vo forme ako aj na be\u017en\u00e9 po\u017eitie v kuchyni pri pr\u00edprave z\u00e1sma\u017eky, na zahus\u0165ovanie ap.<br \/>\nBalenie: 1 kg<\/p>\n<p><strong>Inform\u00e1cie o v\u00fdrobku:<\/strong><\/p>\n<p>Zlo\u017eenie:<br \/>\nkukuri\u010dn\u00fd \u0161krob, zemiakov\u00fd \u0161krob, zahus\u0165ovadlo gu\u00e1rov\u00e1 m\u00faka, emulg\u00e1tor E471<br \/>\n(glut\u00e9n &lt; 20 mg\/kg)<\/p>\n<p>100 g v\u00fdrobku priemerne obsahuje:<br \/>\n<strong>Energetick\u00e1 hodnota:<\/strong> 1516 kJ; 357 kcal; <strong>Tuky:<\/strong> 0,75 z toho 0,01 g nas\u00fdten\u00e9 mastn\u00e9 kyseliny; <strong>Sacharidy:<\/strong> 87,2 g z toho 0,1 g cukry; <strong>Vl\u00e1knina:<\/strong> 0,4 g; <strong>Bielkoviny:<\/strong> 0,33 g; <strong>So\u013e:<\/strong> 0,02 g;<\/p>\n<p>Vhodn\u00e1 pre chor\u00fdch na fenylketon\u00fariu.<\/p>\n","protected":false},"excerpt":{"rendered":"<p>APROMIX\u00ae \u2013 je registrovan\u00e1 ochrann\u00e1 zn\u00e1mka pre n\u00edzkobielkovinov\u00fa m\u00fa\u010dnu zmes. Je vyroben\u00e1<strong> z prirodzene bezlepkov\u00fdch<\/strong> a bezp\u0161eni\u010dn\u00fdch surov\u00edn. Vhodn\u00e1 pre chor\u00fdch na fenylketon\u00fariu. Obsah fenylalan\u00ednu je 16 mg\/100 g. Vhodn\u00fd na pr\u00edpravu n\u00edzkobielkovinov\u00e9ho (aj bezlepkov\u00e9ho) svetl\u00e9ho chleba, pe\u010den\u00e9ho vo forme ako aj na be\u017en\u00e9 po\u017eitie v kuchyni pri pr\u00edprave z\u00e1sma\u017eky, na zahus\u0165ovanie ap.<\/p>\n","protected":false},"featured_media":3099,"comment_status":"closed","ping_status":"closed","template":"","meta":[],"yoast_head":"<!-- This site is optimized with the Yoast SEO plugin v15.7 - https:\/\/yoast.com\/wordpress\/plugins\/seo\/ -->\n<title>N\u00edzkobielkovinov\u00e1 m\u00fa\u010dna zmes APROMIX - Novalim<\/title>\n<meta name=\"robots\" content=\"index, follow, max-snippet:-1, max-image-preview:large, max-video-preview:-1\" \/>\n<link rel=\"canonical\" href=\"https:\/\/www.novalimglutenfree.com\/de\/obchod\/mehl-de\/eiweissarme-mehlmischungen-de\/nizkobielkovinova-mucna-zmes-apromix\/\" \/>\n<meta property=\"og:locale\" content=\"de_DE\" \/>\n<meta property=\"og:type\" content=\"article\" \/>\n<meta property=\"og:title\" content=\"N\u00edzkobielkovinov\u00e1 m\u00fa\u010dna zmes APROMIX - Novalim\" \/>\n<meta property=\"og:description\" content=\"APROMIX\u00ae \u2013 je registrovan\u00e1 ochrann\u00e1 zn\u00e1mka pre n\u00edzkobielkovinov\u00fa m\u00fa\u010dnu zmes. Je vyroben\u00e1 z prirodzene bezlepkov\u00fdch a bezp\u0161eni\u010dn\u00fdch surov\u00edn. Vhodn\u00e1 pre chor\u00fdch na fenylketon\u00fariu. Obsah fenylalan\u00ednu je 16 mg\/100 g. Vhodn\u00fd na pr\u00edpravu n\u00edzkobielkovinov\u00e9ho (aj bezlepkov\u00e9ho) svetl\u00e9ho chleba, pe\u010den\u00e9ho vo forme ako aj na be\u017en\u00e9 po\u017eitie v kuchyni pri pr\u00edprave z\u00e1sma\u017eky, na zahus\u0165ovanie ap.\" \/>\n<meta property=\"og:url\" content=\"https:\/\/www.novalimglutenfree.com\/de\/obchod\/mehl-de\/eiweissarme-mehlmischungen-de\/nizkobielkovinova-mucna-zmes-apromix\/\" \/>\n<meta property=\"og:site_name\" content=\"Novalim\" \/>\n<meta property=\"article:modified_time\" content=\"2018-09-12T09:42:15+00:00\" \/>\n<meta property=\"og:image\" content=\"https:\/\/www.novalimglutenfree.com\/wp-content\/uploads\/2016\/05\/Apromix-1.jpg\" \/>\n\t<meta property=\"og:image:width\" content=\"413\" \/>\n\t<meta property=\"og:image:height\" content=\"618\" \/>\n<meta name=\"twitter:card\" content=\"summary\" \/>\n<meta name=\"twitter:label1\" content=\"Est. reading time\">\n\t<meta name=\"twitter:data1\" content=\"1 minute\">\n<script type=\"application\/ld+json\" class=\"yoast-schema-graph\">{\"@context\":\"https:\/\/schema.org\",\"@graph\":[{\"@type\":\"WebSite\",\"@id\":\"https:\/\/www.novalimglutenfree.com\/de\/#website\",\"url\":\"https:\/\/www.novalimglutenfree.com\/de\/\",\"name\":\"Novalim\",\"description\":\"Bezlepkov\\u00e9 potraviny, bezlepkov\\u00e9 recepty, celiakia, PKU\",\"potentialAction\":[{\"@type\":\"SearchAction\",\"target\":\"https:\/\/www.novalimglutenfree.com\/de\/?s={search_term_string}\",\"query-input\":\"required name=search_term_string\"}],\"inLanguage\":\"de-DE\"},{\"@type\":\"ImageObject\",\"@id\":\"https:\/\/www.novalimglutenfree.com\/de\/obchod\/mehl-de\/eiweissarme-mehlmischungen-de\/nizkobielkovinova-mucna-zmes-apromix\/#primaryimage\",\"inLanguage\":\"de-DE\",\"url\":\"https:\/\/www.novalimglutenfree.com\/wp-content\/uploads\/2016\/05\/Apromix-1.jpg\",\"width\":413,\"height\":618},{\"@type\":\"WebPage\",\"@id\":\"https:\/\/www.novalimglutenfree.com\/de\/obchod\/mehl-de\/eiweissarme-mehlmischungen-de\/nizkobielkovinova-mucna-zmes-apromix\/#webpage\",\"url\":\"https:\/\/www.novalimglutenfree.com\/de\/obchod\/mehl-de\/eiweissarme-mehlmischungen-de\/nizkobielkovinova-mucna-zmes-apromix\/\",\"name\":\"N\\u00edzkobielkovinov\\u00e1 m\\u00fa\\u010dna zmes APROMIX - Novalim\",\"isPartOf\":{\"@id\":\"https:\/\/www.novalimglutenfree.com\/de\/#website\"},\"primaryImageOfPage\":{\"@id\":\"https:\/\/www.novalimglutenfree.com\/de\/obchod\/mehl-de\/eiweissarme-mehlmischungen-de\/nizkobielkovinova-mucna-zmes-apromix\/#primaryimage\"},\"datePublished\":\"2016-05-06T07:41:00+00:00\",\"dateModified\":\"2018-09-12T09:42:15+00:00\",\"inLanguage\":\"de-DE\",\"potentialAction\":[{\"@type\":\"ReadAction\",\"target\":[\"https:\/\/www.novalimglutenfree.com\/de\/obchod\/mehl-de\/eiweissarme-mehlmischungen-de\/nizkobielkovinova-mucna-zmes-apromix\/\"]}]}]}<\/script>\n<!-- \/ Yoast SEO plugin. -->","_links":{"self":[{"href":"https:\/\/www.novalimglutenfree.com\/de\/wp-json\/wp\/v2\/product\/3098"}],"collection":[{"href":"https:\/\/www.novalimglutenfree.com\/de\/wp-json\/wp\/v2\/product"}],"about":[{"href":"https:\/\/www.novalimglutenfree.com\/de\/wp-json\/wp\/v2\/types\/product"}],"replies":[{"embeddable":true,"href":"https:\/\/www.novalimglutenfree.com\/de\/wp-json\/wp\/v2\/comments?post=3098"}],"version-history":[{"count":0,"href":"https:\/\/www.novalimglutenfree.com\/de\/wp-json\/wp\/v2\/product\/3098\/revisions"}],"wp:featuredmedia":[{"embeddable":true,"href":"https:\/\/www.novalimglutenfree.com\/de\/wp-json\/wp\/v2\/media\/3099"}],"wp:attachment":[{"href":"https:\/\/www.novalimglutenfree.com\/de\/wp-json\/wp\/v2\/media?parent=3098"}],"curies":[{"name":"wp","href":"https:\/\/api.w.org\/{rel}","templated":true}]}}