{"id":3072,"date":"2016-05-06T09:40:46","date_gmt":"2016-05-06T07:40:46","guid":{"rendered":"http:\/\/novalimglutenfree.com\/de\/obchod\/uncategorized\/bezlepkove-oblatkove-rezy-smotanove\/"},"modified":"2016-05-31T10:59:39","modified_gmt":"2016-05-31T08:59:39","slug":"glutenfreie-waffelschnitte-mit-sahnefuellung","status":"publish","type":"product","link":"https:\/\/www.novalimglutenfree.com\/de\/obchod\/keksy-muesli-sneky-de\/bezlepkove-trvanlive-pecivo-de\/glutenfreie-waffelschnitte-mit-sahnefuellung\/","title":{"rendered":"Glutenfreie Waffelschnitte mit Sahnef\u00fcllung"},"content":{"rendered":"<p>GLUTENFREIE WAFFELN mit Milchsahnef\u00fcllung  und mit Schokolade am oben \u00fcberzogen.<br \/>\nVerpackung: 40g<\/p>\n<p>Produkt-Information:<\/p>\n<p>Zutaten:<br \/>\n Maisst\u00e4rke, modifizierte Maisst\u00e4rke, geh\u00e4rtetes Pflanzenfett, Zucker, Milchprodukte, Pflanzen\u00f6l, Schokoladenmasse, Guarkernmehl, Emulgator Lecithin, Sahnearoma.<br \/>\n100 g des Produktes enthalten durchschnittlich:<br \/>\n 1 g Eiwei\u00df, 67,8 g Kohlenhydrate und 27,7 Gramm Fett<\/p>\n<p>Brennwert:<br \/>\n 2257 kJ\/100 g<\/p>\n","protected":false},"excerpt":{"rendered":"<p>GLUTENFREIE WAFFELN mit Milchsahnef\u00fcllung  und mit Schokolade am oben \u00fcberzogen. <\/p>\n","protected":false},"featured_media":3076,"comment_status":"closed","ping_status":"closed","template":"","meta":[],"yoast_head":"<!-- This site is optimized with the Yoast SEO plugin v15.7 - https:\/\/yoast.com\/wordpress\/plugins\/seo\/ -->\n<title>Glutenfreie Waffelschnitte mit Sahnef\u00fcllung - Novalim<\/title>\n<meta name=\"robots\" content=\"index, follow, max-snippet:-1, max-image-preview:large, max-video-preview:-1\" \/>\n<link rel=\"canonical\" href=\"https:\/\/www.novalimglutenfree.com\/de\/obchod\/keksy-muesli-sneky-de\/bezlepkove-trvanlive-pecivo-de\/glutenfreie-waffelschnitte-mit-sahnefuellung\/\" \/>\n<meta property=\"og:locale\" content=\"de_DE\" \/>\n<meta property=\"og:type\" content=\"article\" \/>\n<meta property=\"og:title\" content=\"Glutenfreie Waffelschnitte mit Sahnef\u00fcllung - Novalim\" \/>\n<meta property=\"og:description\" content=\"GLUTENFREIE WAFFELN mit Milchsahnef\u00fcllung und mit Schokolade am oben \u00fcberzogen.\" \/>\n<meta property=\"og:url\" content=\"https:\/\/www.novalimglutenfree.com\/de\/obchod\/keksy-muesli-sneky-de\/bezlepkove-trvanlive-pecivo-de\/glutenfreie-waffelschnitte-mit-sahnefuellung\/\" \/>\n<meta property=\"og:site_name\" content=\"Novalim\" \/>\n<meta property=\"article:modified_time\" content=\"2016-05-31T08:59:39+00:00\" \/>\n<meta property=\"og:image\" content=\"https:\/\/www.novalimglutenfree.com\/wp-content\/uploads\/2016\/05\/rev-coc.jpg\" \/>\n\t<meta property=\"og:image:width\" content=\"926\" \/>\n\t<meta property=\"og:image:height\" content=\"618\" \/>\n<meta name=\"twitter:card\" content=\"summary\" \/>\n<script type=\"application\/ld+json\" class=\"yoast-schema-graph\">{\"@context\":\"https:\/\/schema.org\",\"@graph\":[{\"@type\":\"WebSite\",\"@id\":\"https:\/\/www.novalimglutenfree.com\/de\/#website\",\"url\":\"https:\/\/www.novalimglutenfree.com\/de\/\",\"name\":\"Novalim\",\"description\":\"Bezlepkov\\u00e9 potraviny, bezlepkov\\u00e9 recepty, celiakia, PKU\",\"potentialAction\":[{\"@type\":\"SearchAction\",\"target\":\"https:\/\/www.novalimglutenfree.com\/de\/?s={search_term_string}\",\"query-input\":\"required name=search_term_string\"}],\"inLanguage\":\"de-DE\"},{\"@type\":\"ImageObject\",\"@id\":\"https:\/\/www.novalimglutenfree.com\/de\/obchod\/keksy-muesli-sneky-de\/bezlepkove-trvanlive-pecivo-de\/glutenfreie-waffelschnitte-mit-sahnefuellung\/#primaryimage\",\"inLanguage\":\"de-DE\",\"url\":\"https:\/\/www.novalimglutenfree.com\/wp-content\/uploads\/2016\/05\/rev-coc.jpg\",\"width\":926,\"height\":618},{\"@type\":\"WebPage\",\"@id\":\"https:\/\/www.novalimglutenfree.com\/de\/obchod\/keksy-muesli-sneky-de\/bezlepkove-trvanlive-pecivo-de\/glutenfreie-waffelschnitte-mit-sahnefuellung\/#webpage\",\"url\":\"https:\/\/www.novalimglutenfree.com\/de\/obchod\/keksy-muesli-sneky-de\/bezlepkove-trvanlive-pecivo-de\/glutenfreie-waffelschnitte-mit-sahnefuellung\/\",\"name\":\"Glutenfreie Waffelschnitte mit Sahnef\\u00fcllung - Novalim\",\"isPartOf\":{\"@id\":\"https:\/\/www.novalimglutenfree.com\/de\/#website\"},\"primaryImageOfPage\":{\"@id\":\"https:\/\/www.novalimglutenfree.com\/de\/obchod\/keksy-muesli-sneky-de\/bezlepkove-trvanlive-pecivo-de\/glutenfreie-waffelschnitte-mit-sahnefuellung\/#primaryimage\"},\"datePublished\":\"2016-05-06T07:40:46+00:00\",\"dateModified\":\"2016-05-31T08:59:39+00:00\",\"inLanguage\":\"de-DE\",\"potentialAction\":[{\"@type\":\"ReadAction\",\"target\":[\"https:\/\/www.novalimglutenfree.com\/de\/obchod\/keksy-muesli-sneky-de\/bezlepkove-trvanlive-pecivo-de\/glutenfreie-waffelschnitte-mit-sahnefuellung\/\"]}]}]}<\/script>\n<!-- \/ Yoast SEO plugin. -->","_links":{"self":[{"href":"https:\/\/www.novalimglutenfree.com\/de\/wp-json\/wp\/v2\/product\/3072"}],"collection":[{"href":"https:\/\/www.novalimglutenfree.com\/de\/wp-json\/wp\/v2\/product"}],"about":[{"href":"https:\/\/www.novalimglutenfree.com\/de\/wp-json\/wp\/v2\/types\/product"}],"replies":[{"embeddable":true,"href":"https:\/\/www.novalimglutenfree.com\/de\/wp-json\/wp\/v2\/comments?post=3072"}],"version-history":[{"count":0,"href":"https:\/\/www.novalimglutenfree.com\/de\/wp-json\/wp\/v2\/product\/3072\/revisions"}],"wp:featuredmedia":[{"embeddable":true,"href":"https:\/\/www.novalimglutenfree.com\/de\/wp-json\/wp\/v2\/media\/3076"}],"wp:attachment":[{"href":"https:\/\/www.novalimglutenfree.com\/de\/wp-json\/wp\/v2\/media?parent=3072"}],"curies":[{"name":"wp","href":"https:\/\/api.w.org\/{rel}","templated":true}]}}