{"id":2308,"date":"2016-05-06T09:41:13","date_gmt":"2016-05-06T07:41:13","guid":{"rendered":"http:\/\/novalimglutenfree.com\/de\/obchod\/tosty-bezlepkovy-chlieb-toastovy-200g\/"},"modified":"2018-09-21T10:07:47","modified_gmt":"2018-09-21T08:07:47","slug":"tosty-bezlepkovy-chlieb-toastovy-200g","status":"publish","type":"product","link":"https:\/\/www.novalimglutenfree.com\/de\/obchod\/brot-geback-knodel-de\/glutenfreies-brot-geback-knodel-de\/tosty-bezlepkovy-chlieb-toastovy-200g\/","title":{"rendered":"TOSTY-bezglut\u00e9nov\u00fd chlieb toastov\u00fd, 200g"},"content":{"rendered":"<p>TOSTY-bezglut\u00e9nov\u00fd chlieb toastov\u00fd svetl\u00fd trvanliv\u00fd &#8211; svetl\u00fd bezglu\u00e9nov\u00fd chlieb jemnej \u0161trukt\u00fary,pe\u010den\u00fd vo forme.<br \/>\nPotravina ur\u010den\u00e1 aj pre zvl\u00e1\u0161tnu v\u00fd\u017eivu, pre osoby s nezn\u00e1\u0161anlivos\u0165ou lepku. Vyroben\u00e1 z <strong>prirodzene bezlepkov\u00fdch<\/strong> a bezp\u0161eni\u010dn\u00fdch surov\u00edn.<\/p>\n<p>Balen\u00fd v ochrannej atmosf\u00e9re.<br \/>\nTrvanlivos\u0165 60 dn\u00ed<br \/>\nBalenie: 200g<\/p>\n<p><strong>Inform\u00e1cie o v\u00fdrobku:<\/strong><\/p>\n<p>Zlo\u017eenie: voda, kukuri\u010dn\u00fd \u0161krob, ry\u017eov\u00e1 m\u00faka, rastlinn\u00fd tuk, dextr\u00f3za, dro\u017edie,\u00a0 zahus\u0165ovadlo: hydroxypropyl-metyl celul\u00f3za, hrachov\u00e1 bielkovina, zemiakov\u00e1 m\u00faka, rastlinn\u00e1 vl\u00e1knina, jedl\u00e1 so\u013e, fermentovan\u00fd cukor.<br \/>\n(glut\u00e9n &lt; 20 mg\/kg)<\/p>\n<p>100 g v\u00fdrobku priemerne obsahuje:<br \/>\n<strong>Energetick\u00e1 hodnota:<\/strong> 983 kJ, 235 kcal;<strong> Tuky:<\/strong> 2,7; <strong>Sacharidy:<\/strong> 58 g; <strong>Bielkoviny:<\/strong> 2,3 g;<\/p>\n","protected":false},"excerpt":{"rendered":"<p>TOSTY-bezglut\u00e9nov\u00fd chlieb toastov\u00fd svetl\u00fd trvanliv\u00fd &#8211; svetl\u00fd bezglu\u00e9nov\u00fd chlieb jemnej \u0161trukt\u00fary,pe\u010den\u00fd vo forme.<br \/>\nPotravina ur\u010den\u00e1 aj pre zvl\u00e1\u0161tnu v\u00fd\u017eivu, pre osoby s nezn\u00e1\u0161anlivos\u0165ou lepku. Vyroben\u00e1 z <strong>prirodzene bezlepkov\u00fdch<\/strong> a bezp\u0161eni\u010dn\u00fdch surov\u00edn.<\/p>\n<p>Balen\u00fd v ochrannej atmosf\u00e9re.<br \/>\nTrvanlivos\u0165 60 dn\u00ed<br \/>\nBalenie: 200g<\/p>\n","protected":false},"featured_media":2297,"comment_status":"closed","ping_status":"closed","template":"","meta":[],"yoast_head":"<!-- This site is optimized with the Yoast SEO plugin v15.7 - https:\/\/yoast.com\/wordpress\/plugins\/seo\/ -->\n<title>TOSTY-bezglut\u00e9nov\u00fd chlieb toastov\u00fd, 200g - Novalim<\/title>\n<meta name=\"robots\" content=\"index, follow, max-snippet:-1, max-image-preview:large, max-video-preview:-1\" \/>\n<link rel=\"canonical\" href=\"https:\/\/www.novalimglutenfree.com\/de\/obchod\/brot-geback-knodel-de\/glutenfreies-brot-geback-knodel-de\/tosty-bezlepkovy-chlieb-toastovy-200g\/\" \/>\n<meta property=\"og:locale\" content=\"de_DE\" \/>\n<meta property=\"og:type\" content=\"article\" \/>\n<meta property=\"og:title\" content=\"TOSTY-bezglut\u00e9nov\u00fd chlieb toastov\u00fd, 200g - Novalim\" \/>\n<meta property=\"og:description\" content=\"TOSTY-bezglut\u00e9nov\u00fd chlieb toastov\u00fd svetl\u00fd trvanliv\u00fd - svetl\u00fd bezglu\u00e9nov\u00fd chlieb jemnej \u0161trukt\u00fary,pe\u010den\u00fd vo forme.  Potravina ur\u010den\u00e1 aj pre zvl\u00e1\u0161tnu v\u00fd\u017eivu, pre osoby s nezn\u00e1\u0161anlivos\u0165ou lepku. Vyroben\u00e1 z prirodzene bezlepkov\u00fdch a bezp\u0161eni\u010dn\u00fdch surov\u00edn.  Balen\u00fd v ochrannej atmosf\u00e9re. Trvanlivos\u0165 60 dn\u00ed Balenie: 200g\" \/>\n<meta property=\"og:url\" content=\"https:\/\/www.novalimglutenfree.com\/de\/obchod\/brot-geback-knodel-de\/glutenfreies-brot-geback-knodel-de\/tosty-bezlepkovy-chlieb-toastovy-200g\/\" \/>\n<meta property=\"og:site_name\" content=\"Novalim\" \/>\n<meta property=\"article:modified_time\" content=\"2018-09-21T08:07:47+00:00\" \/>\n<meta property=\"og:image\" content=\"https:\/\/www.novalimglutenfree.com\/wp-content\/uploads\/2016\/05\/Tosty-200g.jpg\" \/>\n\t<meta property=\"og:image:width\" content=\"413\" \/>\n\t<meta property=\"og:image:height\" content=\"618\" \/>\n<meta name=\"twitter:card\" content=\"summary\" \/>\n<meta name=\"twitter:label1\" content=\"Est. reading time\">\n\t<meta name=\"twitter:data1\" content=\"1 minute\">\n<script type=\"application\/ld+json\" class=\"yoast-schema-graph\">{\"@context\":\"https:\/\/schema.org\",\"@graph\":[{\"@type\":\"WebSite\",\"@id\":\"https:\/\/www.novalimglutenfree.com\/de\/#website\",\"url\":\"https:\/\/www.novalimglutenfree.com\/de\/\",\"name\":\"Novalim\",\"description\":\"Bezlepkov\\u00e9 potraviny, bezlepkov\\u00e9 recepty, celiakia, PKU\",\"potentialAction\":[{\"@type\":\"SearchAction\",\"target\":\"https:\/\/www.novalimglutenfree.com\/de\/?s={search_term_string}\",\"query-input\":\"required name=search_term_string\"}],\"inLanguage\":\"de-DE\"},{\"@type\":\"ImageObject\",\"@id\":\"https:\/\/www.novalimglutenfree.com\/de\/obchod\/brot-geback-knodel-de\/glutenfreies-brot-geback-knodel-de\/tosty-bezlepkovy-chlieb-toastovy-200g\/#primaryimage\",\"inLanguage\":\"de-DE\",\"url\":\"https:\/\/www.novalimglutenfree.com\/wp-content\/uploads\/2016\/05\/Tosty-200g.jpg\",\"width\":413,\"height\":618},{\"@type\":\"WebPage\",\"@id\":\"https:\/\/www.novalimglutenfree.com\/de\/obchod\/brot-geback-knodel-de\/glutenfreies-brot-geback-knodel-de\/tosty-bezlepkovy-chlieb-toastovy-200g\/#webpage\",\"url\":\"https:\/\/www.novalimglutenfree.com\/de\/obchod\/brot-geback-knodel-de\/glutenfreies-brot-geback-knodel-de\/tosty-bezlepkovy-chlieb-toastovy-200g\/\",\"name\":\"TOSTY-bezglut\\u00e9nov\\u00fd chlieb toastov\\u00fd, 200g - Novalim\",\"isPartOf\":{\"@id\":\"https:\/\/www.novalimglutenfree.com\/de\/#website\"},\"primaryImageOfPage\":{\"@id\":\"https:\/\/www.novalimglutenfree.com\/de\/obchod\/brot-geback-knodel-de\/glutenfreies-brot-geback-knodel-de\/tosty-bezlepkovy-chlieb-toastovy-200g\/#primaryimage\"},\"datePublished\":\"2016-05-06T07:41:13+00:00\",\"dateModified\":\"2018-09-21T08:07:47+00:00\",\"inLanguage\":\"de-DE\",\"potentialAction\":[{\"@type\":\"ReadAction\",\"target\":[\"https:\/\/www.novalimglutenfree.com\/de\/obchod\/brot-geback-knodel-de\/glutenfreies-brot-geback-knodel-de\/tosty-bezlepkovy-chlieb-toastovy-200g\/\"]}]}]}<\/script>\n<!-- \/ Yoast SEO plugin. -->","_links":{"self":[{"href":"https:\/\/www.novalimglutenfree.com\/de\/wp-json\/wp\/v2\/product\/2308"}],"collection":[{"href":"https:\/\/www.novalimglutenfree.com\/de\/wp-json\/wp\/v2\/product"}],"about":[{"href":"https:\/\/www.novalimglutenfree.com\/de\/wp-json\/wp\/v2\/types\/product"}],"replies":[{"embeddable":true,"href":"https:\/\/www.novalimglutenfree.com\/de\/wp-json\/wp\/v2\/comments?post=2308"}],"version-history":[{"count":0,"href":"https:\/\/www.novalimglutenfree.com\/de\/wp-json\/wp\/v2\/product\/2308\/revisions"}],"wp:featuredmedia":[{"embeddable":true,"href":"https:\/\/www.novalimglutenfree.com\/de\/wp-json\/wp\/v2\/media\/2297"}],"wp:attachment":[{"href":"https:\/\/www.novalimglutenfree.com\/de\/wp-json\/wp\/v2\/media?parent=2308"}],"curies":[{"name":"wp","href":"https:\/\/api.w.org\/{rel}","templated":true}]}}