{"id":2271,"date":"2016-05-06T09:41:00","date_gmt":"2016-05-06T07:41:00","guid":{"rendered":"http:\/\/novalimglutenfree.com\/de\/obchod\/nizkobielkovinove-cestoviny-aprocel-fliacky-vezke\/"},"modified":"2016-05-31T12:02:37","modified_gmt":"2016-05-31T10:02:37","slug":"eiweissarme-teigwaren-aprocel-grosse-fleckerl","status":"publish","type":"product","link":"https:\/\/www.novalimglutenfree.com\/de\/obchod\/teigwaren-de\/eiweissarme-teigwaren-de\/eiweissarme-teigwaren-aprocel-grosse-fleckerl\/","title":{"rendered":"Eiweissarme Teigwaren APROCEL-grosse Fleckerl"},"content":{"rendered":"<p>APROCEL \u00ae ist ein eingetragenes Warenzeichen von eiweissarmen Teigwaren. Der Proteingehalt von maximal 0,5 g\/100 g, Phenylalanin max. 20 mg\/100 g.  Teigwaren werden in einem weiten Bereich hergestellt.<br \/>\nWir bieten die folgenden Formen:<br \/>\n Nudeln, Nudeln Alphabet, Muscheln, Knoten gro\u00dfe und kleine, gro\u00dfe und kleine Patches, tarho\u0148a, Spiralen, Spaghetti.<br \/>\n Alle Teigwaren sind 12-monatige Haltbarkeit.<\/p>\n<p>Verpackung: 250g<\/p>\n<p>Produkt-Information:<\/p>\n<p>Zutaten:<br \/>\n Maisst\u00e4rke, modifizierte Maisst\u00e4rke, Emulgator: E471, E100 nat\u00fcrliche Farbe<br \/>\n100 g des Produktes enthalten durchschnittlich:<br \/>\n 0,40 g Eiwei\u00df, 87,70 g Kohlenhydrate und 1,40 g Fett<\/p>\n<p>Brennwert:<br \/>\n 1520 kJ<\/p>\n","protected":false},"excerpt":{"rendered":"<p>APROCEL \u00ae ist ein eingetragenes Warenzeichen von eiweissarmen Teigwaren. Der Proteingehalt von maximal 0,5 g\/100 g, Phenylalanin max. 20 mg\/100 g.  Teigwaren werden in einem weiten Bereich hergestellt. <\/p>\n","protected":false},"featured_media":2220,"comment_status":"closed","ping_status":"closed","template":"","meta":[],"yoast_head":"<!-- This site is optimized with the Yoast SEO plugin v15.7 - https:\/\/yoast.com\/wordpress\/plugins\/seo\/ -->\n<title>Eiweissarme Teigwaren APROCEL-grosse Fleckerl - Novalim<\/title>\n<meta name=\"robots\" content=\"index, follow, max-snippet:-1, max-image-preview:large, max-video-preview:-1\" \/>\n<link rel=\"canonical\" href=\"https:\/\/www.novalimglutenfree.com\/de\/obchod\/teigwaren-de\/eiweissarme-teigwaren-de\/eiweissarme-teigwaren-aprocel-grosse-fleckerl\/\" \/>\n<meta property=\"og:locale\" content=\"de_DE\" \/>\n<meta property=\"og:type\" content=\"article\" \/>\n<meta property=\"og:title\" content=\"Eiweissarme Teigwaren APROCEL-grosse Fleckerl - Novalim\" \/>\n<meta property=\"og:description\" content=\"APROCEL \u00ae ist ein eingetragenes Warenzeichen von eiweissarmen Teigwaren. Der Proteingehalt von maximal 0,5 g\/100 g, Phenylalanin max. 20 mg\/100 g. Teigwaren werden in einem weiten Bereich hergestellt.\" \/>\n<meta property=\"og:url\" content=\"https:\/\/www.novalimglutenfree.com\/de\/obchod\/teigwaren-de\/eiweissarme-teigwaren-de\/eiweissarme-teigwaren-aprocel-grosse-fleckerl\/\" \/>\n<meta property=\"og:site_name\" content=\"Novalim\" \/>\n<meta property=\"article:modified_time\" content=\"2016-05-31T10:02:37+00:00\" \/>\n<meta property=\"og:image\" content=\"https:\/\/www.novalimglutenfree.com\/wp-content\/uploads\/2016\/05\/Aprocel-3.jpg\" \/>\n\t<meta property=\"og:image:width\" content=\"456\" \/>\n\t<meta property=\"og:image:height\" content=\"617\" \/>\n<meta name=\"twitter:card\" content=\"summary\" \/>\n<script type=\"application\/ld+json\" class=\"yoast-schema-graph\">{\"@context\":\"https:\/\/schema.org\",\"@graph\":[{\"@type\":\"WebSite\",\"@id\":\"https:\/\/www.novalimglutenfree.com\/de\/#website\",\"url\":\"https:\/\/www.novalimglutenfree.com\/de\/\",\"name\":\"Novalim\",\"description\":\"Bezlepkov\\u00e9 potraviny, bezlepkov\\u00e9 recepty, celiakia, PKU\",\"potentialAction\":[{\"@type\":\"SearchAction\",\"target\":\"https:\/\/www.novalimglutenfree.com\/de\/?s={search_term_string}\",\"query-input\":\"required name=search_term_string\"}],\"inLanguage\":\"de-DE\"},{\"@type\":\"ImageObject\",\"@id\":\"https:\/\/www.novalimglutenfree.com\/de\/obchod\/teigwaren-de\/eiweissarme-teigwaren-de\/eiweissarme-teigwaren-aprocel-grosse-fleckerl\/#primaryimage\",\"inLanguage\":\"de-DE\",\"url\":\"https:\/\/www.novalimglutenfree.com\/wp-content\/uploads\/2016\/05\/Aprocel-3.jpg\",\"width\":456,\"height\":617},{\"@type\":\"WebPage\",\"@id\":\"https:\/\/www.novalimglutenfree.com\/de\/obchod\/teigwaren-de\/eiweissarme-teigwaren-de\/eiweissarme-teigwaren-aprocel-grosse-fleckerl\/#webpage\",\"url\":\"https:\/\/www.novalimglutenfree.com\/de\/obchod\/teigwaren-de\/eiweissarme-teigwaren-de\/eiweissarme-teigwaren-aprocel-grosse-fleckerl\/\",\"name\":\"Eiweissarme Teigwaren APROCEL-grosse Fleckerl - Novalim\",\"isPartOf\":{\"@id\":\"https:\/\/www.novalimglutenfree.com\/de\/#website\"},\"primaryImageOfPage\":{\"@id\":\"https:\/\/www.novalimglutenfree.com\/de\/obchod\/teigwaren-de\/eiweissarme-teigwaren-de\/eiweissarme-teigwaren-aprocel-grosse-fleckerl\/#primaryimage\"},\"datePublished\":\"2016-05-06T07:41:00+00:00\",\"dateModified\":\"2016-05-31T10:02:37+00:00\",\"inLanguage\":\"de-DE\",\"potentialAction\":[{\"@type\":\"ReadAction\",\"target\":[\"https:\/\/www.novalimglutenfree.com\/de\/obchod\/teigwaren-de\/eiweissarme-teigwaren-de\/eiweissarme-teigwaren-aprocel-grosse-fleckerl\/\"]}]}]}<\/script>\n<!-- \/ Yoast SEO plugin. -->","_links":{"self":[{"href":"https:\/\/www.novalimglutenfree.com\/de\/wp-json\/wp\/v2\/product\/2271"}],"collection":[{"href":"https:\/\/www.novalimglutenfree.com\/de\/wp-json\/wp\/v2\/product"}],"about":[{"href":"https:\/\/www.novalimglutenfree.com\/de\/wp-json\/wp\/v2\/types\/product"}],"replies":[{"embeddable":true,"href":"https:\/\/www.novalimglutenfree.com\/de\/wp-json\/wp\/v2\/comments?post=2271"}],"version-history":[{"count":0,"href":"https:\/\/www.novalimglutenfree.com\/de\/wp-json\/wp\/v2\/product\/2271\/revisions"}],"wp:featuredmedia":[{"embeddable":true,"href":"https:\/\/www.novalimglutenfree.com\/de\/wp-json\/wp\/v2\/media\/2220"}],"wp:attachment":[{"href":"https:\/\/www.novalimglutenfree.com\/de\/wp-json\/wp\/v2\/media?parent=2271"}],"curies":[{"name":"wp","href":"https:\/\/api.w.org\/{rel}","templated":true}]}}