{"id":2060,"date":"2016-05-06T09:40:34","date_gmt":"2016-05-06T07:40:34","guid":{"rendered":"http:\/\/novalimglutenfree.com\/obchod\/promix-forte\/"},"modified":"2016-05-17T22:18:01","modified_gmt":"2016-05-17T20:18:01","slug":"promix-forte-starke-glutenfreie-mehlmischung","status":"publish","type":"product","link":"https:\/\/www.novalimglutenfree.com\/de\/obchod\/mehl-de\/glutenfreie-mehlmischungen-de\/promix-forte-starke-glutenfreie-mehlmischung\/","title":{"rendered":"PROMIX -forte, starke glutenfreie Mehlmischung"},"content":{"rendered":"<p><span id=\"result_box\">PROMIX<\/span>-FORTE \u00ae &#8211; eine einzigartige Mehlmischung f\u00fcr eine schnelle Arbeit und ein leckeres Milchbrot und Gab\u00e4ck. F\u00fcr die schnellste Bereitung braucht man nur\u00a0 Backpulver (ohne Hefe ung Gare) &#8211; backen Sie f\u00fcr ungef\u00e4hr 20 Minuten bei 160 \u00b0 C, ca. 5 Minuten nach Bereitung des Teiges Produkte.<\/p>\n<p> Verpackung: 1 kg<\/p>\n<p> Product Information:<br \/> Zutaten:<br \/> Kartoffelst\u00e4rke, Maisst\u00e4rke, Tapioka St\u00e4rke, modifizierte Maisst\u00e4rke, getrocknete Molke, Mais Maltodextrin, entfettetes Sojamehl, Bambusfaser, Verdickungsmittel: Guarkernmehl und E466, Emulgator E471<\/p>\n<p> 100 g des Produktes enthalten durchschnittlich:<br \/> 2,0 g Protein, 87,7 Gramm Kohlenhydrate und 1,1 g Fett<\/p>\n<p> Energie:<br \/> 1578 kJ, 377,5 kcal<\/p>\n","protected":false},"excerpt":{"rendered":"<p>eine einzigartige Mehlmischung f\u00fcr eine schnelle Arbeit und ein leckeres Milchbrot und Gab\u00e4ck. F\u00fcr die schnellste Bereitung braucht man nur\u00a0 Backpulver (ohne Hefe ung Gare) &#8211; backen Sie f\u00fcr ungef\u00e4hr 20 Minuten bei 160 \u00b0 C, ca. 5 Minuten nach Bereitung des Teiges Produkte.<\/p>\n","protected":false},"featured_media":2061,"comment_status":"closed","ping_status":"closed","template":"","meta":[],"yoast_head":"<!-- This site is optimized with the Yoast SEO plugin v15.7 - https:\/\/yoast.com\/wordpress\/plugins\/seo\/ -->\n<title>PROMIX -forte, starke glutenfreie Mehlmischung - Novalim<\/title>\n<meta name=\"robots\" content=\"index, follow, max-snippet:-1, max-image-preview:large, max-video-preview:-1\" \/>\n<link rel=\"canonical\" href=\"https:\/\/www.novalimglutenfree.com\/de\/obchod\/mehl-de\/glutenfreie-mehlmischungen-de\/promix-forte-starke-glutenfreie-mehlmischung\/\" \/>\n<meta property=\"og:locale\" content=\"de_DE\" \/>\n<meta property=\"og:type\" content=\"article\" \/>\n<meta property=\"og:title\" content=\"PROMIX -forte, starke glutenfreie Mehlmischung - Novalim\" \/>\n<meta property=\"og:description\" content=\"eine einzigartige Mehlmischung f\u00fcr eine schnelle Arbeit und ein leckeres Milchbrot und Gab\u00e4ck. F\u00fcr die schnellste Bereitung braucht man nur\u00a0 Backpulver (ohne Hefe ung Gare) - backen Sie f\u00fcr ungef\u00e4hr 20 Minuten bei 160 \u00b0 C, ca. 5 Minuten nach Bereitung des Teiges Produkte.\" \/>\n<meta property=\"og:url\" content=\"https:\/\/www.novalimglutenfree.com\/de\/obchod\/mehl-de\/glutenfreie-mehlmischungen-de\/promix-forte-starke-glutenfreie-mehlmischung\/\" \/>\n<meta property=\"og:site_name\" content=\"Novalim\" \/>\n<meta property=\"article:modified_time\" content=\"2016-05-17T20:18:01+00:00\" \/>\n<meta property=\"og:image\" content=\"https:\/\/www.novalimglutenfree.com\/wp-content\/uploads\/2016\/05\/Promix_Forte.jpg\" \/>\n\t<meta property=\"og:image:width\" content=\"413\" \/>\n\t<meta property=\"og:image:height\" content=\"618\" \/>\n<meta name=\"twitter:card\" content=\"summary\" \/>\n<script type=\"application\/ld+json\" class=\"yoast-schema-graph\">{\"@context\":\"https:\/\/schema.org\",\"@graph\":[{\"@type\":\"WebSite\",\"@id\":\"https:\/\/www.novalimglutenfree.com\/de\/#website\",\"url\":\"https:\/\/www.novalimglutenfree.com\/de\/\",\"name\":\"Novalim\",\"description\":\"Bezlepkov\\u00e9 potraviny, bezlepkov\\u00e9 recepty, celiakia, PKU\",\"potentialAction\":[{\"@type\":\"SearchAction\",\"target\":\"https:\/\/www.novalimglutenfree.com\/de\/?s={search_term_string}\",\"query-input\":\"required name=search_term_string\"}],\"inLanguage\":\"de-DE\"},{\"@type\":\"ImageObject\",\"@id\":\"https:\/\/www.novalimglutenfree.com\/de\/obchod\/mehl-de\/glutenfreie-mehlmischungen-de\/promix-forte-starke-glutenfreie-mehlmischung\/#primaryimage\",\"inLanguage\":\"de-DE\",\"url\":\"https:\/\/www.novalimglutenfree.com\/wp-content\/uploads\/2016\/05\/Promix_Forte.jpg\",\"width\":413,\"height\":618},{\"@type\":\"WebPage\",\"@id\":\"https:\/\/www.novalimglutenfree.com\/de\/obchod\/mehl-de\/glutenfreie-mehlmischungen-de\/promix-forte-starke-glutenfreie-mehlmischung\/#webpage\",\"url\":\"https:\/\/www.novalimglutenfree.com\/de\/obchod\/mehl-de\/glutenfreie-mehlmischungen-de\/promix-forte-starke-glutenfreie-mehlmischung\/\",\"name\":\"PROMIX -forte, starke glutenfreie Mehlmischung - Novalim\",\"isPartOf\":{\"@id\":\"https:\/\/www.novalimglutenfree.com\/de\/#website\"},\"primaryImageOfPage\":{\"@id\":\"https:\/\/www.novalimglutenfree.com\/de\/obchod\/mehl-de\/glutenfreie-mehlmischungen-de\/promix-forte-starke-glutenfreie-mehlmischung\/#primaryimage\"},\"datePublished\":\"2016-05-06T07:40:34+00:00\",\"dateModified\":\"2016-05-17T20:18:01+00:00\",\"inLanguage\":\"de-DE\",\"potentialAction\":[{\"@type\":\"ReadAction\",\"target\":[\"https:\/\/www.novalimglutenfree.com\/de\/obchod\/mehl-de\/glutenfreie-mehlmischungen-de\/promix-forte-starke-glutenfreie-mehlmischung\/\"]}]}]}<\/script>\n<!-- \/ Yoast SEO plugin. -->","_links":{"self":[{"href":"https:\/\/www.novalimglutenfree.com\/de\/wp-json\/wp\/v2\/product\/2060"}],"collection":[{"href":"https:\/\/www.novalimglutenfree.com\/de\/wp-json\/wp\/v2\/product"}],"about":[{"href":"https:\/\/www.novalimglutenfree.com\/de\/wp-json\/wp\/v2\/types\/product"}],"replies":[{"embeddable":true,"href":"https:\/\/www.novalimglutenfree.com\/de\/wp-json\/wp\/v2\/comments?post=2060"}],"version-history":[{"count":0,"href":"https:\/\/www.novalimglutenfree.com\/de\/wp-json\/wp\/v2\/product\/2060\/revisions"}],"wp:featuredmedia":[{"embeddable":true,"href":"https:\/\/www.novalimglutenfree.com\/de\/wp-json\/wp\/v2\/media\/2061"}],"wp:attachment":[{"href":"https:\/\/www.novalimglutenfree.com\/de\/wp-json\/wp\/v2\/media?parent=2060"}],"curies":[{"name":"wp","href":"https:\/\/api.w.org\/{rel}","templated":true}]}}