{"id":1855,"date":"2016-05-06T09:40:34","date_gmt":"2016-05-06T07:40:34","guid":{"rendered":"http:\/\/novalimglutenfree.com\/de\/obchod\/bezlepkovy-pernik-v-prasku\/"},"modified":"2024-01-26T14:37:23","modified_gmt":"2024-01-26T12:37:23","slug":"glutenfreie-lebkuchen-mehlmischung","status":"publish","type":"product","link":"https:\/\/www.novalimglutenfree.com\/de\/obchod\/mehl-de\/glutenfreie-fertige-backmischungen-de\/glutenfreie-lebkuchen-mehlmischung\/","title":{"rendered":"Glutenfreie Lebkuchen Mehlmischung"},"content":{"rendered":"<p><strong>Glutenfreie Lebkuchen Mehlmischung &#8211;<\/strong> Mehl-Gemisch um geformten Lebkuchen vorzubereiten. F\u00fcgen Sie einfach Honig und \u00d6l. Lebkuchen ist geschmeidig weich sofort nach dem Backen.<\/p>\n<p><strong>Verpackung:<\/strong> 400 g<\/p>\n<p><strong>Produkt-Information:<\/strong> Zutaten: Maisst\u00e4rke, Maismehl, Reismehl, modifizierter Tapioka St\u00e4rke, Zucker, Eipulver, Sojamehl, Ingwer Gew\u00fcrze, Backtriebmittel E450, E500<\/p>\n<p><strong>100 g des Produktes enthalten durchschnittlich<\/strong>: 4,8 g Protein, 87,0 Gramm, die charidov und 1,8 Gramm Fett<\/p>\n<p><strong>Energie:<\/strong> 1643 kJ, 391,2 kcal<\/p>\n","protected":false},"excerpt":{"rendered":"<p>Mehl-Gemisch um geformten Lebkuchen vorzubereiten. F\u00fcgen Sie einfach Honig und \u00d6l. Lebkuchen ist geschmeidig weich sofort nach dem Backen.<\/p>\n","protected":false},"featured_media":11098,"comment_status":"closed","ping_status":"closed","template":"","meta":[],"yoast_head":"<!-- This site is optimized with the Yoast SEO plugin v15.7 - https:\/\/yoast.com\/wordpress\/plugins\/seo\/ -->\n<title>Glutenfreie Lebkuchen Mehlmischung - Novalim<\/title>\n<meta name=\"robots\" content=\"index, follow, max-snippet:-1, max-image-preview:large, max-video-preview:-1\" \/>\n<link rel=\"canonical\" href=\"https:\/\/novalimglutenfree.com\/de\/obchod\/mehl-de\/glutenfreie-fertige-backmischungen-de\/glutenfreie-lebkuchen-mehlmischung\/\" \/>\n<meta property=\"og:locale\" content=\"de_DE\" \/>\n<meta property=\"og:type\" content=\"article\" \/>\n<meta property=\"og:title\" content=\"Glutenfreie Lebkuchen Mehlmischung - Novalim\" \/>\n<meta property=\"og:description\" content=\"Mehl-Gemisch um geformten Lebkuchen vorzubereiten. F\u00fcgen Sie einfach Honig und \u00d6l. Lebkuchen ist geschmeidig weich sofort nach dem Backen.\" \/>\n<meta property=\"og:url\" content=\"https:\/\/novalimglutenfree.com\/de\/obchod\/mehl-de\/glutenfreie-fertige-backmischungen-de\/glutenfreie-lebkuchen-mehlmischung\/\" \/>\n<meta property=\"og:site_name\" content=\"Novalim\" \/>\n<meta property=\"article:modified_time\" content=\"2024-01-26T12:37:23+00:00\" \/>\n<meta property=\"og:image\" content=\"https:\/\/www.novalimglutenfree.com\/wp-content\/uploads\/2016\/05\/Pernik_m.png\" \/>\n\t<meta property=\"og:image:width\" content=\"603\" \/>\n\t<meta property=\"og:image:height\" content=\"796\" \/>\n<meta name=\"twitter:card\" content=\"summary\" \/>\n<script type=\"application\/ld+json\" class=\"yoast-schema-graph\">{\"@context\":\"https:\/\/schema.org\",\"@graph\":[{\"@type\":\"WebSite\",\"@id\":\"https:\/\/www.novalimglutenfree.com\/de\/#website\",\"url\":\"https:\/\/www.novalimglutenfree.com\/de\/\",\"name\":\"Novalim\",\"description\":\"Bezlepkov\\u00e9 potraviny, bezlepkov\\u00e9 recepty, celiakia, PKU\",\"potentialAction\":[{\"@type\":\"SearchAction\",\"target\":\"https:\/\/www.novalimglutenfree.com\/de\/?s={search_term_string}\",\"query-input\":\"required name=search_term_string\"}],\"inLanguage\":\"de-DE\"},{\"@type\":\"ImageObject\",\"@id\":\"https:\/\/novalimglutenfree.com\/de\/obchod\/mehl-de\/glutenfreie-fertige-backmischungen-de\/glutenfreie-lebkuchen-mehlmischung\/#primaryimage\",\"inLanguage\":\"de-DE\",\"url\":\"https:\/\/www.novalimglutenfree.com\/wp-content\/uploads\/2016\/05\/Pernik_m.png\",\"width\":603,\"height\":796},{\"@type\":\"WebPage\",\"@id\":\"https:\/\/novalimglutenfree.com\/de\/obchod\/mehl-de\/glutenfreie-fertige-backmischungen-de\/glutenfreie-lebkuchen-mehlmischung\/#webpage\",\"url\":\"https:\/\/novalimglutenfree.com\/de\/obchod\/mehl-de\/glutenfreie-fertige-backmischungen-de\/glutenfreie-lebkuchen-mehlmischung\/\",\"name\":\"Glutenfreie Lebkuchen Mehlmischung - Novalim\",\"isPartOf\":{\"@id\":\"https:\/\/www.novalimglutenfree.com\/de\/#website\"},\"primaryImageOfPage\":{\"@id\":\"https:\/\/novalimglutenfree.com\/de\/obchod\/mehl-de\/glutenfreie-fertige-backmischungen-de\/glutenfreie-lebkuchen-mehlmischung\/#primaryimage\"},\"datePublished\":\"2016-05-06T07:40:34+00:00\",\"dateModified\":\"2024-01-26T12:37:23+00:00\",\"inLanguage\":\"de-DE\",\"potentialAction\":[{\"@type\":\"ReadAction\",\"target\":[\"https:\/\/novalimglutenfree.com\/de\/obchod\/mehl-de\/glutenfreie-fertige-backmischungen-de\/glutenfreie-lebkuchen-mehlmischung\/\"]}]}]}<\/script>\n<!-- \/ Yoast SEO plugin. -->","_links":{"self":[{"href":"https:\/\/www.novalimglutenfree.com\/de\/wp-json\/wp\/v2\/product\/1855"}],"collection":[{"href":"https:\/\/www.novalimglutenfree.com\/de\/wp-json\/wp\/v2\/product"}],"about":[{"href":"https:\/\/www.novalimglutenfree.com\/de\/wp-json\/wp\/v2\/types\/product"}],"replies":[{"embeddable":true,"href":"https:\/\/www.novalimglutenfree.com\/de\/wp-json\/wp\/v2\/comments?post=1855"}],"version-history":[{"count":0,"href":"https:\/\/www.novalimglutenfree.com\/de\/wp-json\/wp\/v2\/product\/1855\/revisions"}],"wp:featuredmedia":[{"embeddable":true,"href":"https:\/\/www.novalimglutenfree.com\/de\/wp-json\/wp\/v2\/media\/11098"}],"wp:attachment":[{"href":"https:\/\/www.novalimglutenfree.com\/de\/wp-json\/wp\/v2\/media?parent=1855"}],"curies":[{"name":"wp","href":"https:\/\/api.w.org\/{rel}","templated":true}]}}