{"id":1867,"date":"2016-05-07T21:06:43","date_gmt":"2016-05-07T19:06:43","guid":{"rendered":"http:\/\/novalimglutenfree.com\/de\/o-novalim\/"},"modified":"2016-05-25T21:17:38","modified_gmt":"2016-05-25T19:17:38","slug":"o-novalim","status":"publish","type":"page","link":"https:\/\/www.novalimglutenfree.com\/de\/o-novalim\/","title":{"rendered":"\u00dcber Novalim"},"content":{"rendered":"<div id='av_section_1'  class='avia-section main_color avia-section-default avia-no-shadow  avia-bg-style-scroll  avia-builder-el-0  el_before_av_section  avia-builder-el-first   container_wrap sidebar_right' style=' '  ><div class='container' ><main  role=\"main\" itemprop=\"mainContentOfPage\"  class='template-page content  av-content-small alpha units'><div class='post-entry post-entry-type-page post-entry-1867'><div class='entry-content-wrapper clearfix'>\n<section class=\"av_textblock_section \"  itemscope=\"itemscope\" itemtype=\"https:\/\/schema.org\/CreativeWork\" ><div class='avia_textblock  '   itemprop=\"text\" ><h1>O Novalim<\/h1>\n<\/div><\/section>\n<div class=\"flex_column av_one_half  flex_column_div av-zero-column-padding first  avia-builder-el-2  el_after_av_textblock  el_before_av_one_half  column-top-margin\" style='border-radius:0px; '><div  class='avia-image-container  av-styling-  noHover  av-overlay-on-hover   avia-builder-el-3  avia-builder-el-no-sibling  avia-align-center '  itemprop=\"image\" itemscope=\"itemscope\" itemtype=\"https:\/\/schema.org\/ImageObject\"  ><div class='avia-image-container-inner'><div class='avia-image-overlay-wrap'><div class='av-image-caption-overlay'><div class='av-caption-image-overlay-bg' style='opacity:0.4; background-color:#000000; '><\/div><div class='av-image-caption-overlay-position'><div class='av-image-caption-overlay-center' style='color:#ffffff; '><p>Ing. J. Poprac, Csc., majite\u013e a zakladate\u013e spolo\u010dnosti<\/p>\n<\/div><\/div><\/div><img class='wp-image-1653 avia-img-lazy-loading-not-1653 avia_image' src=\"https:\/\/www.novalimglutenfree.com\/wp-content\/uploads\/2016\/05\/D75_2387_resize.jpg\" alt='' title='D75_2387_resize' height=\"430\" width=\"644\"  itemprop=\"thumbnailUrl\" srcset=\"https:\/\/www.novalimglutenfree.com\/wp-content\/uploads\/2016\/05\/D75_2387_resize.jpg 926w, https:\/\/www.novalimglutenfree.com\/wp-content\/uploads\/2016\/05\/D75_2387_resize-450x300.jpg 450w\" sizes=\"(max-width: 644px) 100vw, 644px\" \/><\/div><\/div><\/div><\/div><div class=\"flex_column av_one_half  flex_column_div av-zero-column-padding   avia-builder-el-4  el_after_av_one_half  avia-builder-el-last  column-top-margin\" style='border-radius:0px; '><section class=\"av_textblock_section \"  itemscope=\"itemscope\" itemtype=\"https:\/\/schema.org\/CreativeWork\" ><div class='avia_textblock  '   itemprop=\"text\" ><h3>Unsere Philosophie<\/h3>\n<\/div><\/section><br \/>\n<section class=\"av_textblock_section \"  itemscope=\"itemscope\" itemtype=\"https:\/\/schema.org\/CreativeWork\" ><div class='avia_textblock  '   itemprop=\"text\" ><p>&#8220;Mehr und bessere und breitere Palette von Lebensmitteln, schmackhaft und das Beste f\u00fcr Ihre Gesundheit.&#8221;<\/p>\n<p>Dies ist das Motto unseres Unternehmens, das seit 1991 in der Herstellung von glutenfreien Di\u00e4t (glutenfrei ) und niedrigem Proteingehalt Lebensmittel spezialisiert. Wir haben getrennte Einrichtungen gebaut, wo Produkte nur glutenfreie Produkte hergestellt werden. Die Mitarbeiter des Unternehmens verf\u00fcgen \u00fcber langj\u00e4hrige Erfahrung in der Lebensmitteltechnik , Mikrobiologie und verwandten Bereichen. Kontinuierliche Forschung und Entwicklung sowohl unabh\u00e4ngig als auch in Zusammenarbeit mit den wichtigsten Forschungszentren . Dadurch stellen wir sicher, konstante Produktion Innovation und dynamische Entwicklung des Unternehmens.<\/p>\n<\/div><\/section><\/p><\/div><\/div><\/div><\/main><!-- close content main element --><\/div><\/div><div id='av_section_2'  class='avia-section main_color avia-section-default avia-no-shadow  avia-bg-style-scroll  avia-builder-el-7  el_after_av_section  el_before_av_section   container_wrap sidebar_right' style=' '  ><div class='container' ><div class='template-page content  av-content-small alpha units'><div class='post-entry post-entry-type-page post-entry-1867'><div class='entry-content-wrapper clearfix'>\n<div class=\"flex_column av_one_half  flex_column_div av-zero-column-padding first  avia-builder-el-8  el_before_av_one_half  avia-builder-el-first  \" style='border-radius:0px; '><section class=\"av_textblock_section \"  itemscope=\"itemscope\" itemtype=\"https:\/\/schema.org\/CreativeWork\" ><div class='avia_textblock  '   itemprop=\"text\" ><h3>Unsere Geschichte<\/h3>\n<\/div><\/section><br \/>\n<section class=\"av_textblock_section \"  itemscope=\"itemscope\" itemtype=\"https:\/\/schema.org\/CreativeWork\" ><div class='avia_textblock  '   itemprop=\"text\" ><p>Novalim Unternehmen wurde 1991 gegr\u00fcndet und ist spezialisiert auf die Entwicklung und Produktion von glutenfreien (glutenfrei ) und niedrige Proteinprodukte gegr\u00fcndet. Gr\u00fcnder, Ing. Jozef Poprac, PhD., Hat seine langj\u00e4hrige Erfahrung aus der Arbeit in Forschung und Entwicklung von Lebensmittelprodukten , die sich in einem breiten Spektrum von hochwertigen glutenfreie und niedrige Proteinprodukte verwendet Novalim Unternehmen bietet seinen Kunden \u00fcber E-Commerce, in Einzelhandelsgesch\u00e4ften und Apotheken. Position der Slowakei im Herzen Europas erm\u00f6glicht es dem Unternehmen, um effizient auf den europ\u00e4ischen Markt beliefern.<\/p>\n<\/div><\/section><\/p><\/div><div class=\"flex_column av_one_half  flex_column_div av-zero-column-padding   avia-builder-el-11  el_after_av_one_half  avia-builder-el-last  \" style='border-radius:0px; '><div  class='avia-image-container  av-styling-  noHover  av-overlay-on-hover   avia-builder-el-12  avia-builder-el-no-sibling  avia-align-center '  itemprop=\"image\" itemscope=\"itemscope\" itemtype=\"https:\/\/schema.org\/ImageObject\"  ><div class='avia-image-container-inner'><div class='avia-image-overlay-wrap'><div class='av-image-caption-overlay'><div class='av-caption-image-overlay-bg' style='opacity:0.4; background-color:#000000; '><\/div><div class='av-image-caption-overlay-position'><div class='av-image-caption-overlay-center' style='color:#ffffff; '><p>Par ludi od Novalim<\/p>\n<\/div><\/div><\/div><img class='wp-image-1649 avia-img-lazy-loading-not-1649 avia_image' src=\"https:\/\/www.novalimglutenfree.com\/wp-content\/uploads\/2016\/05\/Novalim_Team.jpg\" alt='' title='Novalim_Team' height=\"430\" width=\"644\"  itemprop=\"thumbnailUrl\" srcset=\"https:\/\/www.novalimglutenfree.com\/wp-content\/uploads\/2016\/05\/Novalim_Team.jpg 926w, https:\/\/www.novalimglutenfree.com\/wp-content\/uploads\/2016\/05\/Novalim_Team-450x300.jpg 450w\" sizes=\"(max-width: 644px) 100vw, 644px\" \/><\/div><\/div><\/div><\/div><\/div><\/div><\/div><!-- close content main div --><\/div><\/div><div id='av_section_3'  class='avia-section main_color avia-section-default avia-no-shadow  avia-bg-style-scroll  avia-builder-el-13  el_after_av_section  avia-builder-el-last   container_wrap sidebar_right' style=' '  ><div class='container' ><div class='template-page content  av-content-small alpha units'><div class='post-entry post-entry-type-page post-entry-1867'><div class='entry-content-wrapper clearfix'>\n<div class=\"flex_column av_one_half  flex_column_div av-zero-column-padding first  avia-builder-el-14  el_before_av_one_half  avia-builder-el-first  \" style='border-radius:0px; '><div  class='avia-image-container  av-styling-    avia-builder-el-15  avia-builder-el-no-sibling  avia-align-center '  itemprop=\"image\" itemscope=\"itemscope\" itemtype=\"https:\/\/schema.org\/ImageObject\"  ><div class='avia-image-container-inner'><div class='avia-image-overlay-wrap'><img class='wp-image-1659 avia-img-lazy-loading-not-1659 avia_image' src=\"https:\/\/www.novalimglutenfree.com\/wp-content\/uploads\/2016\/05\/Rolls.jpg\" alt='' title='Rolls' height=\"430\" width=\"645\"  itemprop=\"thumbnailUrl\" srcset=\"https:\/\/www.novalimglutenfree.com\/wp-content\/uploads\/2016\/05\/Rolls.jpg 927w, https:\/\/www.novalimglutenfree.com\/wp-content\/uploads\/2016\/05\/Rolls-450x300.jpg 450w\" sizes=\"(max-width: 645px) 100vw, 645px\" \/><\/div><\/div><\/div><\/div><div class=\"flex_column av_one_half  flex_column_div av-zero-column-padding   avia-builder-el-16  el_after_av_one_half  avia-builder-el-last  \" style='border-radius:0px; '><section class=\"av_textblock_section \"  itemscope=\"itemscope\" itemtype=\"https:\/\/schema.org\/CreativeWork\" ><div class='avia_textblock  '   itemprop=\"text\" ><h3>Qualit\u00e4t der Zutaten<\/h3>\n<\/div><\/section><br \/>\n<section class=\"av_textblock_section \"  itemscope=\"itemscope\" itemtype=\"https:\/\/schema.org\/CreativeWork\" ><div class='avia_textblock  '   itemprop=\"text\" ><p>Wir legen Wert auf die Sicherheit unserer Produkte, und daher verwenden wir Weizenst\u00e4rke nicht, die ein Tr\u00e4ger von Rest Gluten sein kann (Gluten). Auch in dem Ma\u00dfe m\u00f6glich, verwenden wir nat\u00fcrliche Ressourcen. Der Hauptbestandteil in unseren Produkten als Mais- und Kartoffelst\u00e4rke und Reis, Mais und Sojamehl .<\/p>\n<p>F\u00fcr die regelm\u00e4\u00dfige \u00dcberwachung der Sicherheit der Produkte hat das Unternehmen die sogenannte Novalim eingef\u00fchrt. HACCP-Zertifizierung und die Firma Bel-NOVAMANN International. Rohstoffe und Produkte, zudem unterliegen einer st\u00e4ndigen \u00dcberpr\u00fcfung durch die \u00f6ffentliche Gesundheit der Slowakischen Republik.<\/p>\n<ul>\n<li>Unsere Aktivit\u00e4ten sind darauf spezialisiert, nur glutenfrei (glutenfrei ) Produkte zu produzieren<\/li>\n<li>Alle unsere Produkte werden von Natur aus glutenfreien Zutaten und nep\u0161eni\u010dn\u00fdch<\/li>\n<\/ul>\n<\/div><\/section><\/p><\/div><\/div><\/div><\/div><!-- close content main div --><\/div><\/div><div id='after_section_3'  class='main_color av_default_container_wrap container_wrap sidebar_right' style=' '  ><div class='container' ><div class='template-page content  av-content-small alpha units'><div class='post-entry post-entry-type-page post-entry-1867'><div class='entry-content-wrapper clearfix'><\/p>\n","protected":false},"excerpt":{"rendered":"","protected":false},"author":3,"featured_media":0,"parent":0,"menu_order":0,"comment_status":"closed","ping_status":"closed","template":"","meta":[],"yoast_head":"<!-- This site is optimized with the Yoast SEO plugin v15.7 - https:\/\/yoast.com\/wordpress\/plugins\/seo\/ -->\n<title>\u00dcber Novalim - Novalim<\/title>\n<meta name=\"robots\" content=\"index, follow, max-snippet:-1, max-image-preview:large, max-video-preview:-1\" \/>\n<link rel=\"canonical\" href=\"https:\/\/www.novalimglutenfree.com\/de\/o-novalim\/\" \/>\n<meta property=\"og:locale\" content=\"de_DE\" \/>\n<meta property=\"og:type\" content=\"article\" \/>\n<meta property=\"og:title\" content=\"\u00dcber Novalim - Novalim\" \/>\n<meta property=\"og:url\" content=\"https:\/\/www.novalimglutenfree.com\/de\/o-novalim\/\" \/>\n<meta property=\"og:site_name\" content=\"Novalim\" \/>\n<meta property=\"article:modified_time\" content=\"2016-05-25T19:17:38+00:00\" \/>\n<meta property=\"og:image\" content=\"http:\/\/novalimglutenfree.com\/wp-content\/uploads\/2016\/04\/Novalim_BANNER_B1_b.png\" \/>\n<meta name=\"twitter:card\" content=\"summary\" \/>\n<meta name=\"twitter:label1\" content=\"Est. reading time\">\n\t<meta name=\"twitter:data1\" content=\"5 minutes\">\n<script type=\"application\/ld+json\" class=\"yoast-schema-graph\">{\"@context\":\"https:\/\/schema.org\",\"@graph\":[{\"@type\":\"WebSite\",\"@id\":\"https:\/\/www.novalimglutenfree.com\/de\/#website\",\"url\":\"https:\/\/www.novalimglutenfree.com\/de\/\",\"name\":\"Novalim\",\"description\":\"Bezlepkov\\u00e9 potraviny, bezlepkov\\u00e9 recepty, celiakia, PKU\",\"potentialAction\":[{\"@type\":\"SearchAction\",\"target\":\"https:\/\/www.novalimglutenfree.com\/de\/?s={search_term_string}\",\"query-input\":\"required name=search_term_string\"}],\"inLanguage\":\"de-DE\"},{\"@type\":\"WebPage\",\"@id\":\"https:\/\/www.novalimglutenfree.com\/de\/o-novalim\/#webpage\",\"url\":\"https:\/\/www.novalimglutenfree.com\/de\/o-novalim\/\",\"name\":\"\\u00dcber Novalim - Novalim\",\"isPartOf\":{\"@id\":\"https:\/\/www.novalimglutenfree.com\/de\/#website\"},\"datePublished\":\"2016-05-07T19:06:43+00:00\",\"dateModified\":\"2016-05-25T19:17:38+00:00\",\"inLanguage\":\"de-DE\",\"potentialAction\":[{\"@type\":\"ReadAction\",\"target\":[\"https:\/\/www.novalimglutenfree.com\/de\/o-novalim\/\"]}]}]}<\/script>\n<!-- \/ Yoast SEO plugin. -->","_links":{"self":[{"href":"https:\/\/www.novalimglutenfree.com\/de\/wp-json\/wp\/v2\/pages\/1867"}],"collection":[{"href":"https:\/\/www.novalimglutenfree.com\/de\/wp-json\/wp\/v2\/pages"}],"about":[{"href":"https:\/\/www.novalimglutenfree.com\/de\/wp-json\/wp\/v2\/types\/page"}],"author":[{"embeddable":true,"href":"https:\/\/www.novalimglutenfree.com\/de\/wp-json\/wp\/v2\/users\/3"}],"replies":[{"embeddable":true,"href":"https:\/\/www.novalimglutenfree.com\/de\/wp-json\/wp\/v2\/comments?post=1867"}],"version-history":[{"count":6,"href":"https:\/\/www.novalimglutenfree.com\/de\/wp-json\/wp\/v2\/pages\/1867\/revisions"}],"predecessor-version":[{"id":3030,"href":"https:\/\/www.novalimglutenfree.com\/de\/wp-json\/wp\/v2\/pages\/1867\/revisions\/3030"}],"wp:attachment":[{"href":"https:\/\/www.novalimglutenfree.com\/de\/wp-json\/wp\/v2\/media?parent=1867"}],"curies":[{"name":"wp","href":"https:\/\/api.w.org\/{rel}","templated":true}]}}