{"id":1409,"date":"2016-02-13T16:23:56","date_gmt":"2016-02-13T14:23:56","guid":{"rendered":"http:\/\/novalimglutenfree.com\/de\/moj-ucet\/"},"modified":"2016-05-06T23:47:34","modified_gmt":"2016-05-06T21:47:34","slug":"moj-ucet","status":"publish","type":"page","link":"https:\/\/www.novalimglutenfree.com\/de\/moj-ucet\/","title":{"rendered":"M\u00f4j \u00fa\u010det"},"content":{"rendered":"<div class=\"woocommerce\"><\/div>\n","protected":false},"excerpt":{"rendered":"","protected":false},"author":1,"featured_media":0,"parent":0,"menu_order":0,"comment_status":"closed","ping_status":"closed","template":"","meta":[],"yoast_head":"<!-- This site is optimized with the Yoast SEO plugin v15.7 - https:\/\/yoast.com\/wordpress\/plugins\/seo\/ -->\n<title>M\u00f4j \u00fa\u010det - Novalim<\/title>\n<meta name=\"robots\" content=\"index, follow, max-snippet:-1, max-image-preview:large, max-video-preview:-1\" \/>\n<link rel=\"canonical\" href=\"https:\/\/novalimglutenfree.com\/de\/moj-ucet\/\" \/>\n<meta property=\"og:locale\" content=\"de_DE\" \/>\n<meta property=\"og:type\" content=\"article\" \/>\n<meta property=\"og:title\" content=\"M\u00f4j \u00fa\u010det - Novalim\" \/>\n<meta property=\"og:url\" content=\"https:\/\/novalimglutenfree.com\/de\/moj-ucet\/\" \/>\n<meta property=\"og:site_name\" content=\"Novalim\" \/>\n<meta property=\"article:modified_time\" content=\"2016-05-06T21:47:34+00:00\" \/>\n<meta property=\"og:image\" content=\"http:\/\/novalimglutenfree.com\/wp-content\/uploads\/2016\/04\/Novalim_BANNER_B1_b.png\" \/>\n<meta name=\"twitter:card\" content=\"summary\" \/>\n<script type=\"application\/ld+json\" class=\"yoast-schema-graph\">{\"@context\":\"https:\/\/schema.org\",\"@graph\":[{\"@type\":\"WebSite\",\"@id\":\"https:\/\/www.novalimglutenfree.com\/de\/#website\",\"url\":\"https:\/\/www.novalimglutenfree.com\/de\/\",\"name\":\"Novalim\",\"description\":\"Bezlepkov\\u00e9 potraviny, bezlepkov\\u00e9 recepty, celiakia, PKU\",\"potentialAction\":[{\"@type\":\"SearchAction\",\"target\":\"https:\/\/www.novalimglutenfree.com\/de\/?s={search_term_string}\",\"query-input\":\"required name=search_term_string\"}],\"inLanguage\":\"de-DE\"},{\"@type\":\"WebPage\",\"@id\":\"https:\/\/novalimglutenfree.com\/de\/moj-ucet\/#webpage\",\"url\":\"https:\/\/novalimglutenfree.com\/de\/moj-ucet\/\",\"name\":\"M\\u00f4j \\u00fa\\u010det - Novalim\",\"isPartOf\":{\"@id\":\"https:\/\/www.novalimglutenfree.com\/de\/#website\"},\"datePublished\":\"2016-02-13T14:23:56+00:00\",\"dateModified\":\"2016-05-06T21:47:34+00:00\",\"inLanguage\":\"de-DE\",\"potentialAction\":[{\"@type\":\"ReadAction\",\"target\":[\"https:\/\/novalimglutenfree.com\/de\/moj-ucet\/\"]}]}]}<\/script>\n<!-- \/ Yoast SEO plugin. -->","_links":{"self":[{"href":"https:\/\/www.novalimglutenfree.com\/de\/wp-json\/wp\/v2\/pages\/1409"}],"collection":[{"href":"https:\/\/www.novalimglutenfree.com\/de\/wp-json\/wp\/v2\/pages"}],"about":[{"href":"https:\/\/www.novalimglutenfree.com\/de\/wp-json\/wp\/v2\/types\/page"}],"author":[{"embeddable":true,"href":"https:\/\/www.novalimglutenfree.com\/de\/wp-json\/wp\/v2\/users\/1"}],"replies":[{"embeddable":true,"href":"https:\/\/www.novalimglutenfree.com\/de\/wp-json\/wp\/v2\/comments?post=1409"}],"version-history":[{"count":2,"href":"https:\/\/www.novalimglutenfree.com\/de\/wp-json\/wp\/v2\/pages\/1409\/revisions"}],"predecessor-version":[{"id":3224,"href":"https:\/\/www.novalimglutenfree.com\/de\/wp-json\/wp\/v2\/pages\/1409\/revisions\/3224"}],"wp:attachment":[{"href":"https:\/\/www.novalimglutenfree.com\/de\/wp-json\/wp\/v2\/media?parent=1409"}],"curies":[{"name":"wp","href":"https:\/\/api.w.org\/{rel}","templated":true}]}}