{"id":6117,"date":"2016-05-06T09:40:46","date_gmt":"2016-05-06T07:40:46","guid":{"rendered":"http:\/\/novalimglutenfree.com\/obchod\/nezaraden\u00e9\/bezlepkove-oblatkove-rezy-smotanove\/"},"modified":"2018-09-13T12:38:06","modified_gmt":"2018-09-13T10:38:06","slug":"bezlepkove-oblatkove-rezy-smotanove","status":"publish","type":"product","link":"https:\/\/www.novalimglutenfree.com\/cs\/obchod\/keksy-muesli-sneky-cs\/bezlepkove-keksy-musli-pochutiny-cs\/bezlepkove-oblatkove-rezy-smotanove\/","title":{"rendered":"Bezglut\u00e9nov\u00e9 obl\u00e1tkov\u00e9 rezy smotanov\u00e9"},"content":{"rendered":"<p>Balenie: 40g<\/p>\n<p><strong>Inform\u00e1cie o v\u00fdrobku:<\/strong><\/p>\n<p>Zlo\u017eenie:<br \/>\nkukuri\u010dn\u00fd \u0161krob,\u00a0 stu\u017een\u00fd rastlinn\u00fd tuk, <strong>cukor, su\u0161en\u00e9 mlie\u010dne produkty<\/strong>, rastlinn\u00fd olej, \u010dokol\u00e1dov\u00e1 poleva, gu\u00e1rova m\u00faka, emulg\u00e1tor lecit\u00edn, smotanov\u00e1 ar\u00f3ma<br \/>\n100 g v\u00fdrobku priemerne obsahuje:<br \/>\n1 g bielkov\u00edn, 67,8 g sacharidov a 27,7 g tukov<\/p>\n<p><strong>Energetick\u00e1 hodnota:<\/strong><br \/>\n2257 kJ\/100 g<\/p>\n","protected":false},"excerpt":{"rendered":"<p>Obl\u00e1tkov\u00e9 rezy plnen\u00e9 mlie\u010dnym kr\u00e9mom, navrchu potiahnut\u00e9 \u010dokol\u00e1dovou polevou.<\/p>\n","protected":false},"featured_media":6119,"comment_status":"closed","ping_status":"closed","template":"","meta":[],"yoast_head":"<!-- This site is optimized with the Yoast SEO plugin v15.7 - https:\/\/yoast.com\/wordpress\/plugins\/seo\/ -->\n<title>Bezglut\u00e9nov\u00e9 obl\u00e1tkov\u00e9 rezy smotanov\u00e9 - Novalim<\/title>\n<meta name=\"robots\" content=\"index, follow, max-snippet:-1, max-image-preview:large, max-video-preview:-1\" \/>\n<link rel=\"canonical\" href=\"https:\/\/novalimglutenfree.com\/cs\/obchod\/keksy-muesli-sneky-cs\/bezlepkove-keksy-musli-pochutiny-cs\/bezlepkove-oblatkove-rezy-smotanove\/\" \/>\n<meta property=\"og:locale\" content=\"cs_CZ\" \/>\n<meta property=\"og:type\" content=\"article\" \/>\n<meta property=\"og:title\" content=\"Bezglut\u00e9nov\u00e9 obl\u00e1tkov\u00e9 rezy smotanov\u00e9 - Novalim\" \/>\n<meta property=\"og:description\" content=\"Obl\u00e1tkov\u00e9 rezy plnen\u00e9 mlie\u010dnym kr\u00e9mom, navrchu potiahnut\u00e9 \u010dokol\u00e1dovou polevou.\" \/>\n<meta property=\"og:url\" content=\"https:\/\/novalimglutenfree.com\/cs\/obchod\/keksy-muesli-sneky-cs\/bezlepkove-keksy-musli-pochutiny-cs\/bezlepkove-oblatkove-rezy-smotanove\/\" \/>\n<meta property=\"og:site_name\" content=\"Novalim\" \/>\n<meta property=\"article:modified_time\" content=\"2018-09-13T10:38:06+00:00\" \/>\n<meta property=\"og:image\" content=\"https:\/\/www.novalimglutenfree.com\/wp-content\/uploads\/2016\/05\/rev-coc.jpg\" \/>\n\t<meta property=\"og:image:width\" content=\"926\" \/>\n\t<meta property=\"og:image:height\" content=\"618\" \/>\n<meta name=\"twitter:card\" content=\"summary\" \/>\n<script type=\"application\/ld+json\" class=\"yoast-schema-graph\">{\"@context\":\"https:\/\/schema.org\",\"@graph\":[{\"@type\":\"WebSite\",\"@id\":\"https:\/\/www.novalimglutenfree.com\/de\/#website\",\"url\":\"https:\/\/www.novalimglutenfree.com\/de\/\",\"name\":\"Novalim\",\"description\":\"Bezlepkov\\u00e9 potraviny, bezlepkov\\u00e9 recepty, celiakia, PKU\",\"potentialAction\":[{\"@type\":\"SearchAction\",\"target\":\"https:\/\/www.novalimglutenfree.com\/de\/?s={search_term_string}\",\"query-input\":\"required name=search_term_string\"}],\"inLanguage\":\"cs\"},{\"@type\":\"ImageObject\",\"@id\":\"https:\/\/novalimglutenfree.com\/cs\/obchod\/keksy-muesli-sneky-cs\/bezlepkove-keksy-musli-pochutiny-cs\/bezlepkove-oblatkove-rezy-smotanove\/#primaryimage\",\"inLanguage\":\"cs\",\"url\":\"https:\/\/www.novalimglutenfree.com\/wp-content\/uploads\/2016\/05\/rev-coc.jpg\",\"width\":926,\"height\":618},{\"@type\":\"WebPage\",\"@id\":\"https:\/\/novalimglutenfree.com\/cs\/obchod\/keksy-muesli-sneky-cs\/bezlepkove-keksy-musli-pochutiny-cs\/bezlepkove-oblatkove-rezy-smotanove\/#webpage\",\"url\":\"https:\/\/novalimglutenfree.com\/cs\/obchod\/keksy-muesli-sneky-cs\/bezlepkove-keksy-musli-pochutiny-cs\/bezlepkove-oblatkove-rezy-smotanove\/\",\"name\":\"Bezglut\\u00e9nov\\u00e9 obl\\u00e1tkov\\u00e9 rezy smotanov\\u00e9 - Novalim\",\"isPartOf\":{\"@id\":\"https:\/\/www.novalimglutenfree.com\/de\/#website\"},\"primaryImageOfPage\":{\"@id\":\"https:\/\/novalimglutenfree.com\/cs\/obchod\/keksy-muesli-sneky-cs\/bezlepkove-keksy-musli-pochutiny-cs\/bezlepkove-oblatkove-rezy-smotanove\/#primaryimage\"},\"datePublished\":\"2016-05-06T07:40:46+00:00\",\"dateModified\":\"2018-09-13T10:38:06+00:00\",\"inLanguage\":\"cs\",\"potentialAction\":[{\"@type\":\"ReadAction\",\"target\":[\"https:\/\/novalimglutenfree.com\/cs\/obchod\/keksy-muesli-sneky-cs\/bezlepkove-keksy-musli-pochutiny-cs\/bezlepkove-oblatkove-rezy-smotanove\/\"]}]}]}<\/script>\n<!-- \/ Yoast SEO plugin. -->","_links":{"self":[{"href":"https:\/\/www.novalimglutenfree.com\/cs\/wp-json\/wp\/v2\/product\/6117"}],"collection":[{"href":"https:\/\/www.novalimglutenfree.com\/cs\/wp-json\/wp\/v2\/product"}],"about":[{"href":"https:\/\/www.novalimglutenfree.com\/cs\/wp-json\/wp\/v2\/types\/product"}],"replies":[{"embeddable":true,"href":"https:\/\/www.novalimglutenfree.com\/cs\/wp-json\/wp\/v2\/comments?post=6117"}],"version-history":[{"count":0,"href":"https:\/\/www.novalimglutenfree.com\/cs\/wp-json\/wp\/v2\/product\/6117\/revisions"}],"wp:featuredmedia":[{"embeddable":true,"href":"https:\/\/www.novalimglutenfree.com\/cs\/wp-json\/wp\/v2\/media\/6119"}],"wp:attachment":[{"href":"https:\/\/www.novalimglutenfree.com\/cs\/wp-json\/wp\/v2\/media?parent=6117"}],"curies":[{"name":"wp","href":"https:\/\/api.w.org\/{rel}","templated":true}]}}