{"id":6110,"date":"2016-05-06T09:40:46","date_gmt":"2016-05-06T07:40:46","guid":{"rendered":"http:\/\/novalimglutenfree.com\/obchod\/nezaraden\u00e9\/bezlepkova-parena-knedla\/"},"modified":"2018-11-23T17:54:14","modified_gmt":"2018-11-23T15:54:14","slug":"bezlepkova-parena-knedla","status":"publish","type":"product","link":"https:\/\/www.novalimglutenfree.com\/cs\/obchod\/parene-bezglutenove-vyrobky-cs\/bezlepkova-parena-knedla\/","title":{"rendered":"Bezlepkov\u00fd pa\u0159en\u00fd knedl\u00edk"},"content":{"rendered":"<p>Bezlepkov\u00fd pa\u0159en\u00fd KNEDL\u00cdK \u2013 je vyroben tradi\u010dn\u00ed technologii z kynut\u00e9ho t\u011bsta. Kontrolovan\u00e9 pa\u0159en\u00ed zaji\u0161\u0165uje spr\u00e1vnou strukturu a konzistenci hotov\u00e9ho v\u00fdrobku. Je vhodn\u00fd na okam\u017eit\u00e9 pou\u017eit\u00ed jako p\u0159\u00edloha k masov\u00fdm j\u00eddl\u016fm, ale i jako tradi\u010dn\u00ed j\u00eddlo \u2013 knedl\u00edk s vejcem.<\/p>\n<p>Potravina speci\u00e1ln\u011b p\u0159ipravena pro osoby s nesn\u00e1\u0161enlivost\u00ed lepku. Vyrobena z p\u0159irozen\u011b bezlepkov\u00fdch a bezp\u0161eni\u010dn\u00fdch surovin. (gluten &lt; 20mg\/kg)<\/p>\n<p>Baleno v ochrann\u00e9 atmosf\u00e9\u0159e.<br \/>\nPo otev\u0159en\u00ed zkonzumujte do 3 dn\u016f.<br \/>\nTrvanlivost minim\u00e1ln\u011b 2 t\u00fddny.<br \/>\nDoporu\u010dujeme skladovat v lednici nebo zamrazit.<br \/>\nBalen\u00ed: 320g \/ 12 \u0159ez\u016f; (2 \u2013 3 porce)<\/p>\n<p>P\u0159\u00edprava ke konzumaci: Do n\u00e1doby nalijeme vodu, vlo\u017e\u00edme d\u011brovan\u00fd ro\u0161t, ulo\u017e\u00edme ne\u0159ezan\u00fd knedl\u00edk, p\u0159ikryjeme, a po sev\u0159en\u00ed vody knedl\u00edk pa\u0159\u00edme asi 5-10 minut a\u017e zm\u011bkne.<\/p>\n<p><strong>Informace o v\u00fdrobku:<\/strong><br \/>\nSlo\u017een\u00ed: voda, kuku\u0159i\u010dn\u00fd \u0161krob, bramborov\u00fd \u0161krob, r\u00fd\u017eov\u00e1 mouka, <strong>s\u00f3jov\u00e1 mouka<\/strong>, rostlinn\u00fd tuk palmov\u00fd, dextroza, dro\u017ed\u00ed; zahu\u0161\u0165ovadlo: guarov\u00e1 mouka a hydroxypropylmetylcelul\u00f3za, rostlinn\u00e1 vl\u00e1knina psylium, hrachov\u00e1 b\u00edlkovina, emulg\u00e1tor stearoyl-2-laktyl\u00e1t sodn\u00fd, jedl\u00e1 s\u016fl, fermentovan\u00fd cukr.<\/p>\n<p>100 g v\u00fdrobku pr\u016fm\u011brn\u011b obsahuje:<br \/>\n<strong>Energetick\u00e1 hodnota: <\/strong>917 kJ, 217 kcal; <strong>Tuky:<\/strong> 1,6 g z toho 0,17 g nasycen\u00e9 mastn\u00e9 kyseliny; <strong>Sacharidy:<\/strong> 47,2 g z toho 0,4 g cukry; <strong>Vl\u00e1knina:<\/strong> 3,1 g; <strong>B\u00edlkoviny:<\/strong> 1,8 g;<strong> S\u016fl:<\/strong> 0,9 g;<\/p>\n","protected":false},"excerpt":{"rendered":"<p>Bezlepkov\u00fd pa\u0159en\u00fd KNEDL\u00cdK \u2013 je vyroben tradi\u010dn\u00ed technologii z kynut\u00e9ho t\u011bsta. Kontrolovan\u00e9 pa\u0159en\u00ed zaji\u0161\u0165uje spr\u00e1vnou strukturu a konzistenci hotov\u00e9ho v\u00fdrobku. Je vhodn\u00fd na okam\u017eit\u00e9 pou\u017eit\u00ed jako p\u0159\u00edloha k masov\u00fdm j\u00eddl\u016fm, ale i jako tradi\u010dn\u00ed j\u00eddlo \u2013 knedl\u00edk s vejcem.<\/p>\n<p>Potravina speci\u00e1ln\u011b p\u0159ipravena pro osoby s nesn\u00e1\u0161enlivost\u00ed lepku. Vyrobena<strong> z p\u0159irozen\u011b bezlepkov\u00fdch<\/strong> a bezp\u0161eni\u010dn\u00fdch surovin. (gluten &lt; 20mg\/kg)<\/p>\n<p>*RECEPT &#8211; <a href=\"http:\/\/czshop.novalim.net\/144-2\/\">Kynut\u00fd knedl\u00edk<\/a><\/p>\n","protected":false},"featured_media":9203,"comment_status":"closed","ping_status":"closed","template":"","meta":[],"yoast_head":"<!-- This site is optimized with the Yoast SEO plugin v15.7 - https:\/\/yoast.com\/wordpress\/plugins\/seo\/ -->\n<title>Bezlepkov\u00fd pa\u0159en\u00fd knedl\u00edk - Novalim<\/title>\n<meta name=\"robots\" content=\"index, follow, max-snippet:-1, max-image-preview:large, max-video-preview:-1\" \/>\n<link rel=\"canonical\" href=\"https:\/\/novalimglutenfree.com\/cs\/obchod\/parene-bezglutenove-vyrobky-cs\/bezlepkova-parena-knedla\/\" \/>\n<meta property=\"og:locale\" content=\"cs_CZ\" \/>\n<meta property=\"og:type\" content=\"article\" \/>\n<meta property=\"og:title\" content=\"Bezlepkov\u00fd pa\u0159en\u00fd knedl\u00edk - Novalim\" \/>\n<meta property=\"og:description\" content=\"Bezlepkov\u00fd pa\u0159en\u00fd KNEDL\u00cdK \u2013 je vyroben tradi\u010dn\u00ed technologii z kynut\u00e9ho t\u011bsta. Kontrolovan\u00e9 pa\u0159en\u00ed zaji\u0161\u0165uje spr\u00e1vnou strukturu a konzistenci hotov\u00e9ho v\u00fdrobku. Je vhodn\u00fd na okam\u017eit\u00e9 pou\u017eit\u00ed jako p\u0159\u00edloha k masov\u00fdm j\u00eddl\u016fm, ale i jako tradi\u010dn\u00ed j\u00eddlo \u2013 knedl\u00edk s vejcem.  Potravina speci\u00e1ln\u011b p\u0159ipravena pro osoby s nesn\u00e1\u0161enlivost\u00ed lepku. Vyrobena z p\u0159irozen\u011b bezlepkov\u00fdch a bezp\u0161eni\u010dn\u00fdch surovin. (gluten &lt; 20mg\/kg)  *RECEPT - Kynut\u00fd knedl\u00edk\" \/>\n<meta property=\"og:url\" content=\"https:\/\/novalimglutenfree.com\/cs\/obchod\/parene-bezglutenove-vyrobky-cs\/bezlepkova-parena-knedla\/\" \/>\n<meta property=\"og:site_name\" content=\"Novalim\" \/>\n<meta property=\"article:modified_time\" content=\"2018-11-23T15:54:14+00:00\" \/>\n<meta property=\"og:image\" content=\"https:\/\/www.novalimglutenfree.com\/wp-content\/uploads\/2016\/05\/knedle.jpg\" \/>\n\t<meta property=\"og:image:width\" content=\"1064\" \/>\n\t<meta property=\"og:image:height\" content=\"1355\" \/>\n<meta name=\"twitter:card\" content=\"summary\" \/>\n<meta name=\"twitter:label1\" content=\"Odhadovan\u00e1 doba \u010dten\u00ed\">\n\t<meta name=\"twitter:data1\" content=\"1 minuta\">\n<script type=\"application\/ld+json\" class=\"yoast-schema-graph\">{\"@context\":\"https:\/\/schema.org\",\"@graph\":[{\"@type\":\"WebSite\",\"@id\":\"https:\/\/www.novalimglutenfree.com\/de\/#website\",\"url\":\"https:\/\/www.novalimglutenfree.com\/de\/\",\"name\":\"Novalim\",\"description\":\"Bezlepkov\\u00e9 potraviny, bezlepkov\\u00e9 recepty, celiakia, PKU\",\"potentialAction\":[{\"@type\":\"SearchAction\",\"target\":\"https:\/\/www.novalimglutenfree.com\/de\/?s={search_term_string}\",\"query-input\":\"required name=search_term_string\"}],\"inLanguage\":\"cs\"},{\"@type\":\"ImageObject\",\"@id\":\"https:\/\/novalimglutenfree.com\/cs\/obchod\/parene-bezglutenove-vyrobky-cs\/bezlepkova-parena-knedla\/#primaryimage\",\"inLanguage\":\"cs\",\"url\":\"https:\/\/www.novalimglutenfree.com\/wp-content\/uploads\/2016\/05\/knedle.jpg\",\"width\":1064,\"height\":1355},{\"@type\":\"WebPage\",\"@id\":\"https:\/\/novalimglutenfree.com\/cs\/obchod\/parene-bezglutenove-vyrobky-cs\/bezlepkova-parena-knedla\/#webpage\",\"url\":\"https:\/\/novalimglutenfree.com\/cs\/obchod\/parene-bezglutenove-vyrobky-cs\/bezlepkova-parena-knedla\/\",\"name\":\"Bezlepkov\\u00fd pa\\u0159en\\u00fd knedl\\u00edk - Novalim\",\"isPartOf\":{\"@id\":\"https:\/\/www.novalimglutenfree.com\/de\/#website\"},\"primaryImageOfPage\":{\"@id\":\"https:\/\/novalimglutenfree.com\/cs\/obchod\/parene-bezglutenove-vyrobky-cs\/bezlepkova-parena-knedla\/#primaryimage\"},\"datePublished\":\"2016-05-06T07:40:46+00:00\",\"dateModified\":\"2018-11-23T15:54:14+00:00\",\"inLanguage\":\"cs\",\"potentialAction\":[{\"@type\":\"ReadAction\",\"target\":[\"https:\/\/novalimglutenfree.com\/cs\/obchod\/parene-bezglutenove-vyrobky-cs\/bezlepkova-parena-knedla\/\"]}]}]}<\/script>\n<!-- \/ Yoast SEO plugin. -->","_links":{"self":[{"href":"https:\/\/www.novalimglutenfree.com\/cs\/wp-json\/wp\/v2\/product\/6110"}],"collection":[{"href":"https:\/\/www.novalimglutenfree.com\/cs\/wp-json\/wp\/v2\/product"}],"about":[{"href":"https:\/\/www.novalimglutenfree.com\/cs\/wp-json\/wp\/v2\/types\/product"}],"replies":[{"embeddable":true,"href":"https:\/\/www.novalimglutenfree.com\/cs\/wp-json\/wp\/v2\/comments?post=6110"}],"version-history":[{"count":1,"href":"https:\/\/www.novalimglutenfree.com\/cs\/wp-json\/wp\/v2\/product\/6110\/revisions"}],"predecessor-version":[{"id":9795,"href":"https:\/\/www.novalimglutenfree.com\/cs\/wp-json\/wp\/v2\/product\/6110\/revisions\/9795"}],"wp:featuredmedia":[{"embeddable":true,"href":"https:\/\/www.novalimglutenfree.com\/cs\/wp-json\/wp\/v2\/media\/9203"}],"wp:attachment":[{"href":"https:\/\/www.novalimglutenfree.com\/cs\/wp-json\/wp\/v2\/media?parent=6110"}],"curies":[{"name":"wp","href":"https:\/\/api.w.org\/{rel}","templated":true}]}}