{"id":6093,"date":"2016-05-06T09:41:00","date_gmt":"2016-05-06T07:41:00","guid":{"rendered":"http:\/\/novalimglutenfree.com\/obchod\/nezaraden\u00e9\/bezlepkove-parene-buchty\/"},"modified":"2018-11-23T18:13:31","modified_gmt":"2018-11-23T16:13:31","slug":"bezlepkove-parene-buchty","status":"publish","type":"product","link":"https:\/\/www.novalimglutenfree.com\/cs\/obchod\/parene-bezglutenove-vyrobky-cs\/bezlepkove-parene-buchty\/","title":{"rendered":"Bezlepkov\u00fd knedl\u00edk pa\u0159en\u00fd s povidly"},"content":{"rendered":"<p>Bezlepkov\u00e9 kynut\u00e9 buchty pln\u011bn\u00e9 \u0161vestkov\u00fdm d\u017eemem- p\u0159ipraven\u00e9 z kynut\u00e9ho t\u011bsta a tepeln\u011b zpracovan\u00e9 v p\u00e1\u0159e.<\/p>\n<p>Potravina speci\u00e1ln\u011b p\u0159ipravena pro osoby s nesn\u00e1\u0161enlivost\u00ed lepku. Vyrobena z p\u0159irozen\u011b bezlepkov\u00fdch a bezp\u0161eni\u010dn\u00fdch surovin. (gluten &lt; 20mg\/kg)<\/p>\n<p>Trvanlivost minim\u00e1ln\u011b 2 t\u00fddny.<br \/>\nPo otev\u0159en\u00ed zkonzumujte do 3 dn\u016f.<br \/>\nTrvanlivost minim\u00e1ln\u011b 2 t\u00fddny.<br \/>\nDoporu\u010dujeme skladovat v lednici nebo zamrazit.<br \/>\nBalen\u00ed: 320g \/ 4 kusy<\/p>\n<p><strong>P\u0159\u00edprava ke konzumaci:<\/strong> Do n\u00e1doby nalijeme vodu, vlo\u017e\u00edme parn\u00ed s\u00edtko a ulo\u017e\u00edme pa\u0159en\u00e9 buchty. P\u0159ikryjeme, vodu p\u0159ivedeme do varu a buchty pa\u0159\u00edme asi 5-10 minut a\u017e zm\u011bknou.<\/p>\n<p><strong>Informace o v\u00fdrobku<\/strong><br \/>\nSlo\u017een\u00ed: voda, kuku\u0159i\u010dn\u00fd \u0161krob, bramborov\u00fd \u0161krob, r\u00fd\u017eov\u00e1 mouka, povidla ( \u0161vestkov\u00e1 a jable\u010dn\u00e1 d\u0159e\u0148, cukr, kyselina citronov\u00e1, karamel, stabiliz\u00e1tor E202, 201), <strong>s\u00f3jov\u00e1 mouka<\/strong>, rostlinn\u00fd tuk palmov\u00fd, dextr\u00f3za, dro\u017ed\u00ed; zahu\u0161\u0165ovadlo: guarov\u00e1 mouka a hydroxylpropylmetylcelul\u00f3za; rostlinn\u00e1 vl\u00e1knina psylium, hrachov\u00e1 b\u00edlkovina, emulg\u00e1tor stearoyl-2-laktyl\u00e1t sodn\u00fd; jedl\u00e1 s\u016fl, fermentovan\u00fd cukr.<\/p>\n<p><strong>Energetick\u00e1 hodnota:<\/strong> 921 kJ, 218 kcal;<strong> Tuky:<\/strong> 1,6 g z toho 0,17 g nasycen\u00e9 mastn\u00e9 kyseliny; <strong>Sacharidy:<\/strong> 47,4 g z toho 6,4 g cukry; <strong>Vl\u00e1knina<\/strong>: 3,2 g; <strong>B\u00edlkoviny:<\/strong> 1,8 g; <strong>S\u016fl:<\/strong> 0,5 g;<\/p>\n<p>Bezglut\u00e9nov\u00e9 paren\u00e9 KNEDLE a BUCHTY sa vzh\u013eadom k technologickej kapacite a \u010derstvosti vyr\u00e1baj\u00fa v 2 t\u00fd\u017ed\u0148ovom intervale. Nako\u013eko ide o v\u00fdrobok s vy\u0161\u0161ou vlhkos\u0165ou a trvanlivos\u0165ou 2 t\u00fd\u017edne, chceme ich posiela\u0165 okam\u017eite po vyroben\u00ed, preto kumulujeme objedn\u00e1vky do tohto intervalu. Pros\u00edme V\u00e1s preto, v\u00e1\u017een\u00ed z\u00e1kazn\u00edci, aby ste pri objedn\u00e1van\u00ed vzali t\u00fato skuto\u010dnos\u0165 na vedomie. <strong>Bezglut\u00e9nov\u00e9 paren\u00e9 KNEDLE a BUCHTY posielame na dobierku len KUR\u00cdEROM- DPD Servis.<\/strong><\/p>\n","protected":false},"excerpt":{"rendered":"<p>Bezlepkov\u00e9 kynut\u00e9 buchty pln\u011bn\u00e9 \u0161vestkov\u00fdm d\u017eemem\u2013 p\u0159ipraven\u00e9 z kynut\u00e9ho t\u011bsta a tepeln\u011b zpracovan\u00e9 v p\u00e1\u0159e.<\/p>\n<p>Potravina speci\u00e1ln\u011b p\u0159ipravena pro osoby s nesn\u00e1\u0161enlivost\u00ed lepku. Vyrobena <strong>z p\u0159irozen\u011b bezlepkov\u00fdch<\/strong> a bezp\u0161eni\u010dn\u00fdch surovin. (gluten &lt; 20mg\/kg)<\/p>\n","protected":false},"featured_media":9190,"comment_status":"closed","ping_status":"closed","template":"","meta":[],"yoast_head":"<!-- This site is optimized with the Yoast SEO plugin v15.7 - https:\/\/yoast.com\/wordpress\/plugins\/seo\/ -->\n<title>Bezlepkov\u00fd knedl\u00edk pa\u0159en\u00fd s povidly - Novalim<\/title>\n<meta name=\"robots\" content=\"index, follow, max-snippet:-1, max-image-preview:large, max-video-preview:-1\" \/>\n<link rel=\"canonical\" href=\"https:\/\/novalimglutenfree.com\/cs\/obchod\/parene-bezglutenove-vyrobky-cs\/bezlepkove-parene-buchty\/\" \/>\n<meta property=\"og:locale\" content=\"cs_CZ\" \/>\n<meta property=\"og:type\" content=\"article\" \/>\n<meta property=\"og:title\" content=\"Bezlepkov\u00fd knedl\u00edk pa\u0159en\u00fd s povidly - Novalim\" \/>\n<meta property=\"og:description\" content=\"Bezlepkov\u00e9 kynut\u00e9 buchty pln\u011bn\u00e9 \u0161vestkov\u00fdm d\u017eemem\u2013 p\u0159ipraven\u00e9 z kynut\u00e9ho t\u011bsta a tepeln\u011b zpracovan\u00e9 v p\u00e1\u0159e.  Potravina speci\u00e1ln\u011b p\u0159ipravena pro osoby s nesn\u00e1\u0161enlivost\u00ed lepku. Vyrobena z p\u0159irozen\u011b bezlepkov\u00fdch a bezp\u0161eni\u010dn\u00fdch surovin. (gluten &lt; 20mg\/kg)\" \/>\n<meta property=\"og:url\" content=\"https:\/\/novalimglutenfree.com\/cs\/obchod\/parene-bezglutenove-vyrobky-cs\/bezlepkove-parene-buchty\/\" \/>\n<meta property=\"og:site_name\" content=\"Novalim\" \/>\n<meta property=\"article:modified_time\" content=\"2018-11-23T16:13:31+00:00\" \/>\n<meta property=\"og:image\" content=\"https:\/\/www.novalimglutenfree.com\/wp-content\/uploads\/2016\/05\/parene_buchty_NOVE.jpg\" \/>\n\t<meta property=\"og:image:width\" content=\"932\" \/>\n\t<meta property=\"og:image:height\" content=\"1104\" \/>\n<meta name=\"twitter:card\" content=\"summary\" \/>\n<meta name=\"twitter:label1\" content=\"Odhadovan\u00e1 doba \u010dten\u00ed\">\n\t<meta name=\"twitter:data1\" content=\"1 minuta\">\n<script type=\"application\/ld+json\" class=\"yoast-schema-graph\">{\"@context\":\"https:\/\/schema.org\",\"@graph\":[{\"@type\":\"WebSite\",\"@id\":\"https:\/\/www.novalimglutenfree.com\/de\/#website\",\"url\":\"https:\/\/www.novalimglutenfree.com\/de\/\",\"name\":\"Novalim\",\"description\":\"Bezlepkov\\u00e9 potraviny, bezlepkov\\u00e9 recepty, celiakia, PKU\",\"potentialAction\":[{\"@type\":\"SearchAction\",\"target\":\"https:\/\/www.novalimglutenfree.com\/de\/?s={search_term_string}\",\"query-input\":\"required name=search_term_string\"}],\"inLanguage\":\"cs\"},{\"@type\":\"ImageObject\",\"@id\":\"https:\/\/novalimglutenfree.com\/cs\/obchod\/parene-bezglutenove-vyrobky-cs\/bezlepkove-parene-buchty\/#primaryimage\",\"inLanguage\":\"cs\",\"url\":\"https:\/\/www.novalimglutenfree.com\/wp-content\/uploads\/2016\/05\/parene_buchty_NOVE.jpg\",\"width\":932,\"height\":1104},{\"@type\":\"WebPage\",\"@id\":\"https:\/\/novalimglutenfree.com\/cs\/obchod\/parene-bezglutenove-vyrobky-cs\/bezlepkove-parene-buchty\/#webpage\",\"url\":\"https:\/\/novalimglutenfree.com\/cs\/obchod\/parene-bezglutenove-vyrobky-cs\/bezlepkove-parene-buchty\/\",\"name\":\"Bezlepkov\\u00fd knedl\\u00edk pa\\u0159en\\u00fd s povidly - Novalim\",\"isPartOf\":{\"@id\":\"https:\/\/www.novalimglutenfree.com\/de\/#website\"},\"primaryImageOfPage\":{\"@id\":\"https:\/\/novalimglutenfree.com\/cs\/obchod\/parene-bezglutenove-vyrobky-cs\/bezlepkove-parene-buchty\/#primaryimage\"},\"datePublished\":\"2016-05-06T07:41:00+00:00\",\"dateModified\":\"2018-11-23T16:13:31+00:00\",\"inLanguage\":\"cs\",\"potentialAction\":[{\"@type\":\"ReadAction\",\"target\":[\"https:\/\/novalimglutenfree.com\/cs\/obchod\/parene-bezglutenove-vyrobky-cs\/bezlepkove-parene-buchty\/\"]}]}]}<\/script>\n<!-- \/ Yoast SEO plugin. -->","_links":{"self":[{"href":"https:\/\/www.novalimglutenfree.com\/cs\/wp-json\/wp\/v2\/product\/6093"}],"collection":[{"href":"https:\/\/www.novalimglutenfree.com\/cs\/wp-json\/wp\/v2\/product"}],"about":[{"href":"https:\/\/www.novalimglutenfree.com\/cs\/wp-json\/wp\/v2\/types\/product"}],"replies":[{"embeddable":true,"href":"https:\/\/www.novalimglutenfree.com\/cs\/wp-json\/wp\/v2\/comments?post=6093"}],"version-history":[{"count":1,"href":"https:\/\/www.novalimglutenfree.com\/cs\/wp-json\/wp\/v2\/product\/6093\/revisions"}],"predecessor-version":[{"id":9794,"href":"https:\/\/www.novalimglutenfree.com\/cs\/wp-json\/wp\/v2\/product\/6093\/revisions\/9794"}],"wp:featuredmedia":[{"embeddable":true,"href":"https:\/\/www.novalimglutenfree.com\/cs\/wp-json\/wp\/v2\/media\/9190"}],"wp:attachment":[{"href":"https:\/\/www.novalimglutenfree.com\/cs\/wp-json\/wp\/v2\/media?parent=6093"}],"curies":[{"name":"wp","href":"https:\/\/api.w.org\/{rel}","templated":true}]}}