{"id":6076,"date":"2016-05-06T09:41:13","date_gmt":"2016-05-06T07:41:13","guid":{"rendered":"http:\/\/novalimglutenfree.com\/obchod\/nezaraden\u00e9\/tosty-bezlepkovy-chlieb-toastovy-200g\/"},"modified":"2018-11-21T11:52:47","modified_gmt":"2018-11-21T09:52:47","slug":"tosty-bezlepkovy-chlieb-toastovy-200g","status":"publish","type":"product","link":"https:\/\/www.novalimglutenfree.com\/cs\/obchod\/chleb-pecivo-cs\/bezlepkovy-chleb-pecivo-cs\/tosty-bezlepkovy-chlieb-toastovy-200g\/","title":{"rendered":"TOASTY &#8211; bezlepkov\u00fd chl\u00e9b toastov\u00fd, 200g"},"content":{"rendered":"<p>TOASTY-BEZLEPKOV\u00dd CHL\u00c9B TOASTOV\u00dd SV\u011aTL\u00dd TRVANLIV\u00dd<br \/>\n\u2013 sv\u011btl\u00fd bezlepkov\u00fd chl\u00e9b jemn\u00e9 struktury, pe\u010den\u00fd ve form\u011b.<\/p>\n<p>Potravina speci\u00e1ln\u011b p\u0159ipravena pro osoby s nesn\u00e1\u0161enlivost\u00ed lepku. Vyrobena <strong>z p\u0159irozen\u011b bezlepkov\u00fdch<\/strong> a bezp\u0161eni\u010dn\u00fdch surovin. (gluten &lt; 20mg\/kg)<\/p>\n<p>Balen\u00fd v ochrann\u00e9 atmosf\u00e9\u0159e, kr\u00e1jen\u00fd.<br \/>\nTrvanlivost 60 dn\u00ed.<br \/>\nBalen\u00ed: 200g<\/p>\n<p>Informace o v\u00fdrobku:<\/p>\n<p>Slo\u017een\u00ed: voda, kuku\u0159i\u010dn\u00fd \u0161krob, r\u00fd\u017eov\u00e1 mouka, rostlinn\u00fd tuk, dextroza, dro\u017ed\u00ed, zahus\u0165ovadlo: hydroxypropyl-metyl celul\u00f3za, hrachov\u00e1 b\u00edlkovina, bramborovv\u00e1 mouka, rostlinn\u00e1 vl\u00e1knina, jedl\u00e1 s\u016fl, fermentovan\u00fd cukr.<br \/>\n(glut\u00e9n &lt; 20 mg\/kg)<\/p>\n<p>100 g v\u00fdrobku pr\u016fm\u011brn\u011b obsahuje:<br \/>\n<strong>Energetick\u00e1 hodnota:<\/strong> 983 kJ, 235 kcal; <strong>Tuky:<\/strong> 2,7; <strong>Sacharidy:<\/strong> 58 g; <strong>B\u00edlkoviny:<\/strong> 2,3 g;<\/p>\n<p>P\u0159ipravujeme na objedn\u00e1vku, dodac\u00ed lh\u016fta je prodlou\u017eena.<\/p>\n","protected":false},"excerpt":{"rendered":"<p>TOASTY-BEZLEPKOV\u00dd CHL\u00c9B TOASTOV\u00dd SV\u011aTL\u00dd TRVANLIV\u00dd<br \/>\n\u2013 sv\u011btl\u00fd bezlepkov\u00fd chl\u00e9b jemn\u00e9 struktury, pe\u010den\u00fd ve form\u011b.<\/p>\n<p>Potravina speci\u00e1ln\u011b p\u0159ipravena pro osoby s nesn\u00e1\u0161enlivost\u00ed lepku. Vyrobena <strong>z p\u0159irozen\u011b bezlepkov\u00fdch<\/strong> a bezp\u0161eni\u010dn\u00fdch surovin. (gluten &lt; 20mg\/kg)<\/p>\n<p>Balen\u00fd v ochrann\u00e9 atmosf\u00e9\u0159e, kr\u00e1jen\u00fd.<br \/>\nTrvanlivost 60 dn\u00ed.<br \/>\nBalen\u00ed: 200g<\/p>\n","protected":false},"featured_media":6077,"comment_status":"closed","ping_status":"closed","template":"","meta":[],"yoast_head":"<!-- This site is optimized with the Yoast SEO plugin v15.7 - https:\/\/yoast.com\/wordpress\/plugins\/seo\/ -->\n<title>TOASTY - bezlepkov\u00fd chl\u00e9b toastov\u00fd, 200g - Novalim<\/title>\n<meta name=\"robots\" content=\"index, follow, max-snippet:-1, max-image-preview:large, max-video-preview:-1\" \/>\n<link rel=\"canonical\" href=\"https:\/\/www.novalimglutenfree.com\/cs\/obchod\/chleb-pecivo-cs\/bezlepkovy-chleb-pecivo-cs\/tosty-bezlepkovy-chlieb-toastovy-200g\/\" \/>\n<meta property=\"og:locale\" content=\"cs_CZ\" \/>\n<meta property=\"og:type\" content=\"article\" \/>\n<meta property=\"og:title\" content=\"TOASTY - bezlepkov\u00fd chl\u00e9b toastov\u00fd, 200g - Novalim\" \/>\n<meta property=\"og:description\" content=\"TOASTY-BEZLEPKOV\u00dd CHL\u00c9B TOASTOV\u00dd SV\u011aTL\u00dd TRVANLIV\u00dd \u2013 sv\u011btl\u00fd bezlepkov\u00fd chl\u00e9b jemn\u00e9 struktury, pe\u010den\u00fd ve form\u011b.  Potravina speci\u00e1ln\u011b p\u0159ipravena pro osoby s nesn\u00e1\u0161enlivost\u00ed lepku. Vyrobena z p\u0159irozen\u011b bezlepkov\u00fdch a bezp\u0161eni\u010dn\u00fdch surovin. (gluten &lt; 20mg\/kg)  Balen\u00fd v ochrann\u00e9 atmosf\u00e9\u0159e, kr\u00e1jen\u00fd. Trvanlivost 60 dn\u00ed. Balen\u00ed: 200g\" \/>\n<meta property=\"og:url\" content=\"https:\/\/www.novalimglutenfree.com\/cs\/obchod\/chleb-pecivo-cs\/bezlepkovy-chleb-pecivo-cs\/tosty-bezlepkovy-chlieb-toastovy-200g\/\" \/>\n<meta property=\"og:site_name\" content=\"Novalim\" \/>\n<meta property=\"article:modified_time\" content=\"2018-11-21T09:52:47+00:00\" \/>\n<meta property=\"og:image\" content=\"https:\/\/www.novalimglutenfree.com\/wp-content\/uploads\/2016\/05\/Tosty-200g.jpg\" \/>\n\t<meta property=\"og:image:width\" content=\"413\" \/>\n\t<meta property=\"og:image:height\" content=\"618\" \/>\n<meta name=\"twitter:card\" content=\"summary\" \/>\n<meta name=\"twitter:label1\" content=\"Odhadovan\u00e1 doba \u010dten\u00ed\">\n\t<meta name=\"twitter:data1\" content=\"1 minuta\">\n<script type=\"application\/ld+json\" class=\"yoast-schema-graph\">{\"@context\":\"https:\/\/schema.org\",\"@graph\":[{\"@type\":\"WebSite\",\"@id\":\"https:\/\/www.novalimglutenfree.com\/de\/#website\",\"url\":\"https:\/\/www.novalimglutenfree.com\/de\/\",\"name\":\"Novalim\",\"description\":\"Bezlepkov\\u00e9 potraviny, bezlepkov\\u00e9 recepty, celiakia, PKU\",\"potentialAction\":[{\"@type\":\"SearchAction\",\"target\":\"https:\/\/www.novalimglutenfree.com\/de\/?s={search_term_string}\",\"query-input\":\"required name=search_term_string\"}],\"inLanguage\":\"cs\"},{\"@type\":\"ImageObject\",\"@id\":\"https:\/\/www.novalimglutenfree.com\/cs\/obchod\/chleb-pecivo-cs\/bezlepkovy-chleb-pecivo-cs\/tosty-bezlepkovy-chlieb-toastovy-200g\/#primaryimage\",\"inLanguage\":\"cs\",\"url\":\"https:\/\/www.novalimglutenfree.com\/wp-content\/uploads\/2016\/05\/Tosty-200g.jpg\",\"width\":413,\"height\":618},{\"@type\":\"WebPage\",\"@id\":\"https:\/\/www.novalimglutenfree.com\/cs\/obchod\/chleb-pecivo-cs\/bezlepkovy-chleb-pecivo-cs\/tosty-bezlepkovy-chlieb-toastovy-200g\/#webpage\",\"url\":\"https:\/\/www.novalimglutenfree.com\/cs\/obchod\/chleb-pecivo-cs\/bezlepkovy-chleb-pecivo-cs\/tosty-bezlepkovy-chlieb-toastovy-200g\/\",\"name\":\"TOASTY - bezlepkov\\u00fd chl\\u00e9b toastov\\u00fd, 200g - Novalim\",\"isPartOf\":{\"@id\":\"https:\/\/www.novalimglutenfree.com\/de\/#website\"},\"primaryImageOfPage\":{\"@id\":\"https:\/\/www.novalimglutenfree.com\/cs\/obchod\/chleb-pecivo-cs\/bezlepkovy-chleb-pecivo-cs\/tosty-bezlepkovy-chlieb-toastovy-200g\/#primaryimage\"},\"datePublished\":\"2016-05-06T07:41:13+00:00\",\"dateModified\":\"2018-11-21T09:52:47+00:00\",\"inLanguage\":\"cs\",\"potentialAction\":[{\"@type\":\"ReadAction\",\"target\":[\"https:\/\/www.novalimglutenfree.com\/cs\/obchod\/chleb-pecivo-cs\/bezlepkovy-chleb-pecivo-cs\/tosty-bezlepkovy-chlieb-toastovy-200g\/\"]}]}]}<\/script>\n<!-- \/ Yoast SEO plugin. -->","_links":{"self":[{"href":"https:\/\/www.novalimglutenfree.com\/cs\/wp-json\/wp\/v2\/product\/6076"}],"collection":[{"href":"https:\/\/www.novalimglutenfree.com\/cs\/wp-json\/wp\/v2\/product"}],"about":[{"href":"https:\/\/www.novalimglutenfree.com\/cs\/wp-json\/wp\/v2\/types\/product"}],"replies":[{"embeddable":true,"href":"https:\/\/www.novalimglutenfree.com\/cs\/wp-json\/wp\/v2\/comments?post=6076"}],"version-history":[{"count":1,"href":"https:\/\/www.novalimglutenfree.com\/cs\/wp-json\/wp\/v2\/product\/6076\/revisions"}],"predecessor-version":[{"id":9789,"href":"https:\/\/www.novalimglutenfree.com\/cs\/wp-json\/wp\/v2\/product\/6076\/revisions\/9789"}],"wp:featuredmedia":[{"embeddable":true,"href":"https:\/\/www.novalimglutenfree.com\/cs\/wp-json\/wp\/v2\/media\/6077"}],"wp:attachment":[{"href":"https:\/\/www.novalimglutenfree.com\/cs\/wp-json\/wp\/v2\/media?parent=6076"}],"curies":[{"name":"wp","href":"https:\/\/api.w.org\/{rel}","templated":true}]}}