{"id":6052,"date":"2016-05-06T09:41:00","date_gmt":"2016-05-06T07:41:00","guid":{"rendered":"http:\/\/novalimglutenfree.com\/obchod\/nezaraden\u00e9\/bezlepkove-granulovane-musli-s-hrozienkami\/"},"modified":"2018-11-23T16:14:55","modified_gmt":"2018-11-23T14:14:55","slug":"bezlepkove-granulovane-musli-s-hrozienkami","status":"publish","type":"product","link":"https:\/\/www.novalimglutenfree.com\/cs\/obchod\/keksy-muesli-sneky-cs\/bezlepkove-keksy-musli-pochutiny-cs\/bezlepkove-granulovane-musli-s-hrozienkami\/","title":{"rendered":"Bezlepkov\u00e9 granulovan\u00e9 m\u00fcsli s rozinkami"},"content":{"rendered":"<p>BEZLEPKOV\u00c9 MUSLI ZAP\u00c9KAN\u00c9 S ROZINKAMI \u2013 v\u00fdrobek ur\u010den\u00fd k p\u0159\u00edm\u00e9 konzumaci v such\u00e9m stavu nebo po zalit\u00ed tepl\u00fdm nebo studen\u00fdm ml\u00e9kem, ovocnou \u0161\u0165\u00e1vou, kompotem a pod. M\u016f\u017ee se pou\u017e\u00edt i jako posypka na ovocn\u00e9 knedl\u00edky.<\/p>\n<p><strong>Informace o v\u00fdrobku:<\/strong><\/p>\n<p>Slo\u017een\u00ed: r\u00fd\u017eov\u00e1 mouka, rozinky, rostlinn\u00fd olej &#8211; palmov\u00fd, extrudovan\u00e1 kuku\u0159ice, p\u0159\u00edrodn\u00ed cukr, loupan\u00e1 slune\u010dnice, cukr, amarantov\u00e9 perli\u010dky, strouhan\u00fd kokos, r\u00fd\u017eov\u00e1 mouka tmav\u00e1, tekut\u00fd med, jedl\u00e1 s\u016fl.<\/p>\n<p>100 g v\u00fdrobku pr\u016fm\u011brn\u011b obsahuje:<br \/>\n<strong>Energetick\u00e1 hodnota:<\/strong> 2028 kJ, 484 kcal;<strong> Tuky:<\/strong> 21,6 g z toho nasycen\u00e9 mastn\u00e9 kyseliny 9,6 g; <strong>Sacharidy<\/strong>: 64,5 g z toho cukry 28,8 g; <strong>Vl\u00e1knina:<\/strong> 3,6 g; <strong>B\u00edlkoviny:<\/strong> 6,1 g; <strong>S\u016f\u013e:<\/strong> 0,42 g;<\/p>\n<p>Balen\u00ed: 200 g<\/p>\n","protected":false},"excerpt":{"rendered":"<p>BEZLEPKOV\u00c9 MUSLI ZAP\u00c9KAN\u00c9 S ROZINKAMI \u2013 v\u00fdrobek ur\u010den\u00fd k p\u0159\u00edm\u00e9 konzumaci v such\u00e9m stavu nebo po zalit\u00ed tepl\u00fdm nebo studen\u00fdm ml\u00e9kem, ovocnou \u0161\u0165\u00e1vou, kompotem a pod. M\u016f\u017ee se pou\u017e\u00edt i jako posypka na ovocn\u00e9 knedl\u00edky.<\/p>\n<p>Potravina speci\u00e1ln\u011b p\u0159ipravena pro osoby s nesn\u00e1\u0161enlivost\u00ed lepku. Vyrobena <strong>z p\u0159irozen\u011b bezlepkov\u00fdch<\/strong> a bezp\u0161eni\u010dn\u00fdch surovin. (gluten &lt; 20mg\/kg)<\/p>\n<p>*RECEPT &#8211; <a href=\"http:\/\/novalimglutenfree.com\/cs\/musli-cokokoule-bez-lepku\/\">M\u00fcsli \u010dokokoule<\/a><\/p>\n","protected":false},"featured_media":6053,"comment_status":"closed","ping_status":"closed","template":"","meta":[],"yoast_head":"<!-- This site is optimized with the Yoast SEO plugin v15.7 - https:\/\/yoast.com\/wordpress\/plugins\/seo\/ -->\n<title>Bezlepkov\u00e9 granulovan\u00e9 m\u00fcsli s rozinkami - Novalim<\/title>\n<meta name=\"robots\" content=\"index, follow, max-snippet:-1, max-image-preview:large, max-video-preview:-1\" \/>\n<link rel=\"canonical\" href=\"https:\/\/www.novalimglutenfree.com\/cs\/obchod\/keksy-muesli-sneky-cs\/bezlepkove-keksy-musli-pochutiny-cs\/bezlepkove-granulovane-musli-s-hrozienkami\/\" \/>\n<meta property=\"og:locale\" content=\"cs_CZ\" \/>\n<meta property=\"og:type\" content=\"article\" \/>\n<meta property=\"og:title\" content=\"Bezlepkov\u00e9 granulovan\u00e9 m\u00fcsli s rozinkami - Novalim\" \/>\n<meta property=\"og:description\" content=\"BEZLEPKOV\u00c9 MUSLI ZAP\u00c9KAN\u00c9 S ROZINKAMI \u2013 v\u00fdrobek ur\u010den\u00fd k p\u0159\u00edm\u00e9 konzumaci v such\u00e9m stavu nebo po zalit\u00ed tepl\u00fdm nebo studen\u00fdm ml\u00e9kem, ovocnou \u0161\u0165\u00e1vou, kompotem a pod. M\u016f\u017ee se pou\u017e\u00edt i jako posypka na ovocn\u00e9 knedl\u00edky.  Potravina speci\u00e1ln\u011b p\u0159ipravena pro osoby s nesn\u00e1\u0161enlivost\u00ed lepku. Vyrobena z p\u0159irozen\u011b bezlepkov\u00fdch a bezp\u0161eni\u010dn\u00fdch surovin. (gluten &lt; 20mg\/kg)  *RECEPT - M\u00fcsli \u010dokokoule\" \/>\n<meta property=\"og:url\" content=\"https:\/\/www.novalimglutenfree.com\/cs\/obchod\/keksy-muesli-sneky-cs\/bezlepkove-keksy-musli-pochutiny-cs\/bezlepkove-granulovane-musli-s-hrozienkami\/\" \/>\n<meta property=\"og:site_name\" content=\"Novalim\" \/>\n<meta property=\"article:modified_time\" content=\"2018-11-23T14:14:55+00:00\" \/>\n<meta property=\"og:image\" content=\"https:\/\/www.novalimglutenfree.com\/wp-content\/uploads\/2016\/05\/Muslie.jpg\" \/>\n\t<meta property=\"og:image:width\" content=\"413\" \/>\n\t<meta property=\"og:image:height\" content=\"618\" \/>\n<meta name=\"twitter:card\" content=\"summary\" \/>\n<meta name=\"twitter:label1\" content=\"Odhadovan\u00e1 doba \u010dten\u00ed\">\n\t<meta name=\"twitter:data1\" content=\"1 minuta\">\n<script type=\"application\/ld+json\" class=\"yoast-schema-graph\">{\"@context\":\"https:\/\/schema.org\",\"@graph\":[{\"@type\":\"WebSite\",\"@id\":\"https:\/\/www.novalimglutenfree.com\/de\/#website\",\"url\":\"https:\/\/www.novalimglutenfree.com\/de\/\",\"name\":\"Novalim\",\"description\":\"Bezlepkov\\u00e9 potraviny, bezlepkov\\u00e9 recepty, celiakia, PKU\",\"potentialAction\":[{\"@type\":\"SearchAction\",\"target\":\"https:\/\/www.novalimglutenfree.com\/de\/?s={search_term_string}\",\"query-input\":\"required name=search_term_string\"}],\"inLanguage\":\"cs\"},{\"@type\":\"ImageObject\",\"@id\":\"https:\/\/www.novalimglutenfree.com\/cs\/obchod\/keksy-muesli-sneky-cs\/bezlepkove-keksy-musli-pochutiny-cs\/bezlepkove-granulovane-musli-s-hrozienkami\/#primaryimage\",\"inLanguage\":\"cs\",\"url\":\"https:\/\/www.novalimglutenfree.com\/wp-content\/uploads\/2016\/05\/Muslie.jpg\",\"width\":413,\"height\":618,\"caption\":\"Bezlepkov\\u00e9 granulovan\\u00e9 musli s hrozienkami\"},{\"@type\":\"WebPage\",\"@id\":\"https:\/\/www.novalimglutenfree.com\/cs\/obchod\/keksy-muesli-sneky-cs\/bezlepkove-keksy-musli-pochutiny-cs\/bezlepkove-granulovane-musli-s-hrozienkami\/#webpage\",\"url\":\"https:\/\/www.novalimglutenfree.com\/cs\/obchod\/keksy-muesli-sneky-cs\/bezlepkove-keksy-musli-pochutiny-cs\/bezlepkove-granulovane-musli-s-hrozienkami\/\",\"name\":\"Bezlepkov\\u00e9 granulovan\\u00e9 m\\u00fcsli s rozinkami - Novalim\",\"isPartOf\":{\"@id\":\"https:\/\/www.novalimglutenfree.com\/de\/#website\"},\"primaryImageOfPage\":{\"@id\":\"https:\/\/www.novalimglutenfree.com\/cs\/obchod\/keksy-muesli-sneky-cs\/bezlepkove-keksy-musli-pochutiny-cs\/bezlepkove-granulovane-musli-s-hrozienkami\/#primaryimage\"},\"datePublished\":\"2016-05-06T07:41:00+00:00\",\"dateModified\":\"2018-11-23T14:14:55+00:00\",\"inLanguage\":\"cs\",\"potentialAction\":[{\"@type\":\"ReadAction\",\"target\":[\"https:\/\/www.novalimglutenfree.com\/cs\/obchod\/keksy-muesli-sneky-cs\/bezlepkove-keksy-musli-pochutiny-cs\/bezlepkove-granulovane-musli-s-hrozienkami\/\"]}]}]}<\/script>\n<!-- \/ Yoast SEO plugin. -->","_links":{"self":[{"href":"https:\/\/www.novalimglutenfree.com\/cs\/wp-json\/wp\/v2\/product\/6052"}],"collection":[{"href":"https:\/\/www.novalimglutenfree.com\/cs\/wp-json\/wp\/v2\/product"}],"about":[{"href":"https:\/\/www.novalimglutenfree.com\/cs\/wp-json\/wp\/v2\/types\/product"}],"replies":[{"embeddable":true,"href":"https:\/\/www.novalimglutenfree.com\/cs\/wp-json\/wp\/v2\/comments?post=6052"}],"version-history":[{"count":0,"href":"https:\/\/www.novalimglutenfree.com\/cs\/wp-json\/wp\/v2\/product\/6052\/revisions"}],"wp:featuredmedia":[{"embeddable":true,"href":"https:\/\/www.novalimglutenfree.com\/cs\/wp-json\/wp\/v2\/media\/6053"}],"wp:attachment":[{"href":"https:\/\/www.novalimglutenfree.com\/cs\/wp-json\/wp\/v2\/media?parent=6052"}],"curies":[{"name":"wp","href":"https:\/\/api.w.org\/{rel}","templated":true}]}}