{"id":6050,"date":"2016-05-06T09:40:34","date_gmt":"2016-05-06T07:40:34","guid":{"rendered":"http:\/\/novalimglutenfree.com\/obchod\/nezaraden\u00e9\/bezlepkova-struhanka-pecivova\/"},"modified":"2023-03-31T14:01:57","modified_gmt":"2023-03-31T12:01:57","slug":"bezlepkova-struhanka-pecivova","status":"publish","type":"product","link":"https:\/\/www.novalimglutenfree.com\/cs\/obchod\/muky-cs\/bezlepkove-mucne-polotovary-cs\/bezlepkova-struhanka-pecivova\/","title":{"rendered":"Bezlepkov\u00e1 STROUHANKA pe\u010divov\u00e1"},"content":{"rendered":"<p>Bezlepkov\u00e1 STROUHANKA pe\u010divov\u00e1 \u2013 jemn\u00e1 strouhanka z kynut\u00e9ho bezlepkov\u00e9ho pe\u010diva, vhodn\u00e1 na obalov\u00e1n\u00ed a sma\u017een\u00ed \u0159\u00edzk\u016f, s\u00fdra, zeleniny a pod.<\/p>\n<p>Postup: P\u0159ed sma\u017een\u00edm omytou potravinu nejd\u0159\u00edve obal\u00edme v bezlepkov\u00e9 mouce (nap\u0159.Promix UNI), pak v roz\u0161lehan\u00e9m vejci (m\u016f\u017eeme je\u0161te jednou opakovat) a nakonec ve strouhance. Sma\u017e\u00edme pomalu na hork\u00e9m oleji, spo\u010d\u00e1tku pod pokli\u010dkou. Pro zj\u011bmnen\u00ed m\u016f\u017eeme k vejci p\u0159idat l\u017e\u00edci \u0161leha\u010dky.<\/p>\n<p><strong>Informace o v\u00fdrobku:<\/strong><\/p>\n<p>Slo\u017een\u00ed: bramborov\u00fd \u0161krob, kuku\u0159i\u010dn\u00fd \u0161krob, r\u00fd\u017eov\u00e1 mouka, <strong>s\u00f3jov\u00e1 mouka<\/strong>, rostlinn\u00fd olej &#8211; palmov\u00fd, zahu\u0161\u0165ovadl\u00e1: guarov\u00e1 mouka a karboxymetylcelul\u00f3za, emulg\u00e1tor: mono a diglyceridy nenasycen\u00fdch mastn\u00fdch kyselin, dro\u017ed\u00ed, cukr, jedl\u00e1 s\u016fl, ocet.<\/p>\n<p>100 g v\u00fdrobku pr\u016fm\u011brn\u011b obsahuje:<br \/>\n<strong>Energetick\u00e1 hodnota:<\/strong> 1588 kJ; 375 kcal; <strong>Tuky:<\/strong> 3,4 g z toho 2,0 g nasycen\u00e9 mastn\u00e9 kyseliny; <strong>Sacharidy:<\/strong> 81,1 g z toho 3,3 g cukry; <strong>Vl\u00e1knina<\/strong>: 3,4 g; <strong>B\u00edlkoviny:<\/strong> 3,3 g; <strong>S\u016fl:<\/strong> 1,75 g;<\/p>\n<p>Balen\u00ed: 350g<\/p>\n","protected":false},"excerpt":{"rendered":"<p>Bezlepkov\u00e1 STROUHANKA pe\u010divov\u00e1 \u2013 jemn\u00e1 strouhanka z kynut\u00e9ho bezlepkov\u00e9ho pe\u010diva, vhodn\u00e1 na obalov\u00e1n\u00ed a sma\u017een\u00ed \u0159\u00edzk\u016f, s\u00fdra, zeleniny a pod.<\/p>\n<p>Tato strouhanka bez lepku je vyrobena <strong>z p\u0159irozen\u011b bezlepkov\u00fdch<\/strong> a bezp\u0161eni\u010dn\u00fdch surovin. Strouhanku pou\u017e\u00edvame na obalov\u00e1n\u00ed potravin p\u0159ed sma\u017een\u00edm napr. masa, ryb, s\u00fdra, kv\u011bt\u00e1ku a p. Je vhodn\u00e1 pro v\u00fd\u017eivu p\u0159i celiakii, resp. sprue.<\/p>\n<p>*RECEPT &#8211; <a href=\"http:\/\/novalimglutenfree.com\/cs\/tvarohove-gulky-plnene-cokoladou-bez-lepku\/\">Tvarohov\u00e9 kuli\u010dky plnen\u00e9 \u010dokol\u00e1dou<\/a><\/p>\n","protected":false},"featured_media":11101,"comment_status":"closed","ping_status":"closed","template":"","meta":[],"yoast_head":"<!-- This site is optimized with the Yoast SEO plugin v15.7 - https:\/\/yoast.com\/wordpress\/plugins\/seo\/ -->\n<title>Bezlepkov\u00e1 STROUHANKA pe\u010divov\u00e1 - Novalim<\/title>\n<meta name=\"robots\" content=\"index, follow, max-snippet:-1, max-image-preview:large, max-video-preview:-1\" \/>\n<link rel=\"canonical\" href=\"https:\/\/www.novalimglutenfree.com\/cs\/obchod\/muky-cs\/bezlepkove-mucne-polotovary-cs\/bezlepkova-struhanka-pecivova\/\" \/>\n<meta property=\"og:locale\" content=\"cs_CZ\" \/>\n<meta property=\"og:type\" content=\"article\" \/>\n<meta property=\"og:title\" content=\"Bezlepkov\u00e1 STROUHANKA pe\u010divov\u00e1 - Novalim\" \/>\n<meta property=\"og:description\" content=\"Bezlepkov\u00e1 STROUHANKA pe\u010divov\u00e1 \u2013 jemn\u00e1 strouhanka z kynut\u00e9ho bezlepkov\u00e9ho pe\u010diva, vhodn\u00e1 na obalov\u00e1n\u00ed a sma\u017een\u00ed \u0159\u00edzk\u016f, s\u00fdra, zeleniny a pod.  Tato strouhanka bez lepku je vyrobena z p\u0159irozen\u011b bezlepkov\u00fdch a bezp\u0161eni\u010dn\u00fdch surovin. Strouhanku pou\u017e\u00edvame na obalov\u00e1n\u00ed potravin p\u0159ed sma\u017een\u00edm napr. masa, ryb, s\u00fdra, kv\u011bt\u00e1ku a p. Je vhodn\u00e1 pro v\u00fd\u017eivu p\u0159i celiakii, resp. sprue.  *RECEPT - Tvarohov\u00e9 kuli\u010dky plnen\u00e9 \u010dokol\u00e1dou\" \/>\n<meta property=\"og:url\" content=\"https:\/\/www.novalimglutenfree.com\/cs\/obchod\/muky-cs\/bezlepkove-mucne-polotovary-cs\/bezlepkova-struhanka-pecivova\/\" \/>\n<meta property=\"og:site_name\" content=\"Novalim\" \/>\n<meta property=\"article:modified_time\" content=\"2023-03-31T12:01:57+00:00\" \/>\n<meta property=\"og:image\" content=\"https:\/\/www.novalimglutenfree.com\/wp-content\/uploads\/2016\/05\/Struhanka_m.png\" \/>\n\t<meta property=\"og:image:width\" content=\"603\" \/>\n\t<meta property=\"og:image:height\" content=\"796\" \/>\n<meta name=\"twitter:card\" content=\"summary\" \/>\n<meta name=\"twitter:label1\" content=\"Odhadovan\u00e1 doba \u010dten\u00ed\">\n\t<meta name=\"twitter:data1\" content=\"1 minuta\">\n<script type=\"application\/ld+json\" class=\"yoast-schema-graph\">{\"@context\":\"https:\/\/schema.org\",\"@graph\":[{\"@type\":\"WebSite\",\"@id\":\"https:\/\/www.novalimglutenfree.com\/de\/#website\",\"url\":\"https:\/\/www.novalimglutenfree.com\/de\/\",\"name\":\"Novalim\",\"description\":\"Bezlepkov\\u00e9 potraviny, bezlepkov\\u00e9 recepty, celiakia, PKU\",\"potentialAction\":[{\"@type\":\"SearchAction\",\"target\":\"https:\/\/www.novalimglutenfree.com\/de\/?s={search_term_string}\",\"query-input\":\"required name=search_term_string\"}],\"inLanguage\":\"cs\"},{\"@type\":\"ImageObject\",\"@id\":\"https:\/\/www.novalimglutenfree.com\/cs\/obchod\/muky-cs\/bezlepkove-mucne-polotovary-cs\/bezlepkova-struhanka-pecivova\/#primaryimage\",\"inLanguage\":\"cs\",\"url\":\"https:\/\/www.novalimglutenfree.com\/wp-content\/uploads\/2016\/05\/Struhanka_m.png\",\"width\":603,\"height\":796},{\"@type\":\"WebPage\",\"@id\":\"https:\/\/www.novalimglutenfree.com\/cs\/obchod\/muky-cs\/bezlepkove-mucne-polotovary-cs\/bezlepkova-struhanka-pecivova\/#webpage\",\"url\":\"https:\/\/www.novalimglutenfree.com\/cs\/obchod\/muky-cs\/bezlepkove-mucne-polotovary-cs\/bezlepkova-struhanka-pecivova\/\",\"name\":\"Bezlepkov\\u00e1 STROUHANKA pe\\u010divov\\u00e1 - Novalim\",\"isPartOf\":{\"@id\":\"https:\/\/www.novalimglutenfree.com\/de\/#website\"},\"primaryImageOfPage\":{\"@id\":\"https:\/\/www.novalimglutenfree.com\/cs\/obchod\/muky-cs\/bezlepkove-mucne-polotovary-cs\/bezlepkova-struhanka-pecivova\/#primaryimage\"},\"datePublished\":\"2016-05-06T07:40:34+00:00\",\"dateModified\":\"2023-03-31T12:01:57+00:00\",\"inLanguage\":\"cs\",\"potentialAction\":[{\"@type\":\"ReadAction\",\"target\":[\"https:\/\/www.novalimglutenfree.com\/cs\/obchod\/muky-cs\/bezlepkove-mucne-polotovary-cs\/bezlepkova-struhanka-pecivova\/\"]}]}]}<\/script>\n<!-- \/ Yoast SEO plugin. -->","_links":{"self":[{"href":"https:\/\/www.novalimglutenfree.com\/cs\/wp-json\/wp\/v2\/product\/6050"}],"collection":[{"href":"https:\/\/www.novalimglutenfree.com\/cs\/wp-json\/wp\/v2\/product"}],"about":[{"href":"https:\/\/www.novalimglutenfree.com\/cs\/wp-json\/wp\/v2\/types\/product"}],"replies":[{"embeddable":true,"href":"https:\/\/www.novalimglutenfree.com\/cs\/wp-json\/wp\/v2\/comments?post=6050"}],"version-history":[{"count":0,"href":"https:\/\/www.novalimglutenfree.com\/cs\/wp-json\/wp\/v2\/product\/6050\/revisions"}],"wp:featuredmedia":[{"embeddable":true,"href":"https:\/\/www.novalimglutenfree.com\/cs\/wp-json\/wp\/v2\/media\/11101"}],"wp:attachment":[{"href":"https:\/\/www.novalimglutenfree.com\/cs\/wp-json\/wp\/v2\/media?parent=6050"}],"curies":[{"name":"wp","href":"https:\/\/api.w.org\/{rel}","templated":true}]}}