{"id":6048,"date":"2016-05-06T09:40:34","date_gmt":"2016-05-06T07:40:34","guid":{"rendered":"http:\/\/novalimglutenfree.com\/obchod\/nezaraden\u00e9\/bezlepkovy-muffin-v-prasku\/"},"modified":"2024-01-26T14:37:23","modified_gmt":"2024-01-26T12:37:23","slug":"bezlepkovy-muffin-v-prasku","status":"publish","type":"product","link":"https:\/\/www.novalimglutenfree.com\/cs\/obchod\/muky-cs\/bezlepkove-mucne-polotovary-cs\/bezlepkovy-muffin-v-prasku\/","title":{"rendered":"Bezlepkov\u00fd MUFFIN v pr\u00e1\u0161ku"},"content":{"rendered":"<p>Bezlepkov\u00fd MUFFIN v pr\u00e1\u0161ku &#8211; sm\u011bs, p\u0159i kter\u00e9 nen\u00ed t\u0159eba pou\u017e\u00edt vaj\u00ed\u010dka. Sta\u010d\u00ed p\u0159idat olej a vodu, podle chuti sekan\u00e9 ovoce, o\u0159\u00ed\u0161ky, \u010dokol\u00e1du, dob\u0159e prom\u00edchat a up\u00e9ct.<\/p>\n<p>N\u00e1vod na p\u0159\u00edpravu: Obsah s\u00e1\u010dku sm\u00edchame s 1 dl rostlinn\u00e9ho oleje, p\u0159id\u00e1me 1,5 dl vla\u017en\u00e9 vody (anebo 1\/4 dl vody a 1 cel\u00e9 vejce) a vy\u0161leh\u00e1me na hladk\u00e9 t\u011bsto. P\u0159im\u00edchame drobn\u00e9 anebo sekan\u00e9 ovoce, o\u0159\u00ed\u0161ky, med, ochut\u00edme sirupem. Muffinov\u00e9 formy napln\u00edme asai do 2\/3 a ihned pe\u010deme p\u0159i 175\u02daC 20-30 minut.<\/p>\n<p><strong>Informace o v\u00fdrobku:<\/strong><\/p>\n<p>Slo\u017een\u00ed: r\u00fd\u017eov\u00e1 mouka, cukr, kuku\u0159i\u010dn\u00fd \u0161krob, bramborov\u00fd \u0161krob, hrachov\u00e1 b\u00edlkovina, tapiokov\u00fd \u0161krob, vanil\u00ednov\u00fd cukr, zahu\u0161\u0165ovadlo: guarov\u00e1 mouka a karboxymethylcelul\u00f3za, kyp\u0159\u00edc\u00ed l\u00e1tky: dihydrog\u00e9ndifosfore\u010dnan disodn\u00fd a hydrogenuhli\u010ditan sodn\u00fd, bambusov\u00e1 vl\u00e1knina, jedl\u00e1 s\u016fl, emulg\u00e1tor: mono a diglyceridy nenasycen\u00fdch mastn\u00fdch kyselin.<\/p>\n<p>100 g v\u00fdrobku pr\u016fm\u011brn\u011b obsahuje:<br \/>\n<strong>Energetick\u00e1 hodnota:<\/strong> 1602 kJ; 377 kcal; <strong>Tuky:<\/strong> 0,5 g z toho 0,07 g nasycen\u00e9 mastn\u00e9 kyseliny;<strong> Sacharidy:<\/strong> 86,9 g z toho 34,0 g cukry; <strong>Vl\u00e1knina:<\/strong> 1,6 g; <strong>B\u00edlkoviny:<\/strong> 5,5 g; <strong>S\u016fl:<\/strong> 1,3 g;<\/p>\n<p>Balen\u00ed: 300 g (6 ks velk\u00fdch nebo 12 men\u0161\u00edch)<\/p>\n","protected":false},"excerpt":{"rendered":"<p>Bezlepkov\u00fd MUFFIN v pr\u00e1\u0161ku je sm\u011bs, p\u0159i kter\u00e9 nen\u00ed t\u0159eba pou\u017e\u00edt vaj\u00ed\u010dka. Sta\u010d\u00ed p\u0159idat olej a vodu, podle chuti sekan\u00e9 ovoce, o\u0159\u00ed\u0161ky, \u010dokol\u00e1du, dob\u0159e prom\u00edchat a up\u00e9ct.<\/p>\n<p>Tato sm\u011bs bez lepku je vyrobena <strong>z p\u0159irozen\u011b bezlepkov\u00fdch<\/strong> a bezp\u0161eni\u010dn\u00fdch surovin. Je vhodn\u00e1 pro v\u00fd\u017eivu p\u0159i celiakii, resp. sprue.<\/p>\n<p>*RECEPT &#8211; <a href=\"http:\/\/novalimglutenfree.com\/cs\/rychly-bezlepkovy-letni-dort\/\">Letn\u00ed dort<\/a> nebo <a href=\"http:\/\/novalimglutenfree.com\/cs\/bezlepkove-cokoladove-muffiny-s-kremem-ganache\/\">\u010cokol\u00e1dov\u00e9 muffiny s kr\u00e9mem ganacha<\/a><\/p>\n","protected":false},"featured_media":11111,"comment_status":"closed","ping_status":"closed","template":"","meta":[],"yoast_head":"<!-- This site is optimized with the Yoast SEO plugin v15.7 - https:\/\/yoast.com\/wordpress\/plugins\/seo\/ -->\n<title>Bezlepkov\u00fd MUFFIN v pr\u00e1\u0161ku - Novalim<\/title>\n<meta name=\"robots\" content=\"index, follow, max-snippet:-1, max-image-preview:large, max-video-preview:-1\" \/>\n<link rel=\"canonical\" href=\"https:\/\/www.novalimglutenfree.com\/cs\/obchod\/muky-cs\/bezlepkove-mucne-polotovary-cs\/bezlepkovy-muffin-v-prasku\/\" \/>\n<meta property=\"og:locale\" content=\"cs_CZ\" \/>\n<meta property=\"og:type\" content=\"article\" \/>\n<meta property=\"og:title\" content=\"Bezlepkov\u00fd MUFFIN v pr\u00e1\u0161ku - Novalim\" \/>\n<meta property=\"og:description\" content=\"Bezlepkov\u00fd MUFFIN v pr\u00e1\u0161ku je sm\u011bs, p\u0159i kter\u00e9 nen\u00ed t\u0159eba pou\u017e\u00edt vaj\u00ed\u010dka. Sta\u010d\u00ed p\u0159idat olej a vodu, podle chuti sekan\u00e9 ovoce, o\u0159\u00ed\u0161ky, \u010dokol\u00e1du, dob\u0159e prom\u00edchat a up\u00e9ct.  Tato sm\u011bs bez lepku je vyrobena z p\u0159irozen\u011b bezlepkov\u00fdch a bezp\u0161eni\u010dn\u00fdch surovin. Je vhodn\u00e1 pro v\u00fd\u017eivu p\u0159i celiakii, resp. sprue.  *RECEPT - Letn\u00ed dort nebo \u010cokol\u00e1dov\u00e9 muffiny s kr\u00e9mem ganacha\" \/>\n<meta property=\"og:url\" content=\"https:\/\/www.novalimglutenfree.com\/cs\/obchod\/muky-cs\/bezlepkove-mucne-polotovary-cs\/bezlepkovy-muffin-v-prasku\/\" \/>\n<meta property=\"og:site_name\" content=\"Novalim\" \/>\n<meta property=\"article:modified_time\" content=\"2024-01-26T12:37:23+00:00\" \/>\n<meta property=\"og:image\" content=\"https:\/\/www.novalimglutenfree.com\/wp-content\/uploads\/2016\/05\/Muffin_m.png\" \/>\n\t<meta property=\"og:image:width\" content=\"603\" \/>\n\t<meta property=\"og:image:height\" content=\"796\" \/>\n<meta name=\"twitter:card\" content=\"summary\" \/>\n<meta name=\"twitter:label1\" content=\"Odhadovan\u00e1 doba \u010dten\u00ed\">\n\t<meta name=\"twitter:data1\" content=\"1 minuta\">\n<script type=\"application\/ld+json\" class=\"yoast-schema-graph\">{\"@context\":\"https:\/\/schema.org\",\"@graph\":[{\"@type\":\"WebSite\",\"@id\":\"https:\/\/www.novalimglutenfree.com\/de\/#website\",\"url\":\"https:\/\/www.novalimglutenfree.com\/de\/\",\"name\":\"Novalim\",\"description\":\"Bezlepkov\\u00e9 potraviny, bezlepkov\\u00e9 recepty, celiakia, PKU\",\"potentialAction\":[{\"@type\":\"SearchAction\",\"target\":\"https:\/\/www.novalimglutenfree.com\/de\/?s={search_term_string}\",\"query-input\":\"required name=search_term_string\"}],\"inLanguage\":\"cs\"},{\"@type\":\"ImageObject\",\"@id\":\"https:\/\/www.novalimglutenfree.com\/cs\/obchod\/muky-cs\/bezlepkove-mucne-polotovary-cs\/bezlepkovy-muffin-v-prasku\/#primaryimage\",\"inLanguage\":\"cs\",\"url\":\"https:\/\/www.novalimglutenfree.com\/wp-content\/uploads\/2016\/05\/Muffin_m.png\",\"width\":603,\"height\":796},{\"@type\":\"WebPage\",\"@id\":\"https:\/\/www.novalimglutenfree.com\/cs\/obchod\/muky-cs\/bezlepkove-mucne-polotovary-cs\/bezlepkovy-muffin-v-prasku\/#webpage\",\"url\":\"https:\/\/www.novalimglutenfree.com\/cs\/obchod\/muky-cs\/bezlepkove-mucne-polotovary-cs\/bezlepkovy-muffin-v-prasku\/\",\"name\":\"Bezlepkov\\u00fd MUFFIN v pr\\u00e1\\u0161ku - Novalim\",\"isPartOf\":{\"@id\":\"https:\/\/www.novalimglutenfree.com\/de\/#website\"},\"primaryImageOfPage\":{\"@id\":\"https:\/\/www.novalimglutenfree.com\/cs\/obchod\/muky-cs\/bezlepkove-mucne-polotovary-cs\/bezlepkovy-muffin-v-prasku\/#primaryimage\"},\"datePublished\":\"2016-05-06T07:40:34+00:00\",\"dateModified\":\"2024-01-26T12:37:23+00:00\",\"inLanguage\":\"cs\",\"potentialAction\":[{\"@type\":\"ReadAction\",\"target\":[\"https:\/\/www.novalimglutenfree.com\/cs\/obchod\/muky-cs\/bezlepkove-mucne-polotovary-cs\/bezlepkovy-muffin-v-prasku\/\"]}]}]}<\/script>\n<!-- \/ Yoast SEO plugin. -->","_links":{"self":[{"href":"https:\/\/www.novalimglutenfree.com\/cs\/wp-json\/wp\/v2\/product\/6048"}],"collection":[{"href":"https:\/\/www.novalimglutenfree.com\/cs\/wp-json\/wp\/v2\/product"}],"about":[{"href":"https:\/\/www.novalimglutenfree.com\/cs\/wp-json\/wp\/v2\/types\/product"}],"replies":[{"embeddable":true,"href":"https:\/\/www.novalimglutenfree.com\/cs\/wp-json\/wp\/v2\/comments?post=6048"}],"version-history":[{"count":1,"href":"https:\/\/www.novalimglutenfree.com\/cs\/wp-json\/wp\/v2\/product\/6048\/revisions"}],"predecessor-version":[{"id":9793,"href":"https:\/\/www.novalimglutenfree.com\/cs\/wp-json\/wp\/v2\/product\/6048\/revisions\/9793"}],"wp:featuredmedia":[{"embeddable":true,"href":"https:\/\/www.novalimglutenfree.com\/cs\/wp-json\/wp\/v2\/media\/11111"}],"wp:attachment":[{"href":"https:\/\/www.novalimglutenfree.com\/cs\/wp-json\/wp\/v2\/media?parent=6048"}],"curies":[{"name":"wp","href":"https:\/\/api.w.org\/{rel}","templated":true}]}}