{"id":6046,"date":"2016-05-06T09:40:34","date_gmt":"2016-05-06T07:40:34","guid":{"rendered":"http:\/\/novalimglutenfree.com\/obchod\/nezaraden\u00e9\/bezlepkova-knedla-v-prasku\/"},"modified":"2024-01-26T14:37:23","modified_gmt":"2024-01-26T12:37:23","slug":"bezlepkova-knedla-v-prasku","status":"publish","type":"product","link":"https:\/\/www.novalimglutenfree.com\/cs\/obchod\/muky-cs\/bezlepkove-mucne-polotovary-cs\/bezlepkova-knedla-v-prasku\/","title":{"rendered":"Bezlepkov\u00fd KNEDL\u00cdK v pr\u00e1\u0161ku"},"content":{"rendered":"<p>Bezlepkov\u00fd KNEDL\u00cdK v pr\u00e1\u0161ku \u2013 nekynut\u00fd rychl\u00fd knedl\u00edk jako p\u0159\u00edloha k masov\u00fdm j\u00eddl\u016fm. Sm\u011bs se sm\u00edch\u00e1 s vodou, vytvaruje do boch\u00e1nku a uva\u0159\u00ed.<\/p>\n<p>P\u0159\u00edprava: Obsah s\u00e1\u010dku sm\u00edchame se 2 dl studen\u00e9 vody. M\u00edchame kr\u00e1tce, pokud mouka nevpije vodu. Naolejovan\u00fdma rukama zformujeme podlouhlou veku, vlo\u017e\u00edme do vrouc\u00ed vody va\u0159\u00edme 25 minut.<\/p>\n<p><strong>Informace o v\u00fdrobku:<\/strong><\/p>\n<p>Slo\u017een\u00ed: kuku\u0159i\u010dn\u00fd \u0161krob, bramborov\u00fd \u0161krob, r\u00fd\u017eov\u00e1 mouka, kukuri\u010dn\u00e1 mouka, bramborov\u00e1 mouka, amarantov\u00e9 perli\u010dky, <strong>s\u00f3jov\u00e1 mouka<\/strong>, zahu\u0161\u0165ovadlo: guarov\u00e1 mouka, jedl\u00e1 s\u016fl, emulg\u00e1tor: mono a diglyceridy nenasycen\u00fdch mastn\u00fdch kyselin, kyp\u0159\u00edc\u00ed l\u00e1tky: dihydrog\u00e9ndifosfore\u010dnan disodn\u00fd, hydrogenuhli\u010ditan sodn\u00fd.<\/p>\n<p>100 g v\u00fdrobku pr\u016fm\u011brn\u011b obsahuje:<br \/>\n<strong>Energetick\u00e1 hodnota:<\/strong> 1588 kJ, 375 kcal; <strong>Tuky:<\/strong> 1,9 g z toho 0,2 g nasycen\u00e9 mastn\u00e9 kyseliny; <strong>Sacharidy:<\/strong> 83,7 g z toho 0,4 g cukry; <strong>Vl\u00e1knina:<\/strong> 3,3 g; <strong>B\u00edlkoviny<\/strong>: 4,0 g; <strong>S\u016fl:<\/strong> 1,8 g;<\/p>\n<p>Balen\u00ed: 250g<\/p>\n","protected":false},"excerpt":{"rendered":"<p>Bezlepkov\u00fd KNEDL\u00cdK v pr\u00e1\u0161ku \u2013 nekynut\u00fd rychl\u00fd knedl\u00edk jako p\u0159\u00edloha k masov\u00fdm j\u00eddl\u016fm. Sm\u011bs se sm\u00edch\u00e1 s vodou, vytvaruje do boch\u00e1nku a uva\u0159\u00ed.<\/p>\n<p>Tato sm\u011bs bez lepku je vyrobena <strong>z p\u0159irozen\u011b bezlepkov\u00fdch<\/strong> a bezp\u0161eni\u010dn\u00fdch surovin. Je vhodn\u00e1 pro v\u00fd\u017eivu p\u0159i celiakii, resp. sprue.<\/p>\n<p>*RECEPT &#8211; <a href=\"http:\/\/novalimglutenfree.com\/cs\/bezlepkovy-kynuty-knedlik\/\">Kynut\u00fd knedl\u00edk<\/a><\/p>\n","protected":false},"featured_media":11091,"comment_status":"closed","ping_status":"closed","template":"","meta":[],"yoast_head":"<!-- This site is optimized with the Yoast SEO plugin v15.7 - https:\/\/yoast.com\/wordpress\/plugins\/seo\/ -->\n<title>Bezlepkov\u00fd KNEDL\u00cdK v pr\u00e1\u0161ku - Novalim<\/title>\n<meta name=\"robots\" content=\"index, follow, max-snippet:-1, max-image-preview:large, max-video-preview:-1\" \/>\n<link rel=\"canonical\" href=\"https:\/\/novalimglutenfree.com\/cs\/obchod\/muky-cs\/bezlepkove-mucne-polotovary-cs\/bezlepkova-knedla-v-prasku\/\" \/>\n<meta property=\"og:locale\" content=\"cs_CZ\" \/>\n<meta property=\"og:type\" content=\"article\" \/>\n<meta property=\"og:title\" content=\"Bezlepkov\u00fd KNEDL\u00cdK v pr\u00e1\u0161ku - Novalim\" \/>\n<meta property=\"og:description\" content=\"Bezlepkov\u00fd KNEDL\u00cdK v pr\u00e1\u0161ku \u2013 nekynut\u00fd rychl\u00fd knedl\u00edk jako p\u0159\u00edloha k masov\u00fdm j\u00eddl\u016fm. Sm\u011bs se sm\u00edch\u00e1 s vodou, vytvaruje do boch\u00e1nku a uva\u0159\u00ed.  Tato sm\u011bs bez lepku je vyrobena z p\u0159irozen\u011b bezlepkov\u00fdch a bezp\u0161eni\u010dn\u00fdch surovin. Je vhodn\u00e1 pro v\u00fd\u017eivu p\u0159i celiakii, resp. sprue.  *RECEPT - Kynut\u00fd knedl\u00edk\" \/>\n<meta property=\"og:url\" content=\"https:\/\/novalimglutenfree.com\/cs\/obchod\/muky-cs\/bezlepkove-mucne-polotovary-cs\/bezlepkova-knedla-v-prasku\/\" \/>\n<meta property=\"og:site_name\" content=\"Novalim\" \/>\n<meta property=\"article:modified_time\" content=\"2024-01-26T12:37:23+00:00\" \/>\n<meta property=\"og:image\" content=\"https:\/\/www.novalimglutenfree.com\/wp-content\/uploads\/2016\/05\/knedla_m.png\" \/>\n\t<meta property=\"og:image:width\" content=\"603\" \/>\n\t<meta property=\"og:image:height\" content=\"796\" \/>\n<meta name=\"twitter:card\" content=\"summary\" \/>\n<meta name=\"twitter:label1\" content=\"Odhadovan\u00e1 doba \u010dten\u00ed\">\n\t<meta name=\"twitter:data1\" content=\"1 minuta\">\n<script type=\"application\/ld+json\" class=\"yoast-schema-graph\">{\"@context\":\"https:\/\/schema.org\",\"@graph\":[{\"@type\":\"WebSite\",\"@id\":\"https:\/\/www.novalimglutenfree.com\/de\/#website\",\"url\":\"https:\/\/www.novalimglutenfree.com\/de\/\",\"name\":\"Novalim\",\"description\":\"Bezlepkov\\u00e9 potraviny, bezlepkov\\u00e9 recepty, celiakia, PKU\",\"potentialAction\":[{\"@type\":\"SearchAction\",\"target\":\"https:\/\/www.novalimglutenfree.com\/de\/?s={search_term_string}\",\"query-input\":\"required name=search_term_string\"}],\"inLanguage\":\"cs\"},{\"@type\":\"ImageObject\",\"@id\":\"https:\/\/novalimglutenfree.com\/cs\/obchod\/muky-cs\/bezlepkove-mucne-polotovary-cs\/bezlepkova-knedla-v-prasku\/#primaryimage\",\"inLanguage\":\"cs\",\"url\":\"https:\/\/www.novalimglutenfree.com\/wp-content\/uploads\/2016\/05\/knedla_m.png\",\"width\":603,\"height\":796},{\"@type\":\"WebPage\",\"@id\":\"https:\/\/novalimglutenfree.com\/cs\/obchod\/muky-cs\/bezlepkove-mucne-polotovary-cs\/bezlepkova-knedla-v-prasku\/#webpage\",\"url\":\"https:\/\/novalimglutenfree.com\/cs\/obchod\/muky-cs\/bezlepkove-mucne-polotovary-cs\/bezlepkova-knedla-v-prasku\/\",\"name\":\"Bezlepkov\\u00fd KNEDL\\u00cdK v pr\\u00e1\\u0161ku - Novalim\",\"isPartOf\":{\"@id\":\"https:\/\/www.novalimglutenfree.com\/de\/#website\"},\"primaryImageOfPage\":{\"@id\":\"https:\/\/novalimglutenfree.com\/cs\/obchod\/muky-cs\/bezlepkove-mucne-polotovary-cs\/bezlepkova-knedla-v-prasku\/#primaryimage\"},\"datePublished\":\"2016-05-06T07:40:34+00:00\",\"dateModified\":\"2024-01-26T12:37:23+00:00\",\"inLanguage\":\"cs\",\"potentialAction\":[{\"@type\":\"ReadAction\",\"target\":[\"https:\/\/novalimglutenfree.com\/cs\/obchod\/muky-cs\/bezlepkove-mucne-polotovary-cs\/bezlepkova-knedla-v-prasku\/\"]}]}]}<\/script>\n<!-- \/ Yoast SEO plugin. -->","_links":{"self":[{"href":"https:\/\/www.novalimglutenfree.com\/cs\/wp-json\/wp\/v2\/product\/6046"}],"collection":[{"href":"https:\/\/www.novalimglutenfree.com\/cs\/wp-json\/wp\/v2\/product"}],"about":[{"href":"https:\/\/www.novalimglutenfree.com\/cs\/wp-json\/wp\/v2\/types\/product"}],"replies":[{"embeddable":true,"href":"https:\/\/www.novalimglutenfree.com\/cs\/wp-json\/wp\/v2\/comments?post=6046"}],"version-history":[{"count":1,"href":"https:\/\/www.novalimglutenfree.com\/cs\/wp-json\/wp\/v2\/product\/6046\/revisions"}],"predecessor-version":[{"id":9792,"href":"https:\/\/www.novalimglutenfree.com\/cs\/wp-json\/wp\/v2\/product\/6046\/revisions\/9792"}],"wp:featuredmedia":[{"embeddable":true,"href":"https:\/\/www.novalimglutenfree.com\/cs\/wp-json\/wp\/v2\/media\/11091"}],"wp:attachment":[{"href":"https:\/\/www.novalimglutenfree.com\/cs\/wp-json\/wp\/v2\/media?parent=6046"}],"curies":[{"name":"wp","href":"https:\/\/api.w.org\/{rel}","templated":true}]}}