{"id":6045,"date":"2016-05-06T09:40:34","date_gmt":"2016-05-06T07:40:34","guid":{"rendered":"http:\/\/novalimglutenfree.com\/obchod\/nezaraden\u00e9\/bezlepokove-palacinky-v-prasku\/"},"modified":"2024-01-26T14:37:23","modified_gmt":"2024-01-26T12:37:23","slug":"bezlepokove-palacinky-v-prasku","status":"publish","type":"product","link":"https:\/\/www.novalimglutenfree.com\/cs\/obchod\/muky-cs\/bezlepkove-mucne-polotovary-cs\/bezlepokove-palacinky-v-prasku\/","title":{"rendered":"Bezlepkov\u00e9 PALA\u010cINKY v pr\u00e1\u0161ku"},"content":{"rendered":"<p>Bezlepkov\u00e9 PALA\u010cINKY v pr\u00e1\u0161ku ide\u00e1ln\u00ed komplexn\u00ed sm\u011bs na p\u0159\u00edpravu pala\u010dinek a l\u00edvanc\u016f.<\/p>\n<p>P\u0159\u00edprava: Obsah s\u00e1\u010dku vsypeme do 4 dl studen\u00e9 vody, p\u0159id\u00e1me \u0161petku jedl\u00e9 soli a vym\u00edch\u00e1me na hladkou hmotu. Nech\u00e1me st\u00e1t 10 minut, j\u011b\u0161te jednou prom\u00edchame a pe\u010deme na rozp\u00e1len\u00e9m oleji. <\/p>\n<p><strong>Informace o v\u00fdrobku:<\/strong><\/p>\n<p>Slo\u017een\u00ed: kuku\u0159i\u010dn\u00fd \u0161krob, kuku\u0159i\u010dn\u00e1 mouka, r\u00fd\u017eov\u00e1 mouka, cukr, <strong>su\u0161en\u00e1 v\u00e1je\u010dn\u00e1 hmota<\/strong>, s\u00f3jov\u00e1 mouka.<br \/>\nNeobsahuje ml\u00e9\u010dn\u00e9 b\u00edlkoviny ani lakt\u00f3zu.<\/p>\n<p>100 g v\u00fdrobku pr\u016fm\u011brn\u011b obsahuje:<br \/>\n<strong>Energetick\u00e1 hodnota:<\/strong> 1626 kJ, 384 kcal; <strong>Tuky:<\/strong> 2,6 g z toho 0,7 g nasycen\u00e9 mastn\u00e9 kyseliny; <strong>Sacharidy:<\/strong> 82,8 g z toho 8,5 g cukry; <strong>Vl\u00e1knina:<\/strong> 1,9 g; <strong>B\u00edlkoviny:<\/strong> 6,3 g; <strong>S\u016fl:<\/strong> 0,1 g;<\/p>\n<p>Balen\u00ed: 250g<\/p>\n","protected":false},"excerpt":{"rendered":"<p>Bezlepkov\u00e9 PALA\u010cINKY v pr\u00e1\u0161ku ide\u00e1ln\u00ed komplexn\u00ed sm\u011bs na p\u0159\u00edpravu pala\u010dinek a l\u00edvanc\u016f.<\/p>\n<p>Tato sm\u011bs bez lepku je vyrobena <strong>z p\u0159irozen\u011b bezlepkov\u00fdch<\/strong> a bezp\u0161eni\u010dn\u00fdch surovin. Je vhodn\u00e1 pro v\u00fd\u017eivu p\u0159i celiakii, resp. sprue.<br \/>\nNeobsahuje ml\u00e9\u010dn\u00e9 b\u00edlkoviny ani lakt\u00f3zu.<\/p>\n<p>*RECEPT &#8211; <a href=\"http:\/\/novalimglutenfree.com\/cs\/bezlepkove-nadychane-livance\/\">Bezlepkov\u00e9 l\u00edvance<\/a> nebo <a href=\"http:\/\/novalimglutenfree.com\/cs\/cisarsky-trhanec-bez-lepku\/\">Cis\u00e1\u0159sk\u00fd trhanec<\/a> aneb<\/p>\n","protected":false},"featured_media":11086,"comment_status":"closed","ping_status":"closed","template":"","meta":[],"yoast_head":"<!-- This site is optimized with the Yoast SEO plugin v15.7 - https:\/\/yoast.com\/wordpress\/plugins\/seo\/ -->\n<title>Bezlepkov\u00e9 PALA\u010cINKY v pr\u00e1\u0161ku - Novalim<\/title>\n<meta name=\"robots\" content=\"index, follow, max-snippet:-1, max-image-preview:large, max-video-preview:-1\" \/>\n<link rel=\"canonical\" href=\"https:\/\/novalimglutenfree.com\/cs\/obchod\/muky-cs\/bezlepkove-mucne-polotovary-cs\/bezlepokove-palacinky-v-prasku\/\" \/>\n<meta property=\"og:locale\" content=\"cs_CZ\" \/>\n<meta property=\"og:type\" content=\"article\" \/>\n<meta property=\"og:title\" content=\"Bezlepkov\u00e9 PALA\u010cINKY v pr\u00e1\u0161ku - Novalim\" \/>\n<meta property=\"og:description\" content=\"Bezlepkov\u00e9 PALA\u010cINKY v pr\u00e1\u0161ku ide\u00e1ln\u00ed komplexn\u00ed sm\u011bs na p\u0159\u00edpravu pala\u010dinek a l\u00edvanc\u016f.  Tato sm\u011bs bez lepku je vyrobena z p\u0159irozen\u011b bezlepkov\u00fdch a bezp\u0161eni\u010dn\u00fdch surovin. Je vhodn\u00e1 pro v\u00fd\u017eivu p\u0159i celiakii, resp. sprue. Neobsahuje ml\u00e9\u010dn\u00e9 b\u00edlkoviny ani lakt\u00f3zu.  *RECEPT - Bezlepkov\u00e9 l\u00edvance nebo Cis\u00e1\u0159sk\u00fd trhanec aneb\" \/>\n<meta property=\"og:url\" content=\"https:\/\/novalimglutenfree.com\/cs\/obchod\/muky-cs\/bezlepkove-mucne-polotovary-cs\/bezlepokove-palacinky-v-prasku\/\" \/>\n<meta property=\"og:site_name\" content=\"Novalim\" \/>\n<meta property=\"article:modified_time\" content=\"2024-01-26T12:37:23+00:00\" \/>\n<meta property=\"og:image\" content=\"https:\/\/www.novalimglutenfree.com\/wp-content\/uploads\/2016\/05\/Palacinky_m.png\" \/>\n\t<meta property=\"og:image:width\" content=\"603\" \/>\n\t<meta property=\"og:image:height\" content=\"796\" \/>\n<meta name=\"twitter:card\" content=\"summary\" \/>\n<meta name=\"twitter:label1\" content=\"Odhadovan\u00e1 doba \u010dten\u00ed\">\n\t<meta name=\"twitter:data1\" content=\"1 minuta\">\n<script type=\"application\/ld+json\" class=\"yoast-schema-graph\">{\"@context\":\"https:\/\/schema.org\",\"@graph\":[{\"@type\":\"WebSite\",\"@id\":\"https:\/\/www.novalimglutenfree.com\/de\/#website\",\"url\":\"https:\/\/www.novalimglutenfree.com\/de\/\",\"name\":\"Novalim\",\"description\":\"Bezlepkov\\u00e9 potraviny, bezlepkov\\u00e9 recepty, celiakia, PKU\",\"potentialAction\":[{\"@type\":\"SearchAction\",\"target\":\"https:\/\/www.novalimglutenfree.com\/de\/?s={search_term_string}\",\"query-input\":\"required name=search_term_string\"}],\"inLanguage\":\"cs\"},{\"@type\":\"ImageObject\",\"@id\":\"https:\/\/novalimglutenfree.com\/cs\/obchod\/muky-cs\/bezlepkove-mucne-polotovary-cs\/bezlepokove-palacinky-v-prasku\/#primaryimage\",\"inLanguage\":\"cs\",\"url\":\"https:\/\/www.novalimglutenfree.com\/wp-content\/uploads\/2016\/05\/Palacinky_m.png\",\"width\":603,\"height\":796},{\"@type\":\"WebPage\",\"@id\":\"https:\/\/novalimglutenfree.com\/cs\/obchod\/muky-cs\/bezlepkove-mucne-polotovary-cs\/bezlepokove-palacinky-v-prasku\/#webpage\",\"url\":\"https:\/\/novalimglutenfree.com\/cs\/obchod\/muky-cs\/bezlepkove-mucne-polotovary-cs\/bezlepokove-palacinky-v-prasku\/\",\"name\":\"Bezlepkov\\u00e9 PALA\\u010cINKY v pr\\u00e1\\u0161ku - Novalim\",\"isPartOf\":{\"@id\":\"https:\/\/www.novalimglutenfree.com\/de\/#website\"},\"primaryImageOfPage\":{\"@id\":\"https:\/\/novalimglutenfree.com\/cs\/obchod\/muky-cs\/bezlepkove-mucne-polotovary-cs\/bezlepokove-palacinky-v-prasku\/#primaryimage\"},\"datePublished\":\"2016-05-06T07:40:34+00:00\",\"dateModified\":\"2024-01-26T12:37:23+00:00\",\"inLanguage\":\"cs\",\"potentialAction\":[{\"@type\":\"ReadAction\",\"target\":[\"https:\/\/novalimglutenfree.com\/cs\/obchod\/muky-cs\/bezlepkove-mucne-polotovary-cs\/bezlepokove-palacinky-v-prasku\/\"]}]}]}<\/script>\n<!-- \/ Yoast SEO plugin. -->","_links":{"self":[{"href":"https:\/\/www.novalimglutenfree.com\/cs\/wp-json\/wp\/v2\/product\/6045"}],"collection":[{"href":"https:\/\/www.novalimglutenfree.com\/cs\/wp-json\/wp\/v2\/product"}],"about":[{"href":"https:\/\/www.novalimglutenfree.com\/cs\/wp-json\/wp\/v2\/types\/product"}],"replies":[{"embeddable":true,"href":"https:\/\/www.novalimglutenfree.com\/cs\/wp-json\/wp\/v2\/comments?post=6045"}],"version-history":[{"count":0,"href":"https:\/\/www.novalimglutenfree.com\/cs\/wp-json\/wp\/v2\/product\/6045\/revisions"}],"wp:featuredmedia":[{"embeddable":true,"href":"https:\/\/www.novalimglutenfree.com\/cs\/wp-json\/wp\/v2\/media\/11086"}],"wp:attachment":[{"href":"https:\/\/www.novalimglutenfree.com\/cs\/wp-json\/wp\/v2\/media?parent=6045"}],"curies":[{"name":"wp","href":"https:\/\/api.w.org\/{rel}","templated":true}]}}