{"id":6044,"date":"2016-05-06T09:40:34","date_gmt":"2016-05-06T07:40:34","guid":{"rendered":"http:\/\/novalimglutenfree.com\/obchod\/nezaraden\u00e9\/bezlepkova-babovka-v-prasku\/"},"modified":"2024-01-26T14:37:23","modified_gmt":"2024-01-26T12:37:23","slug":"bezlepkova-babovka-v-prasku","status":"publish","type":"product","link":"https:\/\/www.novalimglutenfree.com\/cs\/obchod\/muky-cs\/bezlepkove-mucne-polotovary-cs\/bezlepkova-babovka-v-prasku\/","title":{"rendered":"Bezlepkov\u00e1 B\u00c1BOVKA v pr\u00e1\u0161ku"},"content":{"rendered":"<p>Bezlepkov\u00e1 B\u00c1BOVKA v pr\u00e1\u0161ku &#8211; tradi\u010dn\u00ed, s vanilkovou p\u0159\u00edchut\u00ed. Jednoduch\u00e1 p\u0159\u00edprava, sta\u010d\u00ed p\u0159idat vejce a olej. <\/p>\n<p>P\u0159\u00edprava: Vy\u0161leh\u00e1me 3 cel\u00e1 vejce, do kter\u00fdch postup\u0148e za\u0161leh\u00e1me 1,5 dl oleje a nakonec sm\u011bs na b\u00e1bovku. Nalijeme do vyma\u0161t\u011bn\u00e9 a s\u00f3jovou moukou vysypan\u00e9 formy. Pe\u010deme ve vyh\u0159\u00e1t\u00e9, st\u0159edn\u011b tepl\u00e9 troub\u011b (150\u02daC) po dobu 35-40 minut.<br \/>\nAlternativn\u011b: olej postupn\u011b zam\u00edch\u00e1me do \u017eloutk\u016f na homogenn\u00ed hmotu , p\u0159im\u00edch\u00e1me mou\u010dnou sm\u011bs a zlehka vm\u00edch\u00e1me b\u00edlkov\u00fd sn\u00edh. D\u00e1me do formy a pe\u010deme.<\/p>\n<p><strong>Informace o v\u00fdrobku:<\/strong><br \/>\nSlo\u017een\u00ed: cukr, bramborov\u00fd \u0161krob, kuku\u0159i\u010dn\u00fd \u0161krob, <strong>s\u00f3jov\u00e1 mouka<\/strong>, bramborov\u00e1 mouka, jedl\u00e1 s\u016fl, vanil\u00ednov\u00fd cukr, emulg\u00e1tor mono a diglyceridy nenasycen\u00fdch mastn\u00fdch kyselin, kyp\u0159\u00edc\u00ed l\u00e1tky dihydrog\u00e9ndifosfore\u010dnan disodn\u00fd, hydrogenuhli\u010ditan sodn\u00fd.<\/p>\n<p>100 g v\u00fdrobku pr\u016fm\u011brn\u011b obsahuje:<br \/>\n<strong>Energetick\u00e1 hodnota:<\/strong> 1638 kJ, 386 kcal; <strong>Tuky:<\/strong> 1,0 g z toho 0,04 g nasycen\u00e9 mastn\u00e9 kyseliny;<strong> Sacharidy<\/strong>: 93,1 g z toho 40,6 g cukry; <strong>Vl\u00e1knina:<\/strong> 0,8 g;<strong> B\u00edlkoviny:<\/strong> 0,7 g; <strong>S\u016fl:<\/strong> 0,7 g;<\/p>\n<p>Balen\u00ed: 250g<\/p>\n","protected":false},"excerpt":{"rendered":"<p>Bezlepkov\u00e1 B\u00c1BOVKA v pr\u00e1\u0161ku &#8211; tradi\u010dn\u00ed, s vanilkovou p\u0159\u00edchut\u00ed. Jednoduch\u00e1 p\u0159\u00edprava, sta\u010d\u00ed p\u0159idat vejce a olej.<\/p>\n<p>Tato sm\u011bs bez lepku je vyrobena <strong>z p\u0159irozene bezlepkov\u00fdch<\/strong> a bezp\u0161eni\u010dn\u00fdch surovin. Je vhodn\u00e1 pro v\u00fd\u017eivu p\u0159i celiakii, resp. sprue.<\/p>\n<p>*RECEPT &#8211; <a href=\"http:\/\/novalimglutenfree.com\/cs\/bezlepkovy-citronovo-makovy-kolac\/\">Citr\u00f3novo-makov\u00fd kol\u00e1\u010d<\/a> nebo obl\u00edben\u00fd <a href=\"http:\/\/novalimglutenfree.com\/cs\/bezlepkovy-sachruv-dort\/\">Sachr\u016fv dort<\/a><\/p>\n","protected":false},"featured_media":11081,"comment_status":"closed","ping_status":"closed","template":"","meta":[],"yoast_head":"<!-- This site is optimized with the Yoast SEO plugin v15.7 - https:\/\/yoast.com\/wordpress\/plugins\/seo\/ -->\n<title>Bezlepkov\u00e1 B\u00c1BOVKA v pr\u00e1\u0161ku - Novalim<\/title>\n<meta name=\"robots\" content=\"index, follow, max-snippet:-1, max-image-preview:large, max-video-preview:-1\" \/>\n<link rel=\"canonical\" href=\"https:\/\/novalimglutenfree.com\/cs\/obchod\/muky-cs\/bezlepkove-mucne-polotovary-cs\/bezlepkova-babovka-v-prasku\/\" \/>\n<meta property=\"og:locale\" content=\"cs_CZ\" \/>\n<meta property=\"og:type\" content=\"article\" \/>\n<meta property=\"og:title\" content=\"Bezlepkov\u00e1 B\u00c1BOVKA v pr\u00e1\u0161ku - Novalim\" \/>\n<meta property=\"og:description\" content=\"Bezlepkov\u00e1 B\u00c1BOVKA v pr\u00e1\u0161ku - tradi\u010dn\u00ed, s vanilkovou p\u0159\u00edchut\u00ed. Jednoduch\u00e1 p\u0159\u00edprava, sta\u010d\u00ed p\u0159idat vejce a olej.  Tato sm\u011bs bez lepku je vyrobena z p\u0159irozene bezlepkov\u00fdch a bezp\u0161eni\u010dn\u00fdch surovin. Je vhodn\u00e1 pro v\u00fd\u017eivu p\u0159i celiakii, resp. sprue.  *RECEPT - Citr\u00f3novo-makov\u00fd kol\u00e1\u010d nebo obl\u00edben\u00fd Sachr\u016fv dort\" \/>\n<meta property=\"og:url\" content=\"https:\/\/novalimglutenfree.com\/cs\/obchod\/muky-cs\/bezlepkove-mucne-polotovary-cs\/bezlepkova-babovka-v-prasku\/\" \/>\n<meta property=\"og:site_name\" content=\"Novalim\" \/>\n<meta property=\"article:modified_time\" content=\"2024-01-26T12:37:23+00:00\" \/>\n<meta property=\"og:image\" content=\"https:\/\/www.novalimglutenfree.com\/wp-content\/uploads\/2016\/05\/Babovka_m-1.png\" \/>\n\t<meta property=\"og:image:width\" content=\"603\" \/>\n\t<meta property=\"og:image:height\" content=\"796\" \/>\n<meta name=\"twitter:card\" content=\"summary\" \/>\n<meta name=\"twitter:label1\" content=\"Odhadovan\u00e1 doba \u010dten\u00ed\">\n\t<meta name=\"twitter:data1\" content=\"1 minuta\">\n<script type=\"application\/ld+json\" class=\"yoast-schema-graph\">{\"@context\":\"https:\/\/schema.org\",\"@graph\":[{\"@type\":\"WebSite\",\"@id\":\"https:\/\/www.novalimglutenfree.com\/de\/#website\",\"url\":\"https:\/\/www.novalimglutenfree.com\/de\/\",\"name\":\"Novalim\",\"description\":\"Bezlepkov\\u00e9 potraviny, bezlepkov\\u00e9 recepty, celiakia, PKU\",\"potentialAction\":[{\"@type\":\"SearchAction\",\"target\":\"https:\/\/www.novalimglutenfree.com\/de\/?s={search_term_string}\",\"query-input\":\"required name=search_term_string\"}],\"inLanguage\":\"cs\"},{\"@type\":\"ImageObject\",\"@id\":\"https:\/\/novalimglutenfree.com\/cs\/obchod\/muky-cs\/bezlepkove-mucne-polotovary-cs\/bezlepkova-babovka-v-prasku\/#primaryimage\",\"inLanguage\":\"cs\",\"url\":\"https:\/\/www.novalimglutenfree.com\/wp-content\/uploads\/2016\/05\/Babovka_m-1.png\",\"width\":603,\"height\":796},{\"@type\":\"WebPage\",\"@id\":\"https:\/\/novalimglutenfree.com\/cs\/obchod\/muky-cs\/bezlepkove-mucne-polotovary-cs\/bezlepkova-babovka-v-prasku\/#webpage\",\"url\":\"https:\/\/novalimglutenfree.com\/cs\/obchod\/muky-cs\/bezlepkove-mucne-polotovary-cs\/bezlepkova-babovka-v-prasku\/\",\"name\":\"Bezlepkov\\u00e1 B\\u00c1BOVKA v pr\\u00e1\\u0161ku - Novalim\",\"isPartOf\":{\"@id\":\"https:\/\/www.novalimglutenfree.com\/de\/#website\"},\"primaryImageOfPage\":{\"@id\":\"https:\/\/novalimglutenfree.com\/cs\/obchod\/muky-cs\/bezlepkove-mucne-polotovary-cs\/bezlepkova-babovka-v-prasku\/#primaryimage\"},\"datePublished\":\"2016-05-06T07:40:34+00:00\",\"dateModified\":\"2024-01-26T12:37:23+00:00\",\"inLanguage\":\"cs\",\"potentialAction\":[{\"@type\":\"ReadAction\",\"target\":[\"https:\/\/novalimglutenfree.com\/cs\/obchod\/muky-cs\/bezlepkove-mucne-polotovary-cs\/bezlepkova-babovka-v-prasku\/\"]}]}]}<\/script>\n<!-- \/ Yoast SEO plugin. -->","_links":{"self":[{"href":"https:\/\/www.novalimglutenfree.com\/cs\/wp-json\/wp\/v2\/product\/6044"}],"collection":[{"href":"https:\/\/www.novalimglutenfree.com\/cs\/wp-json\/wp\/v2\/product"}],"about":[{"href":"https:\/\/www.novalimglutenfree.com\/cs\/wp-json\/wp\/v2\/types\/product"}],"replies":[{"embeddable":true,"href":"https:\/\/www.novalimglutenfree.com\/cs\/wp-json\/wp\/v2\/comments?post=6044"}],"version-history":[{"count":1,"href":"https:\/\/www.novalimglutenfree.com\/cs\/wp-json\/wp\/v2\/product\/6044\/revisions"}],"predecessor-version":[{"id":9791,"href":"https:\/\/www.novalimglutenfree.com\/cs\/wp-json\/wp\/v2\/product\/6044\/revisions\/9791"}],"wp:featuredmedia":[{"embeddable":true,"href":"https:\/\/www.novalimglutenfree.com\/cs\/wp-json\/wp\/v2\/media\/11081"}],"wp:attachment":[{"href":"https:\/\/www.novalimglutenfree.com\/cs\/wp-json\/wp\/v2\/media?parent=6044"}],"curies":[{"name":"wp","href":"https:\/\/api.w.org\/{rel}","templated":true}]}}