{"id":6041,"date":"2016-05-06T09:40:34","date_gmt":"2016-05-06T07:40:34","guid":{"rendered":"http:\/\/novalimglutenfree.com\/obchod\/nezaraden\u00e9\/promix-pk-special-bezlepkova-zmes-na-pecivo-2\/"},"modified":"2025-10-10T16:26:05","modified_gmt":"2025-10-10T14:26:05","slug":"promix-pk-special-bezlepkova-zmes-na-pecivo-2","status":"publish","type":"product","link":"https:\/\/www.novalimglutenfree.com\/cs\/obchod\/muky-cs\/bezlepkove-mucne-zmesi-cs\/promix-pk-special-bezlepkova-zmes-na-pecivo-2\/","title":{"rendered":"PROMIX-PK speci\u00e1l, bezlepkov\u00e1 sm\u011bs na pe\u010divo"},"content":{"rendered":"<p>PROMIX\u00ae-PK speci\u00e1l\u2013 bezlepkov\u00e1 mou\u010dn\u00e1 sm\u011bs vyroben\u00e1 <strong>z p\u0159irozen\u011b bezlepkov\u00fdch<\/strong> a nep\u0161eni\u010dn\u00fdch surovin. Je ur\u010den\u00e1 na p\u0159\u00edpravu bezlepkov\u00e9ho jemn\u00e9ho pe\u010diva, z\u00e1kusk\u016f, pi\u0161kot\u016f jako i chleba a na b\u011b\u017en\u00e9 kulin\u00e1\u0159sk\u00e9 pou\u017eit\u00ed \u2013 p\u0159\u00edpravu z\u00e1sma\u017eky a zahu\u0161\u0165ov\u00e1n\u00ed pokrm\u016f.<\/p>\n<p><strong>NEOBSAHUJE:<\/strong> ML\u00c9KO, LAKT\u00d3ZU , S\u00d3JU, P\u0160ENI\u010cN\u00dd \u0160KROB, \u0158EPN\u00dd CUKOR<br \/>\nV\u00ddROBKY SI ZACHOV\u00c1VAJ\u00cd \u010cERSTVOST P\u0158I SPR\u00c1VN\u00c9 P\u0158\u00cdPRAV\u011a A SKLADOV\u00c1N\u00cd 4-5 DN\u00cd<\/p>\n<p><strong>N\u00e1vod na p\u0159\u00edpravu pe\u010diva:<\/strong> 500 g mouky PROMIX \u2013 PK \u0161peci\u00e1l, 4 dl tepl\u00e9 vody, 2 l\u017ei\u010dky cukru, 1 l\u017ei\u010dka soli, 30 g tuku, 20 g \u010derstv\u00e9ho dro\u017ed\u00ed. V \u00bd dl vody rozpust\u00edme 20 g dro\u017ed\u00ed a cukr, ve zbytku vody s\u016fl. V\u0161echny zlo\u017eky vymichame spolu na hladk\u00e9 t\u011bsto, vyformujeme do tvaru housky, rohl\u00edku a pod.a nech\u00e1me na plechu kynout asi 30 minut. Ovla\u017e\u00edme vodou a pe\u010deme 15 \u2013 20 minut p\u0159i 220\u02daC.<\/p>\n<p><strong>Informace o v\u00fdrobku:<\/strong><br \/>\nSlo\u017een\u00ed:kukuri\u010dn\u00fd \u0161krob, r\u00fd\u017eov\u00e1 mouka, <strong>lupinov\u00e1 mouka<\/strong>, zahu\u0161\u0165ovadlo: guarov\u00e1 mouka a hydroxypropylmetylcelul\u00f3za, rostlinn\u00e1 vl\u00e1knina, emulg\u00e1tor Stearoyl-2-laktyl\u00e1t sodn\u00fd.<\/p>\n<p>100 g v\u00fdrobku pr\u016fm\u011brn\u011b obsahuje:<br \/>\n<strong>Energetick\u00e1 hodnota:<\/strong> 1513 kJ, 357 kcal; <strong>Tuky:<\/strong> 0,9 g z toho 0,03 g nasycen\u00e9 mastn\u00e9 kyseliny; <strong>Sacharidy:<\/strong> 81,3 g z toho 0,1 g cukry; <strong>Vl\u00e1knina:<\/strong> 4,8 g; <strong>B\u00edlkoviny:<\/strong> 3,5 g; <strong>S\u016fl:<\/strong> 0,02 g;<\/p>\n<p>Balen\u00ed: 1 kg<\/p>\n","protected":false},"excerpt":{"rendered":"<p>PROMIX\u00ae-PK speci\u00e1l\u2013 bezlepkov\u00e1 mou\u010dn\u00e1 sm\u011bs vyroben\u00e1 <strong>z p\u0159irozen\u011b bezlepkov\u00fdch<\/strong> a nep\u0161eni\u010dn\u00fdch surovin. Je ur\u010den\u00e1 na p\u0159\u00edpravu bezlepkov\u00e9ho jemn\u00e9ho pe\u010diva, z\u00e1kusk\u016f, pi\u0161kot\u016f jako i chleba a na b\u011b\u017en\u00e9 kulin\u00e1\u0159sk\u00e9 pou\u017eit\u00ed \u2013 p\u0159\u00edpravu z\u00e1sma\u017eky a zahu\u0161\u0165ov\u00e1n\u00ed pokrm\u016f.<\/p>\n<p><strong>NEOBSAHUJE:<\/strong> ML\u00c9KO, LAKT\u00d3ZU , S\u00d3JU, P\u0160ENI\u010cN\u00dd \u0160KROB, \u0158EPN\u00dd CUKOR<br \/>\nV\u00ddROBKY SI ZACHOV\u00c1VAJ\u00cd \u010cERSTVOST P\u0158I SPR\u00c1VN\u00c9 P\u0158\u00cdPRAV\u011a A SKLADOV\u00c1N\u00cd 4-5 DN\u00cd<\/p>\n<p>*RECEPT &#8211; <a href=\"http:\/\/novalimglutenfree.com\/rychla-bezlepkova-rolada\/\">R\u00fdchla bezlepkov\u00e1 pi\u0161kotov\u00e1 rol\u00e1da<\/a> nebo <a href=\"http:\/\/novalimglutenfree.com\/cs\/bezlepkove-oriskove-rohliky\/\">O\u0159i\u0161kov\u00e9 rohl\u00edky<\/a> aneb <a href=\"http:\/\/novalimglutenfree.com\/cs\/vonave-pernicky-s-bilou-cokoladou-bez-lepku\/\">Vo\u0148av\u00e9 pern\u00ed\u010dky s b\u00edlou \u010dokol\u00e1dou<\/a> i chutn\u00e9 <a href=\"http:\/\/novalimglutenfree.com\/cs\/domace-bezlepkove-piskoty\/\">Detsk\u00e9 Pi\u0161kotky<\/a><\/p>\n","protected":false},"featured_media":9605,"comment_status":"closed","ping_status":"closed","template":"","meta":[],"yoast_head":"<!-- This site is optimized with the Yoast SEO plugin v15.7 - https:\/\/yoast.com\/wordpress\/plugins\/seo\/ -->\n<title>PROMIX-PK speci\u00e1l, bezlepkov\u00e1 sm\u011bs na pe\u010divo - Novalim<\/title>\n<meta name=\"robots\" content=\"index, follow, max-snippet:-1, max-image-preview:large, max-video-preview:-1\" \/>\n<link rel=\"canonical\" href=\"https:\/\/www.novalimglutenfree.com\/cs\/obchod\/muky-cs\/bezlepkove-mucne-zmesi-cs\/promix-pk-special-bezlepkova-zmes-na-pecivo-2\/\" \/>\n<meta property=\"og:locale\" content=\"cs_CZ\" \/>\n<meta property=\"og:type\" content=\"article\" \/>\n<meta property=\"og:title\" content=\"PROMIX-PK speci\u00e1l, bezlepkov\u00e1 sm\u011bs na pe\u010divo - Novalim\" \/>\n<meta property=\"og:description\" content=\"PROMIX\u00ae-PK speci\u00e1l\u2013 bezlepkov\u00e1 mou\u010dn\u00e1 sm\u011bs vyroben\u00e1 z p\u0159irozen\u011b bezlepkov\u00fdch a nep\u0161eni\u010dn\u00fdch surovin. Je ur\u010den\u00e1 na p\u0159\u00edpravu bezlepkov\u00e9ho jemn\u00e9ho pe\u010diva, z\u00e1kusk\u016f, pi\u0161kot\u016f jako i chleba a na b\u011b\u017en\u00e9 kulin\u00e1\u0159sk\u00e9 pou\u017eit\u00ed \u2013 p\u0159\u00edpravu z\u00e1sma\u017eky a zahu\u0161\u0165ov\u00e1n\u00ed pokrm\u016f.  NEOBSAHUJE: ML\u00c9KO, LAKT\u00d3ZU , S\u00d3JU, P\u0160ENI\u010cN\u00dd \u0160KROB, \u0158EPN\u00dd CUKOR V\u00ddROBKY SI ZACHOV\u00c1VAJ\u00cd \u010cERSTVOST P\u0158I SPR\u00c1VN\u00c9 P\u0158\u00cdPRAV\u011a A SKLADOV\u00c1N\u00cd 4-5 DN\u00cd  *RECEPT - R\u00fdchla bezlepkov\u00e1 pi\u0161kotov\u00e1 rol\u00e1da nebo O\u0159i\u0161kov\u00e9 rohl\u00edky aneb Vo\u0148av\u00e9 pern\u00ed\u010dky s b\u00edlou \u010dokol\u00e1dou i chutn\u00e9 Detsk\u00e9 Pi\u0161kotky\" \/>\n<meta property=\"og:url\" content=\"https:\/\/www.novalimglutenfree.com\/cs\/obchod\/muky-cs\/bezlepkove-mucne-zmesi-cs\/promix-pk-special-bezlepkova-zmes-na-pecivo-2\/\" \/>\n<meta property=\"og:site_name\" content=\"Novalim\" \/>\n<meta property=\"article:modified_time\" content=\"2025-10-10T14:26:05+00:00\" \/>\n<meta property=\"og:image\" content=\"https:\/\/www.novalimglutenfree.com\/wp-content\/uploads\/2016\/05\/PKspeci-scaled.jpg\" \/>\n\t<meta property=\"og:image:width\" content=\"1296\" \/>\n\t<meta property=\"og:image:height\" content=\"2560\" \/>\n<meta name=\"twitter:card\" content=\"summary\" \/>\n<meta name=\"twitter:label1\" content=\"Odhadovan\u00e1 doba \u010dten\u00ed\">\n\t<meta name=\"twitter:data1\" content=\"1 minuta\">\n<script type=\"application\/ld+json\" class=\"yoast-schema-graph\">{\"@context\":\"https:\/\/schema.org\",\"@graph\":[{\"@type\":\"WebSite\",\"@id\":\"https:\/\/www.novalimglutenfree.com\/de\/#website\",\"url\":\"https:\/\/www.novalimglutenfree.com\/de\/\",\"name\":\"Novalim\",\"description\":\"Bezlepkov\\u00e9 potraviny, bezlepkov\\u00e9 recepty, celiakia, PKU\",\"potentialAction\":[{\"@type\":\"SearchAction\",\"target\":\"https:\/\/www.novalimglutenfree.com\/de\/?s={search_term_string}\",\"query-input\":\"required name=search_term_string\"}],\"inLanguage\":\"cs\"},{\"@type\":\"ImageObject\",\"@id\":\"https:\/\/www.novalimglutenfree.com\/cs\/obchod\/muky-cs\/bezlepkove-mucne-zmesi-cs\/promix-pk-special-bezlepkova-zmes-na-pecivo-2\/#primaryimage\",\"inLanguage\":\"cs\",\"url\":\"https:\/\/www.novalimglutenfree.com\/wp-content\/uploads\/2016\/05\/PKspeci-scaled.jpg\",\"width\":1296,\"height\":2560},{\"@type\":\"WebPage\",\"@id\":\"https:\/\/www.novalimglutenfree.com\/cs\/obchod\/muky-cs\/bezlepkove-mucne-zmesi-cs\/promix-pk-special-bezlepkova-zmes-na-pecivo-2\/#webpage\",\"url\":\"https:\/\/www.novalimglutenfree.com\/cs\/obchod\/muky-cs\/bezlepkove-mucne-zmesi-cs\/promix-pk-special-bezlepkova-zmes-na-pecivo-2\/\",\"name\":\"PROMIX-PK speci\\u00e1l, bezlepkov\\u00e1 sm\\u011bs na pe\\u010divo - Novalim\",\"isPartOf\":{\"@id\":\"https:\/\/www.novalimglutenfree.com\/de\/#website\"},\"primaryImageOfPage\":{\"@id\":\"https:\/\/www.novalimglutenfree.com\/cs\/obchod\/muky-cs\/bezlepkove-mucne-zmesi-cs\/promix-pk-special-bezlepkova-zmes-na-pecivo-2\/#primaryimage\"},\"datePublished\":\"2016-05-06T07:40:34+00:00\",\"dateModified\":\"2025-10-10T14:26:05+00:00\",\"inLanguage\":\"cs\",\"potentialAction\":[{\"@type\":\"ReadAction\",\"target\":[\"https:\/\/www.novalimglutenfree.com\/cs\/obchod\/muky-cs\/bezlepkove-mucne-zmesi-cs\/promix-pk-special-bezlepkova-zmes-na-pecivo-2\/\"]}]}]}<\/script>\n<!-- \/ Yoast SEO plugin. -->","_links":{"self":[{"href":"https:\/\/www.novalimglutenfree.com\/cs\/wp-json\/wp\/v2\/product\/6041"}],"collection":[{"href":"https:\/\/www.novalimglutenfree.com\/cs\/wp-json\/wp\/v2\/product"}],"about":[{"href":"https:\/\/www.novalimglutenfree.com\/cs\/wp-json\/wp\/v2\/types\/product"}],"replies":[{"embeddable":true,"href":"https:\/\/www.novalimglutenfree.com\/cs\/wp-json\/wp\/v2\/comments?post=6041"}],"version-history":[{"count":0,"href":"https:\/\/www.novalimglutenfree.com\/cs\/wp-json\/wp\/v2\/product\/6041\/revisions"}],"wp:featuredmedia":[{"embeddable":true,"href":"https:\/\/www.novalimglutenfree.com\/cs\/wp-json\/wp\/v2\/media\/9605"}],"wp:attachment":[{"href":"https:\/\/www.novalimglutenfree.com\/cs\/wp-json\/wp\/v2\/media?parent=6041"}],"curies":[{"name":"wp","href":"https:\/\/api.w.org\/{rel}","templated":true}]}}