{"id":6039,"date":"2016-05-06T09:40:34","date_gmt":"2016-05-06T07:40:34","guid":{"rendered":"http:\/\/novalimglutenfree.com\/obchod\/nezaraden\u00e9\/promix-uni-komfort-bezlepkova-zmes-na-chlieb\/"},"modified":"2018-11-26T16:37:43","modified_gmt":"2018-11-26T14:37:43","slug":"promix-uni-komfort-bezlepkova-zmes-na-chlieb","status":"publish","type":"product","link":"https:\/\/www.novalimglutenfree.com\/cs\/obchod\/muky-cs\/bezlepkove-mucne-zmesi-cs\/promix-uni-komfort-bezlepkova-zmes-na-chlieb\/","title":{"rendered":"PROMIX-UNI KOMFORT, bezlepkov\u00e1 sm\u011bs na chl\u00e9b"},"content":{"rendered":"<p>PROMIX\u00ae-UNI KOMFORT \u2013 univerz\u00e1ln\u00ed bezlepkov\u00e1 sm\u011bs na pe\u010den\u00ed v automatick\u00fdch pek\u00e1rn\u00e1ch.<\/p>\n<p>Potravina speci\u00e1ln\u011b p\u0159ipravena pro osoby s nesn\u00e1\u0161enlivost\u00ed lepku. Vyrobena <strong>z p\u0159irozen\u011b bezlepkov\u00fdch<\/strong> a bezp\u0161eni\u010dn\u00fdch surovin. (gluten &lt; 20mg\/kg)<\/p>\n<p>Sta\u010d\u00ed p\u0159idat vodu a su\u0161en\u00e9 dro\u017ed\u00ed a spustit 2-hodinov\u00fd program. Podle chuti mo\u017enost p\u0159idat chlebov\u00e9 ko\u0159en\u00ed, sem\u00ednka ap. Sm\u011bs obsahuje i rostlinn\u00fd tuk. Ke sm\u011bsi (d\u00e1vka na 1 chl\u00e9b) mo\u017enost p\u0159idat 1-2 PL amarantov\u00e9 nebo pohankov\u00e9 mouky nebo amarantov\u00fdch perli\u010dek.<\/p>\n<p><strong>Informace o v\u00fdrobku:<\/strong><br \/>\nSlo\u017een\u00ed: bramborov\u00fd \u0161krob, kuku\u0159i\u010dn\u00fd \u0161krob, r\u00fd\u017eov\u00e1 mouka, modifikovan\u00fd kuku\u0159i\u010dn\u00fd \u0161krob, <strong>s\u00f3jov\u00e1 mouka<\/strong>, rostlinn\u00fd tuk(\u0159epkov\u00fd, palmov\u00fd), bramborov\u00e1 mouka, cukr, zahu\u0161\u0165ovadla: gu\u00e1rov\u00e1 mouka a E466; cukr, jedl\u00e1 s\u016fl,stabiliz\u00e1tor: karboxymetylcelul\u00f3za; emulg\u00e1tor E471, kyselina citr\u00f3nov\u00e1<\/p>\n<p>100 g v\u00fdrobku pr\u016fm\u011brn\u011b obsahuje:<br \/>\n<strong>Energetick\u00e1 hodnota:<\/strong>1635 kJ; 386 kcal; <strong>Tuky:<\/strong> 3,7 g z toho 0,63 g nasycen\u00e9 mastn\u00e9 kyseliny; <strong>Sacharidy:<\/strong> 85,3 g z toho 2,7 g cukry; <strong>Vl\u00e1knina:<\/strong> 1,7 g; <strong>B\u00edlkoviny:<\/strong> 2,0 g; <strong>S\u016fl:<\/strong> 1,6 g;<\/p>\n<p>Balen\u00ed: 400 g\/1 chl\u00e9b<\/p>\n","protected":false},"excerpt":{"rendered":"<p>PROMIX\u00ae-UNI KOMFORT \u2013 univerz\u00e1ln\u00ed bezlepkov\u00e1 sm\u011bs na pe\u010den\u00ed v automatick\u00fdch pek\u00e1rn\u00e1ch.<\/p>\n<p>Potravina speci\u00e1ln\u011b p\u0159ipravena pro osoby s nesn\u00e1\u0161enlivost\u00ed lepku. Vyrobena<strong> z p\u0159irozen\u011b bezlepkov\u00fdch<\/strong> a bezp\u0161eni\u010dn\u00fdch surovin. (gluten &lt; 20mg\/kg)<\/p>\n<p>Sta\u010d\u00ed p\u0159idat vodu a su\u0161en\u00e9 dro\u017ed\u00ed a spustit 2-hodinov\u00fd program. Podle chuti mo\u017enost p\u0159idat chlebov\u00e9 ko\u0159en\u00ed, sem\u00ednka ap. Sm\u011bs obsahuje i rostlinn\u00fd tuk. Ke sm\u011bsi (d\u00e1vka na 1 chl\u00e9b) mo\u017enost p\u0159idat 1-2 PL amarantov\u00e9 nebo pohankov\u00e9 mouky nebo amarantov\u00fdch perli\u010dek.<\/p>\n","protected":false},"featured_media":6040,"comment_status":"closed","ping_status":"closed","template":"","meta":[],"yoast_head":"<!-- This site is optimized with the Yoast SEO plugin v15.7 - https:\/\/yoast.com\/wordpress\/plugins\/seo\/ -->\n<title>PROMIX-UNI KOMFORT, bezlepkov\u00e1 sm\u011bs na chl\u00e9b - Novalim<\/title>\n<meta name=\"robots\" content=\"index, follow, max-snippet:-1, max-image-preview:large, max-video-preview:-1\" \/>\n<link rel=\"canonical\" href=\"https:\/\/novalimglutenfree.com\/cs\/obchod\/muky-cs\/bezlepkove-mucne-zmesi-cs\/promix-uni-komfort-bezlepkova-zmes-na-chlieb\/\" \/>\n<meta property=\"og:locale\" content=\"cs_CZ\" \/>\n<meta property=\"og:type\" content=\"article\" \/>\n<meta property=\"og:title\" content=\"PROMIX-UNI KOMFORT, bezlepkov\u00e1 sm\u011bs na chl\u00e9b - Novalim\" \/>\n<meta property=\"og:description\" content=\"PROMIX\u00ae-UNI KOMFORT \u2013 univerz\u00e1ln\u00ed bezlepkov\u00e1 sm\u011bs na pe\u010den\u00ed v automatick\u00fdch pek\u00e1rn\u00e1ch.  Potravina speci\u00e1ln\u011b p\u0159ipravena pro osoby s nesn\u00e1\u0161enlivost\u00ed lepku. Vyrobena z p\u0159irozen\u011b bezlepkov\u00fdch a bezp\u0161eni\u010dn\u00fdch surovin. (gluten &lt; 20mg\/kg)  Sta\u010d\u00ed p\u0159idat vodu a su\u0161en\u00e9 dro\u017ed\u00ed a spustit 2-hodinov\u00fd program. Podle chuti mo\u017enost p\u0159idat chlebov\u00e9 ko\u0159en\u00ed, sem\u00ednka ap. Sm\u011bs obsahuje i rostlinn\u00fd tuk. Ke sm\u011bsi (d\u00e1vka na 1 chl\u00e9b) mo\u017enost p\u0159idat 1-2 PL amarantov\u00e9 nebo pohankov\u00e9 mouky nebo amarantov\u00fdch perli\u010dek.\" \/>\n<meta property=\"og:url\" content=\"https:\/\/novalimglutenfree.com\/cs\/obchod\/muky-cs\/bezlepkove-mucne-zmesi-cs\/promix-uni-komfort-bezlepkova-zmes-na-chlieb\/\" \/>\n<meta property=\"og:site_name\" content=\"Novalim\" \/>\n<meta property=\"article:modified_time\" content=\"2018-11-26T14:37:43+00:00\" \/>\n<meta property=\"og:image\" content=\"https:\/\/www.novalimglutenfree.com\/wp-content\/uploads\/2016\/05\/Uni-Komfort.jpg\" \/>\n\t<meta property=\"og:image:width\" content=\"413\" \/>\n\t<meta property=\"og:image:height\" content=\"618\" \/>\n<meta name=\"twitter:card\" content=\"summary\" \/>\n<meta name=\"twitter:label1\" content=\"Odhadovan\u00e1 doba \u010dten\u00ed\">\n\t<meta name=\"twitter:data1\" content=\"1 minuta\">\n<script type=\"application\/ld+json\" class=\"yoast-schema-graph\">{\"@context\":\"https:\/\/schema.org\",\"@graph\":[{\"@type\":\"WebSite\",\"@id\":\"https:\/\/www.novalimglutenfree.com\/de\/#website\",\"url\":\"https:\/\/www.novalimglutenfree.com\/de\/\",\"name\":\"Novalim\",\"description\":\"Bezlepkov\\u00e9 potraviny, bezlepkov\\u00e9 recepty, celiakia, PKU\",\"potentialAction\":[{\"@type\":\"SearchAction\",\"target\":\"https:\/\/www.novalimglutenfree.com\/de\/?s={search_term_string}\",\"query-input\":\"required name=search_term_string\"}],\"inLanguage\":\"cs\"},{\"@type\":\"ImageObject\",\"@id\":\"https:\/\/novalimglutenfree.com\/cs\/obchod\/muky-cs\/bezlepkove-mucne-zmesi-cs\/promix-uni-komfort-bezlepkova-zmes-na-chlieb\/#primaryimage\",\"inLanguage\":\"cs\",\"url\":\"https:\/\/www.novalimglutenfree.com\/wp-content\/uploads\/2016\/05\/Uni-Komfort.jpg\",\"width\":413,\"height\":618},{\"@type\":\"WebPage\",\"@id\":\"https:\/\/novalimglutenfree.com\/cs\/obchod\/muky-cs\/bezlepkove-mucne-zmesi-cs\/promix-uni-komfort-bezlepkova-zmes-na-chlieb\/#webpage\",\"url\":\"https:\/\/novalimglutenfree.com\/cs\/obchod\/muky-cs\/bezlepkove-mucne-zmesi-cs\/promix-uni-komfort-bezlepkova-zmes-na-chlieb\/\",\"name\":\"PROMIX-UNI KOMFORT, bezlepkov\\u00e1 sm\\u011bs na chl\\u00e9b - Novalim\",\"isPartOf\":{\"@id\":\"https:\/\/www.novalimglutenfree.com\/de\/#website\"},\"primaryImageOfPage\":{\"@id\":\"https:\/\/novalimglutenfree.com\/cs\/obchod\/muky-cs\/bezlepkove-mucne-zmesi-cs\/promix-uni-komfort-bezlepkova-zmes-na-chlieb\/#primaryimage\"},\"datePublished\":\"2016-05-06T07:40:34+00:00\",\"dateModified\":\"2018-11-26T14:37:43+00:00\",\"inLanguage\":\"cs\",\"potentialAction\":[{\"@type\":\"ReadAction\",\"target\":[\"https:\/\/novalimglutenfree.com\/cs\/obchod\/muky-cs\/bezlepkove-mucne-zmesi-cs\/promix-uni-komfort-bezlepkova-zmes-na-chlieb\/\"]}]}]}<\/script>\n<!-- \/ Yoast SEO plugin. -->","_links":{"self":[{"href":"https:\/\/www.novalimglutenfree.com\/cs\/wp-json\/wp\/v2\/product\/6039"}],"collection":[{"href":"https:\/\/www.novalimglutenfree.com\/cs\/wp-json\/wp\/v2\/product"}],"about":[{"href":"https:\/\/www.novalimglutenfree.com\/cs\/wp-json\/wp\/v2\/types\/product"}],"replies":[{"embeddable":true,"href":"https:\/\/www.novalimglutenfree.com\/cs\/wp-json\/wp\/v2\/comments?post=6039"}],"version-history":[{"count":0,"href":"https:\/\/www.novalimglutenfree.com\/cs\/wp-json\/wp\/v2\/product\/6039\/revisions"}],"wp:featuredmedia":[{"embeddable":true,"href":"https:\/\/www.novalimglutenfree.com\/cs\/wp-json\/wp\/v2\/media\/6040"}],"wp:attachment":[{"href":"https:\/\/www.novalimglutenfree.com\/cs\/wp-json\/wp\/v2\/media?parent=6039"}],"curies":[{"name":"wp","href":"https:\/\/api.w.org\/{rel}","templated":true}]}}