{"id":6038,"date":"2016-05-06T09:40:34","date_gmt":"2016-05-06T07:40:34","guid":{"rendered":"http:\/\/novalimglutenfree.com\/obchod\/nezaraden\u00e9\/promixz-forte-silna-bezlepkova-muka\/"},"modified":"2018-11-26T14:34:24","modified_gmt":"2018-11-26T12:34:24","slug":"promixz-forte-silna-bezlepkova-muka","status":"publish","type":"product","link":"https:\/\/www.novalimglutenfree.com\/cs\/obchod\/muky-cs\/bezlepkove-mucne-zmesi-cs\/promixz-forte-silna-bezlepkova-muka\/","title":{"rendered":"PROMIX-FORTE, siln\u00e1 bezlepkov\u00e1 mouka"},"content":{"rendered":"<p>PROMIX\u00ae-FORTE \u2013 unik\u00e1tn\u00ed mouka pro rychl\u00e9 kynut\u00ed a lahodn\u00e9 ml\u00e9\u010dn\u00e9 pe\u010divo.<br \/>\nTato mou\u010dn\u00e1 sm\u011bs bez lepku je vyrobena <strong>z p\u0159irozene bezlepkov\u00fdch<\/strong> a bezp\u0161eni\u010dn\u00fdch surovin. Je ur\u010dena na p\u0159\u00edpravu sv\u011btl\u00e9ho chleba, be\u017en\u00e9ho a jemn\u00e9ho pe\u010diva bez pou\u017eit\u00ed formy.<\/p>\n<p>N\u00e1vod na p\u0159\u00edpravu:<\/p>\n<p>1\/ Ve 0,5 dl vla\u017en\u00e9 vody rozpust\u00edme 20 g \u010derstv\u00e9ho dro\u017ed\u00ed (1\/2 kostky), p\u0159id\u00e1me plnou l\u017ei\u010dku cukru a nech\u00e1me aktivovat asi 10 minut.<br \/>\n2\/ Do zbyl\u00e9 vody (2,5 dl) p\u0159id\u00e1me 1 plnou l\u017ei\u010dku soli (7 g) a l\u017ei\u010dku octa nebo citr\u00f3nov\u00e9 \u0161\u0165\u00e1vy a zam\u00edch\u00e1me.<br \/>\n3\/ V misce nasucho sm\u00edchame 400 g PROMIX FORTE s chlebov\u00fdm ko\u0159en\u00edm anebo jin\u00fdmi p\u0159\u00edsadami a p\u0159id\u00e1me kv\u00e1sek, vodu se sol\u00ed (2,5 dl) a octem a 5 l\u017e\u00edc oleje (30 g tuku). Hneteme 4-5 minut a\u017e vznikne hladk\u00e9 t\u011bsto. Nech\u00e1me p\u0159ikryt\u00e9 5 minut odle\u017eet.<br \/>\n4\/ T\u011bsto rozdel\u00edme a vyformujeme do po\u017eadovan\u00e9ho tvaru (bochn\u00edk, houska, rohl\u00edk a pod.), vlo\u017e\u00edme do formy anebo polo\u017e\u00edme na plech a nech\u00e1me kynout na tepl\u00e9m m\u00edst\u011b 20-30 minut a\u017e k\u00fdm zdvojn\u00e1sob\u00ed objem. T\u011bsto b\u011bhem kynut\u00ed 2-3x navlh\u010d\u00edme vla\u017enou vodou, z toho jednou p\u0159ed vlo\u017een\u00edm do pece.<br \/>\n5\/ Pe\u010deme v p\u0159edeh\u0159\u00e1t\u00e9 troub\u011b p\u0159i 200\u00b0C, chl\u00e9b asi 40 minut, drobn\u00e9 pe\u010divo 15-20 minut.<\/p>\n<p><strong>Informace o v\u00fdrobku:<\/strong><br \/>\nSlo\u017een\u00ed: bramborov\u00fd \u0161krob, kuku\u0159i\u010dn\u00fd \u0161krob, tapiokov\u00fd \u0161krob,<strong> su\u0161en\u00e1 syrov\u00e1tka<\/strong>, kuku\u0159i\u010dn\u00fd maltodextr\u00edn, <strong>s\u00f3jov\u00e1 mouka<\/strong>, bambusov\u00e1 vl\u00e1knina, zahu\u0161\u0165ovadlo: gu\u00e1rov\u00e1 mouka a karboxymethylcelul\u00f3za, emulg\u00e1tor: mono a diglyceridy nenasycen\u00fdch mastn\u00fdch kyselin.<\/p>\n<p>100 g v\u00fdrobku pr\u016fm\u011brn\u011b obsahuje:<br \/>\n<strong>Energetick\u00e1 hodnota:<\/strong> 1533 kJ, 366 kcal; <strong>Tuky:<\/strong> 1,1 g z toho 0,07 g nasycen\u00e9 mastn\u00e9 kyseliny; <strong>Sacharidy:<\/strong> 85,8 g z toho 4,8 g cukry; <strong>Vl\u00e1knina:<\/strong> 2,4 g;<strong> B\u00edlkoviny:<\/strong> 2,0 g; <strong>S\u016fl:<\/strong> 0,19 g;<\/p>\n<p>Balen\u00ed: 1 kg<\/p>\n","protected":false},"excerpt":{"rendered":"<p>PROMIX\u00ae-FORTE \u2013 unik\u00e1tn\u00ed mouka pro rychl\u00e9 kynut\u00ed a lahodn\u00e9 ml\u00e9\u010dn\u00e9 pe\u010divo.<br \/>\nTato mou\u010dn\u00e1 sm\u011bs bez lepku je vyrobena <strong>z p\u0159irozene bezlepkov\u00fdch<\/strong> a bezp\u0161eni\u010dn\u00fdch surovin. Je ur\u010dena na p\u0159\u00edpravu sv\u011btl\u00e9ho chleba, be\u017en\u00e9ho a jemn\u00e9ho pe\u010diva bez pou\u017eit\u00ed formy.<\/p>\n<p>*RECEPT- <a href=\"http:\/\/novalimglutenfree.com\/cs\/kynute-pecivo-z-bramboroveho-testa-bez-lepku\/\">Kynut\u00e9 pe\u010divo z bramborov\u00e9ho t\u011bsta<\/a> nebo <a href=\"http:\/\/novalimglutenfree.com\/cs\/bezlepkove-pecivo-z-promix-forte\/\">Bezlepkov\u00e9 pe\u010divo<\/a>, aneb <a href=\"http:\/\/novalimglutenfree.com\/cs\/bezlepkova-pizza\/\">Bezlepkov\u00e1 pizza<\/a><\/p>\n","protected":false},"featured_media":1053,"comment_status":"closed","ping_status":"closed","template":"","meta":[],"yoast_head":"<!-- This site is optimized with the Yoast SEO plugin v15.7 - https:\/\/yoast.com\/wordpress\/plugins\/seo\/ -->\n<title>PROMIX-FORTE, siln\u00e1 bezlepkov\u00e1 mouka - Novalim<\/title>\n<meta name=\"robots\" content=\"index, follow, max-snippet:-1, max-image-preview:large, max-video-preview:-1\" \/>\n<link rel=\"canonical\" href=\"https:\/\/www.novalimglutenfree.com\/cs\/obchod\/muky-cs\/bezlepkove-mucne-zmesi-cs\/promixz-forte-silna-bezlepkova-muka\/\" \/>\n<meta property=\"og:locale\" content=\"cs_CZ\" \/>\n<meta property=\"og:type\" content=\"article\" \/>\n<meta property=\"og:title\" content=\"PROMIX-FORTE, siln\u00e1 bezlepkov\u00e1 mouka - Novalim\" \/>\n<meta property=\"og:description\" content=\"PROMIX\u00ae-FORTE \u2013 unik\u00e1tn\u00ed mouka pro rychl\u00e9 kynut\u00ed a lahodn\u00e9 ml\u00e9\u010dn\u00e9 pe\u010divo. Tato mou\u010dn\u00e1 sm\u011bs bez lepku je vyrobena z p\u0159irozene bezlepkov\u00fdch a bezp\u0161eni\u010dn\u00fdch surovin. Je ur\u010dena na p\u0159\u00edpravu sv\u011btl\u00e9ho chleba, be\u017en\u00e9ho a jemn\u00e9ho pe\u010diva bez pou\u017eit\u00ed formy.  *RECEPT- Kynut\u00e9 pe\u010divo z bramborov\u00e9ho t\u011bsta nebo Bezlepkov\u00e9 pe\u010divo, aneb Bezlepkov\u00e1 pizza\" \/>\n<meta property=\"og:url\" content=\"https:\/\/www.novalimglutenfree.com\/cs\/obchod\/muky-cs\/bezlepkove-mucne-zmesi-cs\/promixz-forte-silna-bezlepkova-muka\/\" \/>\n<meta property=\"og:site_name\" content=\"Novalim\" \/>\n<meta property=\"article:modified_time\" content=\"2018-11-26T12:34:24+00:00\" \/>\n<meta property=\"og:image\" content=\"https:\/\/www.novalimglutenfree.com\/wp-content\/uploads\/2016\/05\/Promix_Forte.jpg\" \/>\n\t<meta property=\"og:image:width\" content=\"413\" \/>\n\t<meta property=\"og:image:height\" content=\"618\" \/>\n<meta name=\"twitter:card\" content=\"summary\" \/>\n<meta name=\"twitter:label1\" content=\"Odhadovan\u00e1 doba \u010dten\u00ed\">\n\t<meta name=\"twitter:data1\" content=\"2 minuty\">\n<script type=\"application\/ld+json\" class=\"yoast-schema-graph\">{\"@context\":\"https:\/\/schema.org\",\"@graph\":[{\"@type\":\"WebSite\",\"@id\":\"https:\/\/www.novalimglutenfree.com\/de\/#website\",\"url\":\"https:\/\/www.novalimglutenfree.com\/de\/\",\"name\":\"Novalim\",\"description\":\"Bezlepkov\\u00e9 potraviny, bezlepkov\\u00e9 recepty, celiakia, PKU\",\"potentialAction\":[{\"@type\":\"SearchAction\",\"target\":\"https:\/\/www.novalimglutenfree.com\/de\/?s={search_term_string}\",\"query-input\":\"required name=search_term_string\"}],\"inLanguage\":\"cs\"},{\"@type\":\"ImageObject\",\"@id\":\"https:\/\/www.novalimglutenfree.com\/cs\/obchod\/muky-cs\/bezlepkove-mucne-zmesi-cs\/promixz-forte-silna-bezlepkova-muka\/#primaryimage\",\"inLanguage\":\"cs\",\"url\":\"https:\/\/www.novalimglutenfree.com\/wp-content\/uploads\/2016\/05\/Promix_Forte.jpg\",\"width\":413,\"height\":618},{\"@type\":\"WebPage\",\"@id\":\"https:\/\/www.novalimglutenfree.com\/cs\/obchod\/muky-cs\/bezlepkove-mucne-zmesi-cs\/promixz-forte-silna-bezlepkova-muka\/#webpage\",\"url\":\"https:\/\/www.novalimglutenfree.com\/cs\/obchod\/muky-cs\/bezlepkove-mucne-zmesi-cs\/promixz-forte-silna-bezlepkova-muka\/\",\"name\":\"PROMIX-FORTE, siln\\u00e1 bezlepkov\\u00e1 mouka - Novalim\",\"isPartOf\":{\"@id\":\"https:\/\/www.novalimglutenfree.com\/de\/#website\"},\"primaryImageOfPage\":{\"@id\":\"https:\/\/www.novalimglutenfree.com\/cs\/obchod\/muky-cs\/bezlepkove-mucne-zmesi-cs\/promixz-forte-silna-bezlepkova-muka\/#primaryimage\"},\"datePublished\":\"2016-05-06T07:40:34+00:00\",\"dateModified\":\"2018-11-26T12:34:24+00:00\",\"inLanguage\":\"cs\",\"potentialAction\":[{\"@type\":\"ReadAction\",\"target\":[\"https:\/\/www.novalimglutenfree.com\/cs\/obchod\/muky-cs\/bezlepkove-mucne-zmesi-cs\/promixz-forte-silna-bezlepkova-muka\/\"]}]}]}<\/script>\n<!-- \/ Yoast SEO plugin. -->","_links":{"self":[{"href":"https:\/\/www.novalimglutenfree.com\/cs\/wp-json\/wp\/v2\/product\/6038"}],"collection":[{"href":"https:\/\/www.novalimglutenfree.com\/cs\/wp-json\/wp\/v2\/product"}],"about":[{"href":"https:\/\/www.novalimglutenfree.com\/cs\/wp-json\/wp\/v2\/types\/product"}],"replies":[{"embeddable":true,"href":"https:\/\/www.novalimglutenfree.com\/cs\/wp-json\/wp\/v2\/comments?post=6038"}],"version-history":[{"count":1,"href":"https:\/\/www.novalimglutenfree.com\/cs\/wp-json\/wp\/v2\/product\/6038\/revisions"}],"predecessor-version":[{"id":9864,"href":"https:\/\/www.novalimglutenfree.com\/cs\/wp-json\/wp\/v2\/product\/6038\/revisions\/9864"}],"wp:featuredmedia":[{"embeddable":true,"href":"https:\/\/www.novalimglutenfree.com\/cs\/wp-json\/wp\/v2\/media\/1053"}],"wp:attachment":[{"href":"https:\/\/www.novalimglutenfree.com\/cs\/wp-json\/wp\/v2\/media?parent=6038"}],"curies":[{"name":"wp","href":"https:\/\/api.w.org\/{rel}","templated":true}]}}