{"id":6031,"date":"2017-02-08T22:03:46","date_gmt":"2017-02-08T20:03:46","guid":{"rendered":"http:\/\/novalimglutenfree.com\/obchod\/nezaraden\u00e9\/zemiakova-muka\/"},"modified":"2025-08-02T08:26:42","modified_gmt":"2025-08-02T06:26:42","slug":"zemiakova-muka","status":"publish","type":"product","link":"https:\/\/www.novalimglutenfree.com\/cs\/obchod\/muky-cs\/prirodzene-bezlepkove-muky-cs\/zemiakova-muka\/","title":{"rendered":"Bramborov\u00e1 mouka"},"content":{"rendered":"<p><strong>Bramborov\u00e1 mouka<\/strong> je p\u0159irozen\u011b bezlepkov\u00e1 surovina. Pou\u017e\u00edv\u00e1 se hlavn\u011b k zahu\u0161\u0165ov\u00e1n\u00ed pol\u00e9vek a om\u00e1\u010dek, na p\u0159\u00edpravu pudink\u016f a r\u016fzn\u00fdch druh\u016f tepl\u00fdch a studen\u00fdch kr\u00e9m\u016f. Bramborov\u00e1 mouka zvy\u0161uje k\u0159ehkost t\u011bsta, proto se pou\u017e\u00edv\u00e1 do t\u0159en\u00e9ho b\u00e1bovkov\u00e9ho t\u011bsta, tak\u00e9 ji lze pou\u017e\u00edt p\u0159i p\u0159\u00edprav\u011b chleba jako chu\u0165ovou p\u0159\u00edsadu.<\/p>\n<p><strong>Recept na bezlepkov\u00e9 bramborov\u00e9 placky:<\/strong> 5 brambor nastrouh\u00e1me najemno, p\u0159id\u00e1me 1 cel\u00e9 vejce, 3 PL bramborov\u00e9 mouky, 1 \u010cL major\u00e1nky, s\u016fl a pep\u0159 podle chuti, 2 rozma\u010dkan\u00e9 strou\u017eky \u010desneku a 1 najemno nakr\u00e1jenou cibuli. T\u011bsto prom\u00edch\u00e1me a nech\u00e1me 10 minut odst\u00e1t. L\u017e\u00edc\u00ed nan\u00e1\u0161\u00edme hrom\u00e1dky, kter\u00e9 rozet\u0159eme na tenk\u00e9 placky a na rozp\u00e1len\u00e9m oleji sma\u017e\u00edme z obou stran do zlatova.<\/p>\n<p>100 g v\u00fdrobku pr\u016fm\u011brn\u011b obsahuje:<br \/>\n<strong>Energetick\u00e1 hodnota:<\/strong> 1561 kJ, 369 kcal; <strong>Tuky:<\/strong> 0,3 g z toho 0 g nasycen\u00e9 mastn\u00e9 kyseliny; <strong>Sacharidy:<\/strong> 83,0 g z toho 3,5 g cukry; <strong>Vl\u00e1knina:<\/strong> 5,9 g;<strong> B\u00edlkoviny:<\/strong> 5,4 g; <strong>S\u016fl:<\/strong> 0,1 g;<\/p>\n<p>Balen\u00ed: 500 g<\/p>\n","protected":false},"excerpt":{"rendered":"<p><strong>Bramborov\u00e1 mouka<\/strong> je <strong>p\u0159irozen\u011b bezlepkov\u00e1<\/strong> surovina. Pou\u017e\u00edv\u00e1 se hlavn\u011b k zahu\u0161\u0165ov\u00e1n\u00ed pol\u00e9vek a om\u00e1\u010dek, na p\u0159\u00edpravu pudink\u016f a r\u016fzn\u00fdch druh\u016f tepl\u00fdch a studen\u00fdch kr\u00e9m\u016f. Bramborov\u00e1 mouka zvy\u0161uje k\u0159ehkost t\u011bsta, proto se pou\u017e\u00edv\u00e1 do t\u0159en\u00e9ho b\u00e1bovkov\u00e9ho t\u011bsta, tak\u00e9 ji lze pou\u017e\u00edt p\u0159i p\u0159\u00edprav\u011b chleba jako chu\u0165ovou p\u0159\u00edsadu.<\/p>\n<p>Potravina speci\u00e1ln\u011b p\u0159ipravena pro osoby s nesn\u00e1\u0161enlivost\u00ed lepku. Vyrobena<strong> z p\u0159irozen\u011b bezlepkov\u00fdch<\/strong> a bezp\u0161eni\u010dn\u00fdch surovin. (gluten &lt; 20mg\/kg)<\/p>\n","protected":false},"featured_media":9584,"comment_status":"closed","ping_status":"closed","template":"","meta":[],"yoast_head":"<!-- This site is optimized with the Yoast SEO plugin v15.7 - https:\/\/yoast.com\/wordpress\/plugins\/seo\/ -->\n<title>Bramborov\u00e1 mouka - Novalim<\/title>\n<meta name=\"description\" content=\"Zemiakov\u00e1 m\u00faka\" \/>\n<meta name=\"robots\" content=\"index, follow, max-snippet:-1, max-image-preview:large, max-video-preview:-1\" \/>\n<link rel=\"canonical\" href=\"https:\/\/www.novalimglutenfree.com\/cs\/obchod\/muky-cs\/prirodzene-bezlepkove-muky-cs\/zemiakova-muka\/\" \/>\n<meta property=\"og:locale\" content=\"cs_CZ\" \/>\n<meta property=\"og:type\" content=\"article\" \/>\n<meta property=\"og:title\" content=\"Bramborov\u00e1 mouka - Novalim\" \/>\n<meta property=\"og:description\" content=\"Zemiakov\u00e1 m\u00faka\" \/>\n<meta property=\"og:url\" content=\"https:\/\/www.novalimglutenfree.com\/cs\/obchod\/muky-cs\/prirodzene-bezlepkove-muky-cs\/zemiakova-muka\/\" \/>\n<meta property=\"og:site_name\" content=\"Novalim\" \/>\n<meta property=\"article:modified_time\" content=\"2025-08-02T06:26:42+00:00\" \/>\n<meta property=\"og:image\" content=\"https:\/\/www.novalimglutenfree.com\/wp-content\/uploads\/2017\/02\/09-2018_novalim_mockup_muka-ZEMIAKOVA.jpg\" \/>\n\t<meta property=\"og:image:width\" content=\"1000\" \/>\n\t<meta property=\"og:image:height\" content=\"1449\" \/>\n<meta name=\"twitter:card\" content=\"summary\" \/>\n<meta name=\"twitter:label1\" content=\"Odhadovan\u00e1 doba \u010dten\u00ed\">\n\t<meta name=\"twitter:data1\" content=\"1 minuta\">\n<script type=\"application\/ld+json\" class=\"yoast-schema-graph\">{\"@context\":\"https:\/\/schema.org\",\"@graph\":[{\"@type\":\"WebSite\",\"@id\":\"https:\/\/www.novalimglutenfree.com\/de\/#website\",\"url\":\"https:\/\/www.novalimglutenfree.com\/de\/\",\"name\":\"Novalim\",\"description\":\"Bezlepkov\\u00e9 potraviny, bezlepkov\\u00e9 recepty, celiakia, PKU\",\"potentialAction\":[{\"@type\":\"SearchAction\",\"target\":\"https:\/\/www.novalimglutenfree.com\/de\/?s={search_term_string}\",\"query-input\":\"required name=search_term_string\"}],\"inLanguage\":\"cs\"},{\"@type\":\"ImageObject\",\"@id\":\"https:\/\/www.novalimglutenfree.com\/cs\/obchod\/muky-cs\/prirodzene-bezlepkove-muky-cs\/zemiakova-muka\/#primaryimage\",\"inLanguage\":\"cs\",\"url\":\"https:\/\/www.novalimglutenfree.com\/wp-content\/uploads\/2017\/02\/09-2018_novalim_mockup_muka-ZEMIAKOVA.jpg\",\"width\":1000,\"height\":1449},{\"@type\":\"WebPage\",\"@id\":\"https:\/\/www.novalimglutenfree.com\/cs\/obchod\/muky-cs\/prirodzene-bezlepkove-muky-cs\/zemiakova-muka\/#webpage\",\"url\":\"https:\/\/www.novalimglutenfree.com\/cs\/obchod\/muky-cs\/prirodzene-bezlepkove-muky-cs\/zemiakova-muka\/\",\"name\":\"Bramborov\\u00e1 mouka - Novalim\",\"isPartOf\":{\"@id\":\"https:\/\/www.novalimglutenfree.com\/de\/#website\"},\"primaryImageOfPage\":{\"@id\":\"https:\/\/www.novalimglutenfree.com\/cs\/obchod\/muky-cs\/prirodzene-bezlepkove-muky-cs\/zemiakova-muka\/#primaryimage\"},\"datePublished\":\"2017-02-08T20:03:46+00:00\",\"dateModified\":\"2025-08-02T06:26:42+00:00\",\"description\":\"Zemiakov\\u00e1 m\\u00faka\",\"inLanguage\":\"cs\",\"potentialAction\":[{\"@type\":\"ReadAction\",\"target\":[\"https:\/\/www.novalimglutenfree.com\/cs\/obchod\/muky-cs\/prirodzene-bezlepkove-muky-cs\/zemiakova-muka\/\"]}]}]}<\/script>\n<!-- \/ Yoast SEO plugin. -->","_links":{"self":[{"href":"https:\/\/www.novalimglutenfree.com\/cs\/wp-json\/wp\/v2\/product\/6031"}],"collection":[{"href":"https:\/\/www.novalimglutenfree.com\/cs\/wp-json\/wp\/v2\/product"}],"about":[{"href":"https:\/\/www.novalimglutenfree.com\/cs\/wp-json\/wp\/v2\/types\/product"}],"replies":[{"embeddable":true,"href":"https:\/\/www.novalimglutenfree.com\/cs\/wp-json\/wp\/v2\/comments?post=6031"}],"version-history":[{"count":1,"href":"https:\/\/www.novalimglutenfree.com\/cs\/wp-json\/wp\/v2\/product\/6031\/revisions"}],"predecessor-version":[{"id":9265,"href":"https:\/\/www.novalimglutenfree.com\/cs\/wp-json\/wp\/v2\/product\/6031\/revisions\/9265"}],"wp:featuredmedia":[{"embeddable":true,"href":"https:\/\/www.novalimglutenfree.com\/cs\/wp-json\/wp\/v2\/media\/9584"}],"wp:attachment":[{"href":"https:\/\/www.novalimglutenfree.com\/cs\/wp-json\/wp\/v2\/media?parent=6031"}],"curies":[{"name":"wp","href":"https:\/\/api.w.org\/{rel}","templated":true}]}}