{"id":6030,"date":"2017-02-22T23:48:48","date_gmt":"2017-02-22T21:48:48","guid":{"rendered":"http:\/\/novalimglutenfree.com\/obchod\/nezaraden\u00e9\/pohankova-muka\/"},"modified":"2025-08-02T08:26:42","modified_gmt":"2025-08-02T06:26:42","slug":"pohankova-muka","status":"publish","type":"product","link":"https:\/\/www.novalimglutenfree.com\/cs\/obchod\/muky-cs\/prirodzene-bezlepkove-muky-cs\/pohankova-muka\/","title":{"rendered":"Pohankov\u00e1 mouka hladk\u00e1 natural"},"content":{"rendered":"<p><strong>Pohankov\u00e1 mouka hladk\u00e1 natural. Pohanka<\/strong> je velmi vhodn\u00e1, p\u0159edev\u0161\u00edm pro obsah rutinu, kter\u00fd p\u0159\u00edzniv\u011b ovliv\u0148uje c\u00e9vn\u00ed syst\u00e9m. Cenn\u00fd je obsah miner\u00e1ln\u00edch l\u00e1tek (v\u00e1pn\u00edk, ho\u0159\u010d\u00edk, fosfor, drasl\u00edk) a vitam\u00edn\u016f B1, B2, C, E a cholinu. M\u00e1 vysok\u00fd obsah nenasycen\u00fdch mastn\u00fdch kyselin. Je p\u0159irozen\u011b bezlepkov\u00e1.<\/p>\n<p><strong>Recept na pohankov\u00fd meru\u0148kov\u00fd kol\u00e1\u010d<\/strong>: Na dno dortov\u00e9 formy na pap\u00edr na pe\u010den\u00ed naklademe poloviny merun\u011bk. Vy\u0161leh\u00e1me 100 g m\u00e1sla a 80 g cukru, p\u0159id\u00e1me vanilkov\u00fd cukr, k\u016fru z citronu, 2 vejce a 100 g zakysan\u00e9 smetany, dob\u0159e vy\u0161leh\u00e1me. P\u0159isypeme 150 g pohankov\u00e9 mouky, 1 \u010cL kyp\u0159\u00edc\u00edho pr\u00e1\u0161ku a 2 \u010cL mlet\u00e9 sko\u0159ice a nalijeme na meru\u0148ky. Pe\u010deme asi 40 minut na 170 stupn\u00edch.<\/p>\n<p><strong>Informace o v\u00fdrobku:<\/strong><\/p>\n<p>100 g v\u00fdrobku pr\u016fm\u011brn\u011b obsahuje:<br \/>\n<strong>Energetick\u00e1 hodnota:<\/strong> 1575kJ, 372 kcal; <strong>Tuky:<\/strong> 2,2 g z toho 0,2 g nasycen\u00e9 mastn\u00e9 kyseliny; <strong>Sacharidy:<\/strong> 72,5 g z toho 3,2 g cukry; <strong>Vl\u00e1knina:<\/strong> 1,0 g; <strong>B\u00edlkoviny:<\/strong> 12,6 g;<strong> S\u016fl:<\/strong> 0,01 g;<\/p>\n<p>Balen\u00ed: 500g<\/p>\n","protected":false},"excerpt":{"rendered":"<p><b>Pohankov\u00e1 mouka hladk\u00e1 natural. Pohanka<\/b> je velmi vhodn\u00e1, p\u0159edev\u0161\u00edm pro obsah rutinu, kter\u00fd p\u0159\u00edzniv\u011b ovliv\u0148uje c\u00e9vn\u00ed syst\u00e9m. Cenn\u00fd je obsah miner\u00e1ln\u00edch l\u00e1tek (v\u00e1pn\u00edk, ho\u0159\u010d\u00edk, fosfor, drasl\u00edk) a vitam\u00edn\u016f B1, B2, C, E a cholinu. M\u00e1 vysok\u00fd obsah nenasycen\u00fdch mastn\u00fdch kyselin.<\/p>\n<p>Potravina speci\u00e1ln\u011b p\u0159ipravena pro osoby s nesn\u00e1\u0161enlivost\u00ed lepku. Vyrobena z<strong> p\u0159irozen\u011b bezlepkov\u00fdch<\/strong> a bezp\u0161eni\u010dn\u00fdch surovin. (gluten &lt; 20mg\/kg)<\/p>\n<p>*RECEPT &#8211; <a href=\"http:\/\/novalimglutenfree.com\/cs\/pohankova-rolada-s-gastanovou-plnkou-bez-lepku\/\">Poh\u00e1nkov\u00e1 rol\u00e1da<\/a><\/p>\n","protected":false},"featured_media":9574,"comment_status":"open","ping_status":"closed","template":"","meta":[],"yoast_head":"<!-- This site is optimized with the Yoast SEO plugin v15.7 - https:\/\/yoast.com\/wordpress\/plugins\/seo\/ -->\n<title>Pohankov\u00e1 mouka hladk\u00e1 natural - Novalim<\/title>\n<meta name=\"robots\" content=\"index, follow, max-snippet:-1, max-image-preview:large, max-video-preview:-1\" \/>\n<link rel=\"canonical\" href=\"https:\/\/www.novalimglutenfree.com\/cs\/obchod\/muky-cs\/prirodzene-bezlepkove-muky-cs\/pohankova-muka\/\" \/>\n<meta property=\"og:locale\" content=\"cs_CZ\" \/>\n<meta property=\"og:type\" content=\"article\" \/>\n<meta property=\"og:title\" content=\"Pohankov\u00e1 mouka hladk\u00e1 natural - Novalim\" \/>\n<meta property=\"og:description\" content=\"Pohankov\u00e1 mouka hladk\u00e1 natural. Pohanka je velmi vhodn\u00e1, p\u0159edev\u0161\u00edm pro obsah rutinu, kter\u00fd p\u0159\u00edzniv\u011b ovliv\u0148uje c\u00e9vn\u00ed syst\u00e9m. Cenn\u00fd je obsah miner\u00e1ln\u00edch l\u00e1tek (v\u00e1pn\u00edk, ho\u0159\u010d\u00edk, fosfor, drasl\u00edk) a vitam\u00edn\u016f B1, B2, C, E a cholinu. M\u00e1 vysok\u00fd obsah nenasycen\u00fdch mastn\u00fdch kyselin.  Potravina speci\u00e1ln\u011b p\u0159ipravena pro osoby s nesn\u00e1\u0161enlivost\u00ed lepku. Vyrobena z p\u0159irozen\u011b bezlepkov\u00fdch a bezp\u0161eni\u010dn\u00fdch surovin. (gluten &lt; 20mg\/kg)  *RECEPT - Poh\u00e1nkov\u00e1 rol\u00e1da\" \/>\n<meta property=\"og:url\" content=\"https:\/\/www.novalimglutenfree.com\/cs\/obchod\/muky-cs\/prirodzene-bezlepkove-muky-cs\/pohankova-muka\/\" \/>\n<meta property=\"og:site_name\" content=\"Novalim\" \/>\n<meta property=\"article:modified_time\" content=\"2025-08-02T06:26:42+00:00\" \/>\n<meta property=\"og:image\" content=\"https:\/\/www.novalimglutenfree.com\/wp-content\/uploads\/2017\/02\/09-2018_novalim_mockup_muka-POHANKOVA.jpg\" \/>\n\t<meta property=\"og:image:width\" content=\"1000\" \/>\n\t<meta property=\"og:image:height\" content=\"1449\" \/>\n<meta name=\"twitter:card\" content=\"summary\" \/>\n<meta name=\"twitter:label1\" content=\"Odhadovan\u00e1 doba \u010dten\u00ed\">\n\t<meta name=\"twitter:data1\" content=\"1 minuta\">\n<script type=\"application\/ld+json\" class=\"yoast-schema-graph\">{\"@context\":\"https:\/\/schema.org\",\"@graph\":[{\"@type\":\"WebSite\",\"@id\":\"https:\/\/www.novalimglutenfree.com\/de\/#website\",\"url\":\"https:\/\/www.novalimglutenfree.com\/de\/\",\"name\":\"Novalim\",\"description\":\"Bezlepkov\\u00e9 potraviny, bezlepkov\\u00e9 recepty, celiakia, PKU\",\"potentialAction\":[{\"@type\":\"SearchAction\",\"target\":\"https:\/\/www.novalimglutenfree.com\/de\/?s={search_term_string}\",\"query-input\":\"required name=search_term_string\"}],\"inLanguage\":\"cs\"},{\"@type\":\"ImageObject\",\"@id\":\"https:\/\/www.novalimglutenfree.com\/cs\/obchod\/muky-cs\/prirodzene-bezlepkove-muky-cs\/pohankova-muka\/#primaryimage\",\"inLanguage\":\"cs\",\"url\":\"https:\/\/www.novalimglutenfree.com\/wp-content\/uploads\/2017\/02\/09-2018_novalim_mockup_muka-POHANKOVA.jpg\",\"width\":1000,\"height\":1449},{\"@type\":\"WebPage\",\"@id\":\"https:\/\/www.novalimglutenfree.com\/cs\/obchod\/muky-cs\/prirodzene-bezlepkove-muky-cs\/pohankova-muka\/#webpage\",\"url\":\"https:\/\/www.novalimglutenfree.com\/cs\/obchod\/muky-cs\/prirodzene-bezlepkove-muky-cs\/pohankova-muka\/\",\"name\":\"Pohankov\\u00e1 mouka hladk\\u00e1 natural - Novalim\",\"isPartOf\":{\"@id\":\"https:\/\/www.novalimglutenfree.com\/de\/#website\"},\"primaryImageOfPage\":{\"@id\":\"https:\/\/www.novalimglutenfree.com\/cs\/obchod\/muky-cs\/prirodzene-bezlepkove-muky-cs\/pohankova-muka\/#primaryimage\"},\"datePublished\":\"2017-02-22T21:48:48+00:00\",\"dateModified\":\"2025-08-02T06:26:42+00:00\",\"inLanguage\":\"cs\",\"potentialAction\":[{\"@type\":\"ReadAction\",\"target\":[\"https:\/\/www.novalimglutenfree.com\/cs\/obchod\/muky-cs\/prirodzene-bezlepkove-muky-cs\/pohankova-muka\/\"]}]}]}<\/script>\n<!-- \/ Yoast SEO plugin. -->","_links":{"self":[{"href":"https:\/\/www.novalimglutenfree.com\/cs\/wp-json\/wp\/v2\/product\/6030"}],"collection":[{"href":"https:\/\/www.novalimglutenfree.com\/cs\/wp-json\/wp\/v2\/product"}],"about":[{"href":"https:\/\/www.novalimglutenfree.com\/cs\/wp-json\/wp\/v2\/types\/product"}],"replies":[{"embeddable":true,"href":"https:\/\/www.novalimglutenfree.com\/cs\/wp-json\/wp\/v2\/comments?post=6030"}],"version-history":[{"count":1,"href":"https:\/\/www.novalimglutenfree.com\/cs\/wp-json\/wp\/v2\/product\/6030\/revisions"}],"predecessor-version":[{"id":9239,"href":"https:\/\/www.novalimglutenfree.com\/cs\/wp-json\/wp\/v2\/product\/6030\/revisions\/9239"}],"wp:featuredmedia":[{"embeddable":true,"href":"https:\/\/www.novalimglutenfree.com\/cs\/wp-json\/wp\/v2\/media\/9574"}],"wp:attachment":[{"href":"https:\/\/www.novalimglutenfree.com\/cs\/wp-json\/wp\/v2\/media?parent=6030"}],"curies":[{"name":"wp","href":"https:\/\/api.w.org\/{rel}","templated":true}]}}