{"id":6028,"date":"2017-02-22T23:48:48","date_gmt":"2017-02-22T21:48:48","guid":{"rendered":"http:\/\/novalimglutenfree.com\/obchod\/nezaraden\u00e9\/ryzova-muka\/"},"modified":"2025-08-02T08:26:42","modified_gmt":"2025-08-02T06:26:42","slug":"ryzova-muka","status":"publish","type":"product","link":"https:\/\/www.novalimglutenfree.com\/cs\/obchod\/muky-cs\/prirodzene-bezlepkove-muky-cs\/ryzova-muka\/","title":{"rendered":"R\u00fd\u017eov\u00e1 mouka hladk\u00e1"},"content":{"rendered":"<p><strong>R\u00fd\u017eov\u00e1 mouka<\/strong> je neutr\u00e1ln\u00ed a <strong>p\u0159irozen\u011b bezlepkov\u00e1<\/strong>, a proto je vhodn\u00e1 do v\u011bt\u0161iny bezlepkov\u00fdch v\u00fdrobk\u016f. Lze ji pou\u017e\u00edt k p\u0159\u00edprav\u011b r\u00fd\u017eov\u00e9ho pudinku nebo jako p\u0159\u00edsadu p\u0159i p\u0159\u00edprav\u011b peka\u0159sk\u00fdch a cukr\u00e1\u0159sk\u00fdch v\u00fdrobk\u016f.<\/p>\n<p><strong>Recept na r\u00fd\u017eov\u00fd pudink:<\/strong> 50 g r\u00fd\u017eov\u00e9 mouky rozm\u00edch\u00e1me v 1 dcl studen\u00e9 vody a za st\u00e1l\u00e9ho m\u00edch\u00e1n\u00ed vlijeme postupn\u011b do 4 dcl oslazen\u00e9ho ml\u00e9ka, kter\u00e9 pro\u0161lo varem, a va\u0159\u00edme na mal\u00e9m ohni asi 10 minut. Vm\u00edch\u00e1me m\u00e1slo, d\u00e1me do misky a dochut\u00edme kakaem, d\u017eemem apod.<\/p>\n<p><strong>Informace o v\u00fdrobku:<\/strong><\/p>\n<p>100 g v\u00fdrobku pr\u016fm\u011brn\u011b obsahuje:<br \/>\n<strong>Energetick\u00e1 hodnota:<\/strong> 1537 kJ, 362 kcal; <strong>Tuky:<\/strong> 1,2 g z toho 0 g nasycen\u00e9 mastn\u00e9 kyseliny; <strong>Sacharidy:<\/strong> 80,7 g z toho 0 g cukry; <strong>Vl\u00e1knina:<\/strong> 1,9 g; <strong>B\u00edlkoviny:<\/strong> 6,2 g; <strong>S\u016fl:<\/strong> 0 g;<\/p>\n<p>Balen\u00ed: 500g<\/p>\n","protected":false},"excerpt":{"rendered":"<p><b>R\u00fd\u017eov\u00e1 mouka<\/b> je neutr\u00e1ln\u00ed a <strong>p\u0159irozen\u011b bezlepkov\u00e1<\/strong>, a proto je vhodn\u00e1 do v\u011bt\u0161iny bezlepkov\u00fdch v\u00fdrobk\u016f. Lze ji pou\u017e\u00edt k p\u0159\u00edprav\u011b r\u00fd\u017eov\u00e9ho pudinku nebo jako p\u0159\u00edsadu p\u0159i p\u0159\u00edprav\u011b peka\u0159sk\u00fdch a cukr\u00e1\u0159sk\u00fdch v\u00fdrobk\u016f.<\/p>\n<p>Potravina speci\u00e1ln\u011b p\u0159ipravena pro osoby s nesn\u00e1\u0161enlivost\u00ed lepku. Vyrobena<strong> z p\u0159irozen\u011b bezlepkov\u00fdch<\/strong> a bezp\u0161eni\u010dn\u00fdch surovin. (gluten &lt; 20mg\/kg)<\/p>\n<p>*RECEPT &#8211; <a href=\"http:\/\/novalimglutenfree.com\/cs\/mekke-pernicky-z-kukuricne-mouky\/\">Mekk\u00e9 pern\u00ed\u010dky<\/a> nebo <a href=\"http:\/\/novalimglutenfree.com\/cs\/zakladne-odpalovane-testo-bez-lepku\/\">Z\u00e1kladn\u00ed odpalovan\u00e9 t\u011bsto<\/a> aneb <a href=\"http:\/\/novalimglutenfree.com\/cs\/bezlepkove-odpalovane-cokoladove-venecky\/\">\u010cokol\u00e1dov\u00e9 odpalovan\u00e9 vene\u010dky<\/a><\/p>\n","protected":false},"featured_media":9579,"comment_status":"open","ping_status":"closed","template":"","meta":[],"yoast_head":"<!-- This site is optimized with the Yoast SEO plugin v15.7 - https:\/\/yoast.com\/wordpress\/plugins\/seo\/ -->\n<title>R\u00fd\u017eov\u00e1 mouka hladk\u00e1 - Novalim<\/title>\n<meta name=\"description\" content=\"m\u00f4\u017ee sa pou\u017ei\u0165 na pr\u00edpravu ry\u017eovej ka\u0161e (pudingu) alebo ako pr\u00edsada pri pr\u00edprave chleba, pe\u010diva a in\u00fdch v\u00fdrobkov.\" \/>\n<meta name=\"robots\" content=\"index, follow, max-snippet:-1, max-image-preview:large, max-video-preview:-1\" \/>\n<link rel=\"canonical\" href=\"https:\/\/www.novalimglutenfree.com\/cs\/obchod\/muky-cs\/prirodzene-bezlepkove-muky-cs\/ryzova-muka\/\" \/>\n<meta property=\"og:locale\" content=\"cs_CZ\" \/>\n<meta property=\"og:type\" content=\"article\" \/>\n<meta property=\"og:title\" content=\"R\u00fd\u017eov\u00e1 mouka hladk\u00e1 - Novalim\" \/>\n<meta property=\"og:description\" content=\"m\u00f4\u017ee sa pou\u017ei\u0165 na pr\u00edpravu ry\u017eovej ka\u0161e (pudingu) alebo ako pr\u00edsada pri pr\u00edprave chleba, pe\u010diva a in\u00fdch v\u00fdrobkov.\" \/>\n<meta property=\"og:url\" content=\"https:\/\/www.novalimglutenfree.com\/cs\/obchod\/muky-cs\/prirodzene-bezlepkove-muky-cs\/ryzova-muka\/\" \/>\n<meta property=\"og:site_name\" content=\"Novalim\" \/>\n<meta property=\"article:modified_time\" content=\"2025-08-02T06:26:42+00:00\" \/>\n<meta property=\"og:image\" content=\"https:\/\/www.novalimglutenfree.com\/wp-content\/uploads\/2017\/02\/09-2018_novalim_mockup_muka-RYZOVA.jpg\" \/>\n\t<meta property=\"og:image:width\" content=\"1000\" \/>\n\t<meta property=\"og:image:height\" content=\"1449\" \/>\n<meta name=\"twitter:card\" content=\"summary\" \/>\n<meta name=\"twitter:label1\" content=\"Odhadovan\u00e1 doba \u010dten\u00ed\">\n\t<meta name=\"twitter:data1\" content=\"1 minuta\">\n<script type=\"application\/ld+json\" class=\"yoast-schema-graph\">{\"@context\":\"https:\/\/schema.org\",\"@graph\":[{\"@type\":\"WebSite\",\"@id\":\"https:\/\/www.novalimglutenfree.com\/de\/#website\",\"url\":\"https:\/\/www.novalimglutenfree.com\/de\/\",\"name\":\"Novalim\",\"description\":\"Bezlepkov\\u00e9 potraviny, bezlepkov\\u00e9 recepty, celiakia, PKU\",\"potentialAction\":[{\"@type\":\"SearchAction\",\"target\":\"https:\/\/www.novalimglutenfree.com\/de\/?s={search_term_string}\",\"query-input\":\"required name=search_term_string\"}],\"inLanguage\":\"cs\"},{\"@type\":\"ImageObject\",\"@id\":\"https:\/\/www.novalimglutenfree.com\/cs\/obchod\/muky-cs\/prirodzene-bezlepkove-muky-cs\/ryzova-muka\/#primaryimage\",\"inLanguage\":\"cs\",\"url\":\"https:\/\/www.novalimglutenfree.com\/wp-content\/uploads\/2017\/02\/09-2018_novalim_mockup_muka-RYZOVA.jpg\",\"width\":1000,\"height\":1449},{\"@type\":\"WebPage\",\"@id\":\"https:\/\/www.novalimglutenfree.com\/cs\/obchod\/muky-cs\/prirodzene-bezlepkove-muky-cs\/ryzova-muka\/#webpage\",\"url\":\"https:\/\/www.novalimglutenfree.com\/cs\/obchod\/muky-cs\/prirodzene-bezlepkove-muky-cs\/ryzova-muka\/\",\"name\":\"R\\u00fd\\u017eov\\u00e1 mouka hladk\\u00e1 - Novalim\",\"isPartOf\":{\"@id\":\"https:\/\/www.novalimglutenfree.com\/de\/#website\"},\"primaryImageOfPage\":{\"@id\":\"https:\/\/www.novalimglutenfree.com\/cs\/obchod\/muky-cs\/prirodzene-bezlepkove-muky-cs\/ryzova-muka\/#primaryimage\"},\"datePublished\":\"2017-02-22T21:48:48+00:00\",\"dateModified\":\"2025-08-02T06:26:42+00:00\",\"description\":\"m\\u00f4\\u017ee sa pou\\u017ei\\u0165 na pr\\u00edpravu ry\\u017eovej ka\\u0161e (pudingu) alebo ako pr\\u00edsada pri pr\\u00edprave chleba, pe\\u010diva a in\\u00fdch v\\u00fdrobkov.\",\"inLanguage\":\"cs\",\"potentialAction\":[{\"@type\":\"ReadAction\",\"target\":[\"https:\/\/www.novalimglutenfree.com\/cs\/obchod\/muky-cs\/prirodzene-bezlepkove-muky-cs\/ryzova-muka\/\"]}]}]}<\/script>\n<!-- \/ Yoast SEO plugin. -->","_links":{"self":[{"href":"https:\/\/www.novalimglutenfree.com\/cs\/wp-json\/wp\/v2\/product\/6028"}],"collection":[{"href":"https:\/\/www.novalimglutenfree.com\/cs\/wp-json\/wp\/v2\/product"}],"about":[{"href":"https:\/\/www.novalimglutenfree.com\/cs\/wp-json\/wp\/v2\/types\/product"}],"replies":[{"embeddable":true,"href":"https:\/\/www.novalimglutenfree.com\/cs\/wp-json\/wp\/v2\/comments?post=6028"}],"version-history":[{"count":1,"href":"https:\/\/www.novalimglutenfree.com\/cs\/wp-json\/wp\/v2\/product\/6028\/revisions"}],"predecessor-version":[{"id":9271,"href":"https:\/\/www.novalimglutenfree.com\/cs\/wp-json\/wp\/v2\/product\/6028\/revisions\/9271"}],"wp:featuredmedia":[{"embeddable":true,"href":"https:\/\/www.novalimglutenfree.com\/cs\/wp-json\/wp\/v2\/media\/9579"}],"wp:attachment":[{"href":"https:\/\/www.novalimglutenfree.com\/cs\/wp-json\/wp\/v2\/media?parent=6028"}],"curies":[{"name":"wp","href":"https:\/\/api.w.org\/{rel}","templated":true}]}}