{"id":6023,"date":"2017-02-22T23:48:48","date_gmt":"2017-02-22T21:48:48","guid":{"rendered":"http:\/\/novalimglutenfree.com\/obchod\/nezaraden\u00e9\/kukuricna-muka\/"},"modified":"2025-08-02T08:26:42","modified_gmt":"2025-08-02T06:26:42","slug":"kukuricna-muka","status":"publish","type":"product","link":"https:\/\/www.novalimglutenfree.com\/cs\/obchod\/muky-cs\/prirodzene-bezlepkove-muky-cs\/kukuricna-muka\/","title":{"rendered":"Kuku\u0159i\u010dn\u00e1 mouka"},"content":{"rendered":"<p><strong>Kuku\u0159i\u010dn\u00e1 mouka <\/strong>je p\u0159irozen\u011b bezlepkov\u00e1. Je vhodn\u00e1 pro r\u016fzn\u00e9 druhy diet. Lze ji pou\u017e\u00edt k p\u0159\u00edprav\u011b kuku\u0159i\u010dn\u00e9 ka\u0161e nebo jako p\u0159\u00edsadu p\u0159i p\u0159\u00edprav\u011b chleba, pe\u010diva, na zahu\u0161\u0165ov\u00e1n\u00ed pokrm\u016f.<\/p>\n<p><strong>Recept na kuku\u0159i\u010dn\u00e9 pern\u00ed\u010dky:<\/strong> 400 g kuku\u0159i\u010dn\u00e9 mouky, 150 g mou\u010dkov\u00e9ho cukru, 1 \u010cL sody bikarbony, 1 \u010cL mlet\u00e9 sko\u0159ice a p\u016fl \u010cL mlet\u00e9ho h\u0159eb\u00ed\u010dku sm\u00edch\u00e1me, p\u0159id\u00e1me 60 g tuku, 100 g medu a 2 vejce. Vypracujeme t\u011bsto, kter\u00e9 nech\u00e1me odle\u017eet p\u0159es noc v chladni\u010dce. Na posypan\u00e9 desce vykrajujeme pern\u00ed\u010dky, zdob\u00edme je o\u0159echy a pe\u010deme na 180 stupn\u00edch asi 10 minut.<\/p>\n<p><strong>Informace o v\u00fdrobku:<\/strong><\/p>\n<p>100 g v\u00fdrobku pr\u016fm\u011brn\u011b obsahuje:<br \/>\n<strong>Energetick\u00e1 hodnota:<\/strong> 1496 kJ, 373 kcal;<strong> Tuky:<\/strong> 1,7 g z toho 0,2 g nasycen\u00e9 mastn\u00e9 kyseliny; <strong>Sacharidy:<\/strong> 75,6 g z toho 1,6 g cukry; <strong>Vl\u00e1knina:<\/strong> 1,9 g; <strong>B\u00edlkoviny<\/strong>: 7,8 g; <strong>S\u016fl:<\/strong> 0,02 g;<\/p>\n<p>Balen\u00ed: 500g<\/p>\n","protected":false},"excerpt":{"rendered":"<p><strong>Kuku\u0159i\u010dn\u00e1 mouka<\/strong> je <strong>p\u0159irozen\u011b bezlepkov\u00e1<\/strong>. Je vhodn\u00e1 pro r\u016fzn\u00e9 druhy diet. Lze ji pou\u017e\u00edt k p\u0159\u00edprav\u011b kuku\u0159i\u010dn\u00e9 ka\u0161e nebo jako p\u0159\u00edsadu p\u0159i p\u0159\u00edprav\u011b chleba, pe\u010diva, na zahu\u0161\u0165ov\u00e1n\u00ed pokrm\u016f.<\/p>\n<p>Potravina speci\u00e1ln\u011b p\u0159ipravena pro osoby s nesn\u00e1\u0161enlivost\u00ed lepku. Vyrobena <strong>z p\u0159irozen\u011b bezlepkov\u00fdch<\/strong> a bezp\u0161eni\u010dn\u00fdch surovin. (gluten &lt; 20mg\/kg)<\/p>\n","protected":false},"featured_media":9569,"comment_status":"open","ping_status":"closed","template":"","meta":[],"yoast_head":"<!-- This site is optimized with the Yoast SEO plugin v15.7 - https:\/\/yoast.com\/wordpress\/plugins\/seo\/ -->\n<title>Kuku\u0159i\u010dn\u00e1 mouka - Novalim<\/title>\n<meta name=\"robots\" content=\"index, follow, max-snippet:-1, max-image-preview:large, max-video-preview:-1\" \/>\n<link rel=\"canonical\" href=\"https:\/\/novalimglutenfree.com\/cs\/obchod\/muky-cs\/prirodzene-bezlepkove-muky-cs\/kukuricna-muka\/\" \/>\n<meta property=\"og:locale\" content=\"cs_CZ\" \/>\n<meta property=\"og:type\" content=\"article\" \/>\n<meta property=\"og:title\" content=\"Kuku\u0159i\u010dn\u00e1 mouka - Novalim\" \/>\n<meta property=\"og:description\" content=\"Kuku\u0159i\u010dn\u00e1 mouka je p\u0159irozen\u011b bezlepkov\u00e1. Je vhodn\u00e1 pro r\u016fzn\u00e9 druhy diet. Lze ji pou\u017e\u00edt k p\u0159\u00edprav\u011b kuku\u0159i\u010dn\u00e9 ka\u0161e nebo jako p\u0159\u00edsadu p\u0159i p\u0159\u00edprav\u011b chleba, pe\u010diva, na zahu\u0161\u0165ov\u00e1n\u00ed pokrm\u016f.  Potravina speci\u00e1ln\u011b p\u0159ipravena pro osoby s nesn\u00e1\u0161enlivost\u00ed lepku. Vyrobena z p\u0159irozen\u011b bezlepkov\u00fdch a bezp\u0161eni\u010dn\u00fdch surovin. (gluten &lt; 20mg\/kg)\" \/>\n<meta property=\"og:url\" content=\"https:\/\/novalimglutenfree.com\/cs\/obchod\/muky-cs\/prirodzene-bezlepkove-muky-cs\/kukuricna-muka\/\" \/>\n<meta property=\"og:site_name\" content=\"Novalim\" \/>\n<meta property=\"article:modified_time\" content=\"2025-08-02T06:26:42+00:00\" \/>\n<meta property=\"og:image\" content=\"https:\/\/www.novalimglutenfree.com\/wp-content\/uploads\/2017\/02\/09-2018_novalim_mockup_muka-KUKURICNA.jpg\" \/>\n\t<meta property=\"og:image:width\" content=\"1000\" \/>\n\t<meta property=\"og:image:height\" content=\"1449\" \/>\n<meta name=\"twitter:card\" content=\"summary\" \/>\n<meta name=\"twitter:label1\" content=\"Odhadovan\u00e1 doba \u010dten\u00ed\">\n\t<meta name=\"twitter:data1\" content=\"1 minuta\">\n<script type=\"application\/ld+json\" class=\"yoast-schema-graph\">{\"@context\":\"https:\/\/schema.org\",\"@graph\":[{\"@type\":\"WebSite\",\"@id\":\"https:\/\/www.novalimglutenfree.com\/de\/#website\",\"url\":\"https:\/\/www.novalimglutenfree.com\/de\/\",\"name\":\"Novalim\",\"description\":\"Bezlepkov\\u00e9 potraviny, bezlepkov\\u00e9 recepty, celiakia, PKU\",\"potentialAction\":[{\"@type\":\"SearchAction\",\"target\":\"https:\/\/www.novalimglutenfree.com\/de\/?s={search_term_string}\",\"query-input\":\"required name=search_term_string\"}],\"inLanguage\":\"cs\"},{\"@type\":\"ImageObject\",\"@id\":\"https:\/\/novalimglutenfree.com\/cs\/obchod\/muky-cs\/prirodzene-bezlepkove-muky-cs\/kukuricna-muka\/#primaryimage\",\"inLanguage\":\"cs\",\"url\":\"https:\/\/www.novalimglutenfree.com\/wp-content\/uploads\/2017\/02\/09-2018_novalim_mockup_muka-KUKURICNA.jpg\",\"width\":1000,\"height\":1449},{\"@type\":\"WebPage\",\"@id\":\"https:\/\/novalimglutenfree.com\/cs\/obchod\/muky-cs\/prirodzene-bezlepkove-muky-cs\/kukuricna-muka\/#webpage\",\"url\":\"https:\/\/novalimglutenfree.com\/cs\/obchod\/muky-cs\/prirodzene-bezlepkove-muky-cs\/kukuricna-muka\/\",\"name\":\"Kuku\\u0159i\\u010dn\\u00e1 mouka - Novalim\",\"isPartOf\":{\"@id\":\"https:\/\/www.novalimglutenfree.com\/de\/#website\"},\"primaryImageOfPage\":{\"@id\":\"https:\/\/novalimglutenfree.com\/cs\/obchod\/muky-cs\/prirodzene-bezlepkove-muky-cs\/kukuricna-muka\/#primaryimage\"},\"datePublished\":\"2017-02-22T21:48:48+00:00\",\"dateModified\":\"2025-08-02T06:26:42+00:00\",\"inLanguage\":\"cs\",\"potentialAction\":[{\"@type\":\"ReadAction\",\"target\":[\"https:\/\/novalimglutenfree.com\/cs\/obchod\/muky-cs\/prirodzene-bezlepkove-muky-cs\/kukuricna-muka\/\"]}]}]}<\/script>\n<!-- \/ Yoast SEO plugin. -->","_links":{"self":[{"href":"https:\/\/www.novalimglutenfree.com\/cs\/wp-json\/wp\/v2\/product\/6023"}],"collection":[{"href":"https:\/\/www.novalimglutenfree.com\/cs\/wp-json\/wp\/v2\/product"}],"about":[{"href":"https:\/\/www.novalimglutenfree.com\/cs\/wp-json\/wp\/v2\/types\/product"}],"replies":[{"embeddable":true,"href":"https:\/\/www.novalimglutenfree.com\/cs\/wp-json\/wp\/v2\/comments?post=6023"}],"version-history":[{"count":1,"href":"https:\/\/www.novalimglutenfree.com\/cs\/wp-json\/wp\/v2\/product\/6023\/revisions"}],"predecessor-version":[{"id":9824,"href":"https:\/\/www.novalimglutenfree.com\/cs\/wp-json\/wp\/v2\/product\/6023\/revisions\/9824"}],"wp:featuredmedia":[{"embeddable":true,"href":"https:\/\/www.novalimglutenfree.com\/cs\/wp-json\/wp\/v2\/media\/9569"}],"wp:attachment":[{"href":"https:\/\/www.novalimglutenfree.com\/cs\/wp-json\/wp\/v2\/media?parent=6023"}],"curies":[{"name":"wp","href":"https:\/\/api.w.org\/{rel}","templated":true}]}}