{"id":4597,"date":"2016-05-06T09:40:34","date_gmt":"2016-05-06T07:40:34","guid":{"rendered":"http:\/\/novalim.sk\/obchod\/uncategorized\/promix-ch-special-bezlepkova-moucna-smes-na-chleb\/"},"modified":"2025-10-10T16:26:05","modified_gmt":"2025-10-10T14:26:05","slug":"promix-ch-special-bezlepkova-moucna-smes-na-chleb","status":"publish","type":"product","link":"https:\/\/www.novalimglutenfree.com\/cs\/obchod\/muky-cs\/bezlepkove-mucne-zmesi-cs\/promix-ch-special-bezlepkova-moucna-smes-na-chleb\/","title":{"rendered":"PROMIX-CH speci\u00e1l, bezlepkov\u00e1 mou\u010dn\u00e1 sm\u011bs na chl\u00e9b"},"content":{"rendered":"<p>PROMIX\u00ae-CH speci\u00e1l \u2013 bezlepkov\u00e1 mou\u010dn\u00e1 sm\u011bs vyroben\u00e1<strong> z p\u0159irozen\u011b bezlepkov\u00fdch<\/strong> a nep\u0161eni\u010dn\u00fdch surovin. Ur\u010den\u00e1 na p\u0159\u00edpravu sv\u011btl\u00e9ho chleba a pe\u010diva. Sm\u011bs u\u017e obsahuje cukr a 2\/3 maxim\u00e1ln\u00edho mno\u017estv\u00ed soli.<\/p>\n<p><strong>NEOBSAHUJE:<\/strong> ML\u00c9KO, LAKT\u00d3ZU , S\u00d3JU, P\u0160ENI\u010cN\u00dd \u0160KROB, \u0158EPN\u00dd CUKR<br \/>\nV\u00ddROBKY SI ZACHOV\u00c1VAJ\u00cd \u010cERSTVOST P\u0158I SPR\u00c1VN\u00c9 P\u0158\u00cdPRAV\u011a A SKLADOV\u00c1N\u00cd 4-5 DN\u00cd<\/p>\n<p><strong>N\u00e1vod na p\u0159\u00edpravu chleba:<\/strong> 20 g \u010derstv\u00e9ho dro\u017ed\u00ed rozpust\u00edme v 5 dl tepl\u00e9 vody, p\u0159id\u00e1me l\u017ei\u010dku octa nebo citr\u00f3nov\u00e9 \u0161\u0165\u00e1vy. Dob\u0159e prom\u00edchame a p\u0159id\u00e1me 500 g mouky PROMIX-CH \u0161peci\u00e1l. Kr\u00e1tce zam\u00edchame a nakonec p\u0159id\u00e1me 1 l\u017e\u00edci oleje nebo 30 g tuku. Elektrick\u00fdm \u0161leha\u010dem nebo va\u0159e\u010dkou m\u00edchame asi 10 min\u00fat a\u017e se vytvo\u0159\u00ed hladk\u00e9 t\u011bsto. V p\u0159ikryt\u00e9 misce nech\u00e1me kynout 20 minut. Pak kr\u00e1tce prom\u00edch\u00e1me, vlo\u017e\u00edme do formy a nech\u00e1me kynout 30-40 minut na tepl\u00e9m m\u00edste a\u017e se zdvojn\u00e1sob\u00ed objem. T\u011bsto p\u0159ed vlo\u017een\u00edm do trouby zvlh\u010d\u00edme vla\u017enou vodou. Pe\u010deme v p\u0159edeh\u0159\u00e1t\u00e9 troub\u011b 50 min\u00fat p\u0159i 220\u00b0C.<\/p>\n<p><strong>Informace o v\u00fdrobku:<\/strong><br \/>\nSlo\u017een\u00ed: kuku\u0159i\u010dn\u00fd \u0161krob, bramborov\u00fd \u0161krob, r\u00fd\u017eov\u00e1 mouka, lupinov\u00e1 mouka, hroznov\u00fd cukr, bramborov\u00e1 mouka, zahu\u0161\u0165ovadlo: gu\u00e1rov\u00e1 mouka a hydroxypropylmetylcelul\u00f3za, rostlinn\u00e1 vl\u00e1knina, jedl\u00e1 s\u016fl, emulg\u00e1tor: Stearoyl-2-laktyl\u00e1t sodn\u00fd.<\/p>\n<p>100 g v\u00fdrobku pr\u016fm\u011brn\u011b obsahuje:<br \/>\n<strong>Energetick\u00e1 hodnota:<\/strong> 1514 kJ, 357 kcal; <strong>Tuky:<\/strong> 1,0 g z toho 0,05 g nasycen\u00e9 mastn\u00e9 kyseliny; <strong>Sacharidy:<\/strong> 80,9 g z toho 2,1 g cukry; <strong>Vl\u00e1knina:<\/strong> 4,8 g; <strong>B\u00edlkoviny:<\/strong> 3,7 g; <strong>S\u016fl:<\/strong> 1,8 g;<\/p>\n<p>Balen\u00ed: 1 kg<\/p>\n","protected":false},"excerpt":{"rendered":"<p>PROMIX\u00ae-CH speci\u00e1l \u2013 bezlepkov\u00e1 mou\u010dn\u00e1 sm\u011bs vyroben\u00e1<strong> z p\u0159irozen\u011b bezlepkov\u00fdch<\/strong> a nep\u0161eni\u010dn\u00fdch surovin. Ur\u010den\u00e1 na p\u0159\u00edpravu sv\u011btl\u00e9ho chleba a pe\u010diva. Sm\u011bs u\u017e obsahuje cukr a 2\/3 maxim\u00e1ln\u00edho mno\u017estv\u00ed soli.<\/p>\n<p><strong>NEOBSAHUJE:<\/strong> ML\u00c9KO, LAKT\u00d3ZU , S\u00d3JU, P\u0160ENI\u010cN\u00dd \u0160KROB, \u0158EPN\u00dd CUKR<br \/>\nV\u00ddROBKY SI ZACHOV\u00c1VAJ\u00cd \u010cERSTVOST P\u0158I SPR\u00c1VN\u00c9 P\u0158\u00cdPRAV\u011a A SKLADOV\u00c1N\u00cd 4-5 DN\u00cd<\/p>\n<p>*RECEPT &#8211; <a href=\"http:\/\/czshop.novalim.net\/bezlepkove-tvarohove-pecivo-2\/\">Tvarohov\u00e9 pe\u010divo<\/a><\/p>\n","protected":false},"featured_media":1037,"comment_status":"closed","ping_status":"closed","template":"","meta":[],"yoast_head":"<!-- This site is optimized with the Yoast SEO plugin v15.7 - https:\/\/yoast.com\/wordpress\/plugins\/seo\/ -->\n<title>PROMIX-CH speci\u00e1l, bezlepkov\u00e1 mou\u010dn\u00e1 sm\u011bs na chl\u00e9b - Novalim<\/title>\n<meta name=\"robots\" content=\"index, follow, max-snippet:-1, max-image-preview:large, max-video-preview:-1\" \/>\n<link rel=\"canonical\" href=\"https:\/\/novalimglutenfree.com\/cs\/obchod\/muky-cs\/bezlepkove-mucne-zmesi-cs\/promix-ch-special-bezlepkova-moucna-smes-na-chleb\/\" \/>\n<meta property=\"og:locale\" content=\"cs_CZ\" \/>\n<meta property=\"og:type\" content=\"article\" \/>\n<meta property=\"og:title\" content=\"PROMIX-CH speci\u00e1l, bezlepkov\u00e1 mou\u010dn\u00e1 sm\u011bs na chl\u00e9b - Novalim\" \/>\n<meta property=\"og:description\" content=\"PROMIX\u00ae-CH speci\u00e1l \u2013 bezlepkov\u00e1 mou\u010dn\u00e1 sm\u011bs vyroben\u00e1 z p\u0159irozen\u011b bezlepkov\u00fdch a nep\u0161eni\u010dn\u00fdch surovin. Ur\u010den\u00e1 na p\u0159\u00edpravu sv\u011btl\u00e9ho chleba a pe\u010diva. Sm\u011bs u\u017e obsahuje cukr a 2\/3 maxim\u00e1ln\u00edho mno\u017estv\u00ed soli.  NEOBSAHUJE: ML\u00c9KO, LAKT\u00d3ZU , S\u00d3JU, P\u0160ENI\u010cN\u00dd \u0160KROB, \u0158EPN\u00dd CUKR V\u00ddROBKY SI ZACHOV\u00c1VAJ\u00cd \u010cERSTVOST P\u0158I SPR\u00c1VN\u00c9 P\u0158\u00cdPRAV\u011a A SKLADOV\u00c1N\u00cd 4-5 DN\u00cd  *RECEPT - Tvarohov\u00e9 pe\u010divo\" \/>\n<meta property=\"og:url\" content=\"https:\/\/novalimglutenfree.com\/cs\/obchod\/muky-cs\/bezlepkove-mucne-zmesi-cs\/promix-ch-special-bezlepkova-moucna-smes-na-chleb\/\" \/>\n<meta property=\"og:site_name\" content=\"Novalim\" \/>\n<meta property=\"article:modified_time\" content=\"2025-10-10T14:26:05+00:00\" \/>\n<meta property=\"og:image\" content=\"https:\/\/www.novalimglutenfree.com\/wp-content\/uploads\/2016\/05\/Promix_CH_Special.jpg\" \/>\n\t<meta property=\"og:image:width\" content=\"413\" \/>\n\t<meta property=\"og:image:height\" content=\"618\" \/>\n<meta name=\"twitter:card\" content=\"summary\" \/>\n<meta name=\"twitter:label1\" content=\"Odhadovan\u00e1 doba \u010dten\u00ed\">\n\t<meta name=\"twitter:data1\" content=\"1 minuta\">\n<script type=\"application\/ld+json\" class=\"yoast-schema-graph\">{\"@context\":\"https:\/\/schema.org\",\"@graph\":[{\"@type\":\"WebSite\",\"@id\":\"https:\/\/www.novalimglutenfree.com\/de\/#website\",\"url\":\"https:\/\/www.novalimglutenfree.com\/de\/\",\"name\":\"Novalim\",\"description\":\"Bezlepkov\\u00e9 potraviny, bezlepkov\\u00e9 recepty, celiakia, PKU\",\"potentialAction\":[{\"@type\":\"SearchAction\",\"target\":\"https:\/\/www.novalimglutenfree.com\/de\/?s={search_term_string}\",\"query-input\":\"required name=search_term_string\"}],\"inLanguage\":\"cs\"},{\"@type\":\"ImageObject\",\"@id\":\"https:\/\/novalimglutenfree.com\/cs\/obchod\/muky-cs\/bezlepkove-mucne-zmesi-cs\/promix-ch-special-bezlepkova-moucna-smes-na-chleb\/#primaryimage\",\"inLanguage\":\"cs\",\"url\":\"https:\/\/www.novalimglutenfree.com\/wp-content\/uploads\/2016\/05\/Promix_CH_Special.jpg\",\"width\":413,\"height\":618},{\"@type\":\"WebPage\",\"@id\":\"https:\/\/novalimglutenfree.com\/cs\/obchod\/muky-cs\/bezlepkove-mucne-zmesi-cs\/promix-ch-special-bezlepkova-moucna-smes-na-chleb\/#webpage\",\"url\":\"https:\/\/novalimglutenfree.com\/cs\/obchod\/muky-cs\/bezlepkove-mucne-zmesi-cs\/promix-ch-special-bezlepkova-moucna-smes-na-chleb\/\",\"name\":\"PROMIX-CH speci\\u00e1l, bezlepkov\\u00e1 mou\\u010dn\\u00e1 sm\\u011bs na chl\\u00e9b - Novalim\",\"isPartOf\":{\"@id\":\"https:\/\/www.novalimglutenfree.com\/de\/#website\"},\"primaryImageOfPage\":{\"@id\":\"https:\/\/novalimglutenfree.com\/cs\/obchod\/muky-cs\/bezlepkove-mucne-zmesi-cs\/promix-ch-special-bezlepkova-moucna-smes-na-chleb\/#primaryimage\"},\"datePublished\":\"2016-05-06T07:40:34+00:00\",\"dateModified\":\"2025-10-10T14:26:05+00:00\",\"inLanguage\":\"cs\",\"potentialAction\":[{\"@type\":\"ReadAction\",\"target\":[\"https:\/\/novalimglutenfree.com\/cs\/obchod\/muky-cs\/bezlepkove-mucne-zmesi-cs\/promix-ch-special-bezlepkova-moucna-smes-na-chleb\/\"]}]}]}<\/script>\n<!-- \/ Yoast SEO plugin. -->","_links":{"self":[{"href":"https:\/\/www.novalimglutenfree.com\/cs\/wp-json\/wp\/v2\/product\/4597"}],"collection":[{"href":"https:\/\/www.novalimglutenfree.com\/cs\/wp-json\/wp\/v2\/product"}],"about":[{"href":"https:\/\/www.novalimglutenfree.com\/cs\/wp-json\/wp\/v2\/types\/product"}],"replies":[{"embeddable":true,"href":"https:\/\/www.novalimglutenfree.com\/cs\/wp-json\/wp\/v2\/comments?post=4597"}],"version-history":[{"count":1,"href":"https:\/\/www.novalimglutenfree.com\/cs\/wp-json\/wp\/v2\/product\/4597\/revisions"}],"predecessor-version":[{"id":9875,"href":"https:\/\/www.novalimglutenfree.com\/cs\/wp-json\/wp\/v2\/product\/4597\/revisions\/9875"}],"wp:featuredmedia":[{"embeddable":true,"href":"https:\/\/www.novalimglutenfree.com\/cs\/wp-json\/wp\/v2\/media\/1037"}],"wp:attachment":[{"href":"https:\/\/www.novalimglutenfree.com\/cs\/wp-json\/wp\/v2\/media?parent=4597"}],"curies":[{"name":"wp","href":"https:\/\/api.w.org\/{rel}","templated":true}]}}