{"id":4596,"date":"2016-05-06T09:40:34","date_gmt":"2016-05-06T07:40:34","guid":{"rendered":"http:\/\/novalim.sk\/obchod\/uncategorized\/promix-t-univerzalni-bezlepkova-mouka-tmava\/"},"modified":"2018-11-26T14:28:32","modified_gmt":"2018-11-26T12:28:32","slug":"promix-t-univerzalni-bezlepkova-mouka-tmava","status":"publish","type":"product","link":"https:\/\/www.novalimglutenfree.com\/cs\/obchod\/muky-cs\/bezlepkove-mucne-zmesi-cs\/promix-t-univerzalni-bezlepkova-mouka-tmava\/","title":{"rendered":"PROMIX-T, univerz\u00e1ln\u00ed bezlepkov\u00e1 mouka tmav\u00e1"},"content":{"rendered":"<p>PROMIX\u00ae-T &#8211; univerz\u00e1ln\u00ed bezlepkov\u00e1 tmav\u00e1 mouka obohacen\u00e1 kvalitn\u00edmi p\u0159\u00edrodn\u00edmi surovinami a jemnou ovocnou vl\u00e1kninou. Je ur\u010den\u00e1 na p\u0159\u00edpravu bezlepkov\u00e9ho tmav\u00e9ho chleba, jemn\u00e9ho pe\u010diva, jako i na b\u011b\u017en\u00e9 kulin\u00e1\u0159sk\u00e9 pou\u017eit\u00ed. Je vyrobena <strong>z p\u0159irozene bezlepkov\u00fdch<\/strong> a bezp\u0161eni\u010dn\u00fdch surovin.<\/p>\n<p><strong>N\u00e1vod na p\u0159\u00edpravu chleba:<\/strong> 15 g \u010derstv\u00e9ho dro\u017ed\u00ed rozpust\u00edme v 4 dl tepl\u00e9 vody, p\u0159id\u00e1me l\u017ei\u010dku soli (7 g), plnou l\u017ei\u010dku cukru (10 g) a l\u017ei\u010dku octa nebo citronov\u00e9 \u0161\u0165\u00e1vy. Dob\u0159e prom\u00edchame a p\u0159id\u00e1me 400 g mouky PROMIX-T. Kr\u00e1tce zam\u00edchame a nakonec p\u0159id\u00e1me 1 l\u017e\u00edci oleje nebo 30 g tuku. Elektrick\u00fdm \u0161leha\u010dem nebo va\u0159e\u010dkou m\u00edchame asi 10 minut a\u017e se vytvo\u0159\u00ed hladk\u00e9 t\u011bsto. Vlo\u017e\u00edme do formy a nech\u00e1me kynout 30-40 minut na tepl\u00e9m m\u00edst\u011b a\u017e se zdvojnasob\u00ed objem. Pe\u010deme v p\u0159edeh\u0159\u00e1t\u00e9 troub\u011b 40 minut p\u0159i 220\u00b0C.<br \/>\n<strong>Automatick\u00e1 pek\u00e1rna:<\/strong> Do pe\u010d\u00edci n\u00e1doby d\u00e1me 4 dl tepl\u00e9 vody, do kter\u00e9 p\u0159id\u00e1me cukr, s\u016fl, ocet a olej. Bez m\u00edchan\u00ed opatrn\u011b vsypeme 400 g mouky PROMIX-T a nakonec 7 g su\u0161en\u00e9ho dro\u017ed\u00ed. Nastav\u00edme 2-hodinov\u00fd bezlepkov\u00fd program (tmav\u00e1 k\u016frka &#8211; Dark Crust).<\/p>\n<p><strong>Informace o v\u00fdrobku:<\/strong><br \/>\nSlo\u017een\u00ed:<br \/>\nkuku\u0159i\u010dn\u00fd \u0161krob, bramborov\u00fd \u0161krob, r\u00fd\u017eov\u00e1 mouka, bramborov\u00e1 mouka, jable\u010dn\u00e1 vl\u00e1knina, pohankov\u00e1 mouka, zahu\u0161\u0165ovadlo: guarov\u00e1 mouka a karboxymethylceluloza; emulg\u00e1tor: mono a diglyceridy nenasycen\u00fdch mastn\u00fdch kyselin.<\/p>\n<p>100 g v\u00fdrobku pr\u016fm\u011brn\u011b obsahuje:<br \/>\n<strong>Energetick\u00e1 hodnota:<\/strong> 1563 kJ, 369 kcal; <b>Tuky:<\/b> 1,0 g z toho 0,04 g nasycen\u00e9 mastn\u00e9 kyseliny; <strong>Sacharidy:<\/strong> 86,0 g z toho 0,8 g cukry; <strong>Vl\u00e1knina:<\/strong> 3,8 g; <strong>B\u00edlkoviny:<\/strong> 2,0 g; <strong>S\u016fl:<\/strong> 0,03 g;<\/p>\n<p>Balen\u00ed: 1 kg<\/p>\n","protected":false},"excerpt":{"rendered":"<p>PROMIX\u00ae-T \u2013 univerz\u00e1ln\u00ed bezlepkov\u00e1 tmav\u00e1 mouka obohacen\u00e1 kvalitn\u00edmi p\u0159\u00edrodn\u00edmi surovinami a jemnou ovocnou vl\u00e1kninou. Je ur\u010den\u00e1 na p\u0159\u00edpravu bezlepkov\u00e9ho tmav\u00e9ho chleba, jemn\u00e9ho pe\u010diva, jako i na b\u011b\u017en\u00e9 kulin\u00e1\u0159sk\u00e9 pou\u017eit\u00ed.<\/p>\n<p>Je vyrobena <strong>z p\u0159irozene bezlepkov\u00fdch<\/strong> a bezp\u0161eni\u010dn\u00fdch surovin.<\/p>\n","protected":false},"featured_media":1061,"comment_status":"closed","ping_status":"closed","template":"","meta":[],"yoast_head":"<!-- This site is optimized with the Yoast SEO plugin v15.7 - https:\/\/yoast.com\/wordpress\/plugins\/seo\/ -->\n<title>PROMIX-T, univerz\u00e1ln\u00ed bezlepkov\u00e1 mouka tmav\u00e1 - Novalim<\/title>\n<meta name=\"robots\" content=\"index, follow, max-snippet:-1, max-image-preview:large, max-video-preview:-1\" \/>\n<link rel=\"canonical\" href=\"https:\/\/www.novalimglutenfree.com\/cs\/obchod\/muky-cs\/bezlepkove-mucne-zmesi-cs\/promix-t-univerzalni-bezlepkova-mouka-tmava\/\" \/>\n<meta property=\"og:locale\" content=\"cs_CZ\" \/>\n<meta property=\"og:type\" content=\"article\" \/>\n<meta property=\"og:title\" content=\"PROMIX-T, univerz\u00e1ln\u00ed bezlepkov\u00e1 mouka tmav\u00e1 - Novalim\" \/>\n<meta property=\"og:description\" content=\"PROMIX\u00ae-T \u2013 univerz\u00e1ln\u00ed bezlepkov\u00e1 tmav\u00e1 mouka obohacen\u00e1 kvalitn\u00edmi p\u0159\u00edrodn\u00edmi surovinami a jemnou ovocnou vl\u00e1kninou. Je ur\u010den\u00e1 na p\u0159\u00edpravu bezlepkov\u00e9ho tmav\u00e9ho chleba, jemn\u00e9ho pe\u010diva, jako i na b\u011b\u017en\u00e9 kulin\u00e1\u0159sk\u00e9 pou\u017eit\u00ed.  Je vyrobena z p\u0159irozene bezlepkov\u00fdch a bezp\u0161eni\u010dn\u00fdch surovin.\" \/>\n<meta property=\"og:url\" content=\"https:\/\/www.novalimglutenfree.com\/cs\/obchod\/muky-cs\/bezlepkove-mucne-zmesi-cs\/promix-t-univerzalni-bezlepkova-mouka-tmava\/\" \/>\n<meta property=\"og:site_name\" content=\"Novalim\" \/>\n<meta property=\"article:modified_time\" content=\"2018-11-26T12:28:32+00:00\" \/>\n<meta property=\"og:image\" content=\"https:\/\/www.novalimglutenfree.com\/wp-content\/uploads\/2016\/05\/Promix_T.jpg\" \/>\n\t<meta property=\"og:image:width\" content=\"413\" \/>\n\t<meta property=\"og:image:height\" content=\"618\" \/>\n<meta name=\"twitter:card\" content=\"summary\" \/>\n<meta name=\"twitter:label1\" content=\"Odhadovan\u00e1 doba \u010dten\u00ed\">\n\t<meta name=\"twitter:data1\" content=\"1 minuta\">\n<script type=\"application\/ld+json\" class=\"yoast-schema-graph\">{\"@context\":\"https:\/\/schema.org\",\"@graph\":[{\"@type\":\"WebSite\",\"@id\":\"https:\/\/www.novalimglutenfree.com\/de\/#website\",\"url\":\"https:\/\/www.novalimglutenfree.com\/de\/\",\"name\":\"Novalim\",\"description\":\"Bezlepkov\\u00e9 potraviny, bezlepkov\\u00e9 recepty, celiakia, PKU\",\"potentialAction\":[{\"@type\":\"SearchAction\",\"target\":\"https:\/\/www.novalimglutenfree.com\/de\/?s={search_term_string}\",\"query-input\":\"required name=search_term_string\"}],\"inLanguage\":\"cs\"},{\"@type\":\"ImageObject\",\"@id\":\"https:\/\/www.novalimglutenfree.com\/cs\/obchod\/muky-cs\/bezlepkove-mucne-zmesi-cs\/promix-t-univerzalni-bezlepkova-mouka-tmava\/#primaryimage\",\"inLanguage\":\"cs\",\"url\":\"https:\/\/www.novalimglutenfree.com\/wp-content\/uploads\/2016\/05\/Promix_T.jpg\",\"width\":413,\"height\":618},{\"@type\":\"WebPage\",\"@id\":\"https:\/\/www.novalimglutenfree.com\/cs\/obchod\/muky-cs\/bezlepkove-mucne-zmesi-cs\/promix-t-univerzalni-bezlepkova-mouka-tmava\/#webpage\",\"url\":\"https:\/\/www.novalimglutenfree.com\/cs\/obchod\/muky-cs\/bezlepkove-mucne-zmesi-cs\/promix-t-univerzalni-bezlepkova-mouka-tmava\/\",\"name\":\"PROMIX-T, univerz\\u00e1ln\\u00ed bezlepkov\\u00e1 mouka tmav\\u00e1 - Novalim\",\"isPartOf\":{\"@id\":\"https:\/\/www.novalimglutenfree.com\/de\/#website\"},\"primaryImageOfPage\":{\"@id\":\"https:\/\/www.novalimglutenfree.com\/cs\/obchod\/muky-cs\/bezlepkove-mucne-zmesi-cs\/promix-t-univerzalni-bezlepkova-mouka-tmava\/#primaryimage\"},\"datePublished\":\"2016-05-06T07:40:34+00:00\",\"dateModified\":\"2018-11-26T12:28:32+00:00\",\"inLanguage\":\"cs\",\"potentialAction\":[{\"@type\":\"ReadAction\",\"target\":[\"https:\/\/www.novalimglutenfree.com\/cs\/obchod\/muky-cs\/bezlepkove-mucne-zmesi-cs\/promix-t-univerzalni-bezlepkova-mouka-tmava\/\"]}]}]}<\/script>\n<!-- \/ Yoast SEO plugin. -->","_links":{"self":[{"href":"https:\/\/www.novalimglutenfree.com\/cs\/wp-json\/wp\/v2\/product\/4596"}],"collection":[{"href":"https:\/\/www.novalimglutenfree.com\/cs\/wp-json\/wp\/v2\/product"}],"about":[{"href":"https:\/\/www.novalimglutenfree.com\/cs\/wp-json\/wp\/v2\/types\/product"}],"replies":[{"embeddable":true,"href":"https:\/\/www.novalimglutenfree.com\/cs\/wp-json\/wp\/v2\/comments?post=4596"}],"version-history":[{"count":1,"href":"https:\/\/www.novalimglutenfree.com\/cs\/wp-json\/wp\/v2\/product\/4596\/revisions"}],"predecessor-version":[{"id":9863,"href":"https:\/\/www.novalimglutenfree.com\/cs\/wp-json\/wp\/v2\/product\/4596\/revisions\/9863"}],"wp:featuredmedia":[{"embeddable":true,"href":"https:\/\/www.novalimglutenfree.com\/cs\/wp-json\/wp\/v2\/media\/1061"}],"wp:attachment":[{"href":"https:\/\/www.novalimglutenfree.com\/cs\/wp-json\/wp\/v2\/media?parent=4596"}],"curies":[{"name":"wp","href":"https:\/\/api.w.org\/{rel}","templated":true}]}}