{"id":4595,"date":"2017-02-22T23:48:48","date_gmt":"2017-02-22T21:48:48","guid":{"rendered":"http:\/\/novalim.sk\/obchod\/uncategorized\/promix-ch-bezlepkova-moucna-smes-na-chleb\/"},"modified":"2018-11-26T13:59:25","modified_gmt":"2018-11-26T11:59:25","slug":"promix-ch-bezlepkova-moucna-smes-na-chleb","status":"publish","type":"product","link":"https:\/\/www.novalimglutenfree.com\/cs\/obchod\/muky-cs\/bezlepkove-mucne-zmesi-cs\/promix-ch-bezlepkova-moucna-smes-na-chleb\/","title":{"rendered":"PROMIX-CH, bezlepkov\u00e1 mou\u010dn\u00e1 sm\u011bs na chl\u00e9b"},"content":{"rendered":"<p>PROMIX\u00ae-CH &#8211; je bezlepkov\u00e1 mou\u010dn\u00e1 sm\u011bs ur\u010den\u00e1 na p\u0159\u00edpravu sv\u011btl\u00e9ho km\u00ednov\u00e9ho chleba. Sm\u011bs u\u017e obsahuje cukr, s\u016fl i km\u00edn. T\u0159eba p\u0159idat dro\u017ed\u00ed a tuk (vodu). T\u011bsto zpracujeme elektrick\u00fdm \u0161leha\u010dem nebo ru\u010dn\u011b, a\u017e dokud nez\u016fstane hladk\u00e9, tahav\u00e9 a leskl\u00e9.<\/p>\n<p>Tato bezlepkov\u00e1 mou\u010dn\u00e1 sm\u011bs je vyrobena<strong> z p\u0159irozene bezlepkov\u00fdch<\/strong> a bezp\u0161eni\u010dn\u00fdch surovin. Je ur\u010dena na p\u0159\u00edpravu sv\u011btl\u00e9ho km\u00ednov\u00e9ho chleba.<\/p>\n<p><strong>N\u00e1vod na p\u0159\u00edpravu chleba:<\/strong> 15 g \u010derstv\u00e9ho dro\u017ed\u00ed rozpust\u00edme v 3,5 dl tepl\u00e9 vody, p\u0159id\u00e1me l\u017ei\u010dku octa nebo citr\u00f3nov\u00e9 \u0161\u0165\u00e1vy. Dob\u0159e prom\u00edchame a p\u0159id\u00e1me 400 g mouky PROMIX-CH. Kr\u00e1tce zam\u00edchame a nakonec p\u0159id\u00e1me 1 l\u017e\u00edci oleje nebo 30 g tuku. Elektrick\u00fdm \u0161leha\u010dem nebo va\u0159e\u010dkou m\u00edchame asi 10 min\u00fat a\u017e se vytvo\u0159\u00ed hladk\u00e9 t\u011bsto. Vlo\u017e\u00edme do formy a nech\u00e1me kynout 30-40 minut na tepl\u00e9m m\u00edste a\u017e se zdvojn\u00e1sob\u00ed objem. Pe\u010deme v p\u0159edeh\u0159\u00e1t\u00e9 troub\u011b 40 min\u00fat p\u0159i 220\u00b0C.<\/p>\n<p><strong>Automatick\u00e1 pek\u00e1rna:<\/strong> Do pe\u010d\u00edc\u00ed n\u00e1doby d\u00e1me 4 dl tepl\u00e9 vody, do kter\u00e9 p\u0159id\u00e1me ocet a olej. Bez m\u00edchan\u00ed opatrn\u011b vsypeme 400 g mouky PROMIX-CH a nakonec 7 g su\u0161en\u00e9ho dro\u017ed\u00ed. Nastav\u00edme 2-hodinov\u00fd bezlepkov\u00fd program (tmav\u00e1 k\u016frka- Dark Crust).<\/p>\n<p><strong>Informace o v\u00fdrobku:<\/strong><br \/>\nSlo\u017een\u00ed: bramborov\u00fd \u0161krob, kukuri\u010dn\u00fd \u0161krob, bramborov\u00e1 mouka, <strong>s\u00f3jov\u00e1 mouka<\/strong>, <strong>su\u0161en\u00e1 syrov\u00e1tka<\/strong>, zahu\u0161\u0165ovadl\u00e1: gu\u00e1rov\u00e1 mouka a karboxymethylcelul\u00f3za, cukr, s\u016fl, emulg\u00e1tor: mono a diglyceridy nenasycen\u00fdch mastn\u00fdch kyselin, km\u00edn.<br \/>\n(glut\u00e9n &lt; 20 mg\/kg)<\/p>\n<p>100 g v\u00fdrobku pr\u016fm\u011brn\u011b obsahuje:<br \/>\n<strong>Energetick\u00e1 hodnota:<\/strong> 1579 kJ, 372 kcal; <strong>Tuky:<\/strong> 1,5 g z toho 0,08 g nasycen\u00e9 mastn\u00e9 kyseliny; <strong>Sacharidy<\/strong>: 87,3 g z toho 3,0 g cukry; <strong>Vl\u00e1knina:<\/strong> 1,9 g;<strong> B\u00edlkoviny:<\/strong> 1,4 g; <strong>S\u016fl:<\/strong> 1,55 g;<\/p>\n<p>Balen\u00ed: 1 kg<\/p>\n","protected":false},"excerpt":{"rendered":"<p>PROMIX\u00ae-CH \u2013 bezlepkov\u00e1 mou\u010dn\u00e1 sm\u011bs ur\u010den\u00e1 na p\u0159\u00edpravu sv\u011btl\u00e9ho km\u00ednov\u00e9ho chleba. Sm\u011bs u\u017e obsahuje cukr, s\u016fl i km\u00edn. T\u0159eba p\u0159idat dro\u017ed\u00ed a tuk (vodu). T\u011bsto zpracujeme elektrick\u00fdm \u0161leha\u010dem nebo ru\u010dn\u011b, a\u017e dokud nez\u016fstane hladk\u00e9, tahav\u00e9 a leskl\u00e9.<\/p>\n<p>Tato bezlepkov\u00e1 mou\u010dn\u00e1 sm\u011bs je vyrobena<strong> z p\u0159irozene bezlepkov\u00fdch<\/strong> a bezp\u0161eni\u010dn\u00fdch surovin. Je ur\u010dena na p\u0159\u00edpravu sv\u011btl\u00e9ho km\u00ednov\u00e9ho chleba.<\/p>\n","protected":false},"featured_media":1045,"comment_status":"open","ping_status":"closed","template":"","meta":[],"yoast_head":"<!-- This site is optimized with the Yoast SEO plugin v15.7 - https:\/\/yoast.com\/wordpress\/plugins\/seo\/ -->\n<title>PROMIX-CH, bezlepkov\u00e1 mou\u010dn\u00e1 sm\u011bs na chl\u00e9b - Novalim<\/title>\n<meta name=\"robots\" content=\"index, follow, max-snippet:-1, max-image-preview:large, max-video-preview:-1\" \/>\n<link rel=\"canonical\" href=\"https:\/\/novalimglutenfree.com\/cs\/obchod\/muky-cs\/bezlepkove-mucne-zmesi-cs\/promix-ch-bezlepkova-moucna-smes-na-chleb\/\" \/>\n<meta property=\"og:locale\" content=\"cs_CZ\" \/>\n<meta property=\"og:type\" content=\"article\" \/>\n<meta property=\"og:title\" content=\"PROMIX-CH, bezlepkov\u00e1 mou\u010dn\u00e1 sm\u011bs na chl\u00e9b - Novalim\" \/>\n<meta property=\"og:description\" content=\"PROMIX\u00ae-CH \u2013 bezlepkov\u00e1 mou\u010dn\u00e1 sm\u011bs ur\u010den\u00e1 na p\u0159\u00edpravu sv\u011btl\u00e9ho km\u00ednov\u00e9ho chleba. Sm\u011bs u\u017e obsahuje cukr, s\u016fl i km\u00edn. T\u0159eba p\u0159idat dro\u017ed\u00ed a tuk (vodu). T\u011bsto zpracujeme elektrick\u00fdm \u0161leha\u010dem nebo ru\u010dn\u011b, a\u017e dokud nez\u016fstane hladk\u00e9, tahav\u00e9 a leskl\u00e9.  Tato bezlepkov\u00e1 mou\u010dn\u00e1 sm\u011bs je vyrobena z p\u0159irozene bezlepkov\u00fdch a bezp\u0161eni\u010dn\u00fdch surovin. Je ur\u010dena na p\u0159\u00edpravu sv\u011btl\u00e9ho km\u00ednov\u00e9ho chleba.\" \/>\n<meta property=\"og:url\" content=\"https:\/\/novalimglutenfree.com\/cs\/obchod\/muky-cs\/bezlepkove-mucne-zmesi-cs\/promix-ch-bezlepkova-moucna-smes-na-chleb\/\" \/>\n<meta property=\"og:site_name\" content=\"Novalim\" \/>\n<meta property=\"article:modified_time\" content=\"2018-11-26T11:59:25+00:00\" \/>\n<meta property=\"og:image\" content=\"https:\/\/www.novalimglutenfree.com\/wp-content\/uploads\/2016\/05\/Promix_CH.jpg\" \/>\n\t<meta property=\"og:image:width\" content=\"413\" \/>\n\t<meta property=\"og:image:height\" content=\"618\" \/>\n<meta name=\"twitter:card\" content=\"summary\" \/>\n<meta name=\"twitter:label1\" content=\"Odhadovan\u00e1 doba \u010dten\u00ed\">\n\t<meta name=\"twitter:data1\" content=\"2 minuty\">\n<script type=\"application\/ld+json\" class=\"yoast-schema-graph\">{\"@context\":\"https:\/\/schema.org\",\"@graph\":[{\"@type\":\"WebSite\",\"@id\":\"https:\/\/www.novalimglutenfree.com\/de\/#website\",\"url\":\"https:\/\/www.novalimglutenfree.com\/de\/\",\"name\":\"Novalim\",\"description\":\"Bezlepkov\\u00e9 potraviny, bezlepkov\\u00e9 recepty, celiakia, PKU\",\"potentialAction\":[{\"@type\":\"SearchAction\",\"target\":\"https:\/\/www.novalimglutenfree.com\/de\/?s={search_term_string}\",\"query-input\":\"required name=search_term_string\"}],\"inLanguage\":\"cs\"},{\"@type\":\"ImageObject\",\"@id\":\"https:\/\/novalimglutenfree.com\/cs\/obchod\/muky-cs\/bezlepkove-mucne-zmesi-cs\/promix-ch-bezlepkova-moucna-smes-na-chleb\/#primaryimage\",\"inLanguage\":\"cs\",\"url\":\"https:\/\/www.novalimglutenfree.com\/wp-content\/uploads\/2016\/05\/Promix_CH.jpg\",\"width\":413,\"height\":618},{\"@type\":\"WebPage\",\"@id\":\"https:\/\/novalimglutenfree.com\/cs\/obchod\/muky-cs\/bezlepkove-mucne-zmesi-cs\/promix-ch-bezlepkova-moucna-smes-na-chleb\/#webpage\",\"url\":\"https:\/\/novalimglutenfree.com\/cs\/obchod\/muky-cs\/bezlepkove-mucne-zmesi-cs\/promix-ch-bezlepkova-moucna-smes-na-chleb\/\",\"name\":\"PROMIX-CH, bezlepkov\\u00e1 mou\\u010dn\\u00e1 sm\\u011bs na chl\\u00e9b - Novalim\",\"isPartOf\":{\"@id\":\"https:\/\/www.novalimglutenfree.com\/de\/#website\"},\"primaryImageOfPage\":{\"@id\":\"https:\/\/novalimglutenfree.com\/cs\/obchod\/muky-cs\/bezlepkove-mucne-zmesi-cs\/promix-ch-bezlepkova-moucna-smes-na-chleb\/#primaryimage\"},\"datePublished\":\"2017-02-22T21:48:48+00:00\",\"dateModified\":\"2018-11-26T11:59:25+00:00\",\"inLanguage\":\"cs\",\"potentialAction\":[{\"@type\":\"ReadAction\",\"target\":[\"https:\/\/novalimglutenfree.com\/cs\/obchod\/muky-cs\/bezlepkove-mucne-zmesi-cs\/promix-ch-bezlepkova-moucna-smes-na-chleb\/\"]}]}]}<\/script>\n<!-- \/ Yoast SEO plugin. -->","_links":{"self":[{"href":"https:\/\/www.novalimglutenfree.com\/cs\/wp-json\/wp\/v2\/product\/4595"}],"collection":[{"href":"https:\/\/www.novalimglutenfree.com\/cs\/wp-json\/wp\/v2\/product"}],"about":[{"href":"https:\/\/www.novalimglutenfree.com\/cs\/wp-json\/wp\/v2\/types\/product"}],"replies":[{"embeddable":true,"href":"https:\/\/www.novalimglutenfree.com\/cs\/wp-json\/wp\/v2\/comments?post=4595"}],"version-history":[{"count":1,"href":"https:\/\/www.novalimglutenfree.com\/cs\/wp-json\/wp\/v2\/product\/4595\/revisions"}],"predecessor-version":[{"id":9858,"href":"https:\/\/www.novalimglutenfree.com\/cs\/wp-json\/wp\/v2\/product\/4595\/revisions\/9858"}],"wp:featuredmedia":[{"embeddable":true,"href":"https:\/\/www.novalimglutenfree.com\/cs\/wp-json\/wp\/v2\/media\/1045"}],"wp:attachment":[{"href":"https:\/\/www.novalimglutenfree.com\/cs\/wp-json\/wp\/v2\/media?parent=4595"}],"curies":[{"name":"wp","href":"https:\/\/api.w.org\/{rel}","templated":true}]}}