{"id":4592,"date":"2016-05-06T09:41:13","date_gmt":"2016-05-06T07:41:13","guid":{"rendered":"http:\/\/novalim.sk\/obchod\/uncategorized\/permonky-bezlepkove-susenky-pernikove\/"},"modified":"2018-11-23T16:04:27","modified_gmt":"2018-11-23T14:04:27","slug":"permonky-bezlepkove-susenky-pernikove","status":"publish","type":"product","link":"https:\/\/www.novalimglutenfree.com\/cs\/obchod\/keksy-muesli-sneky-cs\/bezlepkove-keksy-musli-pochutiny-cs\/permonky-bezlepkove-susenky-pernikove\/","title":{"rendered":"PERMONKY &#8211; pern\u00edkov\u00e9 su\u0161enky bez lepku"},"content":{"rendered":"<p>PERMONKY &#8211; pern\u00edkov\u00e9 su\u0161enky bez lepku<br \/>\nTradi\u010dn\u00ed chu\u0165 pern\u00edku, k\u0159ehkost a jemnost krekr\u016f a p\u0159ita\u017eliv\u00fd tvar. Vyroben\u00e9 <strong>z p\u0159irozen\u011b bezlepkov\u00fdch<\/strong> surovin, s p\u0159\u00eddavkem \u010derstv\u00fdch vajec, medu a tradi\u010dn\u00edho pern\u00edkov\u00e9ho ko\u0159en\u00ed.<\/p>\n<p>Neobsahuj\u00ed ml\u00e9ko ani lakt\u00f3zu.<br \/>\nBalen\u00ed: 150g<\/p>\n<p><strong>Informace o v\u00fdrobku<\/strong><br \/>\nSlo\u017een\u00ed: kuku\u0159i\u010dn\u00fd \u0161krob, cukr, r\u00fd\u017eov\u00e1 mouka, rostlinn\u00fd tuk (\u0159epkov\u00fd, palmov\u00fd), kuku\u0159i\u010dn\u00e1 mouka, gluk\u00f3zov\u00fd sirup, <strong>su\u0161en\u00e1 vaje\u010dn\u00e1 hmota<\/strong>, <strong>\u010derstv\u00e9 vejce<\/strong>, <strong>s\u00f3jov\u00e1 mouka<\/strong> plnotu\u010dn\u00e1, <strong>s\u00f3jov\u00e1 mouka<\/strong> odtu\u010dn\u011bn\u00e1, med, cukr s etylvanil\u00ednem, pern\u00edkov\u00e9 ko\u0159en\u00ed, kyp\u0159\u00edc\u00ed l\u00e1tky E450, E500, jedl\u00e1 s\u016fl, emulg\u00e1tor lecitin.<\/p>\n<p>100g v\u00fdrobku pr\u016fm\u011brn\u011b obsahuje:<br \/>\n<strong>Energetick\u00e1 hodnota:<\/strong> 1968 kJ, 470,5 kcal; <strong>Tuky:<\/strong> 17,3 g z toho nasycen\u00e9 mastn\u00e9 kyseliny 4,1 g; <strong>Sacharidy:<\/strong> 74,2 g z toho cukry 28,3 g;<strong> Vl\u00e1knina:<\/strong> 1,3 g; <strong>B\u00edlkoviny:<\/strong> 4,5 g; <strong>S\u016fl:<\/strong> 0,87 g;<\/p>\n","protected":false},"excerpt":{"rendered":"<p>PERMONKY &#8211; pern\u00edkov\u00e9 su\u0161enky bez lepku \u2013 tradi\u010dn\u00ed chu\u0165 pern\u00edku, k\u0159ehkost a jemnost krekr\u016f a p\u0159ita\u017eliv\u00fd tvar. Vyroben\u00e9 <strong>z p\u0159irozen\u011b bezlepkov\u00fdch<\/strong> surovin, s p\u0159\u00eddavkem \u010derstv\u00fdch vajec, medu a tradi\u010dn\u00edho pern\u00edkov\u00e9ho ko\u0159en\u00ed.<br \/>\nNeobsahuj\u00ed ml\u00e9ko ani lakt\u00f3zu.<\/p>\n","protected":false},"featured_media":916,"comment_status":"closed","ping_status":"closed","template":"","meta":[],"yoast_head":"<!-- This site is optimized with the Yoast SEO plugin v15.7 - https:\/\/yoast.com\/wordpress\/plugins\/seo\/ -->\n<title>PERMONKY - pern\u00edkov\u00e9 su\u0161enky bez lepku - Novalim<\/title>\n<meta name=\"robots\" content=\"index, follow, max-snippet:-1, max-image-preview:large, max-video-preview:-1\" \/>\n<link rel=\"canonical\" href=\"https:\/\/novalimglutenfree.com\/cs\/obchod\/keksy-muesli-sneky-cs\/bezlepkove-keksy-musli-pochutiny-cs\/permonky-bezlepkove-susenky-pernikove\/\" \/>\n<meta property=\"og:locale\" content=\"cs_CZ\" \/>\n<meta property=\"og:type\" content=\"article\" \/>\n<meta property=\"og:title\" content=\"PERMONKY - pern\u00edkov\u00e9 su\u0161enky bez lepku - Novalim\" \/>\n<meta property=\"og:description\" content=\"PERMONKY - pern\u00edkov\u00e9 su\u0161enky bez lepku \u2013 tradi\u010dn\u00ed chu\u0165 pern\u00edku, k\u0159ehkost a jemnost krekr\u016f a p\u0159ita\u017eliv\u00fd tvar. Vyroben\u00e9 z p\u0159irozen\u011b bezlepkov\u00fdch surovin, s p\u0159\u00eddavkem \u010derstv\u00fdch vajec, medu a tradi\u010dn\u00edho pern\u00edkov\u00e9ho ko\u0159en\u00ed. Neobsahuj\u00ed ml\u00e9ko ani lakt\u00f3zu.\" \/>\n<meta property=\"og:url\" content=\"https:\/\/novalimglutenfree.com\/cs\/obchod\/keksy-muesli-sneky-cs\/bezlepkove-keksy-musli-pochutiny-cs\/permonky-bezlepkove-susenky-pernikove\/\" \/>\n<meta property=\"og:site_name\" content=\"Novalim\" \/>\n<meta property=\"article:modified_time\" content=\"2018-11-23T14:04:27+00:00\" \/>\n<meta property=\"og:image\" content=\"https:\/\/www.novalimglutenfree.com\/wp-content\/uploads\/2016\/05\/Permonky.jpg\" \/>\n\t<meta property=\"og:image:width\" content=\"413\" \/>\n\t<meta property=\"og:image:height\" content=\"618\" \/>\n<meta name=\"twitter:card\" content=\"summary\" \/>\n<meta name=\"twitter:label1\" content=\"Odhadovan\u00e1 doba \u010dten\u00ed\">\n\t<meta name=\"twitter:data1\" content=\"1 minuta\">\n<script type=\"application\/ld+json\" class=\"yoast-schema-graph\">{\"@context\":\"https:\/\/schema.org\",\"@graph\":[{\"@type\":\"WebSite\",\"@id\":\"https:\/\/www.novalimglutenfree.com\/de\/#website\",\"url\":\"https:\/\/www.novalimglutenfree.com\/de\/\",\"name\":\"Novalim\",\"description\":\"Bezlepkov\\u00e9 potraviny, bezlepkov\\u00e9 recepty, celiakia, PKU\",\"potentialAction\":[{\"@type\":\"SearchAction\",\"target\":\"https:\/\/www.novalimglutenfree.com\/de\/?s={search_term_string}\",\"query-input\":\"required name=search_term_string\"}],\"inLanguage\":\"cs\"},{\"@type\":\"ImageObject\",\"@id\":\"https:\/\/novalimglutenfree.com\/cs\/obchod\/keksy-muesli-sneky-cs\/bezlepkove-keksy-musli-pochutiny-cs\/permonky-bezlepkove-susenky-pernikove\/#primaryimage\",\"inLanguage\":\"cs\",\"url\":\"https:\/\/www.novalimglutenfree.com\/wp-content\/uploads\/2016\/05\/Permonky.jpg\",\"width\":413,\"height\":618},{\"@type\":\"WebPage\",\"@id\":\"https:\/\/novalimglutenfree.com\/cs\/obchod\/keksy-muesli-sneky-cs\/bezlepkove-keksy-musli-pochutiny-cs\/permonky-bezlepkove-susenky-pernikove\/#webpage\",\"url\":\"https:\/\/novalimglutenfree.com\/cs\/obchod\/keksy-muesli-sneky-cs\/bezlepkove-keksy-musli-pochutiny-cs\/permonky-bezlepkove-susenky-pernikove\/\",\"name\":\"PERMONKY - pern\\u00edkov\\u00e9 su\\u0161enky bez lepku - Novalim\",\"isPartOf\":{\"@id\":\"https:\/\/www.novalimglutenfree.com\/de\/#website\"},\"primaryImageOfPage\":{\"@id\":\"https:\/\/novalimglutenfree.com\/cs\/obchod\/keksy-muesli-sneky-cs\/bezlepkove-keksy-musli-pochutiny-cs\/permonky-bezlepkove-susenky-pernikove\/#primaryimage\"},\"datePublished\":\"2016-05-06T07:41:13+00:00\",\"dateModified\":\"2018-11-23T14:04:27+00:00\",\"inLanguage\":\"cs\",\"potentialAction\":[{\"@type\":\"ReadAction\",\"target\":[\"https:\/\/novalimglutenfree.com\/cs\/obchod\/keksy-muesli-sneky-cs\/bezlepkove-keksy-musli-pochutiny-cs\/permonky-bezlepkove-susenky-pernikove\/\"]}]}]}<\/script>\n<!-- \/ Yoast SEO plugin. -->","_links":{"self":[{"href":"https:\/\/www.novalimglutenfree.com\/cs\/wp-json\/wp\/v2\/product\/4592"}],"collection":[{"href":"https:\/\/www.novalimglutenfree.com\/cs\/wp-json\/wp\/v2\/product"}],"about":[{"href":"https:\/\/www.novalimglutenfree.com\/cs\/wp-json\/wp\/v2\/types\/product"}],"replies":[{"embeddable":true,"href":"https:\/\/www.novalimglutenfree.com\/cs\/wp-json\/wp\/v2\/comments?post=4592"}],"version-history":[{"count":1,"href":"https:\/\/www.novalimglutenfree.com\/cs\/wp-json\/wp\/v2\/product\/4592\/revisions"}],"predecessor-version":[{"id":9820,"href":"https:\/\/www.novalimglutenfree.com\/cs\/wp-json\/wp\/v2\/product\/4592\/revisions\/9820"}],"wp:featuredmedia":[{"embeddable":true,"href":"https:\/\/www.novalimglutenfree.com\/cs\/wp-json\/wp\/v2\/media\/916"}],"wp:attachment":[{"href":"https:\/\/www.novalimglutenfree.com\/cs\/wp-json\/wp\/v2\/media?parent=4592"}],"curies":[{"name":"wp","href":"https:\/\/api.w.org\/{rel}","templated":true}]}}