{"id":11018,"date":"2019-10-03T12:55:02","date_gmt":"2019-10-03T10:55:02","guid":{"rendered":"http:\/\/novalimglutenfree.com\/?post_type=product&#038;p=11018\/"},"modified":"2019-10-03T12:55:02","modified_gmt":"2019-10-03T10:55:02","slug":"halusky-bez-lepku-prasku","status":"publish","type":"product","link":"https:\/\/www.novalimglutenfree.com\/cs\/obchod\/muky-cs\/bezlepkove-mucne-polotovary-cs\/halusky-bez-lepku-prasku\/","title":{"rendered":"HALU\u0160KY bez lepku v pr\u00e1\u0161ku"},"content":{"rendered":"<p>Tradi\u010dn\u00ed slovensk\u00e9 halu\u0161ky bezlepkov\u00e9 v pr\u00e1\u0161ku<br \/>\nHALU\u0160KY bez lepku v pr\u00e1\u0161ku- tato sm\u011bs bez lepku je vyrobena z p\u0159irozen\u011b bezlepkov\u00fdch a bezp\u0161eni\u010dn\u00fdch surovin. Je vhodn\u00e1 pro v\u00fd\u017eivu p\u0159i celiakii, resp. sprue. Je ur\u010dena k p\u0159\u00edprav\u011b tradi\u010dn\u00edch halu\u0161ek \u2013 bryndzov\u00e9, tvarohov\u00e9, strapa\u010dky \u2013 nebo jako p\u0159\u00edloha k masov\u00fdm j\u00eddl\u016fm na \u0161\u0165\u00e1v\u011b. Rovn\u011b\u017e z n\u00ed lze p\u0159ipravit knedl\u00ed\u010dky do pol\u00e9vky, nap\u0159. po p\u0159id\u00e1n\u00ed vaj\u00ed\u010dka, pochutin nebo ko\u0159en\u00edn.<br \/>\nPotravina speci\u00e1ln\u011b p\u0159ipravena pro osoby s nesn\u00e1\u0161enlivost\u00ed lepku. Vyrobena <strong>z p\u0159irozen\u011b bezlepkov\u00fdch<\/strong> a bezp\u0161eni\u010dn\u00fdch surovin.<\/p>\n<p><strong>P\u0159\u00edprava:<\/strong> Ve vhodn\u00e9 misce ut\u0159eme obsah s\u00e1\u010dku s 4,5 dl studen\u00e9 vody na homogenn\u00ed \u0159id\u0161\u00ed t\u011bsto (asi 1 min.). Nech\u00e1me odst\u00e1t 4-5 minut a potom zhoustnut\u00e9 t\u011bsto va\u0159e\u010dkou nebo ru\u010dn\u00edm mix\u00e9rem \u0161leh\u00e1me asi 2 minuty. Noky h\u00e1z\u00edme do vrouc\u00ed, m\u00edrn\u011b osolen\u00e9 vody a po vyplut\u00ed na povrch va\u0159\u00edme je\u0161t\u011b podle velikosti 1-2 minuty. Sced\u00edme, ochut\u00edme a ihned pod\u00e1v\u00e1me. Pokud d\u011bl\u00e1me halu\u0161ky do z\u00e1soby, opl\u00e1chneme studenou vodou.<\/p>\n<p><strong>Informace o v\u00fdrobku:<\/strong><\/p>\n<p>Slo\u017een\u00ed: kuku\u0159i\u010dn\u00fd \u0161krob, r\u00fd\u017eov\u00e1 mouka, bramborov\u00e1 mouka, bramborov\u00e9 vlo\u010dky, pohankov\u00e1 mouka, hrachov\u00e1 b\u00edlkovina, rostlinn\u00e1 vl\u00e1knina (jable\u010dn\u00e1, psyllium, citrusov\u00e1), zahu\u0161\u0165ovadlo: hydroxypropylmetylcelul\u00f3za, dextr\u00f3za, miner\u00e1ln\u00ed komplex z mo\u0159sk\u00fdch \u0159as, jedl\u00e1 s\u016fl.<\/p>\n<p>100 g v\u00fdrobku pr\u016fm\u011brn\u011b obsahuje:<br \/>\n<strong>Energetick\u00e1 hodnota:<\/strong> 1508 kJ, 356 kcal; <strong>Tuky:<\/strong> 0,5 g z toho 0,06 g nasycen\u00e9 mastn\u00e9 kyseliny; <strong>Sacharidy:<\/strong> 80,0 g z toho 2,2 g cukry; <strong>Vl\u00e1knina:<\/strong> 5,6 g; <strong>B\u00edlkoviny:<\/strong> 5,0 g; <strong>S\u016fl:<\/strong> 0,6 g; <strong>V\u00e1pnik:<\/strong> 95 mg; <strong>Hor\u010d\u00edk:<\/strong> 5 mg;<\/p>\n<p>Hmotnost: 300 g;<\/p>\n","protected":false},"excerpt":{"rendered":"<p>Tradi\u010dn\u00ed slovensk\u00e9 halu\u0161ky bezlepkov\u00e9 v pr\u00e1\u0161ku<br \/>\nHALU\u0160KY bez lepku v pr\u00e1\u0161ku- tato sm\u011bs bez lepku je vyrobena z p\u0159irozen\u011b bezlepkov\u00fdch a bezp\u0161eni\u010dn\u00fdch surovin. Je vhodn\u00e1 pro v\u00fd\u017eivu p\u0159i celiakii, resp. sprue. Je ur\u010dena k p\u0159\u00edprav\u011b tradi\u010dn\u00edch halu\u0161ek \u2013 bryndzov\u00e9, tvarohov\u00e9, strapa\u010dky \u2013 nebo jako p\u0159\u00edloha k masov\u00fdm j\u00eddl\u016fm na \u0161\u0165\u00e1v\u011b. Rovn\u011b\u017e z n\u00ed lze p\u0159ipravit knedl\u00ed\u010dky do pol\u00e9vky, nap\u0159. po p\u0159id\u00e1n\u00ed vaj\u00ed\u010dka, pochutin nebo ko\u0159en\u00edn.<br \/>\nPotravina speci\u00e1ln\u011b p\u0159ipravena pro osoby s nesn\u00e1\u0161enlivost\u00ed lepku. Vyrobena <strong>z p\u0159irozen\u011b bezlepkov\u00fdch<\/strong> a bezp\u0161eni\u010dn\u00fdch surovin.<\/p>\n","protected":false},"featured_media":11003,"comment_status":"closed","ping_status":"closed","template":"","meta":[],"yoast_head":"<!-- This site is optimized with the Yoast SEO plugin v15.7 - https:\/\/yoast.com\/wordpress\/plugins\/seo\/ -->\n<title>HALU\u0160KY bez lepku v pr\u00e1\u0161ku - Novalim<\/title>\n<meta name=\"robots\" content=\"index, follow, max-snippet:-1, max-image-preview:large, max-video-preview:-1\" \/>\n<link rel=\"canonical\" href=\"https:\/\/www.novalimglutenfree.com\/cs\/obchod\/muky-cs\/bezlepkove-mucne-polotovary-cs\/halusky-bez-lepku-prasku\/\" \/>\n<meta property=\"og:locale\" content=\"cs_CZ\" \/>\n<meta property=\"og:type\" content=\"article\" \/>\n<meta property=\"og:title\" content=\"HALU\u0160KY bez lepku v pr\u00e1\u0161ku - Novalim\" \/>\n<meta property=\"og:description\" content=\"Tradi\u010dn\u00ed slovensk\u00e9 halu\u0161ky bezlepkov\u00e9 v pr\u00e1\u0161ku HALU\u0160KY bez lepku v pr\u00e1\u0161ku- tato sm\u011bs bez lepku je vyrobena z p\u0159irozen\u011b bezlepkov\u00fdch a bezp\u0161eni\u010dn\u00fdch surovin. Je vhodn\u00e1 pro v\u00fd\u017eivu p\u0159i celiakii, resp. sprue. Je ur\u010dena k p\u0159\u00edprav\u011b tradi\u010dn\u00edch halu\u0161ek \u2013 bryndzov\u00e9, tvarohov\u00e9, strapa\u010dky \u2013 nebo jako p\u0159\u00edloha k masov\u00fdm j\u00eddl\u016fm na \u0161\u0165\u00e1v\u011b. Rovn\u011b\u017e z n\u00ed lze p\u0159ipravit knedl\u00ed\u010dky do pol\u00e9vky, nap\u0159. po p\u0159id\u00e1n\u00ed vaj\u00ed\u010dka, pochutin nebo ko\u0159en\u00edn. Potravina speci\u00e1ln\u011b p\u0159ipravena pro osoby s nesn\u00e1\u0161enlivost\u00ed lepku. Vyrobena z p\u0159irozen\u011b bezlepkov\u00fdch a bezp\u0161eni\u010dn\u00fdch surovin.\" \/>\n<meta property=\"og:url\" content=\"https:\/\/www.novalimglutenfree.com\/cs\/obchod\/muky-cs\/bezlepkove-mucne-polotovary-cs\/halusky-bez-lepku-prasku\/\" \/>\n<meta property=\"og:site_name\" content=\"Novalim\" \/>\n<meta property=\"og:image\" content=\"http:\/\/novalimglutenfree.com\/wp-content\/uploads\/2016\/04\/Novalim_BANNER_B1_b.png\" \/>\n<meta name=\"twitter:card\" content=\"summary\" \/>\n<meta name=\"twitter:label1\" content=\"Odhadovan\u00e1 doba \u010dten\u00ed\">\n\t<meta name=\"twitter:data1\" content=\"1 minuta\">\n<script type=\"application\/ld+json\" class=\"yoast-schema-graph\">{\"@context\":\"https:\/\/schema.org\",\"@graph\":[{\"@type\":\"WebSite\",\"@id\":\"https:\/\/www.novalimglutenfree.com\/de\/#website\",\"url\":\"https:\/\/www.novalimglutenfree.com\/de\/\",\"name\":\"Novalim\",\"description\":\"Bezlepkov\\u00e9 potraviny, bezlepkov\\u00e9 recepty, celiakia, PKU\",\"potentialAction\":[{\"@type\":\"SearchAction\",\"target\":\"https:\/\/www.novalimglutenfree.com\/de\/?s={search_term_string}\",\"query-input\":\"required name=search_term_string\"}],\"inLanguage\":\"cs\"},{\"@type\":\"ImageObject\",\"@id\":\"https:\/\/www.novalimglutenfree.com\/cs\/obchod\/muky-cs\/bezlepkove-mucne-polotovary-cs\/halusky-bez-lepku-prasku\/#primaryimage\",\"inLanguage\":\"cs\",\"url\":\"https:\/\/www.novalimglutenfree.com\/wp-content\/uploads\/2019\/10\/08-2019_novalim_Halusky-v-prasku_final-1.png\",\"width\":2412,\"height\":3184,\"caption\":\"Bezlepkov\\u00e9 halu\\u0161ky\"},{\"@type\":\"WebPage\",\"@id\":\"https:\/\/www.novalimglutenfree.com\/cs\/obchod\/muky-cs\/bezlepkove-mucne-polotovary-cs\/halusky-bez-lepku-prasku\/#webpage\",\"url\":\"https:\/\/www.novalimglutenfree.com\/cs\/obchod\/muky-cs\/bezlepkove-mucne-polotovary-cs\/halusky-bez-lepku-prasku\/\",\"name\":\"HALU\\u0160KY bez lepku v pr\\u00e1\\u0161ku - Novalim\",\"isPartOf\":{\"@id\":\"https:\/\/www.novalimglutenfree.com\/de\/#website\"},\"primaryImageOfPage\":{\"@id\":\"https:\/\/www.novalimglutenfree.com\/cs\/obchod\/muky-cs\/bezlepkove-mucne-polotovary-cs\/halusky-bez-lepku-prasku\/#primaryimage\"},\"datePublished\":\"2019-10-03T10:55:02+00:00\",\"dateModified\":\"2019-10-03T10:55:02+00:00\",\"inLanguage\":\"cs\",\"potentialAction\":[{\"@type\":\"ReadAction\",\"target\":[\"https:\/\/www.novalimglutenfree.com\/cs\/obchod\/muky-cs\/bezlepkove-mucne-polotovary-cs\/halusky-bez-lepku-prasku\/\"]}]}]}<\/script>\n<!-- \/ Yoast SEO plugin. -->","_links":{"self":[{"href":"https:\/\/www.novalimglutenfree.com\/cs\/wp-json\/wp\/v2\/product\/11018"}],"collection":[{"href":"https:\/\/www.novalimglutenfree.com\/cs\/wp-json\/wp\/v2\/product"}],"about":[{"href":"https:\/\/www.novalimglutenfree.com\/cs\/wp-json\/wp\/v2\/types\/product"}],"replies":[{"embeddable":true,"href":"https:\/\/www.novalimglutenfree.com\/cs\/wp-json\/wp\/v2\/comments?post=11018"}],"version-history":[{"count":0,"href":"https:\/\/www.novalimglutenfree.com\/cs\/wp-json\/wp\/v2\/product\/11018\/revisions"}],"wp:featuredmedia":[{"embeddable":true,"href":"https:\/\/www.novalimglutenfree.com\/cs\/wp-json\/wp\/v2\/media\/11003"}],"wp:attachment":[{"href":"https:\/\/www.novalimglutenfree.com\/cs\/wp-json\/wp\/v2\/media?parent=11018"}],"curies":[{"name":"wp","href":"https:\/\/api.w.org\/{rel}","templated":true}]}}