{"id":5997,"date":"2016-05-06T17:09:45","date_gmt":"2017-05-23T20:39:52","guid":{"rendered":"http:\/\/novalimglutenfree.com\/ochrana-osobnych-udajov\/"},"modified":"2017-05-23T22:39:52","modified_gmt":"2017-05-23T20:39:52","slug":"ochrana-osobnych-udajov","status":"publish","type":"page","link":"https:\/\/www.novalimglutenfree.com\/cs\/ochrana-osobnych-udajov\/","title":{"rendered":"Ochrana osobn\u00fdch \u00fadajov"},"content":{"rendered":"<p>Niektor\u00e9 \u00fadaje poskytnut\u00e9 prostredn\u00edctvom str\u00e1nok www.novalim.sk m\u00f4\u017eu ma\u0165 povahu osobn\u00fdch \u00fadajov v zmysle z\u00e1kona \u010d. 428\/2002 Z. z., resp. \u010d. 122\/2013 Z. z. o ochrane osobn\u00fdch \u00fadajov, v platnom znen\u00ed (\u010falej len \u201eZ\u00e1kon\u201c). \u00b7 Ve\u013emi si v\u00e1\u017eime Va\u0161u d\u00f4veru a ubezpe\u010dujeme V\u00e1s, \u017ee ochrane Va\u0161ich osobn\u00fdch \u00fadajov pred neopr\u00e1vnen\u00fdm nakladan\u00edm venujeme maxim\u00e1lnu pozornos\u0165. Pri ich spracovan\u00ed m\u00e1me na zreteli nutnos\u0165 zaisti\u0165 ich ochranu v s\u00falade s pr\u00edslu\u0161n\u00fdmi z\u00e1konn\u00fdmi ustanoveniami. \u00b7 Osobn\u00e9 \u00fadaje s\u00fa na na\u0161ich webov\u00fdch str\u00e1nkach vy\u017eadovan\u00e9 iba v technicky nutnom rozsahu. Zisten\u00e9 \u00fadaje nie s\u00fa v \u017eiadnom pr\u00edpade vyu\u017e\u00edvan\u00e9 in\u00fdm komer\u010dn\u00fdm sp\u00f4sobom, pred\u00e1van\u00e9 ani prenaj\u00edman\u00e9 tret\u00edm osob\u00e1m. Ak\u00e9ko\u013evek \u00fadaje, ktor\u00e9 pou\u017e\u00edvate\u013e po\u010das svojej registr\u00e1cie poskytne, s\u00fa ulo\u017een\u00e9 na zabezpe\u010denom serveri. \u00b7 Okrem \u00fadajov vedome poskytnut\u00fdch firma NOVALIM nespracov\u00e1va ani nez\u00edskava \u017eiadne \u010fal\u0161ie inform\u00e1cie o z\u00e1kazn\u00edkoch, napr. po\u010das ich n\u00e1v\u0161tevy str\u00e1nok www.novalim.sk, s\u0165ahovania programov a vyu\u017e\u00edvania ostatn\u00fdch slu\u017eieb poskytovan\u00fdch na str\u00e1nkach. Osobn\u00e9 \u00fadaje sa vy\u017eaduj\u00fa v r\u00e1mci procesu vytv\u00e1rania objedn\u00e1vky alebo stiahnutia demoverzie programov. \u00b7 Pod\u013ea Z\u00e1kona m\u00e1 ka\u017ed\u00fd pou\u017e\u00edvate\u013e, ktor\u00fd poskytol osobn\u00e9 \u00fadaje spolo\u010dnosti NOVALIM, pr\u00e1vo p\u00edsomne po\u017eiada\u0165 o poskytnutie inform\u00e1cie o tom, ak\u00e9 osobn\u00e9 \u00fadaje o \u0148om spolo\u010dnos\u0165 NOVALIM spracov\u00e1va. \u00b7 Va\u0161e \u00fadaje vyu\u017e\u00edvame aj na na\u0161e vlastn\u00e9 marketingov\u00e9 \u00fa\u010dely, v s\u00falade s platn\u00fdmi pr\u00e1vnymi predpismi t\u00fdkaj\u00facimi sa ochrany osobn\u00fdch \u00fadajov. \u00b7 Ka\u017ed\u00fd n\u00e1v\u0161tevn\u00edk str\u00e1nok alebo z\u00e1kazn\u00edk m\u00e1 pr\u00e1vo po\u017eiada\u0165 o vyradenie zo zoznamov na zasielanie t\u00fdchto inform\u00e1ci\u00ed zo strany Prev\u00e1dzkovate\u013ea. \u00b7 Va\u0161e osobn\u00e9 \u00fadaje spracov\u00e1va v\u00fdhradne spolo\u010dnos\u0165 Novalim spol. s.r.o<\/p>\n","protected":false},"excerpt":{"rendered":"<p>Niektor\u00e9 \u00fadaje poskytnut\u00e9 prostredn\u00edctvom str\u00e1nok www.novalim.sk m\u00f4\u017eu ma\u0165 povahu osobn\u00fdch \u00fadajov v zmysle z\u00e1kona \u010d. 428\/2002 Z. z., resp. \u010d. 122\/2013 Z. z. o ochrane osobn\u00fdch \u00fadajov, v platnom znen\u00ed (\u010falej len \u201eZ\u00e1kon\u201c). \u00b7 Ve\u013emi si v\u00e1\u017eime Va\u0161u d\u00f4veru a ubezpe\u010dujeme V\u00e1s, \u017ee ochrane Va\u0161ich osobn\u00fdch \u00fadajov pred neopr\u00e1vnen\u00fdm nakladan\u00edm venujeme maxim\u00e1lnu pozornos\u0165. Pri ich [&hellip;]<\/p>\n","protected":false},"author":3,"featured_media":0,"parent":0,"menu_order":0,"comment_status":"closed","ping_status":"closed","template":"","meta":[],"yoast_head":"<!-- This site is optimized with the Yoast SEO plugin v15.7 - https:\/\/yoast.com\/wordpress\/plugins\/seo\/ -->\n<title>Ochrana osobn\u00fdch \u00fadajov - Novalim<\/title>\n<meta name=\"robots\" content=\"index, follow, max-snippet:-1, max-image-preview:large, max-video-preview:-1\" \/>\n<link rel=\"canonical\" href=\"https:\/\/novalimglutenfree.com\/cs\/ochrana-osobnych-udajov\/\" \/>\n<meta property=\"og:locale\" content=\"cs_CZ\" \/>\n<meta property=\"og:type\" content=\"article\" \/>\n<meta property=\"og:title\" content=\"Ochrana osobn\u00fdch \u00fadajov - Novalim\" \/>\n<meta property=\"og:description\" content=\"Niektor\u00e9 \u00fadaje poskytnut\u00e9 prostredn\u00edctvom str\u00e1nok www.novalim.sk m\u00f4\u017eu ma\u0165 povahu osobn\u00fdch \u00fadajov v zmysle z\u00e1kona \u010d. 428\/2002 Z. z., resp. \u010d. 122\/2013 Z. z. o ochrane osobn\u00fdch \u00fadajov, v platnom znen\u00ed (\u010falej len \u201eZ\u00e1kon\u201c). \u00b7 Ve\u013emi si v\u00e1\u017eime Va\u0161u d\u00f4veru a ubezpe\u010dujeme V\u00e1s, \u017ee ochrane Va\u0161ich osobn\u00fdch \u00fadajov pred neopr\u00e1vnen\u00fdm nakladan\u00edm venujeme maxim\u00e1lnu pozornos\u0165. Pri ich [&hellip;]\" \/>\n<meta property=\"og:url\" content=\"https:\/\/novalimglutenfree.com\/cs\/ochrana-osobnych-udajov\/\" \/>\n<meta property=\"og:site_name\" content=\"Novalim\" \/>\n<meta property=\"og:image\" content=\"http:\/\/novalimglutenfree.com\/wp-content\/uploads\/2016\/04\/Novalim_BANNER_B1_b.png\" \/>\n<meta name=\"twitter:card\" content=\"summary\" \/>\n<meta name=\"twitter:label1\" content=\"Odhadovan\u00e1 doba \u010dten\u00ed\">\n\t<meta name=\"twitter:data1\" content=\"2 minuty\">\n<script type=\"application\/ld+json\" class=\"yoast-schema-graph\">{\"@context\":\"https:\/\/schema.org\",\"@graph\":[{\"@type\":\"WebSite\",\"@id\":\"https:\/\/www.novalimglutenfree.com\/de\/#website\",\"url\":\"https:\/\/www.novalimglutenfree.com\/de\/\",\"name\":\"Novalim\",\"description\":\"Bezlepkov\\u00e9 potraviny, bezlepkov\\u00e9 recepty, celiakia, PKU\",\"potentialAction\":[{\"@type\":\"SearchAction\",\"target\":\"https:\/\/www.novalimglutenfree.com\/de\/?s={search_term_string}\",\"query-input\":\"required name=search_term_string\"}],\"inLanguage\":\"cs\"},{\"@type\":\"WebPage\",\"@id\":\"https:\/\/novalimglutenfree.com\/cs\/ochrana-osobnych-udajov\/#webpage\",\"url\":\"https:\/\/novalimglutenfree.com\/cs\/ochrana-osobnych-udajov\/\",\"name\":\"Ochrana osobn\\u00fdch \\u00fadajov - Novalim\",\"isPartOf\":{\"@id\":\"https:\/\/www.novalimglutenfree.com\/de\/#website\"},\"datePublished\":\"2017-05-23T20:39:52+00:00\",\"dateModified\":\"2017-05-23T20:39:52+00:00\",\"inLanguage\":\"cs\",\"potentialAction\":[{\"@type\":\"ReadAction\",\"target\":[\"https:\/\/novalimglutenfree.com\/cs\/ochrana-osobnych-udajov\/\"]}]}]}<\/script>\n<!-- \/ Yoast SEO plugin. -->","_links":{"self":[{"href":"https:\/\/www.novalimglutenfree.com\/cs\/wp-json\/wp\/v2\/pages\/5997"}],"collection":[{"href":"https:\/\/www.novalimglutenfree.com\/cs\/wp-json\/wp\/v2\/pages"}],"about":[{"href":"https:\/\/www.novalimglutenfree.com\/cs\/wp-json\/wp\/v2\/types\/page"}],"author":[{"embeddable":true,"href":"https:\/\/www.novalimglutenfree.com\/cs\/wp-json\/wp\/v2\/users\/3"}],"replies":[{"embeddable":true,"href":"https:\/\/www.novalimglutenfree.com\/cs\/wp-json\/wp\/v2\/comments?post=5997"}],"version-history":[{"count":0,"href":"https:\/\/www.novalimglutenfree.com\/cs\/wp-json\/wp\/v2\/pages\/5997\/revisions"}],"wp:attachment":[{"href":"https:\/\/www.novalimglutenfree.com\/cs\/wp-json\/wp\/v2\/media?parent=5997"}],"curies":[{"name":"wp","href":"https:\/\/api.w.org\/{rel}","templated":true}]}}